{"id":37638,"date":"2024-07-05T19:57:40","date_gmt":"2024-07-05T17:57:40","guid":{"rendered":"https:\/\/tdsportswear.com\/unsere-mission\/"},"modified":"2024-10-25T03:16:06","modified_gmt":"2024-10-25T01:16:06","slug":"unsere-mission","status":"publish","type":"page","link":"https:\/\/tdsportswear.com\/at\/unsere-mission\/","title":{"rendered":"Unsere Mission"},"content":{"rendered":"[vc_row css=&#8221;.vc_custom_1658136631618{margin-right: 0px !important;margin-left: 0px !important;padding-top: 180px !important;padding-right: 0px !important;padding-bottom: 180px !important;padding-left: 0px !important;background: #444444 url(https:\/\/tdsportswear.com\/wp-content\/uploads\/2022\/03\/Banner-1-scaled.jpg?id=13334) !important;background-position: center !important;background-repeat: no-repeat !important;background-size: cover !important;}&#8221; el_class=&#8221;about-top&#8221;][vc_column][vc_custom_heading text=&#8221;Unsere Mission&#8221; font_container=&#8221;tag:h1|font_size:55|text_align:center|color:%23ffffff&#8221; use_theme_fonts=&#8221;yes&#8221; sub_heading_tag=&#8221;h2&#8243;][\/vc_column][\/vc_row][vc_row css=&#8221;.vc_custom_1658136543827{margin-top: 30px !important;margin-bottom: 30px !important;}&#8221;][vc_column][vc_custom_heading text=&#8221;Lernen Sie unseren Gr\u00fcnder Tjeerd kennen&#8221; font_container=&#8221;tag:h2|font_size:36|text_align:center|color:%23202020&#8243; use_theme_fonts=&#8221;yes&#8221; sub_heading=&#8221;Tjeerd Douma&#8221; sub_heading_tag=&#8221;h2&#8243;][vc_single_image image=&#8221;27215&#8243; img_size=&#8221;full&#8221; alignment=&#8221;center&#8221; css_animation=&#8221;top-to-bottom&#8221; css=&#8221;.vc_custom_1502968058929{margin-bottom: 0px !important;}&#8221;][vc_column_text]\n<h2>ICH WOLLTE SPORTKLEIDUNG MIT MEINEM LOGO, GENAU WIE SIE<\/h2>\n<p>Ich, Tjeerd Douma, wollte ma\u00dfgeschneiderte Sportbekleidung f\u00fcr meine Gruppe an Freunden und Gesch\u00e4ftspartner anfertigen lassen \u2013 mit meinem Logo und meinen Farben, sodass ich diese verschenken und wir gemeinsam in den gleichen Outfits trainieren konnten. Der Prozess, den ich durchlief, war jedoch sehr frustrierend. Monate vergingen, bevor ich \u00fcberhaupt einen Entwurf erhielt, die Gr\u00f6\u00dfenbestimmung war kompliziert, und die Lieferung dauerte viel zu lange. Schlie\u00dflich kam die Kleidung, doch die Qualit\u00e4t war ern\u00fcchternd: Teile fehlten, die Farben stimmten nicht, und die Passform war katastrophal. Die Antwort darauf war: \u201ePech, wir k\u00f6nnen Ihnen nicht helfen.\u201c Am Ende stand ich dann mit einer gro\u00dfen Kiste unbrauchbarer Kleidung da. Wie sollte es weitergehen?<\/p>\n<h3>ENDLICH DIE RICHTIGE KLEIDUNG<\/h3>\n<p>Ich wollte unbedingt hochwertige Outfits f\u00fcr meine Freunde und Kollegen bekommen, also machte ich mich selbst auf die Suche nach einem Lieferanten, der mit mir die perfekten Outfits kreieren kann. Es war eine Herausforderung, genau festzulegen, wie breit ein Hemd sein sollte oder wie hoch der Kragen sitzen muss. Nach vielen Experimenten mit Gr\u00f6\u00dfen, Farben, Stoffen sowie mehreren Testlieferungen hatte ich schlie\u00dflich mein gew\u00fcnschtes Ergebnis. Die Outfits sahen so beeindruckend aus, dass nicht nur meine Freunde begeistert waren, sondern auch weitere Gesch\u00e4ftspartner und Bekannte sich ma\u00dfgeschneiderte Kleidung w\u00fcnschten. Also dachte ich mir, dass ich meinen Freunden und Bekannten ebenfalls mit individueller Rad- und Laufbekleidung helfen k\u00f6nnte. Das sei ja kein gro\u00dfer Aufwand, dachte ich mir.<\/p>\n<h3>DIE GEBURT VON TD<\/h3>\n<p>Bald erhielt ich Anfragen von Personen, die ich nicht pers\u00f6nlich kannte, die mich um ma\u00dfgeschneiderte Sportbekleidung mit ihren eigenen Logos und Farben baten. Mir wurde klar, dass es einen gro\u00dfen Bedarf an hochwertiger, personalisierter Sportbekleidung gibt. Ich nahm die W\u00fcnsche der Kunden auf und lieferte innerhalb von etwa 4 Wochen \u2013 und das in ausgezeichneter Qualit\u00e4t. Diese schnelle und effiziente Bearbeitung war damals ungew\u00f6hnlich. Da die Anfragen nicht nachlie\u00dfen, gr\u00fcndete ich TD. Innerhalb kurzer Zeit stellte ich ein Team zusammen, und wir halfen monatlich Hunderten von Gruppen mit ma\u00dfgeschneiderter Sportbekleidung.<\/p>\n<h3>UND JETZT GEHT ES WEITER<\/h3>\n<p>Im Laufe der Zeit wurde uns klar, wie gro\u00df die Nachfrage nach hochwertiger Sportbekleidung eigentlich ist. Wir stellten fest, dass wir uns besonders durch die schnelle Lieferung und hohe Qualit\u00e4t entscheidend vom Wettbewerb abheben konnten. Diese Erkenntnis f\u00fchrte zur Entscheidung, dass TD sowohl der schnellste Lieferant sein sollte, als auch der, der nur die besten Stoffe verwendet. Ein zu geringes Tempo und eine mittelm\u00e4\u00dfige Qualit\u00e4t w\u00e4ren weder f\u00fcr unsere Kunden noch f\u00fcr uns selbst akzeptabel gewesen. Unser Ziel ist es, wie zu Beginn, dass die Menschen weiterhin \u00fcber die herausragende Qualit\u00e4t und schnelle Lieferung sprechen.<\/p>\n<h3>IN DIE ZUKUNFT<\/h3>\n<p>Heute liefern wir ma\u00dfgeschneiderte Sportbekleidung an Teams und Unternehmen weltweit \u2013 von Einzelst\u00fccken bis hin zu 10.000 Einheiten und allen Mengen dazwischen. Bei TD setzen wir alles daran, sowohl unsere langj\u00e4hrigen Stammkunden als auch neue Kunden zu begeistern. Unsere Leidenschaft und unser Engagement zeigen sich in fast 500 hervorragenden Bewertungen. Die Motivation, die zur Gr\u00fcndung von TD f\u00fchrte, bleibt unver\u00e4ndert: Wir wollen es besser machen. Wenn Sie sich f\u00fcr uns entscheiden, erwarten Sie stets schnelle Lieferungen, erstklassige Qualit\u00e4t und einen unerm\u00fcdlichen Einsatz f\u00fcr Ihre Zufriedenheit. Wir erweitern kontinuierlich unser Team, sind international t\u00e4tig und arbeiten t\u00e4glich mit Hingabe an unseren Standorten in Europa und Asien. Unser Ziel ist klar: Wir m\u00f6chten Ihnen zeigen, dass wir der beste Partner f\u00fcr ma\u00dfgeschneiderte Kleidung f\u00fcr Sie und Ihr Team sind.<\/p>\n<h3>JETZT LIEGT ES AN IHNEN<\/h3>\n<p>Nach vielen Jahren voller Erfahrungen und Herausforderungen sind wir nun hier, und wir sind uns sicher, dass noch viele aufregende Dinge vor uns liegen. Ohne unsere Kunden w\u00e4ren wir nicht da, wo wir heute stehen, und wir freuen uns darauf, auch Ihnen zu zeigen, wie Sie in Ihrer eigenen Teamkleidung gl\u00e4nzen k\u00f6nnen. Kontaktieren Sie uns, um Ihren eigenen Entwurf zu erstellen oder lassen Sie uns etwas Besonderes f\u00fcr Sie anfertigen. Wir sind \u00fcberzeugt, dass wir Sie begeistern werden![\/vc_column_text][\/vc_column][\/vc_row]\n","protected":false},"excerpt":{"rendered":"<p>[vc_row css=&#8221;.vc_custom_1658136631618{margin-right: 0px !important;margin-left: 0px !important;padding-top: 180px !important;padding-right: 0px !important;padding-bottom: 180px !important;padding-left: 0px !important;background: #444444 url(https:\/\/tdsportswear.com\/wp-content\/uploads\/2022\/03\/Banner-1-scaled.jpg?id=13334) &hellip;<\/p>\n","protected":false},"author":1,"featured_media":0,"parent":0,"menu_order":0,"comment_status":"closed","ping_status":"closed","template":"page-templates\/page-template.php","meta":{"_acf_changed":false,"content-type":"","footnotes":""},"class_list":["post-37638","page","type-page","status-publish","hentry"],"acf":[],"yoast_head":"<!-- This site is optimized with the Yoast SEO plugin v24.6 - https:\/\/yoast.com\/wordpress\/plugins\/seo\/ -->\n<title>Unsere Mission: die Geschichte hinter TD Sportswear<\/title>\n<meta name=\"description\" content=\"Unsere Mission begann mit der Leidenschaft eines Mannes f\u00fcr Radbekleidung und w\u00e4chst von Teamkleidung aus weiter.\" \/>\n<meta name=\"robots\" content=\"index, follow, max-snippet:-1, max-image-preview:large, max-video-preview:-1\" \/>\n<link rel=\"canonical\" href=\"https:\/\/tdsportswear.com\/at\/unsere-mission\/\" \/>\n<meta property=\"og:locale\" content=\"de_DE\" \/>\n<meta property=\"og:type\" content=\"article\" \/>\n<meta property=\"og:title\" content=\"Unsere Mission: die Geschichte hinter TD Sportswear\" \/>\n<meta property=\"og:description\" content=\"Unsere Mission begann mit der Leidenschaft eines Mannes f\u00fcr Radbekleidung und w\u00e4chst von Teamkleidung aus weiter.\" \/>\n<meta property=\"og:url\" content=\"https:\/\/tdsportswear.com\/at\/unsere-mission\/\" \/>\n<meta property=\"og:site_name\" content=\"TD sportswear - Custom sportswear.\" \/>\n<meta property=\"article:publisher\" content=\"https:\/\/www.facebook.com\/TDsports3\/\" \/>\n<meta property=\"article:modified_time\" content=\"2024-10-25T01:16:06+00:00\" \/>\n<meta name=\"twitter:card\" content=\"summary_large_image\" \/>\n<meta name=\"twitter:site\" content=\"@td_sportswear\" \/>\n<meta name=\"twitter:label1\" content=\"Gesch\u00e4tzte Lesezeit\" \/>\n\t<meta name=\"twitter:data1\" content=\"4 Minuten\" \/>\n<script type=\"application\/ld+json\" class=\"yoast-schema-graph\">{\"@context\":\"https:\/\/schema.org\",\"@graph\":[{\"@type\":\"WebPage\",\"@id\":\"https:\/\/tdsportswear.com\/at\/unsere-mission\/\",\"url\":\"https:\/\/tdsportswear.com\/at\/unsere-mission\/\",\"name\":\"Unsere Mission: die Geschichte hinter TD Sportswear\",\"isPartOf\":{\"@id\":\"https:\/\/tdsportswear.com\/#website\"},\"datePublished\":\"2024-07-05T17:57:40+00:00\",\"dateModified\":\"2024-10-25T01:16:06+00:00\",\"description\":\"Unsere Mission begann mit der Leidenschaft eines Mannes f\u00fcr Radbekleidung und w\u00e4chst von Teamkleidung aus weiter.\",\"breadcrumb\":{\"@id\":\"https:\/\/tdsportswear.com\/at\/unsere-mission\/#breadcrumb\"},\"inLanguage\":\"de-AT\",\"potentialAction\":[{\"@type\":\"ReadAction\",\"target\":[\"https:\/\/tdsportswear.com\/at\/unsere-mission\/\"]}]},{\"@type\":\"BreadcrumbList\",\"@id\":\"https:\/\/tdsportswear.com\/at\/unsere-mission\/#breadcrumb\",\"itemListElement\":[{\"@type\":\"ListItem\",\"position\":1,\"name\":\"Home\",\"item\":\"https:\/\/tdsportswear.com\/at\/\"},{\"@type\":\"ListItem\",\"position\":2,\"name\":\"Unsere Mission\"}]},{\"@type\":\"WebSite\",\"@id\":\"https:\/\/tdsportswear.com\/#website\",\"url\":\"https:\/\/tdsportswear.com\/\",\"name\":\"TD sportswear - Custom sportswear.\",\"description\":\"Custom made sportswear cycling, running, triathlon, hockey, football and many more.\",\"publisher\":{\"@id\":\"https:\/\/tdsportswear.com\/#organization\"},\"potentialAction\":[{\"@type\":\"SearchAction\",\"target\":{\"@type\":\"EntryPoint\",\"urlTemplate\":\"https:\/\/tdsportswear.com\/?s={search_term_string}\"},\"query-input\":{\"@type\":\"PropertyValueSpecification\",\"valueRequired\":true,\"valueName\":\"search_term_string\"}}],\"inLanguage\":\"de-AT\"},{\"@type\":\"Organization\",\"@id\":\"https:\/\/tdsportswear.com\/#organization\",\"name\":\"TD sportswear\",\"url\":\"https:\/\/tdsportswear.com\/\",\"logo\":{\"@type\":\"ImageObject\",\"inLanguage\":\"de-AT\",\"@id\":\"https:\/\/tdsportswear.com\/#\/schema\/logo\/image\/\",\"url\":\"https:\/\/tdsportswear.com\/wp-content\/uploads\/2017\/09\/Logo-zwart.png\",\"contentUrl\":\"https:\/\/tdsportswear.com\/wp-content\/uploads\/2017\/09\/Logo-zwart.png\",\"width\":455,\"height\":77,\"caption\":\"TD sportswear\"},\"image\":{\"@id\":\"https:\/\/tdsportswear.com\/#\/schema\/logo\/image\/\"},\"sameAs\":[\"https:\/\/www.facebook.com\/TDsports3\/\",\"https:\/\/x.com\/td_sportswear\",\"https:\/\/www.instagram.com\/td.sportswear\/\",\"https:\/\/nl.linkedin.com\/company\/td-sports\"],\"description\":\"TD Sportswear offers high-quality sportswear and accessories for teams and individuals. From cycling jerseys to running clothes, we provide comfortable and stylish solutions for your sporting needs.\",\"address\":{\"@type\":\"PostalAddress\",\"streetAddress\":\"Concourslaan 79\",\"postalCode\":\"8252 GH\",\"addressLocality\":\"Dronten\",\"addressCountry\":\"The Netherlands\"},\"contactPoint\":[{\"@type\":\"ContactPoint\",\"telephone\":\"+493016636601\",\"contactType\":\"Customer Service\"}],\"aggregateRating\":{\"@type\":\"AggregateRating\",\"ratingValue\":4.9,\"reviewCount\":1190,\"bestRating\":\"5\",\"worstRating\":\"1\"}}]}<\/script>\n<!-- \/ Yoast SEO plugin. -->","yoast_head_json":{"title":"Unsere Mission: die Geschichte hinter TD Sportswear","description":"Unsere Mission begann mit der Leidenschaft eines Mannes f\u00fcr Radbekleidung und w\u00e4chst von Teamkleidung aus weiter.","robots":{"index":"index","follow":"follow","max-snippet":"max-snippet:-1","max-image-preview":"max-image-preview:large","max-video-preview":"max-video-preview:-1"},"canonical":"https:\/\/tdsportswear.com\/at\/unsere-mission\/","og_locale":"de_DE","og_type":"article","og_title":"Unsere Mission: die Geschichte hinter TD Sportswear","og_description":"Unsere Mission begann mit der Leidenschaft eines Mannes f\u00fcr Radbekleidung und w\u00e4chst von Teamkleidung aus weiter.","og_url":"https:\/\/tdsportswear.com\/at\/unsere-mission\/","og_site_name":"TD sportswear - Custom sportswear.","article_publisher":"https:\/\/www.facebook.com\/TDsports3\/","article_modified_time":"2024-10-25T01:16:06+00:00","twitter_card":"summary_large_image","twitter_site":"@td_sportswear","twitter_misc":{"Gesch\u00e4tzte Lesezeit":"4 Minuten"},"schema":{"@context":"https:\/\/schema.org","@graph":[{"@type":"WebPage","@id":"https:\/\/tdsportswear.com\/at\/unsere-mission\/","url":"https:\/\/tdsportswear.com\/at\/unsere-mission\/","name":"Unsere Mission: die Geschichte hinter TD Sportswear","isPartOf":{"@id":"https:\/\/tdsportswear.com\/#website"},"datePublished":"2024-07-05T17:57:40+00:00","dateModified":"2024-10-25T01:16:06+00:00","description":"Unsere Mission begann mit der Leidenschaft eines Mannes f\u00fcr Radbekleidung und w\u00e4chst von Teamkleidung aus weiter.","breadcrumb":{"@id":"https:\/\/tdsportswear.com\/at\/unsere-mission\/#breadcrumb"},"inLanguage":"de-AT","potentialAction":[{"@type":"ReadAction","target":["https:\/\/tdsportswear.com\/at\/unsere-mission\/"]}]},{"@type":"BreadcrumbList","@id":"https:\/\/tdsportswear.com\/at\/unsere-mission\/#breadcrumb","itemListElement":[{"@type":"ListItem","position":1,"name":"Home","item":"https:\/\/tdsportswear.com\/at\/"},{"@type":"ListItem","position":2,"name":"Unsere Mission"}]},{"@type":"WebSite","@id":"https:\/\/tdsportswear.com\/#website","url":"https:\/\/tdsportswear.com\/","name":"TD sportswear - Custom sportswear.","description":"Custom made sportswear cycling, running, triathlon, hockey, football and many more.","publisher":{"@id":"https:\/\/tdsportswear.com\/#organization"},"potentialAction":[{"@type":"SearchAction","target":{"@type":"EntryPoint","urlTemplate":"https:\/\/tdsportswear.com\/?s={search_term_string}"},"query-input":{"@type":"PropertyValueSpecification","valueRequired":true,"valueName":"search_term_string"}}],"inLanguage":"de-AT"},{"@type":"Organization","@id":"https:\/\/tdsportswear.com\/#organization","name":"TD sportswear","url":"https:\/\/tdsportswear.com\/","logo":{"@type":"ImageObject","inLanguage":"de-AT","@id":"https:\/\/tdsportswear.com\/#\/schema\/logo\/image\/","url":"https:\/\/tdsportswear.com\/wp-content\/uploads\/2017\/09\/Logo-zwart.png","contentUrl":"https:\/\/tdsportswear.com\/wp-content\/uploads\/2017\/09\/Logo-zwart.png","width":455,"height":77,"caption":"TD sportswear"},"image":{"@id":"https:\/\/tdsportswear.com\/#\/schema\/logo\/image\/"},"sameAs":["https:\/\/www.facebook.com\/TDsports3\/","https:\/\/x.com\/td_sportswear","https:\/\/www.instagram.com\/td.sportswear\/","https:\/\/nl.linkedin.com\/company\/td-sports"],"description":"TD Sportswear offers high-quality sportswear and accessories for teams and individuals. From cycling jerseys to running clothes, we provide comfortable and stylish solutions for your sporting needs.","address":{"@type":"PostalAddress","streetAddress":"Concourslaan 79","postalCode":"8252 GH","addressLocality":"Dronten","addressCountry":"The Netherlands"},"contactPoint":[{"@type":"ContactPoint","telephone":"+493016636601","contactType":"Customer Service"}],"aggregateRating":{"@type":"AggregateRating","ratingValue":4.9,"reviewCount":1190,"bestRating":"5","worstRating":"1"}}]}},"_links":{"self":[{"href":"https:\/\/tdsportswear.com\/at\/wp-json\/wp\/v2\/pages\/37638","targetHints":{"allow":["GET"]}}],"collection":[{"href":"https:\/\/tdsportswear.com\/at\/wp-json\/wp\/v2\/pages"}],"about":[{"href":"https:\/\/tdsportswear.com\/at\/wp-json\/wp\/v2\/types\/page"}],"author":[{"embeddable":true,"href":"https:\/\/tdsportswear.com\/at\/wp-json\/wp\/v2\/users\/1"}],"replies":[{"embeddable":true,"href":"https:\/\/tdsportswear.com\/at\/wp-json\/wp\/v2\/comments?post=37638"}],"version-history":[{"count":1,"href":"https:\/\/tdsportswear.com\/at\/wp-json\/wp\/v2\/pages\/37638\/revisions"}],"predecessor-version":[{"id":51350,"href":"https:\/\/tdsportswear.com\/at\/wp-json\/wp\/v2\/pages\/37638\/revisions\/51350"}],"wp:attachment":[{"href":"https:\/\/tdsportswear.com\/at\/wp-json\/wp\/v2\/media?parent=37638"}],"curies":[{"name":"wp","href":"https:\/\/api.w.org\/{rel}","templated":true}]}}