{"id":37672,"date":"2024-07-08T17:49:41","date_gmt":"2024-07-08T15:49:41","guid":{"rendered":"https:\/\/tdsportswear.com\/einkaufsbedingungen-entwerfen-von-kleidung\/"},"modified":"2025-07-22T05:15:03","modified_gmt":"2025-07-22T03:15:03","slug":"einkaufsbedingungen-entwerfen-von-kleidung","status":"publish","type":"page","link":"https:\/\/tdsportswear.com\/at\/einkaufsbedingungen-entwerfen-von-kleidung\/","title":{"rendered":"Einkaufsbedingungen f\u00fcr das Entwerfen von Kleidung"},"content":{"rendered":"[vc_row][vc_column][vc_column_text]Version g\u00fcltig ab 1. Januar 2021<\/p>\n<h2>Allgemeines<\/h2>\n<p>1.1. Diese Kaufbedingungen beschreiben den Bestellprozess f\u00fcr die Lieferung der Produkte von TD Sportswear.<\/p>\n<p>1.2. Die Kaufbedingungen ersetzen nicht die Allgemeinen Gesch\u00e4ftsbedingungen von TD Sportswear.<\/p>\n<h2>Bestellprozess f\u00fcr Kunden<\/h2>\n<p>Der Bestellprozess f\u00fcr Sportbekleidung besteht im Wesentlichen aus folgenden Schritten:<\/p>\n<p>Schritt 1: Abschluss des eigenen Designs oder mit einem Designer.<br \/>\nSchritt 2: Bestimmung der Gr\u00f6\u00dfen.<br \/>\nSchritt 3: Bezahlung.<br \/>\nSchritt 4: Lieferung.<\/p>\n<h2>Design (Schritt 1)<\/h2>\n<p>3.1. Sie k\u00f6nnen Ihr Design \u00fcber unser Designmodul selbst erstellen oder die Hilfe eines Designers in Anspruch nehmen. Wir helfen Ihnen kostenlos bei der Erstellung eines Designs.<\/p>\n<p>3.2. Auf Anfrage kann ein Kunde einen digitalen Korrekturabzug per E-Mail erhalten. Damit k\u00f6nnen eventuelle Fehler vor der endg\u00fcltigen Bestellung behoben werden. Nach der Freigabe durch den Kunden k\u00f6nnen keine Anspr\u00fcche auf geringf\u00fcgige Design- und Farbabweichungen mehr geltend gemacht werden.<\/p>\n<p>3.3. Es ist m\u00f6glich, ein tats\u00e4chliches Produkt als Muster zu bestellen. Das Muster ist ein Kleidungsst\u00fcck im festgelegten Design und mit der gew\u00fcnschten Verarbeitung. Die Lieferzeit betr\u00e4gt ca. 3 Wochen.<\/p>\n<p>3.4. Wird kein Muster bestellt, k\u00f6nnen vom Kunden keine Anspr\u00fcche auf geringf\u00fcgige Design- und Farbabweichungen der Kleidung im Vergleich zum Korrekturabzug geltend gemacht werden.<\/p>\n<h2>Bestimmung der richtigen Gr\u00f6\u00dfen der Kleidung (Schritt 2)<\/h2>\n<p>6.1. Zur Bestimmung der richtigen Gr\u00f6\u00dfen f\u00fcr die Radsportbekleidung kann die Gr\u00f6\u00dfentabelle auf unserer Website genutzt werden. Bei korrektem Messen und Nutzung des Anprobentools gilt eine 100%ige Passformgarantie. Sollte die Kleidung unerwartet nicht passen und der Kunde nachweisen k\u00f6nnen, dass korrekt gemessen wurde und die Empfehlung mit der gelieferten Ware \u00fcbereinstimmt, hat der Kunde Anspruch auf ein neues Produkt.<\/p>\n<h2>Bezahlung (Schritt 3)<\/h2>\n<p>5.1. Nach Abschluss des Designs, Festlegung der richtigen Gr\u00f6\u00dfen und ggf. \u00dcberpr\u00fcfung der Muster geben Sie Ihre Gr\u00f6\u00dfen \u00fcber unser Online-Bestellportal ein und bezahlen die Kleidung.<\/p>\n<p>5.2. Jeder Kunde erh\u00e4lt nach Zahlungseingang eine Rechnung. Auf Wunsch kann eine Rechnung zur Zahlung im Voraus angefordert werden.<\/p>\n<p>5.3. Nach Eingang der Zahlung oder eines Zahlungsnachweises ist der Auftrag verbindlich und die Produktion der Bestellung beginnt.<\/p>\n<h2>Lieferung der Kleidung (Schritt 4)<\/h2>\n<p>6.1. Die Standardlieferzeit ist auf der Website angegeben. Die Lieferzeit gilt ab dem Moment, in dem die Zahlung der Bestellung eingegangen ist.<\/p>\n<p>6.2. Eine Expresslieferung kann in Anspruch genommen werden. Daf\u00fcr berechnen wir einen zus\u00e4tzlichen Aufpreis pro Produkt, um die Produktion zu beschleunigen. Falls wir die angegebene Expresslieferzeit nicht einhalten, kann die zus\u00e4tzliche Geb\u00fchr zur\u00fcckgefordert werden. Die Nichteinhaltung der Expresslieferung durch TD berechtigt jedoch nicht zur vollst\u00e4ndigen Stornierung der Bestellung oder R\u00fcckforderung des gesamten Betrags.<\/p>\n<p>6.3. Die angegebenen Lieferzeiten sind Richtwerte und es k\u00f6nnen keine Rechte daraus abgeleitet werden, es sei denn, es wurde schriftlich anders vereinbart. Der Kunde hat in diesem Fall auch keinen Anspruch auf eine R\u00fcckerstattung. W\u00e4hrend des Produktionsprozesses kann es zu Verz\u00f6gerungen kommen, beispielsweise durch Produktionsfehler oder Fehler im Design mit Logos und\/oder Farben. In solchen F\u00e4llen kann die Lieferzeit l\u00e4nger als die Standardlieferzeit sein. Sollte TD eine Super-Expresslieferung von 1 bis 2 Wochen nicht einhalten, aber dennoch innerhalb von 2 bis 3 Wochen liefern, hat der Kunde Anspruch auf eine R\u00fcckerstattung der Differenz zwischen der Super-Express- und der Expresslieferung. Falls die Lieferzeit nachweislich durch h\u00f6here Gewalt verursacht wurde (z. B. unvorhergesehene Verz\u00f6gerungen, Paketverluste oder Streiks bei den Zustellern), besteht kein Anspruch auf R\u00fcckerstattung der Expresskosten.<\/p>\n<p>6.4. F\u00fcr jede Bestellung wird eine Versandkostenpauschale von 9,95 \u20ac zzgl. MwSt. berechnet.<\/p>\n<p>6.5. Falls die Kleidung an mehrere Adressen versendet werden muss, werden die jeweiligen Versandkosten summiert und in Rechnung gestellt.<\/p>\n<p>6.6. Der Kunde erh\u00e4lt eine E-Mail-Benachrichtigung mit einer Sendungsverfolgungsnummer, sobald die Kleidung versandt wurde. In der Regel erfolgt die Lieferung am n\u00e4chsten Werktag an die angegebene Lieferadresse. F\u00fcr das Ausland gelten abweichende Lieferzeiten.<\/p>\n<p>6.7. Falls die Lieferung an die vom Kunden angegebene Adresse nicht zugestellt werden kann, gehen die zus\u00e4tzlichen Versandkosten zu Lasten des Kunden.<\/p>\n<h2>Zahlungsbedingungen &amp; Rechnungsstellung<\/h2>\n<p>7.1. Alle in diesen Kaufbedingungen genannten Betr\u00e4ge verstehen sich exklusive Mehrwertsteuer.<\/p>\n<p>7.2. TD Sportswear hat eine Standardzahlungsfrist von 7 Tagen.<\/p>\n<h2>Nachbestellungen<\/h2>\n<p>8.1. Der Kunde kann per E-Mail an info@tdsportswear.com eine Nachbestellung aufgeben oder \u00fcber das Designmodul eine Nachbestellung t\u00e4tigen.<\/p>\n<p>8.2. F\u00fcr eine Nachbestellung gibt es keine Mindestabnahme.<\/p>\n<p>8.4. F\u00fcr Nachbestellungen gelten dieselben Lieferzeiten und Versandkosten.<\/p>\n<p>8.5. Die vollst\u00e4ndigen Kosten f\u00fcr Nachbestellungen m\u00fcssen im Voraus bezahlt werden.<\/p>\n<h2>Webshops und Geschenkgutscheine<\/h2>\n<p>9.1. Kunden k\u00f6nnen Geschenkgutscheine erwerben, die von ihren Mitarbeitern oder Teammitgliedern im TD Sportswear Webshop eingel\u00f6st werden k\u00f6nnen.<\/p>\n<p>9.2. Geschenkgutscheine sind bis zu zwei Jahre nach dem Kaufdatum g\u00fcltig und k\u00f6nnen ausschlie\u00dflich im TD Sportswear Webshop f\u00fcr die angebotenen Produkte und Dienstleistungen eingel\u00f6st werden.<\/p>\n<p>9.3. Der Kunde ist vollst\u00e4ndig f\u00fcr den Kauf, die Verteilung und die Nutzung der Geschenkgutscheine durch die vorgesehenen Empf\u00e4nger verantwortlich. TD Sportswear haftet in keiner Weise f\u00fcr Verlust, Diebstahl, unbefugte Nutzung oder Nichtverwendung der Geschenkgutscheine durch die Empf\u00e4nger.<\/p>\n<p>9.4. Geschenkgutscheine sind nicht gegen Bargeld, Guthaben oder andere Formen der finanziellen Entsch\u00e4digung einl\u00f6sbar, unabh\u00e4ngig vom Grund.<\/p>\n<p>9.5. Geschenkgutscheine, die nicht innerhalb der G\u00fcltigkeitsdauer von zwei Jahren eingel\u00f6st werden, verfallen automatisch und unwiderruflich. Es gibt keine R\u00fcckerstattung, Verl\u00e4ngerung oder Entsch\u00e4digung f\u00fcr ungenutzte oder teilweise genutzte Geschenkgutscheine.<\/p>\n<p>9.6. Mit dem Kauf von Geschenkgutscheinen akzeptiert der Kunde diese Bedingungen und verzichtet auf jegliches Recht auf R\u00fcckerstattung, Entsch\u00e4digung oder andere finanzielle Anspr\u00fcche in Bezug auf die Geschenkgutscheine, unabh\u00e4ngig von den Umst\u00e4nden.<\/p>\n<p>9.7. Etwaige Streitigkeiten \u00fcber die Nutzung, G\u00fcltigkeit oder Verteilung der Geschenkgutscheine liegen vollst\u00e4ndig in der Verantwortung des Kunden und des Empf\u00e4ngers des Geschenkgutscheins. TD Sportswear ist keine Partei in solchen Streitigkeiten und kann hierf\u00fcr nicht haftbar gemacht werden.[\/vc_column_text][\/vc_column][\/vc_row]\n","protected":false},"excerpt":{"rendered":"<p>[vc_row][vc_column][vc_column_text]Version g\u00fcltig ab 1. Januar 2021 Allgemeines 1.1. Diese Kaufbedingungen beschreiben den Bestellprozess f\u00fcr die Lieferung &hellip;<\/p>\n","protected":false},"author":1,"featured_media":0,"parent":0,"menu_order":0,"comment_status":"closed","ping_status":"closed","template":"","meta":{"_acf_changed":false,"content-type":"","footnotes":""},"class_list":["post-37672","page","type-page","status-publish","hentry"],"acf":[],"yoast_head":"<!-- This site is optimized with the Yoast SEO plugin v24.6 - https:\/\/yoast.com\/wordpress\/plugins\/seo\/ -->\n<title>Einkaufsbedingungen f\u00fcr das Gestalten von Kleidung - TD sportswear<\/title>\n<meta name=\"description\" content=\"Einkaufsbedingungen f\u00fcr Online- und Offline-K\u00e4ufe bei TD sportswear. TD sportswear beh\u00e4lt sich das Recht vor, die Bedingungen anzupassen.\" \/>\n<meta name=\"robots\" content=\"index, follow, max-snippet:-1, max-image-preview:large, max-video-preview:-1\" \/>\n<link rel=\"canonical\" href=\"https:\/\/tdsportswear.com\/at\/einkaufsbedingungen-entwerfen-von-kleidung\/\" \/>\n<meta property=\"og:locale\" content=\"de_DE\" \/>\n<meta property=\"og:type\" content=\"article\" \/>\n<meta property=\"og:title\" content=\"Einkaufsbedingungen f\u00fcr das Gestalten von Kleidung - TD sportswear\" \/>\n<meta property=\"og:description\" content=\"Einkaufsbedingungen f\u00fcr Online- und Offline-K\u00e4ufe bei TD sportswear. TD sportswear beh\u00e4lt sich das Recht vor, die Bedingungen anzupassen.\" \/>\n<meta property=\"og:url\" content=\"https:\/\/tdsportswear.com\/at\/einkaufsbedingungen-entwerfen-von-kleidung\/\" \/>\n<meta property=\"og:site_name\" content=\"TD sportswear - Custom sportswear.\" \/>\n<meta property=\"article:publisher\" content=\"https:\/\/www.facebook.com\/TDsports3\/\" \/>\n<meta property=\"article:modified_time\" content=\"2025-07-22T03:15:03+00:00\" \/>\n<meta name=\"twitter:card\" content=\"summary_large_image\" \/>\n<meta name=\"twitter:site\" content=\"@td_sportswear\" \/>\n<meta name=\"twitter:label1\" content=\"Gesch\u00e4tzte Lesezeit\" \/>\n\t<meta name=\"twitter:data1\" content=\"5 Minuten\" \/>\n<script type=\"application\/ld+json\" class=\"yoast-schema-graph\">{\"@context\":\"https:\/\/schema.org\",\"@graph\":[{\"@type\":\"WebPage\",\"@id\":\"https:\/\/tdsportswear.com\/at\/einkaufsbedingungen-entwerfen-von-kleidung\/\",\"url\":\"https:\/\/tdsportswear.com\/at\/einkaufsbedingungen-entwerfen-von-kleidung\/\",\"name\":\"Einkaufsbedingungen f\u00fcr das Gestalten von Kleidung - TD sportswear\",\"isPartOf\":{\"@id\":\"https:\/\/tdsportswear.com\/#website\"},\"datePublished\":\"2024-07-08T15:49:41+00:00\",\"dateModified\":\"2025-07-22T03:15:03+00:00\",\"description\":\"Einkaufsbedingungen f\u00fcr Online- und Offline-K\u00e4ufe bei TD sportswear. TD sportswear beh\u00e4lt sich das Recht vor, die Bedingungen anzupassen.\",\"breadcrumb\":{\"@id\":\"https:\/\/tdsportswear.com\/at\/einkaufsbedingungen-entwerfen-von-kleidung\/#breadcrumb\"},\"inLanguage\":\"de-AT\",\"potentialAction\":[{\"@type\":\"ReadAction\",\"target\":[\"https:\/\/tdsportswear.com\/at\/einkaufsbedingungen-entwerfen-von-kleidung\/\"]}]},{\"@type\":\"BreadcrumbList\",\"@id\":\"https:\/\/tdsportswear.com\/at\/einkaufsbedingungen-entwerfen-von-kleidung\/#breadcrumb\",\"itemListElement\":[{\"@type\":\"ListItem\",\"position\":1,\"name\":\"Home\",\"item\":\"https:\/\/tdsportswear.com\/at\/\"},{\"@type\":\"ListItem\",\"position\":2,\"name\":\"Einkaufsbedingungen f\u00fcr das Entwerfen von Kleidung\"}]},{\"@type\":\"WebSite\",\"@id\":\"https:\/\/tdsportswear.com\/#website\",\"url\":\"https:\/\/tdsportswear.com\/\",\"name\":\"TD sportswear - Custom sportswear.\",\"description\":\"Custom made sportswear cycling, running, triathlon, hockey, football and many more.\",\"publisher\":{\"@id\":\"https:\/\/tdsportswear.com\/#organization\"},\"potentialAction\":[{\"@type\":\"SearchAction\",\"target\":{\"@type\":\"EntryPoint\",\"urlTemplate\":\"https:\/\/tdsportswear.com\/?s={search_term_string}\"},\"query-input\":{\"@type\":\"PropertyValueSpecification\",\"valueRequired\":true,\"valueName\":\"search_term_string\"}}],\"inLanguage\":\"de-AT\"},{\"@type\":\"Organization\",\"@id\":\"https:\/\/tdsportswear.com\/#organization\",\"name\":\"TD sportswear\",\"url\":\"https:\/\/tdsportswear.com\/\",\"logo\":{\"@type\":\"ImageObject\",\"inLanguage\":\"de-AT\",\"@id\":\"https:\/\/tdsportswear.com\/#\/schema\/logo\/image\/\",\"url\":\"https:\/\/tdsportswear.com\/wp-content\/uploads\/2017\/09\/Logo-zwart.png\",\"contentUrl\":\"https:\/\/tdsportswear.com\/wp-content\/uploads\/2017\/09\/Logo-zwart.png\",\"width\":455,\"height\":77,\"caption\":\"TD sportswear\"},\"image\":{\"@id\":\"https:\/\/tdsportswear.com\/#\/schema\/logo\/image\/\"},\"sameAs\":[\"https:\/\/www.facebook.com\/TDsports3\/\",\"https:\/\/x.com\/td_sportswear\",\"https:\/\/www.instagram.com\/td.sportswear\/\",\"https:\/\/nl.linkedin.com\/company\/td-sports\"],\"description\":\"TD Sportswear offers high-quality sportswear and accessories for teams and individuals. From cycling jerseys to running clothes, we provide comfortable and stylish solutions for your sporting needs.\",\"address\":{\"@type\":\"PostalAddress\",\"streetAddress\":\"Concourslaan 79\",\"postalCode\":\"8252 GH\",\"addressLocality\":\"Dronten\",\"addressCountry\":\"The Netherlands\"},\"contactPoint\":[{\"@type\":\"ContactPoint\",\"telephone\":\"+493016636601\",\"contactType\":\"Customer Service\"}],\"aggregateRating\":{\"@type\":\"AggregateRating\",\"ratingValue\":4.9,\"reviewCount\":1190,\"bestRating\":\"5\",\"worstRating\":\"1\"}}]}<\/script>\n<!-- \/ Yoast SEO plugin. -->","yoast_head_json":{"title":"Einkaufsbedingungen f\u00fcr das Gestalten von Kleidung - TD sportswear","description":"Einkaufsbedingungen f\u00fcr Online- und Offline-K\u00e4ufe bei TD sportswear. TD sportswear beh\u00e4lt sich das Recht vor, die Bedingungen anzupassen.","robots":{"index":"index","follow":"follow","max-snippet":"max-snippet:-1","max-image-preview":"max-image-preview:large","max-video-preview":"max-video-preview:-1"},"canonical":"https:\/\/tdsportswear.com\/at\/einkaufsbedingungen-entwerfen-von-kleidung\/","og_locale":"de_DE","og_type":"article","og_title":"Einkaufsbedingungen f\u00fcr das Gestalten von Kleidung - TD sportswear","og_description":"Einkaufsbedingungen f\u00fcr Online- und Offline-K\u00e4ufe bei TD sportswear. TD sportswear beh\u00e4lt sich das Recht vor, die Bedingungen anzupassen.","og_url":"https:\/\/tdsportswear.com\/at\/einkaufsbedingungen-entwerfen-von-kleidung\/","og_site_name":"TD sportswear - Custom sportswear.","article_publisher":"https:\/\/www.facebook.com\/TDsports3\/","article_modified_time":"2025-07-22T03:15:03+00:00","twitter_card":"summary_large_image","twitter_site":"@td_sportswear","twitter_misc":{"Gesch\u00e4tzte Lesezeit":"5 Minuten"},"schema":{"@context":"https:\/\/schema.org","@graph":[{"@type":"WebPage","@id":"https:\/\/tdsportswear.com\/at\/einkaufsbedingungen-entwerfen-von-kleidung\/","url":"https:\/\/tdsportswear.com\/at\/einkaufsbedingungen-entwerfen-von-kleidung\/","name":"Einkaufsbedingungen f\u00fcr das Gestalten von Kleidung - TD sportswear","isPartOf":{"@id":"https:\/\/tdsportswear.com\/#website"},"datePublished":"2024-07-08T15:49:41+00:00","dateModified":"2025-07-22T03:15:03+00:00","description":"Einkaufsbedingungen f\u00fcr Online- und Offline-K\u00e4ufe bei TD sportswear. TD sportswear beh\u00e4lt sich das Recht vor, die Bedingungen anzupassen.","breadcrumb":{"@id":"https:\/\/tdsportswear.com\/at\/einkaufsbedingungen-entwerfen-von-kleidung\/#breadcrumb"},"inLanguage":"de-AT","potentialAction":[{"@type":"ReadAction","target":["https:\/\/tdsportswear.com\/at\/einkaufsbedingungen-entwerfen-von-kleidung\/"]}]},{"@type":"BreadcrumbList","@id":"https:\/\/tdsportswear.com\/at\/einkaufsbedingungen-entwerfen-von-kleidung\/#breadcrumb","itemListElement":[{"@type":"ListItem","position":1,"name":"Home","item":"https:\/\/tdsportswear.com\/at\/"},{"@type":"ListItem","position":2,"name":"Einkaufsbedingungen f\u00fcr das Entwerfen von Kleidung"}]},{"@type":"WebSite","@id":"https:\/\/tdsportswear.com\/#website","url":"https:\/\/tdsportswear.com\/","name":"TD sportswear - Custom sportswear.","description":"Custom made sportswear cycling, running, triathlon, hockey, football and many more.","publisher":{"@id":"https:\/\/tdsportswear.com\/#organization"},"potentialAction":[{"@type":"SearchAction","target":{"@type":"EntryPoint","urlTemplate":"https:\/\/tdsportswear.com\/?s={search_term_string}"},"query-input":{"@type":"PropertyValueSpecification","valueRequired":true,"valueName":"search_term_string"}}],"inLanguage":"de-AT"},{"@type":"Organization","@id":"https:\/\/tdsportswear.com\/#organization","name":"TD sportswear","url":"https:\/\/tdsportswear.com\/","logo":{"@type":"ImageObject","inLanguage":"de-AT","@id":"https:\/\/tdsportswear.com\/#\/schema\/logo\/image\/","url":"https:\/\/tdsportswear.com\/wp-content\/uploads\/2017\/09\/Logo-zwart.png","contentUrl":"https:\/\/tdsportswear.com\/wp-content\/uploads\/2017\/09\/Logo-zwart.png","width":455,"height":77,"caption":"TD sportswear"},"image":{"@id":"https:\/\/tdsportswear.com\/#\/schema\/logo\/image\/"},"sameAs":["https:\/\/www.facebook.com\/TDsports3\/","https:\/\/x.com\/td_sportswear","https:\/\/www.instagram.com\/td.sportswear\/","https:\/\/nl.linkedin.com\/company\/td-sports"],"description":"TD Sportswear offers high-quality sportswear and accessories for teams and individuals. From cycling jerseys to running clothes, we provide comfortable and stylish solutions for your sporting needs.","address":{"@type":"PostalAddress","streetAddress":"Concourslaan 79","postalCode":"8252 GH","addressLocality":"Dronten","addressCountry":"The Netherlands"},"contactPoint":[{"@type":"ContactPoint","telephone":"+493016636601","contactType":"Customer Service"}],"aggregateRating":{"@type":"AggregateRating","ratingValue":4.9,"reviewCount":1190,"bestRating":"5","worstRating":"1"}}]}},"_links":{"self":[{"href":"https:\/\/tdsportswear.com\/at\/wp-json\/wp\/v2\/pages\/37672","targetHints":{"allow":["GET"]}}],"collection":[{"href":"https:\/\/tdsportswear.com\/at\/wp-json\/wp\/v2\/pages"}],"about":[{"href":"https:\/\/tdsportswear.com\/at\/wp-json\/wp\/v2\/types\/page"}],"author":[{"embeddable":true,"href":"https:\/\/tdsportswear.com\/at\/wp-json\/wp\/v2\/users\/1"}],"replies":[{"embeddable":true,"href":"https:\/\/tdsportswear.com\/at\/wp-json\/wp\/v2\/comments?post=37672"}],"version-history":[{"count":1,"href":"https:\/\/tdsportswear.com\/at\/wp-json\/wp\/v2\/pages\/37672\/revisions"}],"predecessor-version":[{"id":84957,"href":"https:\/\/tdsportswear.com\/at\/wp-json\/wp\/v2\/pages\/37672\/revisions\/84957"}],"wp:attachment":[{"href":"https:\/\/tdsportswear.com\/at\/wp-json\/wp\/v2\/media?parent=37672"}],"curies":[{"name":"wp","href":"https:\/\/api.w.org\/{rel}","templated":true}]}}