{"id":37673,"date":"2024-07-08T18:03:46","date_gmt":"2024-07-08T16:03:46","guid":{"rendered":"https:\/\/tdsportswear.com\/lieferbedingungen-fuer-die-gestaltung-von-kleidung\/"},"modified":"2025-07-22T05:16:14","modified_gmt":"2025-07-22T03:16:14","slug":"lieferbedingungen-fuer-die-gestaltung-von-kleidung","status":"publish","type":"page","link":"https:\/\/tdsportswear.com\/at\/lieferbedingungen-fuer-die-gestaltung-von-kleidung\/","title":{"rendered":"Lieferbedingungen f\u00fcr die Gestaltung von Kleidung"},"content":{"rendered":"[vc_row][vc_column][vc_column_text]\n<h2>Version g\u00fcltig ab 1. Januar 2021<\/h2>\n<ul>\n<li>Die angegebenen Lieferzeiten sind Richtwerte und es k\u00f6nnen keine Rechte daraus abgeleitet werden, sofern nicht schriftlich anders vereinbart. Der Kunde hat daher in diesem Fall auch keinen Anspruch auf R\u00fcckerstattung des Geldes. Es kann zu Verz\u00f6gerungen im Produktionsprozess kommen, beispielsweise durch einen Produktionsfehler, Fehler im Design mit Logos und\/oder Farben usw. Auch Dritte, wie Versandunternehmen, k\u00f6nnen die Ursache f\u00fcr eine versp\u00e4tete Lieferung sein. Infolgedessen kann die Lieferung l\u00e4nger dauern als die Standardlieferzeit. 95 % der Bestellungen kommen innerhalb der erwarteten Lieferzeit an.<\/li>\n<li>Die Standardlieferzeit ist auf der Website angegeben. Die Lieferzeit gilt ab dem Moment, in dem die Zahlung der Bestellung eingegangen ist. Eine Expresslieferung kann gegen einen Aufpreis von 15 % oder 30 % erworben werden. Dann berechnen wir einen zus\u00e4tzlichen Aufpreis pro Produkt, um die Produktion zu beschleunigen. Wenn wir die angegebene Expresslieferzeit nicht einhalten, k\u00f6nnen Sie eine R\u00fcckerstattung des Zuschlagbetrags beantragen. Wenn TD eine Super-Expresslieferung von 1 bis 2 Wochen nicht einh\u00e4lt, aber innerhalb von 2 bis 3 Wochen bleibt, hat der Kunde Anspruch auf R\u00fcckerstattung der Differenz zwischen der Super-Express- und der Expresslieferung. Das Nichterf\u00fcllen einer Expresslieferung durch TD berechtigt nicht zur vollst\u00e4ndigen Stornierung einer Bestellung oder zur R\u00fcckforderung des gesamten Betrags. Wird die Lieferzeit aufgrund nachweislicher h\u00f6herer Gewalt, die durch Dritte verursacht wurde, nicht eingehalten, besteht kein Anspruch auf R\u00fcckerstattung der Expresskosten. Dies umfasst unvorhergesehene Verz\u00f6gerungen, fehlende Pakete und Streiks von Zustellern.<\/li>\n<li>F\u00fcr jede Bestellung fallen Versandkosten in H\u00f6he von 9,95 \u20ac zzgl. MwSt. an.<\/li>\n<li>Falls die Kleidung an mehrere Adressen versendet werden muss, werden die gesamten verschiedenen Versandkosten in Rechnung gestellt.<\/li>\n<li>Der Kunde erh\u00e4lt eine Benachrichtigung + Track &amp; Trace-Code per E-Mail, sobald die Kleidung an den Kunden versendet wird. Die Kleidung wird in der Regel am n\u00e4chsten Tag an die angegebene Lieferadresse geliefert. F\u00fcr L\u00e4nder au\u00dferhalb der Niederlande und Belgien gelten abweichende Lieferbedingungen.<\/li>\n<li>Falls die Lieferung nicht an die vom Kunden angegebene Lieferadresse zugestellt werden kann, tr\u00e4gt der Kunde alle zus\u00e4tzlichen Versandkosten.<\/li>\n<\/ul>\n[\/vc_column_text][\/vc_column][\/vc_row]\n","protected":false},"excerpt":{"rendered":"<p>[vc_row][vc_column][vc_column_text] Version g\u00fcltig ab 1. Januar 2021 Die angegebenen Lieferzeiten sind Richtwerte und es k\u00f6nnen keine &hellip;<\/p>\n","protected":false},"author":1,"featured_media":0,"parent":0,"menu_order":0,"comment_status":"closed","ping_status":"closed","template":"","meta":{"_acf_changed":false,"content-type":"","footnotes":""},"class_list":["post-37673","page","type-page","status-publish","hentry"],"acf":[],"yoast_head":"<!-- This site is optimized with the Yoast SEO plugin v24.6 - https:\/\/yoast.com\/wordpress\/plugins\/seo\/ -->\n<title>Lieferbedingungen f\u00fcr die Gestaltung von Sportbekleidung - TD<\/title>\n<meta name=\"description\" content=\"Lieferbedingungen f\u00fcr Online- und Offline-K\u00e4ufe bei TD sportswear. TD sportswear hat das Recht, die Bedingungen anzupassen.\" \/>\n<meta name=\"robots\" content=\"index, follow, max-snippet:-1, max-image-preview:large, max-video-preview:-1\" \/>\n<link rel=\"canonical\" href=\"https:\/\/tdsportswear.com\/at\/lieferbedingungen-fuer-die-gestaltung-von-kleidung\/\" \/>\n<meta property=\"og:locale\" content=\"de_DE\" \/>\n<meta property=\"og:type\" content=\"article\" \/>\n<meta property=\"og:title\" content=\"Lieferbedingungen f\u00fcr die Gestaltung von Sportbekleidung - TD\" \/>\n<meta property=\"og:description\" content=\"Lieferbedingungen f\u00fcr Online- und Offline-K\u00e4ufe bei TD sportswear. TD sportswear hat das Recht, die Bedingungen anzupassen.\" \/>\n<meta property=\"og:url\" content=\"https:\/\/tdsportswear.com\/at\/lieferbedingungen-fuer-die-gestaltung-von-kleidung\/\" \/>\n<meta property=\"og:site_name\" content=\"TD sportswear - Custom sportswear.\" \/>\n<meta property=\"article:publisher\" content=\"https:\/\/www.facebook.com\/TDsports3\/\" \/>\n<meta property=\"article:modified_time\" content=\"2025-07-22T03:16:14+00:00\" \/>\n<meta name=\"twitter:card\" content=\"summary_large_image\" \/>\n<meta name=\"twitter:site\" content=\"@td_sportswear\" \/>\n<meta name=\"twitter:label1\" content=\"Gesch\u00e4tzte Lesezeit\" \/>\n\t<meta name=\"twitter:data1\" content=\"2 Minuten\" \/>\n<script type=\"application\/ld+json\" class=\"yoast-schema-graph\">{\"@context\":\"https:\/\/schema.org\",\"@graph\":[{\"@type\":\"WebPage\",\"@id\":\"https:\/\/tdsportswear.com\/at\/lieferbedingungen-fuer-die-gestaltung-von-kleidung\/\",\"url\":\"https:\/\/tdsportswear.com\/at\/lieferbedingungen-fuer-die-gestaltung-von-kleidung\/\",\"name\":\"Lieferbedingungen f\u00fcr die Gestaltung von Sportbekleidung - TD\",\"isPartOf\":{\"@id\":\"https:\/\/tdsportswear.com\/#website\"},\"datePublished\":\"2024-07-08T16:03:46+00:00\",\"dateModified\":\"2025-07-22T03:16:14+00:00\",\"description\":\"Lieferbedingungen f\u00fcr Online- und Offline-K\u00e4ufe bei TD sportswear. TD sportswear hat das Recht, die Bedingungen anzupassen.\",\"breadcrumb\":{\"@id\":\"https:\/\/tdsportswear.com\/at\/lieferbedingungen-fuer-die-gestaltung-von-kleidung\/#breadcrumb\"},\"inLanguage\":\"de-AT\",\"potentialAction\":[{\"@type\":\"ReadAction\",\"target\":[\"https:\/\/tdsportswear.com\/at\/lieferbedingungen-fuer-die-gestaltung-von-kleidung\/\"]}]},{\"@type\":\"BreadcrumbList\",\"@id\":\"https:\/\/tdsportswear.com\/at\/lieferbedingungen-fuer-die-gestaltung-von-kleidung\/#breadcrumb\",\"itemListElement\":[{\"@type\":\"ListItem\",\"position\":1,\"name\":\"Home\",\"item\":\"https:\/\/tdsportswear.com\/at\/\"},{\"@type\":\"ListItem\",\"position\":2,\"name\":\"Lieferbedingungen f\u00fcr die Gestaltung von Kleidung\"}]},{\"@type\":\"WebSite\",\"@id\":\"https:\/\/tdsportswear.com\/#website\",\"url\":\"https:\/\/tdsportswear.com\/\",\"name\":\"TD sportswear - Custom sportswear.\",\"description\":\"Custom made sportswear cycling, running, triathlon, hockey, football and many more.\",\"publisher\":{\"@id\":\"https:\/\/tdsportswear.com\/#organization\"},\"potentialAction\":[{\"@type\":\"SearchAction\",\"target\":{\"@type\":\"EntryPoint\",\"urlTemplate\":\"https:\/\/tdsportswear.com\/?s={search_term_string}\"},\"query-input\":{\"@type\":\"PropertyValueSpecification\",\"valueRequired\":true,\"valueName\":\"search_term_string\"}}],\"inLanguage\":\"de-AT\"},{\"@type\":\"Organization\",\"@id\":\"https:\/\/tdsportswear.com\/#organization\",\"name\":\"TD sportswear\",\"url\":\"https:\/\/tdsportswear.com\/\",\"logo\":{\"@type\":\"ImageObject\",\"inLanguage\":\"de-AT\",\"@id\":\"https:\/\/tdsportswear.com\/#\/schema\/logo\/image\/\",\"url\":\"https:\/\/tdsportswear.com\/wp-content\/uploads\/2017\/09\/Logo-zwart.png\",\"contentUrl\":\"https:\/\/tdsportswear.com\/wp-content\/uploads\/2017\/09\/Logo-zwart.png\",\"width\":455,\"height\":77,\"caption\":\"TD sportswear\"},\"image\":{\"@id\":\"https:\/\/tdsportswear.com\/#\/schema\/logo\/image\/\"},\"sameAs\":[\"https:\/\/www.facebook.com\/TDsports3\/\",\"https:\/\/x.com\/td_sportswear\",\"https:\/\/www.instagram.com\/td.sportswear\/\",\"https:\/\/nl.linkedin.com\/company\/td-sports\"],\"description\":\"TD Sportswear offers high-quality sportswear and accessories for teams and individuals. From cycling jerseys to running clothes, we provide comfortable and stylish solutions for your sporting needs.\",\"address\":{\"@type\":\"PostalAddress\",\"streetAddress\":\"Concourslaan 79\",\"postalCode\":\"8252 GH\",\"addressLocality\":\"Dronten\",\"addressCountry\":\"The Netherlands\"},\"contactPoint\":[{\"@type\":\"ContactPoint\",\"telephone\":\"+493016636601\",\"contactType\":\"Customer Service\"}],\"aggregateRating\":{\"@type\":\"AggregateRating\",\"ratingValue\":4.9,\"reviewCount\":1190,\"bestRating\":\"5\",\"worstRating\":\"1\"}}]}<\/script>\n<!-- \/ Yoast SEO plugin. -->","yoast_head_json":{"title":"Lieferbedingungen f\u00fcr die Gestaltung von Sportbekleidung - TD","description":"Lieferbedingungen f\u00fcr Online- und Offline-K\u00e4ufe bei TD sportswear. TD sportswear hat das Recht, die Bedingungen anzupassen.","robots":{"index":"index","follow":"follow","max-snippet":"max-snippet:-1","max-image-preview":"max-image-preview:large","max-video-preview":"max-video-preview:-1"},"canonical":"https:\/\/tdsportswear.com\/at\/lieferbedingungen-fuer-die-gestaltung-von-kleidung\/","og_locale":"de_DE","og_type":"article","og_title":"Lieferbedingungen f\u00fcr die Gestaltung von Sportbekleidung - TD","og_description":"Lieferbedingungen f\u00fcr Online- und Offline-K\u00e4ufe bei TD sportswear. TD sportswear hat das Recht, die Bedingungen anzupassen.","og_url":"https:\/\/tdsportswear.com\/at\/lieferbedingungen-fuer-die-gestaltung-von-kleidung\/","og_site_name":"TD sportswear - Custom sportswear.","article_publisher":"https:\/\/www.facebook.com\/TDsports3\/","article_modified_time":"2025-07-22T03:16:14+00:00","twitter_card":"summary_large_image","twitter_site":"@td_sportswear","twitter_misc":{"Gesch\u00e4tzte Lesezeit":"2 Minuten"},"schema":{"@context":"https:\/\/schema.org","@graph":[{"@type":"WebPage","@id":"https:\/\/tdsportswear.com\/at\/lieferbedingungen-fuer-die-gestaltung-von-kleidung\/","url":"https:\/\/tdsportswear.com\/at\/lieferbedingungen-fuer-die-gestaltung-von-kleidung\/","name":"Lieferbedingungen f\u00fcr die Gestaltung von Sportbekleidung - TD","isPartOf":{"@id":"https:\/\/tdsportswear.com\/#website"},"datePublished":"2024-07-08T16:03:46+00:00","dateModified":"2025-07-22T03:16:14+00:00","description":"Lieferbedingungen f\u00fcr Online- und Offline-K\u00e4ufe bei TD sportswear. TD sportswear hat das Recht, die Bedingungen anzupassen.","breadcrumb":{"@id":"https:\/\/tdsportswear.com\/at\/lieferbedingungen-fuer-die-gestaltung-von-kleidung\/#breadcrumb"},"inLanguage":"de-AT","potentialAction":[{"@type":"ReadAction","target":["https:\/\/tdsportswear.com\/at\/lieferbedingungen-fuer-die-gestaltung-von-kleidung\/"]}]},{"@type":"BreadcrumbList","@id":"https:\/\/tdsportswear.com\/at\/lieferbedingungen-fuer-die-gestaltung-von-kleidung\/#breadcrumb","itemListElement":[{"@type":"ListItem","position":1,"name":"Home","item":"https:\/\/tdsportswear.com\/at\/"},{"@type":"ListItem","position":2,"name":"Lieferbedingungen f\u00fcr die Gestaltung von Kleidung"}]},{"@type":"WebSite","@id":"https:\/\/tdsportswear.com\/#website","url":"https:\/\/tdsportswear.com\/","name":"TD sportswear - Custom sportswear.","description":"Custom made sportswear cycling, running, triathlon, hockey, football and many more.","publisher":{"@id":"https:\/\/tdsportswear.com\/#organization"},"potentialAction":[{"@type":"SearchAction","target":{"@type":"EntryPoint","urlTemplate":"https:\/\/tdsportswear.com\/?s={search_term_string}"},"query-input":{"@type":"PropertyValueSpecification","valueRequired":true,"valueName":"search_term_string"}}],"inLanguage":"de-AT"},{"@type":"Organization","@id":"https:\/\/tdsportswear.com\/#organization","name":"TD sportswear","url":"https:\/\/tdsportswear.com\/","logo":{"@type":"ImageObject","inLanguage":"de-AT","@id":"https:\/\/tdsportswear.com\/#\/schema\/logo\/image\/","url":"https:\/\/tdsportswear.com\/wp-content\/uploads\/2017\/09\/Logo-zwart.png","contentUrl":"https:\/\/tdsportswear.com\/wp-content\/uploads\/2017\/09\/Logo-zwart.png","width":455,"height":77,"caption":"TD sportswear"},"image":{"@id":"https:\/\/tdsportswear.com\/#\/schema\/logo\/image\/"},"sameAs":["https:\/\/www.facebook.com\/TDsports3\/","https:\/\/x.com\/td_sportswear","https:\/\/www.instagram.com\/td.sportswear\/","https:\/\/nl.linkedin.com\/company\/td-sports"],"description":"TD Sportswear offers high-quality sportswear and accessories for teams and individuals. From cycling jerseys to running clothes, we provide comfortable and stylish solutions for your sporting needs.","address":{"@type":"PostalAddress","streetAddress":"Concourslaan 79","postalCode":"8252 GH","addressLocality":"Dronten","addressCountry":"The Netherlands"},"contactPoint":[{"@type":"ContactPoint","telephone":"+493016636601","contactType":"Customer Service"}],"aggregateRating":{"@type":"AggregateRating","ratingValue":4.9,"reviewCount":1190,"bestRating":"5","worstRating":"1"}}]}},"_links":{"self":[{"href":"https:\/\/tdsportswear.com\/at\/wp-json\/wp\/v2\/pages\/37673","targetHints":{"allow":["GET"]}}],"collection":[{"href":"https:\/\/tdsportswear.com\/at\/wp-json\/wp\/v2\/pages"}],"about":[{"href":"https:\/\/tdsportswear.com\/at\/wp-json\/wp\/v2\/types\/page"}],"author":[{"embeddable":true,"href":"https:\/\/tdsportswear.com\/at\/wp-json\/wp\/v2\/users\/1"}],"replies":[{"embeddable":true,"href":"https:\/\/tdsportswear.com\/at\/wp-json\/wp\/v2\/comments?post=37673"}],"version-history":[{"count":1,"href":"https:\/\/tdsportswear.com\/at\/wp-json\/wp\/v2\/pages\/37673\/revisions"}],"predecessor-version":[{"id":40259,"href":"https:\/\/tdsportswear.com\/at\/wp-json\/wp\/v2\/pages\/37673\/revisions\/40259"}],"wp:attachment":[{"href":"https:\/\/tdsportswear.com\/at\/wp-json\/wp\/v2\/media?parent=37673"}],"curies":[{"name":"wp","href":"https:\/\/api.w.org\/{rel}","templated":true}]}}