{"id":38033,"date":"2024-07-22T20:21:35","date_gmt":"2024-07-22T18:21:35","guid":{"rendered":"https:\/\/tdsportswear.com\/livraison-de-conception\/"},"modified":"2024-07-22T20:21:35","modified_gmt":"2024-07-22T18:21:35","slug":"livraison-de-conception","status":"publish","type":"page","link":"https:\/\/tdsportswear.com\/ca-fr\/livraison-de-conception\/","title":{"rendered":"Livraison de Conception"},"content":{"rendered":"[vc_row][vc_column][vc_column_text]\n<h2>Version en vigueur \u00e0 partir du 1er janvier 2021<\/h2>\n<ul>\n<li>Les d\u00e9lais de livraison indiqu\u00e9s sont des estimations et aucun droit ne peut en \u00eatre tir\u00e9, sauf accord \u00e9crit contraire. Le client n\u2019a donc pas droit \u00e0 un remboursement dans ce cas. Des retards peuvent survenir pendant le processus de production, par exemple en raison d&#8217;un d\u00e9faut de production, d\u2019erreurs de design avec logos et\/ou couleurs, etc. Des tiers, tels que les soci\u00e9t\u00e9s de livraison, peuvent \u00e9galement \u00eatre la cause d\u2019un retard de livraison. Par cons\u00e9quent, la livraison peut prendre plus de temps que le d\u00e9lai standard. 95 % des commandes arrivent dans le d\u00e9lai de livraison pr\u00e9vu.<\/li>\n<li>Le d\u00e9lai de livraison standard est indiqu\u00e9 sur le site web. Le d\u00e9lai de livraison commence \u00e0 partir du moment o\u00f9 le paiement de la commande est re\u00e7u. Une livraison express peut \u00eatre obtenue contre un suppl\u00e9ment de 15 % ou 30 %. Nous appliquons alors un suppl\u00e9ment par produit pour acc\u00e9l\u00e9rer la production. Si nous ne respectons pas le d\u00e9lai de livraison express indiqu\u00e9, vous pouvez demander un remboursement du suppl\u00e9ment. Si TD ne respecte pas une livraison super-express de 1 \u00e0 2 semaines, mais qu&#8217;elle est effectu\u00e9e en 2 \u00e0 3 semaines, le client a droit au remboursement de la diff\u00e9rence entre la livraison super-express et la livraison express. Le non-respect d\u2019une livraison express par TD ne donne pas droit \u00e0 l\u2019annulation compl\u00e8te de la commande ou au remboursement int\u00e9gral. Si le d\u00e9lai de livraison n&#8217;est pas respect\u00e9 en raison d&#8217;une force majeure caus\u00e9e par des tiers, il n&#8217;y a pas droit \u00e0 un remboursement des frais express. Cela inclut les retards impr\u00e9vus, les colis manquants et les gr\u00e8ves des livreurs.<\/li>\n<li>Des frais de livraison de 9,95 \u20ac hors TVA sont appliqu\u00e9s pour chaque commande.<\/li>\n<li>Si la livraison de v\u00eatements doit \u00eatre effectu\u00e9e \u00e0 plusieurs adresses, le total des frais de livraison sera factur\u00e9.<\/li>\n<li>Le client re\u00e7oit une notification + code de suivi par e-mail d\u00e8s que les v\u00eatements sont exp\u00e9di\u00e9s. En g\u00e9n\u00e9ral, les v\u00eatements sont livr\u00e9s le lendemain \u00e0 l&#8217;adresse de livraison indiqu\u00e9e. Des conditions de livraison diff\u00e9rentes s&#8217;appliquent aux pays en dehors des Pays-Bas et de la Belgique.<\/li>\n<li>Si la livraison ne peut pas \u00eatre effectu\u00e9e \u00e0 l&#8217;adresse de livraison indiqu\u00e9e par le client, tous les frais de livraison suppl\u00e9mentaires seront \u00e0 la charge du client.<\/li>\n<\/ul>\n[\/vc_column_text][\/vc_column][\/vc_row]\n","protected":false},"excerpt":{"rendered":"<p>[vc_row][vc_column][vc_column_text] Version en vigueur \u00e0 partir du 1er janvier 2021 Les d\u00e9lais de livraison indiqu\u00e9s sont &hellip;<\/p>\n","protected":false},"author":1,"featured_media":0,"parent":0,"menu_order":0,"comment_status":"closed","ping_status":"closed","template":"","meta":{"_acf_changed":false,"content-type":"","footnotes":""},"class_list":["post-38033","page","type-page","status-publish","hentry"],"acf":[],"yoast_head":"<!-- This site is optimized with the Yoast SEO plugin v24.6 - https:\/\/yoast.com\/wordpress\/plugins\/seo\/ -->\n<title>Livraison Conception V\u00eatements de Sport - TD<\/title>\n<meta name=\"description\" content=\"Conditions de Livraison pour Achats chez TD sportswear. TD se r\u00e9serve le droit de modifier les conditions.\" \/>\n<meta name=\"robots\" content=\"index, follow, max-snippet:-1, max-image-preview:large, max-video-preview:-1\" \/>\n<link rel=\"canonical\" href=\"https:\/\/tdsportswear.com\/ca-fr\/livraison-de-conception\/\" \/>\n<meta property=\"og:locale\" content=\"fr_CA\" \/>\n<meta property=\"og:type\" content=\"article\" \/>\n<meta property=\"og:title\" content=\"Livraison Conception V\u00eatements de Sport - TD\" \/>\n<meta property=\"og:description\" content=\"Conditions de Livraison pour Achats chez TD sportswear. TD se r\u00e9serve le droit de modifier les conditions.\" \/>\n<meta property=\"og:url\" content=\"https:\/\/tdsportswear.com\/ca-fr\/livraison-de-conception\/\" \/>\n<meta property=\"og:site_name\" content=\"TD sportswear - Custom sportswear.\" \/>\n<meta property=\"article:publisher\" content=\"https:\/\/www.facebook.com\/TDsports3\/\" \/>\n<meta name=\"twitter:card\" content=\"summary_large_image\" \/>\n<meta name=\"twitter:site\" content=\"@td_sportswear\" \/>\n<meta name=\"twitter:label1\" content=\"Estimation du temps de lecture\" \/>\n\t<meta name=\"twitter:data1\" content=\"2 minutes\" \/>\n<script type=\"application\/ld+json\" class=\"yoast-schema-graph\">{\"@context\":\"https:\/\/schema.org\",\"@graph\":[{\"@type\":\"WebPage\",\"@id\":\"https:\/\/tdsportswear.com\/ca-fr\/livraison-de-conception\/\",\"url\":\"https:\/\/tdsportswear.com\/ca-fr\/livraison-de-conception\/\",\"name\":\"Livraison Conception V\u00eatements de Sport - TD\",\"isPartOf\":{\"@id\":\"https:\/\/tdsportswear.com\/#website\"},\"datePublished\":\"2024-07-22T18:21:35+00:00\",\"description\":\"Conditions de Livraison pour Achats chez TD sportswear. TD se r\u00e9serve le droit de modifier les conditions.\",\"breadcrumb\":{\"@id\":\"https:\/\/tdsportswear.com\/ca-fr\/livraison-de-conception\/#breadcrumb\"},\"inLanguage\":\"fr-CA\",\"potentialAction\":[{\"@type\":\"ReadAction\",\"target\":[\"https:\/\/tdsportswear.com\/ca-fr\/livraison-de-conception\/\"]}]},{\"@type\":\"BreadcrumbList\",\"@id\":\"https:\/\/tdsportswear.com\/ca-fr\/livraison-de-conception\/#breadcrumb\",\"itemListElement\":[{\"@type\":\"ListItem\",\"position\":1,\"name\":\"Home\",\"item\":\"https:\/\/tdsportswear.com\/ca-fr\/\"},{\"@type\":\"ListItem\",\"position\":2,\"name\":\"Livraison de Conception\"}]},{\"@type\":\"WebSite\",\"@id\":\"https:\/\/tdsportswear.com\/#website\",\"url\":\"https:\/\/tdsportswear.com\/\",\"name\":\"TD sportswear - Custom sportswear.\",\"description\":\"Custom made sportswear cycling, running, triathlon, hockey, football and many more.\",\"publisher\":{\"@id\":\"https:\/\/tdsportswear.com\/#organization\"},\"potentialAction\":[{\"@type\":\"SearchAction\",\"target\":{\"@type\":\"EntryPoint\",\"urlTemplate\":\"https:\/\/tdsportswear.com\/?s={search_term_string}\"},\"query-input\":{\"@type\":\"PropertyValueSpecification\",\"valueRequired\":true,\"valueName\":\"search_term_string\"}}],\"inLanguage\":\"fr-CA\"},{\"@type\":\"Organization\",\"@id\":\"https:\/\/tdsportswear.com\/#organization\",\"name\":\"TD sportswear\",\"url\":\"https:\/\/tdsportswear.com\/\",\"logo\":{\"@type\":\"ImageObject\",\"inLanguage\":\"fr-CA\",\"@id\":\"https:\/\/tdsportswear.com\/#\/schema\/logo\/image\/\",\"url\":\"https:\/\/tdsportswear.com\/wp-content\/uploads\/2017\/09\/Logo-zwart.png\",\"contentUrl\":\"https:\/\/tdsportswear.com\/wp-content\/uploads\/2017\/09\/Logo-zwart.png\",\"width\":455,\"height\":77,\"caption\":\"TD sportswear\"},\"image\":{\"@id\":\"https:\/\/tdsportswear.com\/#\/schema\/logo\/image\/\"},\"sameAs\":[\"https:\/\/www.facebook.com\/TDsports3\/\",\"https:\/\/x.com\/td_sportswear\",\"https:\/\/www.instagram.com\/td.sportswear\/\",\"https:\/\/nl.linkedin.com\/company\/td-sports\"],\"description\":\"TD Sportswear offers high-quality sportswear and accessories for teams and individuals. From cycling jerseys to running clothes, we provide comfortable and stylish solutions for your sporting needs.\",\"address\":{\"@type\":\"PostalAddress\",\"streetAddress\":\"Concourslaan 79\",\"postalCode\":\"8252 GH\",\"addressLocality\":\"Dronten\",\"addressCountry\":\"The Netherlands\"},\"contactPoint\":[{\"@type\":\"ContactPoint\",\"telephone\":\"+33525630909\",\"contactType\":\"Customer Service\"}],\"aggregateRating\":{\"@type\":\"AggregateRating\",\"ratingValue\":4.9,\"reviewCount\":1190,\"bestRating\":\"5\",\"worstRating\":\"1\"}}]}<\/script>\n<!-- \/ Yoast SEO plugin. -->","yoast_head_json":{"title":"Livraison Conception V\u00eatements de Sport - TD","description":"Conditions de Livraison pour Achats chez TD sportswear. TD se r\u00e9serve le droit de modifier les conditions.","robots":{"index":"index","follow":"follow","max-snippet":"max-snippet:-1","max-image-preview":"max-image-preview:large","max-video-preview":"max-video-preview:-1"},"canonical":"https:\/\/tdsportswear.com\/ca-fr\/livraison-de-conception\/","og_locale":"fr_CA","og_type":"article","og_title":"Livraison Conception V\u00eatements de Sport - TD","og_description":"Conditions de Livraison pour Achats chez TD sportswear. TD se r\u00e9serve le droit de modifier les conditions.","og_url":"https:\/\/tdsportswear.com\/ca-fr\/livraison-de-conception\/","og_site_name":"TD sportswear - Custom sportswear.","article_publisher":"https:\/\/www.facebook.com\/TDsports3\/","twitter_card":"summary_large_image","twitter_site":"@td_sportswear","twitter_misc":{"Estimation du temps de lecture":"2 minutes"},"schema":{"@context":"https:\/\/schema.org","@graph":[{"@type":"WebPage","@id":"https:\/\/tdsportswear.com\/ca-fr\/livraison-de-conception\/","url":"https:\/\/tdsportswear.com\/ca-fr\/livraison-de-conception\/","name":"Livraison Conception V\u00eatements de Sport - TD","isPartOf":{"@id":"https:\/\/tdsportswear.com\/#website"},"datePublished":"2024-07-22T18:21:35+00:00","description":"Conditions de Livraison pour Achats chez TD sportswear. TD se r\u00e9serve le droit de modifier les conditions.","breadcrumb":{"@id":"https:\/\/tdsportswear.com\/ca-fr\/livraison-de-conception\/#breadcrumb"},"inLanguage":"fr-CA","potentialAction":[{"@type":"ReadAction","target":["https:\/\/tdsportswear.com\/ca-fr\/livraison-de-conception\/"]}]},{"@type":"BreadcrumbList","@id":"https:\/\/tdsportswear.com\/ca-fr\/livraison-de-conception\/#breadcrumb","itemListElement":[{"@type":"ListItem","position":1,"name":"Home","item":"https:\/\/tdsportswear.com\/ca-fr\/"},{"@type":"ListItem","position":2,"name":"Livraison de Conception"}]},{"@type":"WebSite","@id":"https:\/\/tdsportswear.com\/#website","url":"https:\/\/tdsportswear.com\/","name":"TD sportswear - Custom sportswear.","description":"Custom made sportswear cycling, running, triathlon, hockey, football and many more.","publisher":{"@id":"https:\/\/tdsportswear.com\/#organization"},"potentialAction":[{"@type":"SearchAction","target":{"@type":"EntryPoint","urlTemplate":"https:\/\/tdsportswear.com\/?s={search_term_string}"},"query-input":{"@type":"PropertyValueSpecification","valueRequired":true,"valueName":"search_term_string"}}],"inLanguage":"fr-CA"},{"@type":"Organization","@id":"https:\/\/tdsportswear.com\/#organization","name":"TD sportswear","url":"https:\/\/tdsportswear.com\/","logo":{"@type":"ImageObject","inLanguage":"fr-CA","@id":"https:\/\/tdsportswear.com\/#\/schema\/logo\/image\/","url":"https:\/\/tdsportswear.com\/wp-content\/uploads\/2017\/09\/Logo-zwart.png","contentUrl":"https:\/\/tdsportswear.com\/wp-content\/uploads\/2017\/09\/Logo-zwart.png","width":455,"height":77,"caption":"TD sportswear"},"image":{"@id":"https:\/\/tdsportswear.com\/#\/schema\/logo\/image\/"},"sameAs":["https:\/\/www.facebook.com\/TDsports3\/","https:\/\/x.com\/td_sportswear","https:\/\/www.instagram.com\/td.sportswear\/","https:\/\/nl.linkedin.com\/company\/td-sports"],"description":"TD Sportswear offers high-quality sportswear and accessories for teams and individuals. From cycling jerseys to running clothes, we provide comfortable and stylish solutions for your sporting needs.","address":{"@type":"PostalAddress","streetAddress":"Concourslaan 79","postalCode":"8252 GH","addressLocality":"Dronten","addressCountry":"The Netherlands"},"contactPoint":[{"@type":"ContactPoint","telephone":"+33525630909","contactType":"Customer Service"}],"aggregateRating":{"@type":"AggregateRating","ratingValue":4.9,"reviewCount":1190,"bestRating":"5","worstRating":"1"}}]}},"_links":{"self":[{"href":"https:\/\/tdsportswear.com\/ca-fr\/wp-json\/wp\/v2\/pages\/38033","targetHints":{"allow":["GET"]}}],"collection":[{"href":"https:\/\/tdsportswear.com\/ca-fr\/wp-json\/wp\/v2\/pages"}],"about":[{"href":"https:\/\/tdsportswear.com\/ca-fr\/wp-json\/wp\/v2\/types\/page"}],"author":[{"embeddable":true,"href":"https:\/\/tdsportswear.com\/ca-fr\/wp-json\/wp\/v2\/users\/1"}],"replies":[{"embeddable":true,"href":"https:\/\/tdsportswear.com\/ca-fr\/wp-json\/wp\/v2\/comments?post=38033"}],"version-history":[{"count":0,"href":"https:\/\/tdsportswear.com\/ca-fr\/wp-json\/wp\/v2\/pages\/38033\/revisions"}],"wp:attachment":[{"href":"https:\/\/tdsportswear.com\/ca-fr\/wp-json\/wp\/v2\/media?parent=38033"}],"curies":[{"name":"wp","href":"https:\/\/api.w.org\/{rel}","templated":true}]}}