{"id":37541,"date":"2024-07-08T17:37:22","date_gmt":"2024-07-08T15:37:22","guid":{"rendered":"https:\/\/tdsportswear.com\/datenschutzrichtlinie\/"},"modified":"2025-07-22T05:14:47","modified_gmt":"2025-07-22T03:14:47","slug":"datenschutzrichtlinie","status":"publish","type":"page","link":"https:\/\/tdsportswear.com\/ch-de\/datenschutzrichtlinie\/","title":{"rendered":"Datenschutzrichtlinie"},"content":{"rendered":"[vc_row][vc_column][vc_column_text]\n<h2>Datenschutzrichtlinie TD Sportswear<\/h2>\n<p>Diese Datenschutzrichtlinie wird erstellt, um dem Gesetz zum Schutz personenbezogener Daten zu entsprechen. Wir respektieren Ihre Privatsph\u00e4re und werden sie jederzeit sch\u00fctzen. In unseren Allgemeinen Gesch\u00e4ftsbedingungen k\u00f6nnen Sie nachlesen, wie Sie als Kunde gesch\u00fctzt sind. Wenn Sie unsere Website besuchen oder einen Kauf t\u00e4tigen, akzeptieren Sie, dass Sie Ihre pers\u00f6nlichen Daten auf eigenes Risiko an uns weitergeben. Wir erfassen die folgenden pers\u00f6nlichen Daten:<\/p>\n<ul>\n<li>Informationen, die Sie uns beim Kauf oder bei der Kontaktaufnahme zur Verf\u00fcgung gestellt haben.<\/li>\n<li>Informationen \u00fcber das Ger\u00e4t, mit dem Sie unsere Website besuchen, und welchen Browser Sie zum Besuch unserer Website verwenden.<\/li>\n<li>Informationen \u00fcber Ihren Websitebesuch in Form der Seiten, die Sie angeklickt haben, und \u00fcber welche Website Sie unsere Website besucht haben.<\/li>\n<li>Wir erfassen nur pers\u00f6nliche Daten wie Ihre E-Mail-Adresse, Adresse und Ihren Namen, um Sie bez\u00fcglich Ihrer Bestellungen bei TD Sportswear kontaktieren zu k\u00f6nnen.<\/li>\n<li>Im Falle einer Zahlung werden Ihre Zahlungsdaten an unseren Zahlungsanbieter Mollie weitergegeben. Sie speichern Ihre Zahlungsdaten f\u00fcr eine bestimmte Zeit in einem gesicherten Bereich, die in ihren Richtlinien angegeben ist.<\/li>\n<li>Wir speichern Ihre personenbezogenen Daten in unserem CRM-System, um Sie \u00fcber die folgenden Informationen auf dem Laufenden zu halten.<\/li>\n<li>Sie akzeptieren die Datenschutzrichtlinie von TD automatisch, indem Sie das Formular auf der TD-Website ausf\u00fcllen.<\/li>\n<\/ul>\n<p>Wir verwenden die erhaltenen Informationen, um mit Ihnen zu kommunizieren und Eink\u00e4ufe an die richtige Adresse zu senden. Dar\u00fcber hinaus verwenden wir Ihre personenbezogenen Daten, um unsere Dienstleistungen und Produkte zu verbessern. Wir verwenden Ihre Daten auch, um Sie \u00fcber Produkte zu informieren, von denen wir glauben, dass sie f\u00fcr Sie von Interesse sind.<\/p>\n<p>Wir geben Ihre personenbezogenen Daten an alle Drittparteien innerhalb von TD Sportswear weiter, und wenn TD Sportswear \u00fcbernommen wird, werden Ihre personenbezogenen Daten an den neuen Eigent\u00fcmer \u00fcbertragen. Die Drittparteien, mit denen wir Daten teilen, sind <a href=\"https:\/\/policies.google.com\/technologies\/partner-sites\">Google<\/a>, Facebook und Bing. Wie diese Ihre personenbezogenen Daten verwenden, erfahren Sie in den Datenschutzbestimmungen dieser Parteien. Wir geben Ihre personenbezogenen Daten auch im Falle von Rechtsstreitigkeiten oder Betrug weiter. Ihre personenbezogenen Daten werden durch den SSL-Schutz auf unserer Website gesch\u00fctzt. Wir speichern Ihre personenbezogenen Daten auf unbestimmte Zeit. Sie haben jederzeit das Recht, uns zu kontaktieren, um Ihre personenbezogenen Daten zu l\u00f6schen.<\/p>\n<p>Sie k\u00f6nnen auf unserer Seite mit den Allgemeinen Gesch\u00e4ftsbedingungen auf alle unsere Bedingungen zugreifen.<\/p>\n<p>Sie haben jederzeit das Recht, auf die Informationen zuzugreifen, die wir von Ihnen haben. Sie k\u00f6nnen uns \u00fcber das Kontaktformular kontaktieren, um Zugriff auf Ihre personenbezogenen Daten zu beantragen.[\/vc_column_text][\/vc_column][\/vc_row]\n","protected":false},"excerpt":{"rendered":"<p>[vc_row][vc_column][vc_column_text] Datenschutzrichtlinie TD Sportswear Diese Datenschutzrichtlinie wird erstellt, um dem Gesetz zum Schutz personenbezogener Daten zu &hellip;<\/p>\n","protected":false},"author":1,"featured_media":0,"parent":0,"menu_order":0,"comment_status":"closed","ping_status":"closed","template":"","meta":{"_acf_changed":false,"content-type":"","footnotes":""},"class_list":["post-37541","page","type-page","status-publish","hentry"],"acf":[],"yoast_head":"<!-- This site is optimized with the Yoast SEO plugin v24.6 - https:\/\/yoast.com\/wordpress\/plugins\/seo\/ -->\n<title>Datenschutzrichtlinie f\u00fcr den Umgang mit personenbezogenen Daten - TD sportswear<\/title>\n<meta name=\"description\" content=\"Td sportswear orientiert sich beim Umgang mit personenbezogenen Daten am deutschen Recht.\" \/>\n<meta name=\"robots\" content=\"index, follow, max-snippet:-1, max-image-preview:large, max-video-preview:-1\" \/>\n<link rel=\"canonical\" href=\"https:\/\/tdsportswear.com\/ch-de\/datenschutzrichtlinie\/\" \/>\n<meta property=\"og:locale\" content=\"de_DE\" \/>\n<meta property=\"og:type\" content=\"article\" \/>\n<meta property=\"og:title\" content=\"Datenschutzrichtlinie f\u00fcr den Umgang mit personenbezogenen Daten - TD sportswear\" \/>\n<meta property=\"og:description\" content=\"Td sportswear orientiert sich beim Umgang mit personenbezogenen Daten am deutschen Recht.\" \/>\n<meta property=\"og:url\" content=\"https:\/\/tdsportswear.com\/ch-de\/datenschutzrichtlinie\/\" \/>\n<meta property=\"og:site_name\" content=\"TD sportswear - Custom sportswear.\" \/>\n<meta property=\"article:publisher\" content=\"https:\/\/www.facebook.com\/TDsports3\/\" \/>\n<meta property=\"article:modified_time\" content=\"2025-07-22T03:14:47+00:00\" \/>\n<meta name=\"twitter:card\" content=\"summary_large_image\" \/>\n<meta name=\"twitter:site\" content=\"@td_sportswear\" \/>\n<meta name=\"twitter:label1\" content=\"Gesch\u00e4tzte Lesezeit\" \/>\n\t<meta name=\"twitter:data1\" content=\"2 Minuten\" \/>\n<script type=\"application\/ld+json\" class=\"yoast-schema-graph\">{\"@context\":\"https:\/\/schema.org\",\"@graph\":[{\"@type\":\"WebPage\",\"@id\":\"https:\/\/tdsportswear.com\/ch-de\/datenschutzrichtlinie\/\",\"url\":\"https:\/\/tdsportswear.com\/ch-de\/datenschutzrichtlinie\/\",\"name\":\"Datenschutzrichtlinie f\u00fcr den Umgang mit personenbezogenen Daten - TD sportswear\",\"isPartOf\":{\"@id\":\"https:\/\/tdsportswear.com\/#website\"},\"datePublished\":\"2024-07-08T15:37:22+00:00\",\"dateModified\":\"2025-07-22T03:14:47+00:00\",\"description\":\"Td sportswear orientiert sich beim Umgang mit personenbezogenen Daten am deutschen Recht.\",\"breadcrumb\":{\"@id\":\"https:\/\/tdsportswear.com\/ch-de\/datenschutzrichtlinie\/#breadcrumb\"},\"inLanguage\":\"de-CH\",\"potentialAction\":[{\"@type\":\"ReadAction\",\"target\":[\"https:\/\/tdsportswear.com\/ch-de\/datenschutzrichtlinie\/\"]}]},{\"@type\":\"BreadcrumbList\",\"@id\":\"https:\/\/tdsportswear.com\/ch-de\/datenschutzrichtlinie\/#breadcrumb\",\"itemListElement\":[{\"@type\":\"ListItem\",\"position\":1,\"name\":\"Home\",\"item\":\"https:\/\/tdsportswear.com\/ch-de\/\"},{\"@type\":\"ListItem\",\"position\":2,\"name\":\"Datenschutzrichtlinie\"}]},{\"@type\":\"WebSite\",\"@id\":\"https:\/\/tdsportswear.com\/#website\",\"url\":\"https:\/\/tdsportswear.com\/\",\"name\":\"TD sportswear - Custom sportswear.\",\"description\":\"Custom made sportswear cycling, running, triathlon, hockey, football and many more.\",\"publisher\":{\"@id\":\"https:\/\/tdsportswear.com\/#organization\"},\"potentialAction\":[{\"@type\":\"SearchAction\",\"target\":{\"@type\":\"EntryPoint\",\"urlTemplate\":\"https:\/\/tdsportswear.com\/?s={search_term_string}\"},\"query-input\":{\"@type\":\"PropertyValueSpecification\",\"valueRequired\":true,\"valueName\":\"search_term_string\"}}],\"inLanguage\":\"de-CH\"},{\"@type\":\"Organization\",\"@id\":\"https:\/\/tdsportswear.com\/#organization\",\"name\":\"TD sportswear\",\"url\":\"https:\/\/tdsportswear.com\/\",\"logo\":{\"@type\":\"ImageObject\",\"inLanguage\":\"de-CH\",\"@id\":\"https:\/\/tdsportswear.com\/#\/schema\/logo\/image\/\",\"url\":\"https:\/\/tdsportswear.com\/wp-content\/uploads\/2017\/09\/Logo-zwart.png\",\"contentUrl\":\"https:\/\/tdsportswear.com\/wp-content\/uploads\/2017\/09\/Logo-zwart.png\",\"width\":455,\"height\":77,\"caption\":\"TD sportswear\"},\"image\":{\"@id\":\"https:\/\/tdsportswear.com\/#\/schema\/logo\/image\/\"},\"sameAs\":[\"https:\/\/www.facebook.com\/TDsports3\/\",\"https:\/\/x.com\/td_sportswear\",\"https:\/\/www.instagram.com\/td.sportswear\/\",\"https:\/\/nl.linkedin.com\/company\/td-sports\"],\"description\":\"TD Sportswear offers high-quality sportswear and accessories for teams and individuals. From cycling jerseys to running clothes, we provide comfortable and stylish solutions for your sporting needs.\",\"address\":{\"@type\":\"PostalAddress\",\"streetAddress\":\"Concourslaan 79\",\"postalCode\":\"8252 GH\",\"addressLocality\":\"Dronten\",\"addressCountry\":\"The Netherlands\"},\"contactPoint\":[{\"@type\":\"ContactPoint\",\"telephone\":\"+493016636601\",\"contactType\":\"Customer Service\"}],\"aggregateRating\":{\"@type\":\"AggregateRating\",\"ratingValue\":4.9,\"reviewCount\":1190,\"bestRating\":\"5\",\"worstRating\":\"1\"}}]}<\/script>\n<!-- \/ Yoast SEO plugin. -->","yoast_head_json":{"title":"Datenschutzrichtlinie f\u00fcr den Umgang mit personenbezogenen Daten - TD sportswear","description":"Td sportswear orientiert sich beim Umgang mit personenbezogenen Daten am deutschen Recht.","robots":{"index":"index","follow":"follow","max-snippet":"max-snippet:-1","max-image-preview":"max-image-preview:large","max-video-preview":"max-video-preview:-1"},"canonical":"https:\/\/tdsportswear.com\/ch-de\/datenschutzrichtlinie\/","og_locale":"de_DE","og_type":"article","og_title":"Datenschutzrichtlinie f\u00fcr den Umgang mit personenbezogenen Daten - TD sportswear","og_description":"Td sportswear orientiert sich beim Umgang mit personenbezogenen Daten am deutschen Recht.","og_url":"https:\/\/tdsportswear.com\/ch-de\/datenschutzrichtlinie\/","og_site_name":"TD sportswear - Custom sportswear.","article_publisher":"https:\/\/www.facebook.com\/TDsports3\/","article_modified_time":"2025-07-22T03:14:47+00:00","twitter_card":"summary_large_image","twitter_site":"@td_sportswear","twitter_misc":{"Gesch\u00e4tzte Lesezeit":"2 Minuten"},"schema":{"@context":"https:\/\/schema.org","@graph":[{"@type":"WebPage","@id":"https:\/\/tdsportswear.com\/ch-de\/datenschutzrichtlinie\/","url":"https:\/\/tdsportswear.com\/ch-de\/datenschutzrichtlinie\/","name":"Datenschutzrichtlinie f\u00fcr den Umgang mit personenbezogenen Daten - TD sportswear","isPartOf":{"@id":"https:\/\/tdsportswear.com\/#website"},"datePublished":"2024-07-08T15:37:22+00:00","dateModified":"2025-07-22T03:14:47+00:00","description":"Td sportswear orientiert sich beim Umgang mit personenbezogenen Daten am deutschen Recht.","breadcrumb":{"@id":"https:\/\/tdsportswear.com\/ch-de\/datenschutzrichtlinie\/#breadcrumb"},"inLanguage":"de-CH","potentialAction":[{"@type":"ReadAction","target":["https:\/\/tdsportswear.com\/ch-de\/datenschutzrichtlinie\/"]}]},{"@type":"BreadcrumbList","@id":"https:\/\/tdsportswear.com\/ch-de\/datenschutzrichtlinie\/#breadcrumb","itemListElement":[{"@type":"ListItem","position":1,"name":"Home","item":"https:\/\/tdsportswear.com\/ch-de\/"},{"@type":"ListItem","position":2,"name":"Datenschutzrichtlinie"}]},{"@type":"WebSite","@id":"https:\/\/tdsportswear.com\/#website","url":"https:\/\/tdsportswear.com\/","name":"TD sportswear - Custom sportswear.","description":"Custom made sportswear cycling, running, triathlon, hockey, football and many more.","publisher":{"@id":"https:\/\/tdsportswear.com\/#organization"},"potentialAction":[{"@type":"SearchAction","target":{"@type":"EntryPoint","urlTemplate":"https:\/\/tdsportswear.com\/?s={search_term_string}"},"query-input":{"@type":"PropertyValueSpecification","valueRequired":true,"valueName":"search_term_string"}}],"inLanguage":"de-CH"},{"@type":"Organization","@id":"https:\/\/tdsportswear.com\/#organization","name":"TD sportswear","url":"https:\/\/tdsportswear.com\/","logo":{"@type":"ImageObject","inLanguage":"de-CH","@id":"https:\/\/tdsportswear.com\/#\/schema\/logo\/image\/","url":"https:\/\/tdsportswear.com\/wp-content\/uploads\/2017\/09\/Logo-zwart.png","contentUrl":"https:\/\/tdsportswear.com\/wp-content\/uploads\/2017\/09\/Logo-zwart.png","width":455,"height":77,"caption":"TD sportswear"},"image":{"@id":"https:\/\/tdsportswear.com\/#\/schema\/logo\/image\/"},"sameAs":["https:\/\/www.facebook.com\/TDsports3\/","https:\/\/x.com\/td_sportswear","https:\/\/www.instagram.com\/td.sportswear\/","https:\/\/nl.linkedin.com\/company\/td-sports"],"description":"TD Sportswear offers high-quality sportswear and accessories for teams and individuals. From cycling jerseys to running clothes, we provide comfortable and stylish solutions for your sporting needs.","address":{"@type":"PostalAddress","streetAddress":"Concourslaan 79","postalCode":"8252 GH","addressLocality":"Dronten","addressCountry":"The Netherlands"},"contactPoint":[{"@type":"ContactPoint","telephone":"+493016636601","contactType":"Customer Service"}],"aggregateRating":{"@type":"AggregateRating","ratingValue":4.9,"reviewCount":1190,"bestRating":"5","worstRating":"1"}}]}},"_links":{"self":[{"href":"https:\/\/tdsportswear.com\/ch-de\/wp-json\/wp\/v2\/pages\/37541","targetHints":{"allow":["GET"]}}],"collection":[{"href":"https:\/\/tdsportswear.com\/ch-de\/wp-json\/wp\/v2\/pages"}],"about":[{"href":"https:\/\/tdsportswear.com\/ch-de\/wp-json\/wp\/v2\/types\/page"}],"author":[{"embeddable":true,"href":"https:\/\/tdsportswear.com\/ch-de\/wp-json\/wp\/v2\/users\/1"}],"replies":[{"embeddable":true,"href":"https:\/\/tdsportswear.com\/ch-de\/wp-json\/wp\/v2\/comments?post=37541"}],"version-history":[{"count":1,"href":"https:\/\/tdsportswear.com\/ch-de\/wp-json\/wp\/v2\/pages\/37541\/revisions"}],"predecessor-version":[{"id":38152,"href":"https:\/\/tdsportswear.com\/ch-de\/wp-json\/wp\/v2\/pages\/37541\/revisions\/38152"}],"wp:attachment":[{"href":"https:\/\/tdsportswear.com\/ch-de\/wp-json\/wp\/v2\/media?parent=37541"}],"curies":[{"name":"wp","href":"https:\/\/api.w.org\/{rel}","templated":true}]}}