{"id":37542,"date":"2024-07-08T17:46:51","date_gmt":"2024-07-08T15:46:51","guid":{"rendered":"https:\/\/tdsportswear.com\/terms-bedingungen\/"},"modified":"2025-07-22T05:14:46","modified_gmt":"2025-07-22T03:14:46","slug":"terms-bedingungen","status":"publish","type":"page","link":"https:\/\/tdsportswear.com\/ch-de\/terms-bedingungen\/","title":{"rendered":"Terms &#038; Bedingungen"},"content":{"rendered":"[vc_row][vc_column][vc_column_text]\n<h2><strong>Allgemeine Gesch\u00e4ftsbedingungen TD Sportswear.<\/strong><\/h2>\n<p><strong>Dronten, KvK 86014749.<\/strong><br \/>\n<strong>Version 1. August 2022.<\/strong><\/p>\n<p><strong>1. Allgemeines<\/strong><\/p>\n<ul>\n<li>Diese Allgemeinen Gesch\u00e4ftsbedingungen gelten f\u00fcr jedes Angebot von TD Sportswear und f\u00fcr jede Vereinbarung zwischen Kunden und TD Sportswear. Die Bedingungen sind f\u00fcr jedermann auf der Website von TD Sportswear zug\u00e4nglich. Auf Anfrage k\u00f6nnen wir Ihnen eine schriftliche Kopie zusenden.<\/li>\n<li>Durch das Aufgeben einer Bestellung erkennen Sie an, dass Sie mit den Liefer- und Zahlungsbedingungen einverstanden sind. TD Sportswear beh\u00e4lt sich das Recht vor, seine Liefer- und\/oder Zahlungsbedingungen zu \u00e4ndern, wenn diese nicht eingehalten werden.<\/li>\n<li>Sofern nicht schriftlich anders vereinbart, werden die allgemeinen oder spezifischen Bedingungen Dritter von TD Sportswear nicht anerkannt.<\/li>\n<li>TD Sportswear garantiert, dass das gelieferte Produkt der Vereinbarung und den im Angebot angegebenen Spezifikationen entspricht.<\/li>\n<\/ul>\n<p><strong>2. Dienstleistungen f\u00fcr den Kauf von Kollektionsteilen<\/strong><\/p>\n<ul>\n<li>Die Lieferung von Kollektionsteilen erfolgt, solange der Vorrat reicht.<\/li>\n<li>Im Rahmen der Kaufregeln f\u00fchrt TD Sportswear Bestellungen innerhalb von 30 Tagen aus, sofern keine andere Lieferzeit vereinbart wurde. Wenn die Lieferung innerhalb von 30 Tagen oder einer alternativen Lieferzeit nicht m\u00f6glich ist (weil ein Produkt nicht auf Lager, nicht mehr verf\u00fcgbar oder aus anderen Gr\u00fcnden nicht verf\u00fcgbar ist), wird der Kunde innerhalb von 30 Tagen benachrichtigt und hat das Recht, die Bestellung zu stornieren und seine Zahlung zur\u00fcckzuerhalten. Dies gilt nicht f\u00fcr ma\u00dfgeschneiderte Bestellungen.<\/li>\n<li>Die Lieferverpflichtung von TD Sportswear ist erf\u00fcllt, wenn die Produkte einmal dem Kunden angeboten wurden. Im Falle der Hauszustellung ist die Unterschrift des Kunden verbindlich, es sei denn, die Annahme der Bestellung wird verweigert.<\/li>\n<li>Alle auf der Website angegebenen Bedingungen sind bindend. Folglich k\u00f6nnen aus den angezeigten Bedingungen keine Rechte abgeleitet werden.<\/li>\n<\/ul>\n<p><strong>3. Preise<\/strong><\/p>\n<ul>\n<li>Preiserh\u00f6hungen w\u00e4hrend der Laufzeit eines Angebots erfolgen nicht, es sei denn, gesetzliche Ma\u00dfnahmen machen dies erforderlich oder unsere Lieferanten erh\u00f6hen ihre Preise.<\/li>\n<li>Alle Preise auf der Website unterliegen Tippfehlern und Druckfehlern. F\u00fcr die Folgen von Druck- und Tippfehlern wird keine Haftung \u00fcbernommen.<\/li>\n<li>Alle Webshop-Preise auf der Website beinhalten 21% MwSt. Alle ma\u00dfgeschneiderten Produkte sind ohne 21% MwSt.<\/li>\n<\/ul>\n<p><strong>4. Widerrufsrecht<\/strong><\/p>\n<ul>\n<li>Handelt es sich um einen Verbraucherkauf, hat der K\u00e4ufer gem\u00e4\u00df dem Gesetz \u201eFernabsatzvertr\u00e4ge (312g BGB)\u201c das Recht, die gelieferten Waren innerhalb von 14 Arbeitstagen ohne Angabe von Gr\u00fcnden zur\u00fcckzugeben. Diese Frist beginnt mit dem Zeitpunkt der Lieferung der bestellten Artikel. Der Kunde ist verpflichtet, TD Sportswear innerhalb von 14 Tagen nach Lieferung der Waren zu informieren, wenn er Waren zur\u00fccksenden m\u00f6chte. Wenn der Kunde nicht innerhalb von 14 Tagen von seinem gesetzlichen Widerrufsrecht Gebrauch macht, wird der Kauf unverbindlich. Dies gilt nicht f\u00fcr ma\u00dfgeschneiderte Bestellungen.<\/li>\n<li>W\u00e4hrend der Widerrufsfrist wird der Kunde das Produkt und die Verpackung sorgf\u00e4ltig behandeln. Der Kunde wird das Produkt nur in dem Umfang auspacken oder verwenden, wie es notwendig ist, um die Art, die Eigenschaften und die Funktionsweise des Produkts festzustellen. Wenn der Kunde von seinem Widerrufsrecht Gebrauch macht, muss er das Produkt innerhalb von 28 Tagen nach Lieferung gem\u00e4\u00df den angemessenen und klaren Anweisungen von TD Sportswear zur\u00fccksenden.<\/li>\n<li>Der Kunde muss nachweisen, dass die Waren rechtzeitig zur\u00fcckgesendet wurden, beispielsweise durch einen Postnachweis. Die R\u00fccksendung der Waren muss in der Originalverpackung (einschlie\u00dflich Zubeh\u00f6r und Begleitdokumentation) erfolgen und im Originalzustand sein. Wenn die Waren vom Kunden genutzt oder in irgendeiner Weise besch\u00e4digt wurden, beh\u00e4lt sich TD Sportswear das Recht vor, den Produktwert zu mindern. Unter Ber\u00fccksichtigung des Vorstehenden erstattet TD Sportswear innerhalb von 14 Tagen nach Erhalt der R\u00fccksendung oder 14 Tage nach R\u00fccksendenachweis (der Versandbeleg muss ausdr\u00fccklich das R\u00fccksendedatum enthalten). Bei R\u00fcckgabe des gesamten Kaufs wird der volle Kaufpreis einschlie\u00dflich etwaiger berechneter Versand- und\/oder Zahlungskosten dem Kunden zur\u00fcckerstattet. Bei R\u00fcckgabe nur eines Teils der gekauften Produkte wird nur der Wert dieser Produkte erstattet. Zus\u00e4tzliche Kosten aufgrund einer teureren Versandmethode als unserem Standardversand werden niemals erstattet. Dies gilt nicht f\u00fcr ma\u00dfgeschneiderte Bestellungen.<\/li>\n<li>Die R\u00fccksendung der gelieferten Waren erfolgt vollst\u00e4ndig auf Kosten und Risiko des Kunden.<\/li>\n<\/ul>\n<p><strong>5. Datenschutzbestimmungen<\/strong><\/p>\n<ul>\n<li>Wenn Sie eine Bestellung aufgeben oder eine Anfrage bei TD Sportswear stellen, werden Ihre pers\u00f6nlichen Daten unserer Kundendatenbank hinzugef\u00fcgt. TD Sportswear ber\u00fccksichtigt das Gesetz \u201ePersonendatenregistrierung\u201c und wird Ihre pers\u00f6nlichen Informationen nicht an Dritte weitergeben.<\/li>\n<li>TD Sportswear respektiert die Privatsph\u00e4re der Nutzer unserer Website und gew\u00e4hrleistet die Vertraulichkeit Ihrer pers\u00f6nlichen Daten bestm\u00f6glich.<\/li>\n<li>TD Sportswear sendet E-Mails mit Informationen, die wir f\u00fcr n\u00fctzlich f\u00fcr Kunden und Website-Besucher halten, nach K\u00e4ufen und Registrierungen. Jede E-Mail enth\u00e4lt eine Schaltfl\u00e4che \u201eAus dieser Mailingliste entfernen\u201c.<\/li>\n<\/ul>\n<p><strong>6. Gew\u00e4hrleistung und Konformit\u00e4t<\/strong><\/p>\n<ul>\n<li>TD Sportswear stellt sicher, dass die Produkte und\/oder Dienstleistungen der Vereinbarung, den angegebenen Spezifikationen, den angemessenen Anforderungen an G\u00fcltigkeit und\/oder Nutzbarkeit und den beh\u00f6rdlichen Vorschriften und\/oder gesetzlichen Bestimmungen zum Kaufdatum entsprechen.<\/li>\n<li>Eine von TD Sportswear, Hersteller oder Importeur angebotene Garantie beeintr\u00e4chtigt nicht die Rechte und Anspr\u00fcche, die der Kunde aufgrund des Gesetzes und\/oder des Fernkaufs geltend machen kann.<\/li>\n<li>Stellt sich heraus, dass das gelieferte Produkt fehlerhaft oder unvollst\u00e4ndig ist, muss der Kunde diese M\u00e4ngel (vor der R\u00fccksendung an TD Sportswear) innerhalb von zwei Monaten nach dem Kauf melden. Die R\u00fccksendung der Produkte muss in der Originalverpackung (einschlie\u00dflich Zubeh\u00f6r und Begleitdokumentation) erfolgen. Die Nutzung der Produkte nach Feststellung der M\u00e4ngel, Sch\u00e4den nach Feststellung der M\u00e4ngel, der Weiterverkauf nach Feststellung der M\u00e4ngel f\u00fchrt zum Erl\u00f6schen der Garantie auf die gekauften Produkte.<\/li>\n<li>Sind die Beschwerden des Kunden berechtigt, wird TD Sportswear die Produkte kostenlos reparieren oder ersetzen. Jede Haftung von TD Sportswear im Schadensfall ist auf den maximalen Rechnungsbetrag der gekauften Produkte und\/oder Dienstleistungen oder auf den maximalen Betrag, der durch die Haftpflichtversicherung von TD Sportswear im jeweiligen Fall abgedeckt ist (nach Wahl von TD Sportswear), begrenzt. Jegliche Haftung von TD Sportswear f\u00fcr jede andere Form von Schaden ist ausgeschlossen, einschlie\u00dflich TD Sportswear Entsch\u00e4digung in jeglicher Form, Entsch\u00e4digung f\u00fcr indirekte Sch\u00e4den oder Folgesch\u00e4den oder Sch\u00e4den aufgrund von Gewinnverlust.<\/li>\n<li>TD Sportswear haftet nicht f\u00fcr Sch\u00e4den, die durch Vorsatz oder Fahrl\u00e4ssigkeit von nicht-leitendem Personal verursacht wurden.<\/li>\n<li>Diese Garantie gilt nicht, wenn: A) und solange der Kunde gegen\u00fcber TD Sportswear im Verzug ist; B) der Kunde ein Produkt selbst repariert und\/oder verarbeitet hat oder von Dritten reparieren lie\u00df. C) die gelieferten Waren ungew\u00f6hnlichen Umst\u00e4nden ausgesetzt waren, nachl\u00e4ssig behandelt wurden oder entgegen den auf der Verpackung und den Produkten von TD Sportswear angegebenen Anweisungen verwendet wurden.<\/li>\n<\/ul>\n<p><strong>7. Angebote<\/strong><\/p>\n<ul>\n<li>Angebote sind unverbindlich, sofern nicht anders im Angebot angegeben.<\/li>\n<li>Bei Annahme eines unverbindlichen Angebots durch den Kunden beh\u00e4lt sich TD Sportswear das Recht vor, das Angebot innerhalb von 3 Arbeitstagen nach Annahme durch den Kunden zu widerrufen oder anzupassen.<\/li>\n<li>M\u00fcndliche Zusagen sind f\u00fcr TD Sportswear nur nach ausdr\u00fccklicher schriftlicher Best\u00e4tigung verbindlich.<\/li>\n<li>Angebote von TD Sportswear gelten nicht automatisch f\u00fcr Nachbestellungen und Folgeauftr\u00e4ge.<\/li>\n<li>TD Sportswear kann nicht an sein Angebot gebunden werden, wenn das Angebot oder ein Teil des Angebots einen klaren Fehler oder Tippfehler enth\u00e4lt.<\/li>\n<li>Nachtr\u00e4ge, \u00c4nderungen und\/oder weitere Vereinbarungen sind nur g\u00fcltig, wenn sie schriftlich vereinbart wurden.<\/li>\n<\/ul>\n<p><strong>8. Bilder und Spezifikationen<\/strong><\/p>\n<ul>\n<li>Alle Bilder, Fotos, Zeichnungen usw.; einschlie\u00dflich Daten zu Gewichten, Abmessungen, Farben, Bildern von Etiketten usw. auf der TD Sportswear-Website sind nur Ann\u00e4herungen, sind indikativ und k\u00f6nnen nicht als Grund f\u00fcr eine Entsch\u00e4digung oder Aufl\u00f6sung der Vereinbarung herangezogen werden.<\/li>\n<\/ul>\n<p><strong>9. H\u00f6here Gewalt<\/strong><\/p>\n<ul>\n<li>TD Sportswear haftet nicht, wenn seine Verpflichtungen aufgrund h\u00f6herer Gewalt nicht erf\u00fcllt werden k\u00f6nnen.<\/li>\n<li>H\u00f6here Gewalt bedeutet jede fremde Ursache sowie jede Situation, die au\u00dferhalb der Kontrolle liegt. Verz\u00f6gerungen oder Ausf\u00e4lle unserer Lieferanten, Internetst\u00f6rungen, Stromausf\u00e4lle, elektronische Postausf\u00e4lle und St\u00f6rungen in der von Dritten bereitgestellten Technologie, Transport, Mitarbeiterstreiks, beh\u00f6rdliche Ma\u00dfnahmen, Lieferverz\u00f6gerungen, Fehler von Lieferanten, Krankheit des Personals und Transportm\u00e4ngel gelten als h\u00f6here Gewalt.<\/li>\n<li>TD Sportswear beh\u00e4lt sich das Recht vor, seine Vereinbarungen im Falle h\u00f6herer Gewalt zu k\u00fcndigen, hat das Recht, die Vereinbarung mit einem Kunden ganz oder teilweise zu k\u00fcndigen, und hat das Recht, die Vereinbarung mit einem Kunden so zu \u00e4ndern, dass die Ausf\u00fchrung der Bestellung m\u00f6glich bleibt. In keinem Fall haftet TD Sportswear f\u00fcr Strafen oder Schadenersatz.<\/li>\n<li>Wenn TD Sportswear bereits einen Teil der Vereinbarung oder die gesamte Vereinbarung erf\u00fcllt hat, wenn die h\u00f6here Gewalt eintritt, hat TD Sportswear das Recht, die gelieferten Artikel in Rechnung zu stellen und der Kunde ist verpflichtet, den angegebenen Betrag in der Rechnung zu zahlen. Dies gilt jedoch nicht, wenn das bereits gelieferte Produkt keinen unabh\u00e4ngigen Wert hat.<\/li>\n<\/ul>\n<p><strong>10. Haftung<\/strong><\/p>\n<ul>\n<li>TD Sportswear haftet nicht f\u00fcr Sch\u00e4den an den gelieferten Produkten aufgrund unsachgem\u00e4\u00dfer Verwendung der Produkte. Vor der Verwendung lesen Sie bitte die Anweisungen auf der Verpackung und\/oder konsultieren Sie unsere Website.<\/li>\n<li>TD haftet nicht f\u00fcr die unbefugte Verwendung von Logos und Schriften, die von Kunden bereitgestellt werden. TD geht davon aus, dass der Kunde immer die Erlaubnis zur Verwendung von Logos und Schriften vom Eigent\u00fcmer des Logos oder der Schriftart einholt. Der Kunde ist f\u00fcr die korrekte und rechtm\u00e4\u00dfige Lieferung von Schriften und Logos verantwortlich. TD ist im Falle eines Missbrauchs nicht haftbar. Der Kunde haftet daher vollumf\u00e4nglich f\u00fcr Verst\u00f6\u00dfe gegen Urheberrechte, Muster-, Handelsnamen- und Markenrechte. Beispielsweise ist der Kunde verpflichtet, immer eine schriftliche Genehmigung von den Personen zu haben, bei denen die Rechte an der Verwendung von rechtlich gesch\u00fctzten Texten, Logos, Bildern oder Designs liegen.<\/li>\n<li>Der Kunde stellt TD Sportswear von Anspr\u00fcchen Dritter wegen Verletzung von Rechten Dritter frei. Der Kunde tr\u00e4gt alle Rechtskosten und sonstigen Sch\u00e4den, die aus solchen Handlungen resultieren.<\/li>\n<li>TD f\u00fchrt keine Auftr\u00e4ge aus, die die Rechte Dritter verletzen, bei denen Rassismus vorliegt oder Auftr\u00e4ge mit Propagandazwecken.<\/li>\n<\/ul>\n<p><strong>11. Eigentumsvorbehalt<\/strong><\/p>\n<ul>\n<li>Das Eigentum an allen von TD Sportswear an den Kunden verkauften Waren bleibt im Besitz von TD Sportswear, solange der Kunde den Kaufvertrag oder \u00e4hnliche Vereinbarungen nicht erf\u00fcllt hat.<\/li>\n<li>Die von TD Sportswear verkauften Produkte, die dem Eigentumsvorbehalt unterliegen, d\u00fcrfen nur im normalen Gesch\u00e4ftsbetrieb weiterverkauft werden und d\u00fcrfen niemals als Zahlungsmittel verwendet werden.<\/li>\n<li>Der Kunde ist nicht berechtigt, Produkte zu verkaufen, die dem Eigentumsvorbehalt unterliegen.<\/li>\n<li>Der Kunde gibt TD Sportswear oder einem von TD Sportswear ernannten Dritten die bedingungslose und unwiderrufliche Erlaubnis, die Eigentumsrechte von TD Sportswear in allen F\u00e4llen auszu\u00fcben, und gibt TD Sportswear das Recht, alle Orte zu betreten, an denen sein Eigentum gelagert ist, und alle diese Waren wegzunehmen.<\/li>\n<li>Wenn Dritte die unter Eigentumsvorbehalt gelieferten Waren beschlagnahmen oder Rechte daran geltend machen, ist der K\u00e4ufer verpflichtet, TD Sportswear so schnell wie m\u00f6glich zu informieren.<\/li>\n<li>Der K\u00e4ufer ist verpflichtet, gegen Feuer-, Explosions- und Wassersch\u00e4den sowie Diebstahl der unter Eigentumsvorbehalt gelieferten Waren versichert zu sein. Der Kunde ist verpflichtet, eine Versicherung nachzuweisen, wenn TD Sportswear Zugang zu diesen Informationen verlangt.<\/li>\n<li>TD besitzt alle Muster und Designs. TD hat das Recht, diese Muster und Designs jederzeit f\u00fcr neue Zwecke zu verwenden.<\/li>\n<\/ul>\n<p><strong>12. Anwendbares Recht\/Gerichtsstand<\/strong><\/p>\n<ul>\n<li>Alle Vereinbarungen unterliegen niederl\u00e4ndischem Recht.<\/li>\n<li>Streitigkeiten aus einer Vereinbarung zwischen TD Sportswear und einem K\u00e4ufer, die nicht einvernehmlich beigelegt werden k\u00f6nnen, werden vom zust\u00e4ndigen Gericht in der Region Midden Nederland entschieden, es sei denn, TD Sportswear zieht es vor, den Streit dem zust\u00e4ndigen Gericht am Wohnsitz des K\u00e4ufers zu unterbreiten, mit Ausnahme der Streitigkeiten, die in die Zust\u00e4ndigkeit des Amtsrichters fallen.<\/li>\n<\/ul>\n[\/vc_column_text][\/vc_column][\/vc_row]\n","protected":false},"excerpt":{"rendered":"<p>[vc_row][vc_column][vc_column_text] Allgemeine Gesch\u00e4ftsbedingungen TD Sportswear. Dronten, KvK 86014749. Version 1. August 2022. 1. Allgemeines Diese Allgemeinen &hellip;<\/p>\n","protected":false},"author":1,"featured_media":0,"parent":0,"menu_order":0,"comment_status":"closed","ping_status":"closed","template":"","meta":{"_acf_changed":false,"content-type":"","footnotes":""},"class_list":["post-37542","page","type-page","status-publish","hentry"],"acf":[],"yoast_head":"<!-- This site is optimized with the Yoast SEO plugin v24.6 - https:\/\/yoast.com\/wordpress\/plugins\/seo\/ -->\n<title>Nutzungsbedingungen und Allgemeine Gesch\u00e4ftsbedingungen - TD sportswear<\/title>\n<meta name=\"description\" content=\"Allgemeine Gesch\u00e4ftsbedingungen f\u00fcr Online- und Offline-K\u00e4ufe bei TD Sportswear. TD Sportswear beh\u00e4lt sich das Recht vor, die Allgemeinen Gesch\u00e4ftsbedingungen jederzeit anzupassen.\" \/>\n<meta name=\"robots\" content=\"index, follow, max-snippet:-1, max-image-preview:large, max-video-preview:-1\" \/>\n<link rel=\"canonical\" href=\"https:\/\/tdsportswear.com\/ch-de\/terms-bedingungen\/\" \/>\n<meta property=\"og:locale\" content=\"de_DE\" \/>\n<meta property=\"og:type\" content=\"article\" \/>\n<meta property=\"og:title\" content=\"Nutzungsbedingungen und Allgemeine Gesch\u00e4ftsbedingungen - TD sportswear\" \/>\n<meta property=\"og:description\" content=\"Allgemeine Gesch\u00e4ftsbedingungen f\u00fcr Online- und Offline-K\u00e4ufe bei TD Sportswear. TD Sportswear beh\u00e4lt sich das Recht vor, die Allgemeinen Gesch\u00e4ftsbedingungen jederzeit anzupassen.\" \/>\n<meta property=\"og:url\" content=\"https:\/\/tdsportswear.com\/ch-de\/terms-bedingungen\/\" \/>\n<meta property=\"og:site_name\" content=\"TD sportswear - Custom sportswear.\" \/>\n<meta property=\"article:publisher\" content=\"https:\/\/www.facebook.com\/TDsports3\/\" \/>\n<meta property=\"article:modified_time\" content=\"2025-07-22T03:14:46+00:00\" \/>\n<meta name=\"twitter:card\" content=\"summary_large_image\" \/>\n<meta name=\"twitter:site\" content=\"@td_sportswear\" \/>\n<meta name=\"twitter:label1\" content=\"Gesch\u00e4tzte Lesezeit\" \/>\n\t<meta name=\"twitter:data1\" content=\"10 Minuten\" \/>\n<script type=\"application\/ld+json\" class=\"yoast-schema-graph\">{\"@context\":\"https:\/\/schema.org\",\"@graph\":[{\"@type\":\"WebPage\",\"@id\":\"https:\/\/tdsportswear.com\/ch-de\/terms-bedingungen\/\",\"url\":\"https:\/\/tdsportswear.com\/ch-de\/terms-bedingungen\/\",\"name\":\"Nutzungsbedingungen und Allgemeine Gesch\u00e4ftsbedingungen - TD sportswear\",\"isPartOf\":{\"@id\":\"https:\/\/tdsportswear.com\/#website\"},\"datePublished\":\"2024-07-08T15:46:51+00:00\",\"dateModified\":\"2025-07-22T03:14:46+00:00\",\"description\":\"Allgemeine Gesch\u00e4ftsbedingungen f\u00fcr Online- und Offline-K\u00e4ufe bei TD Sportswear. TD Sportswear beh\u00e4lt sich das Recht vor, die Allgemeinen Gesch\u00e4ftsbedingungen jederzeit anzupassen.\",\"breadcrumb\":{\"@id\":\"https:\/\/tdsportswear.com\/ch-de\/terms-bedingungen\/#breadcrumb\"},\"inLanguage\":\"de-CH\",\"potentialAction\":[{\"@type\":\"ReadAction\",\"target\":[\"https:\/\/tdsportswear.com\/ch-de\/terms-bedingungen\/\"]}]},{\"@type\":\"BreadcrumbList\",\"@id\":\"https:\/\/tdsportswear.com\/ch-de\/terms-bedingungen\/#breadcrumb\",\"itemListElement\":[{\"@type\":\"ListItem\",\"position\":1,\"name\":\"Home\",\"item\":\"https:\/\/tdsportswear.com\/ch-de\/\"},{\"@type\":\"ListItem\",\"position\":2,\"name\":\"Terms &#038; Bedingungen\"}]},{\"@type\":\"WebSite\",\"@id\":\"https:\/\/tdsportswear.com\/#website\",\"url\":\"https:\/\/tdsportswear.com\/\",\"name\":\"TD sportswear - Custom sportswear.\",\"description\":\"Custom made sportswear cycling, running, triathlon, hockey, football and many more.\",\"publisher\":{\"@id\":\"https:\/\/tdsportswear.com\/#organization\"},\"potentialAction\":[{\"@type\":\"SearchAction\",\"target\":{\"@type\":\"EntryPoint\",\"urlTemplate\":\"https:\/\/tdsportswear.com\/?s={search_term_string}\"},\"query-input\":{\"@type\":\"PropertyValueSpecification\",\"valueRequired\":true,\"valueName\":\"search_term_string\"}}],\"inLanguage\":\"de-CH\"},{\"@type\":\"Organization\",\"@id\":\"https:\/\/tdsportswear.com\/#organization\",\"name\":\"TD sportswear\",\"url\":\"https:\/\/tdsportswear.com\/\",\"logo\":{\"@type\":\"ImageObject\",\"inLanguage\":\"de-CH\",\"@id\":\"https:\/\/tdsportswear.com\/#\/schema\/logo\/image\/\",\"url\":\"https:\/\/tdsportswear.com\/wp-content\/uploads\/2017\/09\/Logo-zwart.png\",\"contentUrl\":\"https:\/\/tdsportswear.com\/wp-content\/uploads\/2017\/09\/Logo-zwart.png\",\"width\":455,\"height\":77,\"caption\":\"TD sportswear\"},\"image\":{\"@id\":\"https:\/\/tdsportswear.com\/#\/schema\/logo\/image\/\"},\"sameAs\":[\"https:\/\/www.facebook.com\/TDsports3\/\",\"https:\/\/x.com\/td_sportswear\",\"https:\/\/www.instagram.com\/td.sportswear\/\",\"https:\/\/nl.linkedin.com\/company\/td-sports\"],\"description\":\"TD Sportswear offers high-quality sportswear and accessories for teams and individuals. From cycling jerseys to running clothes, we provide comfortable and stylish solutions for your sporting needs.\",\"address\":{\"@type\":\"PostalAddress\",\"streetAddress\":\"Concourslaan 79\",\"postalCode\":\"8252 GH\",\"addressLocality\":\"Dronten\",\"addressCountry\":\"The Netherlands\"},\"contactPoint\":[{\"@type\":\"ContactPoint\",\"telephone\":\"+493016636601\",\"contactType\":\"Customer Service\"}],\"aggregateRating\":{\"@type\":\"AggregateRating\",\"ratingValue\":4.9,\"reviewCount\":1190,\"bestRating\":\"5\",\"worstRating\":\"1\"}}]}<\/script>\n<!-- \/ Yoast SEO plugin. -->","yoast_head_json":{"title":"Nutzungsbedingungen und Allgemeine Gesch\u00e4ftsbedingungen - TD sportswear","description":"Allgemeine Gesch\u00e4ftsbedingungen f\u00fcr Online- und Offline-K\u00e4ufe bei TD Sportswear. TD Sportswear beh\u00e4lt sich das Recht vor, die Allgemeinen Gesch\u00e4ftsbedingungen jederzeit anzupassen.","robots":{"index":"index","follow":"follow","max-snippet":"max-snippet:-1","max-image-preview":"max-image-preview:large","max-video-preview":"max-video-preview:-1"},"canonical":"https:\/\/tdsportswear.com\/ch-de\/terms-bedingungen\/","og_locale":"de_DE","og_type":"article","og_title":"Nutzungsbedingungen und Allgemeine Gesch\u00e4ftsbedingungen - TD sportswear","og_description":"Allgemeine Gesch\u00e4ftsbedingungen f\u00fcr Online- und Offline-K\u00e4ufe bei TD Sportswear. TD Sportswear beh\u00e4lt sich das Recht vor, die Allgemeinen Gesch\u00e4ftsbedingungen jederzeit anzupassen.","og_url":"https:\/\/tdsportswear.com\/ch-de\/terms-bedingungen\/","og_site_name":"TD sportswear - Custom sportswear.","article_publisher":"https:\/\/www.facebook.com\/TDsports3\/","article_modified_time":"2025-07-22T03:14:46+00:00","twitter_card":"summary_large_image","twitter_site":"@td_sportswear","twitter_misc":{"Gesch\u00e4tzte Lesezeit":"10 Minuten"},"schema":{"@context":"https:\/\/schema.org","@graph":[{"@type":"WebPage","@id":"https:\/\/tdsportswear.com\/ch-de\/terms-bedingungen\/","url":"https:\/\/tdsportswear.com\/ch-de\/terms-bedingungen\/","name":"Nutzungsbedingungen und Allgemeine Gesch\u00e4ftsbedingungen - TD sportswear","isPartOf":{"@id":"https:\/\/tdsportswear.com\/#website"},"datePublished":"2024-07-08T15:46:51+00:00","dateModified":"2025-07-22T03:14:46+00:00","description":"Allgemeine Gesch\u00e4ftsbedingungen f\u00fcr Online- und Offline-K\u00e4ufe bei TD Sportswear. TD Sportswear beh\u00e4lt sich das Recht vor, die Allgemeinen Gesch\u00e4ftsbedingungen jederzeit anzupassen.","breadcrumb":{"@id":"https:\/\/tdsportswear.com\/ch-de\/terms-bedingungen\/#breadcrumb"},"inLanguage":"de-CH","potentialAction":[{"@type":"ReadAction","target":["https:\/\/tdsportswear.com\/ch-de\/terms-bedingungen\/"]}]},{"@type":"BreadcrumbList","@id":"https:\/\/tdsportswear.com\/ch-de\/terms-bedingungen\/#breadcrumb","itemListElement":[{"@type":"ListItem","position":1,"name":"Home","item":"https:\/\/tdsportswear.com\/ch-de\/"},{"@type":"ListItem","position":2,"name":"Terms &#038; Bedingungen"}]},{"@type":"WebSite","@id":"https:\/\/tdsportswear.com\/#website","url":"https:\/\/tdsportswear.com\/","name":"TD sportswear - Custom sportswear.","description":"Custom made sportswear cycling, running, triathlon, hockey, football and many more.","publisher":{"@id":"https:\/\/tdsportswear.com\/#organization"},"potentialAction":[{"@type":"SearchAction","target":{"@type":"EntryPoint","urlTemplate":"https:\/\/tdsportswear.com\/?s={search_term_string}"},"query-input":{"@type":"PropertyValueSpecification","valueRequired":true,"valueName":"search_term_string"}}],"inLanguage":"de-CH"},{"@type":"Organization","@id":"https:\/\/tdsportswear.com\/#organization","name":"TD sportswear","url":"https:\/\/tdsportswear.com\/","logo":{"@type":"ImageObject","inLanguage":"de-CH","@id":"https:\/\/tdsportswear.com\/#\/schema\/logo\/image\/","url":"https:\/\/tdsportswear.com\/wp-content\/uploads\/2017\/09\/Logo-zwart.png","contentUrl":"https:\/\/tdsportswear.com\/wp-content\/uploads\/2017\/09\/Logo-zwart.png","width":455,"height":77,"caption":"TD sportswear"},"image":{"@id":"https:\/\/tdsportswear.com\/#\/schema\/logo\/image\/"},"sameAs":["https:\/\/www.facebook.com\/TDsports3\/","https:\/\/x.com\/td_sportswear","https:\/\/www.instagram.com\/td.sportswear\/","https:\/\/nl.linkedin.com\/company\/td-sports"],"description":"TD Sportswear offers high-quality sportswear and accessories for teams and individuals. From cycling jerseys to running clothes, we provide comfortable and stylish solutions for your sporting needs.","address":{"@type":"PostalAddress","streetAddress":"Concourslaan 79","postalCode":"8252 GH","addressLocality":"Dronten","addressCountry":"The Netherlands"},"contactPoint":[{"@type":"ContactPoint","telephone":"+493016636601","contactType":"Customer Service"}],"aggregateRating":{"@type":"AggregateRating","ratingValue":4.9,"reviewCount":1190,"bestRating":"5","worstRating":"1"}}]}},"_links":{"self":[{"href":"https:\/\/tdsportswear.com\/ch-de\/wp-json\/wp\/v2\/pages\/37542","targetHints":{"allow":["GET"]}}],"collection":[{"href":"https:\/\/tdsportswear.com\/ch-de\/wp-json\/wp\/v2\/pages"}],"about":[{"href":"https:\/\/tdsportswear.com\/ch-de\/wp-json\/wp\/v2\/types\/page"}],"author":[{"embeddable":true,"href":"https:\/\/tdsportswear.com\/ch-de\/wp-json\/wp\/v2\/users\/1"}],"replies":[{"embeddable":true,"href":"https:\/\/tdsportswear.com\/ch-de\/wp-json\/wp\/v2\/comments?post=37542"}],"version-history":[{"count":1,"href":"https:\/\/tdsportswear.com\/ch-de\/wp-json\/wp\/v2\/pages\/37542\/revisions"}],"predecessor-version":[{"id":38150,"href":"https:\/\/tdsportswear.com\/ch-de\/wp-json\/wp\/v2\/pages\/37542\/revisions\/38150"}],"wp:attachment":[{"href":"https:\/\/tdsportswear.com\/ch-de\/wp-json\/wp\/v2\/media?parent=37542"}],"curies":[{"name":"wp","href":"https:\/\/api.w.org\/{rel}","templated":true}]}}