{"id":37898,"date":"2024-07-22T19:20:11","date_gmt":"2024-07-22T17:20:11","guid":{"rendered":"https:\/\/tdsportswear.com\/questions-frequemment-posees\/"},"modified":"2025-08-07T10:13:53","modified_gmt":"2025-08-07T08:13:53","slug":"questions-frequemment-posees","status":"publish","type":"page","link":"https:\/\/tdsportswear.com\/ch-fr\/questions-frequemment-posees\/","title":{"rendered":"Questions Fr\u00e9quemment Pos\u00e9es"},"content":{"rendered":"[vc_row][vc_column][vc_raw_html el_class=&#8221;heading center&#8221; css=&#8221;.vc_custom_1721668908362{padding-bottom: 20px !important;}&#8221;]JTNDaDIlM0VBcnJhbmdlei1sZSUyMHJhcGlkZW1lbnQlMjB2b3VzLW0lQzMlQUFtZSUzQyUyRmgyJTNFJTBB[\/vc_raw_html][vc_row_inner][vc_column_inner width=&#8221;1\/2&#8243;][vc_column_text]\n<h3><span style=\"font-size: 18pt;\">1. Questions sur les prix\/devis<\/span><\/h3>\n[\/vc_column_text][vc_toggle title=&#8221;Comment puis-je modifier un devis ?&#8221;]Dans le devis interactif, vous pouvez ajouter ou supprimer des produits vous-m\u00eame. Vous pouvez \u00e9galement ajuster facilement les quantit\u00e9s. Si vous \u00eates satisfait de votre devis, vous pouvez commencer le processus de conception directement depuis le devis. Remplissez vos pr\u00e9f\u00e9rences et recevez bient\u00f4t une proposition non contraignante de nos designers. Besoin d\u2019aide ? N\u2019h\u00e9sitez pas \u00e0 nous contacter par e-mail \u00e0 <a href=\"mailto:info@tdsportswear.com\">info@tdsportswear.com<\/a> ou \u00e0 contacter la personne de contact pour les ventes mentionn\u00e9e en bas de cette page.[\/vc_toggle][vc_toggle title=&#8221;Quels sont les rabais de groupe\/quantit\u00e9 ?&#8221;]Vous pouvez consulter les prix d\u00e9gressifs sur les pages produits et dans le devis pour chaque produit. Les prix incluent la TVA, les frais d&#8217;exp\u00e9dition et les co\u00fbts de conception. Cela garantit que vous n&#8217;\u00eates jamais surpris.[\/vc_toggle][vc_toggle title=&#8221;Puis-je m\u00e9langer les lignes de v\u00eatements ?&#8221;]Ce n&#8217;est pas un probl\u00e8me. Avec nous, vous pouvez obtenir chaque article dans une ligne s\u00e9par\u00e9e. Ainsi, vous pouvez m\u00e9langer et assortir sans fin entre les diff\u00e9rentes lignes de v\u00eatements.[\/vc_toggle][vc_toggle title=&#8221;Puis-je encore modifier une commande que j&#8217;ai pass\u00e9e ?&#8221;]Nous visons \u00e0 \u00eatre aussi flexibles que possible. Une fois la production commenc\u00e9e, nous ne pouvons malheureusement plus apporter de modifications \u00e0 la conception. Cependant, parfois nous pouvons ajuster les quantit\u00e9s. Veuillez nous envoyer un message d\u00e8s que possible \u00e0 <a href=\"mailto:info@tdsportswear.com\">info@tdsportswear.com<\/a> et nous verrons ce que nous pouvons faire. Bien s\u00fbr, les d\u00e9tails de la facture et les adresses de livraison peuvent encore \u00eatre mis \u00e0 jour.[\/vc_toggle][\/vc_column_inner][vc_column_inner width=&#8221;1\/2&#8243;][vc_column_text]\n<h3><span style=\"font-size: 18pt;\">2. Questions sur la conception<\/span><\/h3>\n[\/vc_column_text][vc_toggle title=&#8221;Puis-je \u00e9largir ma conception pour inclure plus de produits ?&#8221;]Absolument ! Nous serions ravis d&#8217;\u00e9largir votre conception pour inclure tous les produits que vous souhaitez.[\/vc_toggle][vc_toggle title=&#8221;Pouvez-vous cr\u00e9er un logo ?&#8221;]Nous serions heureux de le faire. En g\u00e9n\u00e9ral, cela est gratuit. Demandez au designer qui travaille sur votre conception les possibilit\u00e9s.[\/vc_toggle][vc_toggle title=&#8221;Puis-je t\u00e9l\u00e9charger un mod\u00e8le pour concevoir moi-m\u00eame ?&#8221;]C&#8217;est tout \u00e0 fait possible. Nous vous recommandons de nous contacter par <a href=\"mailto:design@tdsportswear.com\">design@tdsportswear.com<\/a> pour demander les mod\u00e8les. Nous vous enverrons alors les mod\u00e8les (au format .ai). Ces mod\u00e8les sont modifiables avec Adobe Illustrator.&#8221;[\/vc_toggle][vc_toggle title=&#8221;Quels couleurs puis-je choisir ?&#8221;]Vous pouvez choisir parmi toutes les couleurs CMYK, RGB et Pantone. Si vous avez trouv\u00e9 une belle couleur mais que vous n&#8217;\u00eates pas s\u00fbr de son mod\u00e8le de couleur, envoyez-nous la couleur, et nous la d\u00e9terminerons pour vous.[\/vc_toggle][vc_toggle title=&#8221;Quel format de fichier doivent avoir les logos ?&#8221;]Nous pr\u00e9f\u00e9rons recevoir les logos dans des formats de fichier source tels que : .ai, .eps, .svg. Vous n&#8217;avez pas ces formats ? Ce n&#8217;est g\u00e9n\u00e9ralement pas un probl\u00e8me !<\/p>\n<p>Nous pouvons souvent travailler avec des logos de haute qualit\u00e9 dans des formats tels que PDF, JPEG ou PNG. Vous n&#8217;avez pas de logos dans les formats de fichiers ci-dessus ? Envoyez-nous vos logos pour que nous puissions les \u00e9valuer. De plus, nous offrons \u00e9galement la possibilit\u00e9 de cr\u00e9er un logo simple pour vous. Cela est souvent gratuit.[\/vc_toggle][vc_toggle title=&#8221;Pourquoi utilisez-vous des couleurs Pantone ?&#8221;]\nLes machines modernes d&#8217;impression textile ne fonctionnent qu&#8217;avec des couleurs Pantone. Les codes de couleur Pantone aident \u00e0 garantir la coh\u00e9rence des couleurs sur diff\u00e9rents produits. Si vous avez un code couleur CMYK, RGB ou autre, faites-le nous savoir. Nous trouverons alors le code couleur Pantone le plus proche. Veuillez noter que pour certaines couleurs, il peut ne pas y avoir de correspondance exacte avec Pantone, et dans ces cas, nous choisirons une couleur tr\u00e8s proche, garantissant que vous obtenez toujours une belle tenue.<br \/>\n[\/vc_toggle][\/vc_column_inner][\/vc_row_inner][vc_row_inner][vc_column_inner width=&#8221;1\/2&#8243;][vc_column_text]\n<h3><span style=\"font-size: 18pt;\">3. Questions sur les tailles<\/span><\/h3>\n[\/vc_column_text][vc_toggle title=&#8221;Comment d\u00e9terminer ma taille ?&#8221;]Vous pouvez toujours utiliser notre <a href=\"https:\/\/tdsportswear.com\/ch-fr\/tableaux-des-tailles\/\">tableau des tailles<\/a>. Cela garantit le bon choix de taille. N&#8217;h\u00e9sitez pas, et si vous mesurez correctement, la taille conviendra. Si, de mani\u00e8re inattendue, elle ne convient pas parfaitement par la suite, mais que vous pouvez prouver que vous avez suivi les conseils de taille, vous recevrez de nouveaux v\u00eatements gratuitement. Vous ne trouvez pas comment faire ? Envoyez simplement un e-mail \u00e0 <a href=\"mailto:info@tdsportswear.com\">info@tdsportswear.com<\/a>.[\/vc_toggle][vc_toggle title=&#8221;Comment puis-je demander des v\u00eatements d&#8217;essai ?&#8221;]Nous envoyons rarement des v\u00eatements d&#8217;essai car nous avons d\u00e9velopp\u00e9 une meilleure alternative. Les v\u00eatements d&#8217;essai s&#8217;\u00e9tirent avec le temps, mais notre configurateur de taille intelligent a r\u00e9solu ce probl\u00e8me. En utilisant le configurateur de taille intelligent, vous avez une garantie de 100 % sur votre taille. Mesurez avec pr\u00e9cision, et vous recevrez toujours la bonne taille. Cela fonctionne mieux que les v\u00eatements d&#8217;essai, vraiment :). Consultez le configurateur de taille <a href=\"https:\/\/tdsportswear.com\/ch-fr\/tableaux-des-tailles\/\">ici<\/a>. Si vous souhaitez encore des v\u00eatements d&#8217;essai, c&#8217;est possible dans certains cas. Envoyez simplement une demande \u00e0 <a href=\"mailto:info@tdsportswear.com\">info@tdsportswear.com<\/a>.[\/vc_toggle][\/vc_column_inner][vc_column_inner width=&#8221;1\/2&#8243;][vc_column_text]\n<h3><span style=\"font-size: 18pt;\">4. Livraison<\/span><\/h3>\n[\/vc_column_text][vc_toggle title=&#8221;Quel est le statut de ma commande ?&#8221;]Vous pouvez toujours simplement envoyer un e-mail \u00e0 <a href=\"mailto:info@tdsportswear.com\">info@tdsportswear.com<\/a> pour demander une mise \u00e0 jour sur la livraison. Si votre livraison est en transit depuis moins de 3 semaines, nous vous demandons de bien vouloir patienter.[\/vc_toggle][vc_toggle title=&#8221;Puis-je passer une commande urgente ?&#8221;]Est-ce urgent ? Discutez des options de commande acc\u00e9l\u00e9r\u00e9e avec nous en appelant notre num\u00e9ro de contact pour les ventes ci-dessous. Dans certains cas, nous pouvons livrer des commandes dans un d\u00e9lai d&#8217;une semaine. Nous d\u00e9terminerons le d\u00e9lai de livraison le plus rapide pour vous. Veuillez noter que des frais suppl\u00e9mentaires peuvent s&#8217;appliquer pour les commandes acc\u00e9l\u00e9r\u00e9es.[\/vc_toggle][vc_toggle title=&#8221;Re\u00e7ois-je un suivi de colis ?&#8221;]Apr\u00e8s une moyenne de 1 \u00e0 3 semaines, votre colis de notre production arrive aux Pays-Bas. Vous recevrez un suivi de colis une fois que le colis sera enregistr\u00e9 aux Pays-Bas. En g\u00e9n\u00e9ral, vous recevrez vos v\u00eatements dans les 24 heures via PostNL apr\u00e8s cela.[\/vc_toggle][vc_toggle title=&#8221;Quel est le d\u00e9lai de livraison ?&#8221;]Nous visons \u00e0 livrer les commandes dans un d\u00e9lai moyen de 1 \u00e0 3 semaines. Le d\u00e9lai de livraison commence \u00e0 partir du moment o\u00f9 le paiement est re\u00e7u. Nous ne pouvons pas fournir de garanties fermes car nous d\u00e9pendons de tiers pour l&#8217;exp\u00e9dition, et pendant les p\u00e9riodes de forte activit\u00e9, il peut y avoir de l\u00e9gers retards.[\/vc_toggle][\/vc_column_inner][\/vc_row_inner][vc_row_inner][vc_column_inner width=&#8221;1\/2&#8243;][vc_column_text]\n<h3><span style=\"font-size: 18pt;\">5. Garanties &amp; Instructions d&#8217;entretien<\/span><\/h3>\n[\/vc_column_text][vc_toggle title=&#8221;Quelle est la dur\u00e9e de la garantie ?&#8221;]Lorsque les v\u00eatements sont utilis\u00e9s correctement, ils dureront des ann\u00e9es. Cependant, il est essentiel de les utiliser et de les <a href=\"https:\/\/tdsportswear.com\/washing-instructions\/\">laver<\/a> correctement. Si vos v\u00eatements sont endommag\u00e9s en raison d&#8217;un d\u00e9faut technique dans l&#8217;ann\u00e9e, veuillez envoyer une photo de l&#8217;article endommag\u00e9 \u00e0 <a href=\"mailto:info@tdsportswear.com\">info@tdsportswear.com<\/a> accompagn\u00e9e d&#8217;une br\u00e8ve description de votre plainte, et nous trouverons une solution ![\/vc_toggle][vc_toggle title=&#8221;Comment dois-je laver mes v\u00eatements ?&#8221;]Il est extr\u00eamement important de laver vos v\u00eatements correctement. Veuillez donc lire les conseils de lavage <a style=\"text-decoration: underline;\" href=\"https:\/\/tdsportswear.com\/washing-instructions\/\">ici<\/a> pour garder vos v\u00eatements beaux pendant longtemps.[\/vc_toggle][\/vc_column_inner][vc_column_inner width=&#8221;1\/2&#8243;][vc_column_text]\n<h3><span style=\"font-size: 18pt;\">6. Recommandes<\/span><\/h3>\n[\/vc_column_text][vc_toggle title=&#8221;Comment fonctionnent les commandes de r\u00e9assort ?&#8221;]Dans notre entreprise, vous pouvez recommander \u00e0 partir de 1 pi\u00e8ce. Commandez via votre portail client ou envoyez-nous un e-mail exprimant votre d\u00e9sir de recommander \u00e0 <a href=\"mailto:info@tdsportswear.com\">info@tdsportswear.com<\/a>. Un de nos coll\u00e8gues vous enverra ensuite un lien de commande afin que vous puissiez passer une nouvelle commande \u00e0 partir de l\u00e0. Nous avons sauvegard\u00e9 votre design pour vous, donc vous pouvez vous attendre \u00e0 ce que nous utilisions le m\u00eame design.[\/vc_toggle][vc_toggle title=&#8221;Quels coussinets de chamois sont utilis\u00e9s dans les shorts ?&#8221;]Rien n&#8217;est aussi d\u00e9sagr\u00e9able que la douleur due \u00e0 la selle. C&#8217;est pourquoi nous utilisons uniquement des coussinets de chamois de la plus haute qualit\u00e9. M\u00eame nos coussinets de chamois &#8216;de base&#8217; sont au-dessus de la moyenne, et \u00e0 mesure que vous passez \u00e0 des niveaux plus \u00e9lev\u00e9s, la qualit\u00e9 du coussin de chamois augmentera. Nous collaborons exclusivement avec des marques comme Dolomiti et Elastic Interface \u00e0 cet \u00e9gard. Qualit\u00e9 professionnelle garantie.[\/vc_toggle][vc_toggle title=&#8221;Diff\u00e9rences entre les v\u00eatements pour femmes et pour hommes&#8221;]Dans de nombreux cas, le corps des hommes et des femmes n&#8217;est pas le m\u00eame. C&#8217;est pourquoi nous avons des coupes sp\u00e9ciales pour les hommes et les femmes. Les v\u00eatements pour femmes sont l\u00e9g\u00e8rement plus ajust\u00e9s pour mieux \u00e9pouser le corps. De plus, les tableaux de tailles sont \u00e9galement l\u00e9g\u00e8rement diff\u00e9rents. R\u00e9f\u00e9rez-vous donc toujours au tableau de tailles qui vous convient.[\/vc_toggle][\/vc_column_inner][\/vc_row_inner][vc_row_inner][vc_column_inner width=&#8221;1\/2&#8243;][vc_column_text]\n<h3><span style=\"font-size: 18pt;\">7. Factures<\/span><\/h3>\n[\/vc_column_text][vc_toggle title=&#8221;Puis-je diviser une facture ?&#8221;]Absolument ! Veuillez informer votre interlocuteur par e-mail du montant que vous souhaitez voir par facture. Pour chaque facture, nous aimerions recevoir le nom de l&#8217;entreprise, l&#8217;adresse e-mail et l&#8217;adresse de facturation.[\/vc_toggle][vc_toggle title=&#8221;Puis-je faire modifier une facture ?&#8221;]\nBien s\u00fbr ! Vous pouvez envoyer cette demande \u00e0 <a href=\"mailto:finance@tdsportswear.com\">finance@tdsportswear.com<\/a>. Faites-nous savoir par e-mail quels changements vous souhaitez, et nous veillerons \u00e0 ce que vous receviez une nouvelle facture.<br \/>\n[\/vc_toggle][vc_toggle title=&#8221;Puis-je ajouter quelque chose \u00e0 ma facture ?&#8221;]Bien s\u00fbr ! Vous pouvez envoyer cette demande \u00e0 <a href=\"mailto:finance@tdsportswear.com\">finance@tdsportswear.com<\/a>. Faites-nous savoir par e-mail ce que vous souhaitez ajouter, et nous veillerons \u00e0 ce que vous receviez une nouvelle facture.[\/vc_toggle][vc_toggle title=&#8221;Puis-je d\u00e9caler la TVA ?&#8221;]\nC&#8217;est possible. Fournissez-nous un num\u00e9ro de TVA valide. Vous pouvez le v\u00e9rifier sur le site de la Commission europ\u00e9enne en utilisant <a href=\"https:\/\/ec.europa.eu\/taxation_customs\/vies\/#\/vat-validation\"><span style=\"text-decoration: underline;\">ce lien<\/span><\/a>. Ensuite, nous veillerons \u00e0 ce que ce num\u00e9ro de TVA soit inscrit sur la facture et qu&#8217;aucune TVA ne soit calcul\u00e9e sur le montant total de la facture.<br \/>\n[\/vc_toggle][\/vc_column_inner][\/vc_row_inner][\/vc_column][\/vc_row][vc_column width=&#8221;1\/2&#8243; el_class=&#8221;pr-md-3&#8243;][\/vc_column]\n","protected":false},"excerpt":{"rendered":"<p>[vc_row][vc_column][vc_raw_html el_class=&#8221;heading center&#8221; css=&#8221;.vc_custom_1721668908362{padding-bottom: 20px !important;}&#8221;]JTNDaDIlM0VBcnJhbmdlei1sZSUyMHJhcGlkZW1lbnQlMjB2b3VzLW0lQzMlQUFtZSUzQyUyRmgyJTNFJTBB[\/vc_raw_html][vc_row_inner][vc_column_inner width=&#8221;1\/2&#8243;][vc_column_text] 1. Questions sur les prix\/devis [\/vc_column_text][vc_toggle title=&#8221;Comment puis-je modifier &hellip;<\/p>\n","protected":false},"author":1,"featured_media":0,"parent":0,"menu_order":0,"comment_status":"closed","ping_status":"closed","template":"","meta":{"_acf_changed":false,"content-type":"","footnotes":""},"class_list":["post-37898","page","type-page","status-publish","hentry"],"acf":[],"yoast_head":"<!-- This site is optimized with the Yoast SEO plugin v24.6 - https:\/\/yoast.com\/wordpress\/plugins\/seo\/ -->\n<title>FAQ V\u00eatements de Sport Personnalis\u00e9s - TD<\/title>\n<meta name=\"description\" content=\"Consultez notre FAQ pour trouver des r\u00e9ponses \u00e0 vos questions. Si vous ne trouvez pas ce que vous cherchez, veuillez nous contacter.\" \/>\n<meta name=\"robots\" content=\"index, follow, max-snippet:-1, max-image-preview:large, max-video-preview:-1\" \/>\n<link rel=\"canonical\" href=\"https:\/\/tdsportswear.com\/ch-fr\/questions-frequemment-posees\/\" \/>\n<meta property=\"og:locale\" content=\"fr_FR\" \/>\n<meta property=\"og:type\" content=\"article\" \/>\n<meta property=\"og:title\" content=\"FAQ V\u00eatements de Sport Personnalis\u00e9s - TD\" \/>\n<meta property=\"og:description\" content=\"Consultez notre FAQ pour trouver des r\u00e9ponses \u00e0 vos questions. Si vous ne trouvez pas ce que vous cherchez, veuillez nous contacter.\" \/>\n<meta property=\"og:url\" content=\"https:\/\/tdsportswear.com\/ch-fr\/questions-frequemment-posees\/\" \/>\n<meta property=\"og:site_name\" content=\"TD sportswear - Custom sportswear.\" \/>\n<meta property=\"article:publisher\" content=\"https:\/\/www.facebook.com\/TDsports3\/\" \/>\n<meta property=\"article:modified_time\" content=\"2025-08-07T08:13:53+00:00\" \/>\n<meta name=\"twitter:card\" content=\"summary_large_image\" \/>\n<meta name=\"twitter:site\" content=\"@td_sportswear\" \/>\n<meta name=\"twitter:label1\" content=\"Est. reading time\" \/>\n\t<meta name=\"twitter:data1\" content=\"9 minutes\" \/>\n<script type=\"application\/ld+json\" class=\"yoast-schema-graph\">{\"@context\":\"https:\/\/schema.org\",\"@graph\":[{\"@type\":\"WebPage\",\"@id\":\"https:\/\/tdsportswear.com\/ch-fr\/questions-frequemment-posees\/\",\"url\":\"https:\/\/tdsportswear.com\/ch-fr\/questions-frequemment-posees\/\",\"name\":\"FAQ V\u00eatements de Sport Personnalis\u00e9s - TD\",\"isPartOf\":{\"@id\":\"https:\/\/tdsportswear.com\/#website\"},\"datePublished\":\"2024-07-22T17:20:11+00:00\",\"dateModified\":\"2025-08-07T08:13:53+00:00\",\"description\":\"Consultez notre FAQ pour trouver des r\u00e9ponses \u00e0 vos questions. Si vous ne trouvez pas ce que vous cherchez, veuillez nous contacter.\",\"breadcrumb\":{\"@id\":\"https:\/\/tdsportswear.com\/ch-fr\/questions-frequemment-posees\/#breadcrumb\"},\"inLanguage\":\"fr-CH\",\"potentialAction\":[{\"@type\":\"ReadAction\",\"target\":[\"https:\/\/tdsportswear.com\/ch-fr\/questions-frequemment-posees\/\"]}]},{\"@type\":\"BreadcrumbList\",\"@id\":\"https:\/\/tdsportswear.com\/ch-fr\/questions-frequemment-posees\/#breadcrumb\",\"itemListElement\":[{\"@type\":\"ListItem\",\"position\":1,\"name\":\"Home\",\"item\":\"https:\/\/tdsportswear.com\/ch-fr\/\"},{\"@type\":\"ListItem\",\"position\":2,\"name\":\"Questions Fr\u00e9quemment Pos\u00e9es\"}]},{\"@type\":\"WebSite\",\"@id\":\"https:\/\/tdsportswear.com\/#website\",\"url\":\"https:\/\/tdsportswear.com\/\",\"name\":\"TD sportswear - Custom sportswear.\",\"description\":\"Custom made sportswear cycling, running, triathlon, hockey, football and many more.\",\"publisher\":{\"@id\":\"https:\/\/tdsportswear.com\/#organization\"},\"potentialAction\":[{\"@type\":\"SearchAction\",\"target\":{\"@type\":\"EntryPoint\",\"urlTemplate\":\"https:\/\/tdsportswear.com\/?s={search_term_string}\"},\"query-input\":{\"@type\":\"PropertyValueSpecification\",\"valueRequired\":true,\"valueName\":\"search_term_string\"}}],\"inLanguage\":\"fr-CH\"},{\"@type\":\"Organization\",\"@id\":\"https:\/\/tdsportswear.com\/#organization\",\"name\":\"TD sportswear\",\"url\":\"https:\/\/tdsportswear.com\/\",\"logo\":{\"@type\":\"ImageObject\",\"inLanguage\":\"fr-CH\",\"@id\":\"https:\/\/tdsportswear.com\/#\/schema\/logo\/image\/\",\"url\":\"https:\/\/tdsportswear.com\/wp-content\/uploads\/2017\/09\/Logo-zwart.png\",\"contentUrl\":\"https:\/\/tdsportswear.com\/wp-content\/uploads\/2017\/09\/Logo-zwart.png\",\"width\":455,\"height\":77,\"caption\":\"TD sportswear\"},\"image\":{\"@id\":\"https:\/\/tdsportswear.com\/#\/schema\/logo\/image\/\"},\"sameAs\":[\"https:\/\/www.facebook.com\/TDsports3\/\",\"https:\/\/x.com\/td_sportswear\",\"https:\/\/www.instagram.com\/td.sportswear\/\",\"https:\/\/nl.linkedin.com\/company\/td-sports\"],\"description\":\"TD Sportswear offers high-quality sportswear and accessories for teams and individuals. From cycling jerseys to running clothes, we provide comfortable and stylish solutions for your sporting needs.\",\"address\":{\"@type\":\"PostalAddress\",\"streetAddress\":\"Concourslaan 79\",\"postalCode\":\"8252 GH\",\"addressLocality\":\"Dronten\",\"addressCountry\":\"The Netherlands\"},\"contactPoint\":[{\"@type\":\"ContactPoint\",\"telephone\":\"+33525630909\",\"contactType\":\"Customer Service\"}],\"aggregateRating\":{\"@type\":\"AggregateRating\",\"ratingValue\":4.9,\"reviewCount\":1190,\"bestRating\":\"5\",\"worstRating\":\"1\"}}]}<\/script>\n<!-- \/ Yoast SEO plugin. -->","yoast_head_json":{"title":"FAQ V\u00eatements de Sport Personnalis\u00e9s - TD","description":"Consultez notre FAQ pour trouver des r\u00e9ponses \u00e0 vos questions. Si vous ne trouvez pas ce que vous cherchez, veuillez nous contacter.","robots":{"index":"index","follow":"follow","max-snippet":"max-snippet:-1","max-image-preview":"max-image-preview:large","max-video-preview":"max-video-preview:-1"},"canonical":"https:\/\/tdsportswear.com\/ch-fr\/questions-frequemment-posees\/","og_locale":"fr_FR","og_type":"article","og_title":"FAQ V\u00eatements de Sport Personnalis\u00e9s - TD","og_description":"Consultez notre FAQ pour trouver des r\u00e9ponses \u00e0 vos questions. Si vous ne trouvez pas ce que vous cherchez, veuillez nous contacter.","og_url":"https:\/\/tdsportswear.com\/ch-fr\/questions-frequemment-posees\/","og_site_name":"TD sportswear - Custom sportswear.","article_publisher":"https:\/\/www.facebook.com\/TDsports3\/","article_modified_time":"2025-08-07T08:13:53+00:00","twitter_card":"summary_large_image","twitter_site":"@td_sportswear","twitter_misc":{"Est. reading time":"9 minutes"},"schema":{"@context":"https:\/\/schema.org","@graph":[{"@type":"WebPage","@id":"https:\/\/tdsportswear.com\/ch-fr\/questions-frequemment-posees\/","url":"https:\/\/tdsportswear.com\/ch-fr\/questions-frequemment-posees\/","name":"FAQ V\u00eatements de Sport Personnalis\u00e9s - TD","isPartOf":{"@id":"https:\/\/tdsportswear.com\/#website"},"datePublished":"2024-07-22T17:20:11+00:00","dateModified":"2025-08-07T08:13:53+00:00","description":"Consultez notre FAQ pour trouver des r\u00e9ponses \u00e0 vos questions. Si vous ne trouvez pas ce que vous cherchez, veuillez nous contacter.","breadcrumb":{"@id":"https:\/\/tdsportswear.com\/ch-fr\/questions-frequemment-posees\/#breadcrumb"},"inLanguage":"fr-CH","potentialAction":[{"@type":"ReadAction","target":["https:\/\/tdsportswear.com\/ch-fr\/questions-frequemment-posees\/"]}]},{"@type":"BreadcrumbList","@id":"https:\/\/tdsportswear.com\/ch-fr\/questions-frequemment-posees\/#breadcrumb","itemListElement":[{"@type":"ListItem","position":1,"name":"Home","item":"https:\/\/tdsportswear.com\/ch-fr\/"},{"@type":"ListItem","position":2,"name":"Questions Fr\u00e9quemment Pos\u00e9es"}]},{"@type":"WebSite","@id":"https:\/\/tdsportswear.com\/#website","url":"https:\/\/tdsportswear.com\/","name":"TD sportswear - Custom sportswear.","description":"Custom made sportswear cycling, running, triathlon, hockey, football and many more.","publisher":{"@id":"https:\/\/tdsportswear.com\/#organization"},"potentialAction":[{"@type":"SearchAction","target":{"@type":"EntryPoint","urlTemplate":"https:\/\/tdsportswear.com\/?s={search_term_string}"},"query-input":{"@type":"PropertyValueSpecification","valueRequired":true,"valueName":"search_term_string"}}],"inLanguage":"fr-CH"},{"@type":"Organization","@id":"https:\/\/tdsportswear.com\/#organization","name":"TD sportswear","url":"https:\/\/tdsportswear.com\/","logo":{"@type":"ImageObject","inLanguage":"fr-CH","@id":"https:\/\/tdsportswear.com\/#\/schema\/logo\/image\/","url":"https:\/\/tdsportswear.com\/wp-content\/uploads\/2017\/09\/Logo-zwart.png","contentUrl":"https:\/\/tdsportswear.com\/wp-content\/uploads\/2017\/09\/Logo-zwart.png","width":455,"height":77,"caption":"TD sportswear"},"image":{"@id":"https:\/\/tdsportswear.com\/#\/schema\/logo\/image\/"},"sameAs":["https:\/\/www.facebook.com\/TDsports3\/","https:\/\/x.com\/td_sportswear","https:\/\/www.instagram.com\/td.sportswear\/","https:\/\/nl.linkedin.com\/company\/td-sports"],"description":"TD Sportswear offers high-quality sportswear and accessories for teams and individuals. From cycling jerseys to running clothes, we provide comfortable and stylish solutions for your sporting needs.","address":{"@type":"PostalAddress","streetAddress":"Concourslaan 79","postalCode":"8252 GH","addressLocality":"Dronten","addressCountry":"The Netherlands"},"contactPoint":[{"@type":"ContactPoint","telephone":"+33525630909","contactType":"Customer Service"}],"aggregateRating":{"@type":"AggregateRating","ratingValue":4.9,"reviewCount":1190,"bestRating":"5","worstRating":"1"}}]}},"_links":{"self":[{"href":"https:\/\/tdsportswear.com\/ch-fr\/wp-json\/wp\/v2\/pages\/37898","targetHints":{"allow":["GET"]}}],"collection":[{"href":"https:\/\/tdsportswear.com\/ch-fr\/wp-json\/wp\/v2\/pages"}],"about":[{"href":"https:\/\/tdsportswear.com\/ch-fr\/wp-json\/wp\/v2\/types\/page"}],"author":[{"embeddable":true,"href":"https:\/\/tdsportswear.com\/ch-fr\/wp-json\/wp\/v2\/users\/1"}],"replies":[{"embeddable":true,"href":"https:\/\/tdsportswear.com\/ch-fr\/wp-json\/wp\/v2\/comments?post=37898"}],"version-history":[{"count":1,"href":"https:\/\/tdsportswear.com\/ch-fr\/wp-json\/wp\/v2\/pages\/37898\/revisions"}],"predecessor-version":[{"id":92375,"href":"https:\/\/tdsportswear.com\/ch-fr\/wp-json\/wp\/v2\/pages\/37898\/revisions\/92375"}],"wp:attachment":[{"href":"https:\/\/tdsportswear.com\/ch-fr\/wp-json\/wp\/v2\/media?parent=37898"}],"curies":[{"name":"wp","href":"https:\/\/api.w.org\/{rel}","templated":true}]}}