{"id":37899,"date":"2024-07-22T19:36:28","date_gmt":"2024-07-22T17:36:28","guid":{"rendered":"https:\/\/tdsportswear.com\/notre-mission\/"},"modified":"2024-10-25T03:19:28","modified_gmt":"2024-10-25T01:19:28","slug":"notre-mission","status":"publish","type":"page","link":"https:\/\/tdsportswear.com\/ch-fr\/notre-mission\/","title":{"rendered":"Notre mission"},"content":{"rendered":"[vc_row css=&#8221;.vc_custom_1658136631618{margin-right: 0px !important;margin-left: 0px !important;padding-top: 180px !important;padding-right: 0px !important;padding-bottom: 180px !important;padding-left: 0px !important;background: #444444 url(https:\/\/tdsportswear.com\/wp-content\/uploads\/2022\/03\/Banner-1-scaled.jpg?id=13334) !important;background-position: center !important;background-repeat: no-repeat !important;background-size: cover !important;}&#8221; el_class=&#8221;about-top&#8221;][vc_column][vc_custom_heading text=&#8221;Notre mission&#8221; font_container=&#8221;tag:h1|font_size:55|text_align:center|color:%23ffffff&#8221; use_theme_fonts=&#8221;yes&#8221; sub_heading_tag=&#8221;h2&#8243;][\/vc_column][\/vc_row][vc_row css=&#8221;.vc_custom_1658136543827{margin-top: 30px !important;margin-bottom: 30px !important;}&#8221;][vc_column][vc_custom_heading text=&#8221;Rencontrez notre fondateur, Tjeerd&#8221; font_container=&#8221;tag:h2|font_size:36|text_align:center|color:%23202020&#8243; use_theme_fonts=&#8221;yes&#8221; sub_heading=&#8221;Tjeerd Douma&#8221; sub_heading_tag=&#8221;h2&#8243;][vc_single_image image=&#8221;28743&#8243; img_size=&#8221;full&#8221; alignment=&#8221;center&#8221; css_animation=&#8221;top-to-bottom&#8221; css=&#8221;.vc_custom_1502968058929{margin-bottom: 0px !important;}&#8221;][vc_column_text]\n<h3>JE VOULAIS DES V\u00caTEMENTS DE SPORT PERSONNALIS\u00c9S, COMME VOUS<\/h3>\n<p>Je (Tjeerd Douma) voulais un jour cr\u00e9er des v\u00eatements de sport personnalis\u00e9s pour mon propre groupe d&#8217;amis et de relations professionnelles. Compl\u00e8tement avec mon logo et mes couleurs, principalement pour les offrir, afin que nous puissions tous porter les m\u00eames tenues. \u00c0 l&#8217;\u00e9poque, j&#8217;ai pass\u00e9 des mois dans un processus extr\u00eamement lent. Je n&#8217;ai re\u00e7u le design qu&#8217;apr\u00e8s un long d\u00e9lai, d\u00e9terminer les tailles \u00e9tait tr\u00e8s compliqu\u00e9, et la livraison a pris des mois. Enfin, lorsque les v\u00eatements sont arriv\u00e9s, la qualit\u00e9 \u00e9tait d\u00e9cevante. Des articles manquaient, les couleurs semblaient diff\u00e9rentes, et la coupe \u00e9tait terrible. Le message \u00e9tait &#8216;tant pis&#8217;, nous ne pouvons pas vous aider. Voil\u00e0 avec votre grande bo\u00eete pleine de v\u00eatements inutilisables. Et maintenant ?<\/p>\n<h3>OUF, ENFIN LES V\u00caTEMENTS AD\u00c9QUATS<\/h3>\n<p>J&#8217;\u00e9tais d\u00e9termin\u00e9 \u00e0 obtenir de bonnes tenues pour mes amis et partenaires commerciaux. J&#8217;ai donc d\u00e9cid\u00e9 de prendre les choses en main et de chercher un fournisseur capable de cr\u00e9er les tenues parfaites avec moi. Assez difficile de d\u00e9terminer combien de centim\u00e8tres de large une chemise doit \u00eatre ou \u00e0 quelle hauteur le col doit se trouver. Apr\u00e8s avoir lutt\u00e9 avec les tailles, les couleurs, les tissus et plusieurs tests de livraison, j&#8217;ai obtenu de magnifiques tenues. Elles \u00e9taient si bonnes que non seulement mes amis les adoraient. D&#8217;autres partenaires commerciaux et connaissances voulaient \u00e9galement des v\u00eatements personnalis\u00e9s comme les miens. D&#8217;accord, je vais aider mes amis et connaissances \u00e0 obtenir leurs \u00e9quipements de cyclisme et de course personnalis\u00e9s. Je pensais que ce serait un petit effort de ma part.<\/p>\n<h3>LA NAISSANCE DE TD<\/h3>\n<p>Bient\u00f4t, j&#8217;ai re\u00e7u des demandes de personnes que je ne connaissais m\u00eame pas personnellement. Pourrais-je cr\u00e9er des v\u00eatements personnalis\u00e9s pour eux aussi ? C&#8217;\u00e9tait le moment o\u00f9 j&#8217;ai r\u00e9alis\u00e9 qu&#8217;il y avait une grande demande pour des v\u00eatements de sport de qualit\u00e9 avec des logos et des couleurs personnalis\u00e9s. J&#8217;ai pris en compte les souhaits des gens et livr\u00e9 en environ 4 semaines \u00e0 l&#8217;\u00e9poque. Et avec une bonne qualit\u00e9 aussi. Apparemment, c&#8217;\u00e9tait beaucoup plus rapide que ce \u00e0 quoi les gens \u00e9taient habitu\u00e9s \u00e0 l&#8217;\u00e9poque. Les demandes ont continu\u00e9 \u00e0 affluer, alors j&#8217;ai lanc\u00e9 TD. En un rien de temps, j&#8217;avais une \u00e9quipe autour de moi aidant des centaines de groupes avec des v\u00eatements de sport personnalis\u00e9s chaque mois.<\/p>\n<h3>ET MAINTENANT POUR ALLER DE L&#8217;AVANT<\/h3>\n<p>Apr\u00e8s la \u00e9ni\u00e8me \u00e9quipe, on commence \u00e0 r\u00e9aliser qu&#8217;il y a une \u00e9norme demande pour les v\u00eatements de sport. On voit aussi qu&#8217;on peut vraiment se d\u00e9marquer en \u00e9tant rapide et en choisissant des tissus de haute qualit\u00e9. C&#8217;est \u00e0 ce moment-l\u00e0 que nous avons d\u00e9cid\u00e9 que TD devrait \u00eatre le fournisseur le plus rapide et ne travailler qu&#8217;avec les meilleurs tissus. Ce n&#8217;est pas bon pour nos clients ni pour nous si nous sommes lents et que nous livrons aussi une qualit\u00e9 m\u00e9diocre. Cela \u00e9loignerait les gens, et comme au d\u00e9but, nous voulons que les gens parlent de notre haute qualit\u00e9 et de notre rapidit\u00e9.<\/p>\n<h3>VERS L&#8217;AVENIR<\/h3>\n<p>Maintenant, nous vendons des v\u00eatements de sport personnalis\u00e9s \u00e0 de nombreuses \u00e9quipes et entreprises \u00e0 travers le monde. Parfois 1 pi\u00e8ce, parfois 10 000, et tout ce qu&#8217;il y a entre les deux. Des personnes heureuses aux personnes qui ne sont pas imm\u00e9diatement heureuses. Cependant, chez TD, nous ferons toujours tout ce qu&#8217;il faut pour finalement rendre un client heureux. Et nous faisons bien maintenant alors que nous approchons des 500 avis avec la note maximale. J&#8217;ai lanc\u00e9 TD parce que je voulais le faire mieux, et c&#8217;est exactement la mentalit\u00e9 que nous avons encore aujourd&#8217;hui. Si vous venez \u00e0 nous, vous serez trait\u00e9 comme un roi. Toujours la livraison la plus rapide, toujours une qualit\u00e9 optimale, et nous ferons tout pour vous rendre heureux. Nous ajoutons de nouveaux membres \u00e0 l&#8217;\u00e9quipe, devenons plus actifs \u00e0 l&#8217;\u00e9tranger et travaillons dur chaque jour avec notre \u00e9quipe en Europe et sur les sites de production en Europe et en Asie. Tout avec une seule chose en t\u00eate : nous montrerons au client que nous sommes les meilleurs avec des v\u00eatements personnalis\u00e9s pour vous et votre \u00e9quipe.<\/p>\n<h3>MAINTENANT, C&#8217;EST \u00c0 VOUS<\/h3>\n<p>J&#8217;ai \u00e9crit ce texte apr\u00e8s une aventure de plusieurs ann\u00e9es, tout en r\u00e9alisant qu&#8217;il y a encore beaucoup de beaut\u00e9 \u00e0 venir. Sans nos clients, nous n&#8217;avons rien. Nous esp\u00e9rons pouvoir vous aider \u00e9galement et vous montrer que vous pouvez aussi briller dans vos v\u00eatements d&#8217;\u00e9quipe personnalis\u00e9s. Contactez-nous, cr\u00e9ez un design ou demandez-nous de r\u00e9aliser quelque chose. Nous allons vous \u00e9pater !<\/p>\n[\/vc_column_text][\/vc_column][\/vc_row]\n","protected":false},"excerpt":{"rendered":"<p>[vc_row css=&#8221;.vc_custom_1658136631618{margin-right: 0px !important;margin-left: 0px !important;padding-top: 180px !important;padding-right: 0px !important;padding-bottom: 180px !important;padding-left: 0px !important;background: #444444 url(https:\/\/tdsportswear.com\/wp-content\/uploads\/2022\/03\/Banner-1-scaled.jpg?id=13334) &hellip;<\/p>\n","protected":false},"author":1,"featured_media":0,"parent":0,"menu_order":0,"comment_status":"closed","ping_status":"closed","template":"page-templates\/page-template.php","meta":{"_acf_changed":false,"content-type":"","footnotes":""},"class_list":["post-37899","page","type-page","status-publish","hentry"],"acf":[],"yoast_head":"<!-- This site is optimized with the Yoast SEO plugin v24.6 - https:\/\/yoast.com\/wordpress\/plugins\/seo\/ -->\n<title>Mission de TD : Les meilleurs v\u00eatements de sport personnalis\u00e9s<\/title>\n<meta name=\"description\" content=\"La mission commence avec la passion d&#039;un homme pour le cyclisme et les v\u00eatements de sport. Voici l&#039;histoire de TD.\" \/>\n<meta name=\"robots\" content=\"index, follow, max-snippet:-1, max-image-preview:large, max-video-preview:-1\" \/>\n<link rel=\"canonical\" href=\"https:\/\/tdsportswear.com\/ch-fr\/notre-mission\/\" \/>\n<meta property=\"og:locale\" content=\"fr_FR\" \/>\n<meta property=\"og:type\" content=\"article\" \/>\n<meta property=\"og:title\" content=\"Mission de TD : Les meilleurs v\u00eatements de sport personnalis\u00e9s\" \/>\n<meta property=\"og:description\" content=\"La mission commence avec la passion d&#039;un homme pour le cyclisme et les v\u00eatements de sport. Voici l&#039;histoire de TD.\" \/>\n<meta property=\"og:url\" content=\"https:\/\/tdsportswear.com\/ch-fr\/notre-mission\/\" \/>\n<meta property=\"og:site_name\" content=\"TD sportswear - Custom sportswear.\" \/>\n<meta property=\"article:publisher\" content=\"https:\/\/www.facebook.com\/TDsports3\/\" \/>\n<meta property=\"article:modified_time\" content=\"2024-10-25T01:19:28+00:00\" \/>\n<meta name=\"twitter:card\" content=\"summary_large_image\" \/>\n<meta name=\"twitter:site\" content=\"@td_sportswear\" \/>\n<meta name=\"twitter:label1\" content=\"Est. reading time\" \/>\n\t<meta name=\"twitter:data1\" content=\"5 minutes\" \/>\n<script type=\"application\/ld+json\" class=\"yoast-schema-graph\">{\"@context\":\"https:\/\/schema.org\",\"@graph\":[{\"@type\":\"WebPage\",\"@id\":\"https:\/\/tdsportswear.com\/ch-fr\/notre-mission\/\",\"url\":\"https:\/\/tdsportswear.com\/ch-fr\/notre-mission\/\",\"name\":\"Mission de TD : Les meilleurs v\u00eatements de sport personnalis\u00e9s\",\"isPartOf\":{\"@id\":\"https:\/\/tdsportswear.com\/#website\"},\"datePublished\":\"2024-07-22T17:36:28+00:00\",\"dateModified\":\"2024-10-25T01:19:28+00:00\",\"description\":\"La mission commence avec la passion d'un homme pour le cyclisme et les v\u00eatements de sport. Voici l'histoire de TD.\",\"breadcrumb\":{\"@id\":\"https:\/\/tdsportswear.com\/ch-fr\/notre-mission\/#breadcrumb\"},\"inLanguage\":\"fr-CH\",\"potentialAction\":[{\"@type\":\"ReadAction\",\"target\":[\"https:\/\/tdsportswear.com\/ch-fr\/notre-mission\/\"]}]},{\"@type\":\"BreadcrumbList\",\"@id\":\"https:\/\/tdsportswear.com\/ch-fr\/notre-mission\/#breadcrumb\",\"itemListElement\":[{\"@type\":\"ListItem\",\"position\":1,\"name\":\"Home\",\"item\":\"https:\/\/tdsportswear.com\/ch-fr\/\"},{\"@type\":\"ListItem\",\"position\":2,\"name\":\"Notre mission\"}]},{\"@type\":\"WebSite\",\"@id\":\"https:\/\/tdsportswear.com\/#website\",\"url\":\"https:\/\/tdsportswear.com\/\",\"name\":\"TD sportswear - Custom sportswear.\",\"description\":\"Custom made sportswear cycling, running, triathlon, hockey, football and many more.\",\"publisher\":{\"@id\":\"https:\/\/tdsportswear.com\/#organization\"},\"potentialAction\":[{\"@type\":\"SearchAction\",\"target\":{\"@type\":\"EntryPoint\",\"urlTemplate\":\"https:\/\/tdsportswear.com\/?s={search_term_string}\"},\"query-input\":{\"@type\":\"PropertyValueSpecification\",\"valueRequired\":true,\"valueName\":\"search_term_string\"}}],\"inLanguage\":\"fr-CH\"},{\"@type\":\"Organization\",\"@id\":\"https:\/\/tdsportswear.com\/#organization\",\"name\":\"TD sportswear\",\"url\":\"https:\/\/tdsportswear.com\/\",\"logo\":{\"@type\":\"ImageObject\",\"inLanguage\":\"fr-CH\",\"@id\":\"https:\/\/tdsportswear.com\/#\/schema\/logo\/image\/\",\"url\":\"https:\/\/tdsportswear.com\/wp-content\/uploads\/2017\/09\/Logo-zwart.png\",\"contentUrl\":\"https:\/\/tdsportswear.com\/wp-content\/uploads\/2017\/09\/Logo-zwart.png\",\"width\":455,\"height\":77,\"caption\":\"TD sportswear\"},\"image\":{\"@id\":\"https:\/\/tdsportswear.com\/#\/schema\/logo\/image\/\"},\"sameAs\":[\"https:\/\/www.facebook.com\/TDsports3\/\",\"https:\/\/x.com\/td_sportswear\",\"https:\/\/www.instagram.com\/td.sportswear\/\",\"https:\/\/nl.linkedin.com\/company\/td-sports\"],\"description\":\"TD Sportswear offers high-quality sportswear and accessories for teams and individuals. From cycling jerseys to running clothes, we provide comfortable and stylish solutions for your sporting needs.\",\"address\":{\"@type\":\"PostalAddress\",\"streetAddress\":\"Concourslaan 79\",\"postalCode\":\"8252 GH\",\"addressLocality\":\"Dronten\",\"addressCountry\":\"The Netherlands\"},\"contactPoint\":[{\"@type\":\"ContactPoint\",\"telephone\":\"+33525630909\",\"contactType\":\"Customer Service\"}],\"aggregateRating\":{\"@type\":\"AggregateRating\",\"ratingValue\":4.9,\"reviewCount\":1190,\"bestRating\":\"5\",\"worstRating\":\"1\"}}]}<\/script>\n<!-- \/ Yoast SEO plugin. -->","yoast_head_json":{"title":"Mission de TD : Les meilleurs v\u00eatements de sport personnalis\u00e9s","description":"La mission commence avec la passion d'un homme pour le cyclisme et les v\u00eatements de sport. Voici l'histoire de TD.","robots":{"index":"index","follow":"follow","max-snippet":"max-snippet:-1","max-image-preview":"max-image-preview:large","max-video-preview":"max-video-preview:-1"},"canonical":"https:\/\/tdsportswear.com\/ch-fr\/notre-mission\/","og_locale":"fr_FR","og_type":"article","og_title":"Mission de TD : Les meilleurs v\u00eatements de sport personnalis\u00e9s","og_description":"La mission commence avec la passion d'un homme pour le cyclisme et les v\u00eatements de sport. Voici l'histoire de TD.","og_url":"https:\/\/tdsportswear.com\/ch-fr\/notre-mission\/","og_site_name":"TD sportswear - Custom sportswear.","article_publisher":"https:\/\/www.facebook.com\/TDsports3\/","article_modified_time":"2024-10-25T01:19:28+00:00","twitter_card":"summary_large_image","twitter_site":"@td_sportswear","twitter_misc":{"Est. reading time":"5 minutes"},"schema":{"@context":"https:\/\/schema.org","@graph":[{"@type":"WebPage","@id":"https:\/\/tdsportswear.com\/ch-fr\/notre-mission\/","url":"https:\/\/tdsportswear.com\/ch-fr\/notre-mission\/","name":"Mission de TD : Les meilleurs v\u00eatements de sport personnalis\u00e9s","isPartOf":{"@id":"https:\/\/tdsportswear.com\/#website"},"datePublished":"2024-07-22T17:36:28+00:00","dateModified":"2024-10-25T01:19:28+00:00","description":"La mission commence avec la passion d'un homme pour le cyclisme et les v\u00eatements de sport. Voici l'histoire de TD.","breadcrumb":{"@id":"https:\/\/tdsportswear.com\/ch-fr\/notre-mission\/#breadcrumb"},"inLanguage":"fr-CH","potentialAction":[{"@type":"ReadAction","target":["https:\/\/tdsportswear.com\/ch-fr\/notre-mission\/"]}]},{"@type":"BreadcrumbList","@id":"https:\/\/tdsportswear.com\/ch-fr\/notre-mission\/#breadcrumb","itemListElement":[{"@type":"ListItem","position":1,"name":"Home","item":"https:\/\/tdsportswear.com\/ch-fr\/"},{"@type":"ListItem","position":2,"name":"Notre mission"}]},{"@type":"WebSite","@id":"https:\/\/tdsportswear.com\/#website","url":"https:\/\/tdsportswear.com\/","name":"TD sportswear - Custom sportswear.","description":"Custom made sportswear cycling, running, triathlon, hockey, football and many more.","publisher":{"@id":"https:\/\/tdsportswear.com\/#organization"},"potentialAction":[{"@type":"SearchAction","target":{"@type":"EntryPoint","urlTemplate":"https:\/\/tdsportswear.com\/?s={search_term_string}"},"query-input":{"@type":"PropertyValueSpecification","valueRequired":true,"valueName":"search_term_string"}}],"inLanguage":"fr-CH"},{"@type":"Organization","@id":"https:\/\/tdsportswear.com\/#organization","name":"TD sportswear","url":"https:\/\/tdsportswear.com\/","logo":{"@type":"ImageObject","inLanguage":"fr-CH","@id":"https:\/\/tdsportswear.com\/#\/schema\/logo\/image\/","url":"https:\/\/tdsportswear.com\/wp-content\/uploads\/2017\/09\/Logo-zwart.png","contentUrl":"https:\/\/tdsportswear.com\/wp-content\/uploads\/2017\/09\/Logo-zwart.png","width":455,"height":77,"caption":"TD sportswear"},"image":{"@id":"https:\/\/tdsportswear.com\/#\/schema\/logo\/image\/"},"sameAs":["https:\/\/www.facebook.com\/TDsports3\/","https:\/\/x.com\/td_sportswear","https:\/\/www.instagram.com\/td.sportswear\/","https:\/\/nl.linkedin.com\/company\/td-sports"],"description":"TD Sportswear offers high-quality sportswear and accessories for teams and individuals. From cycling jerseys to running clothes, we provide comfortable and stylish solutions for your sporting needs.","address":{"@type":"PostalAddress","streetAddress":"Concourslaan 79","postalCode":"8252 GH","addressLocality":"Dronten","addressCountry":"The Netherlands"},"contactPoint":[{"@type":"ContactPoint","telephone":"+33525630909","contactType":"Customer Service"}],"aggregateRating":{"@type":"AggregateRating","ratingValue":4.9,"reviewCount":1190,"bestRating":"5","worstRating":"1"}}]}},"_links":{"self":[{"href":"https:\/\/tdsportswear.com\/ch-fr\/wp-json\/wp\/v2\/pages\/37899","targetHints":{"allow":["GET"]}}],"collection":[{"href":"https:\/\/tdsportswear.com\/ch-fr\/wp-json\/wp\/v2\/pages"}],"about":[{"href":"https:\/\/tdsportswear.com\/ch-fr\/wp-json\/wp\/v2\/types\/page"}],"author":[{"embeddable":true,"href":"https:\/\/tdsportswear.com\/ch-fr\/wp-json\/wp\/v2\/users\/1"}],"replies":[{"embeddable":true,"href":"https:\/\/tdsportswear.com\/ch-fr\/wp-json\/wp\/v2\/comments?post=37899"}],"version-history":[{"count":1,"href":"https:\/\/tdsportswear.com\/ch-fr\/wp-json\/wp\/v2\/pages\/37899\/revisions"}],"predecessor-version":[{"id":52678,"href":"https:\/\/tdsportswear.com\/ch-fr\/wp-json\/wp\/v2\/pages\/37899\/revisions\/52678"}],"wp:attachment":[{"href":"https:\/\/tdsportswear.com\/ch-fr\/wp-json\/wp\/v2\/media?parent=37899"}],"curies":[{"name":"wp","href":"https:\/\/api.w.org\/{rel}","templated":true}]}}