{"id":37903,"date":"2024-07-22T20:16:29","date_gmt":"2024-07-22T18:16:29","guid":{"rendered":"https:\/\/tdsportswear.com\/conditions-dachat-pour-la-creation-de-vetements\/"},"modified":"2025-03-05T10:42:51","modified_gmt":"2025-03-05T09:42:51","slug":"conditions-dachat-pour-la-creation-de-vetements","status":"publish","type":"page","link":"https:\/\/tdsportswear.com\/ch-fr\/conditions-dachat-pour-la-creation-de-vetements\/","title":{"rendered":"Conditions d&#8217;achat pour la cr\u00e9ation de v\u00eatements"},"content":{"rendered":"[vc_row][vc_column][vc_column_text]Version valable \u00e0 partir du 1er janvier 2021<\/p>\n<h2>G\u00e9n\u00e9ral<\/h2>\n<p>1.1. Ces conditions d&#8217;achat d\u00e9crivent le processus de commande pour la livraison des produits de TD Sportswear.<\/p>\n<p>1.2. Les conditions d&#8217;achat ne remplacent pas les Conditions G\u00e9n\u00e9rales de TD Sportswear.<\/p>\n<p>Processus de commande pour les clients<br \/>\nLe processus de commande pour les v\u00eatements de sport se d\u00e9roule g\u00e9n\u00e9ralement en plusieurs \u00e9tapes :<\/p>\n<p>\u00c9tape 1 : Finalisation de votre propre design ou avec un designer.<br \/>\n\u00c9tape 2 : D\u00e9termination des tailles.<br \/>\n\u00c9tape 3 : Paiement.<br \/>\n\u00c9tape 4 : Livraison.<\/p>\n<h2>Conception (\u00c9tape 1)<\/h2>\n<p>3.1. Vous pouvez cr\u00e9er votre propre design via notre module de conception ou demander l&#8217;aide d&#8217;un designer. Nous vous aidons gratuitement \u00e0 concevoir votre design.<\/p>\n<p>3.2. Sur demande, un client peut recevoir une \u00e9preuve num\u00e9rique par e-mail. Cela permet d\u2019\u00e9liminer d\u2019\u00e9ventuelles erreurs avant la validation de la commande. Une fois la validation effectu\u00e9e, aucune r\u00e9clamation ne pourra \u00eatre faite concernant de l\u00e9g\u00e8res variations de conception ou de couleur.<\/p>\n<p>3.3. Il est possible de commander un \u00e9chantillon physique du produit. Cet \u00e9chantillon est un v\u00eatement r\u00e9el conforme au design confirm\u00e9 et \u00e0 la finition souhait\u00e9e. Le d\u00e9lai de livraison est d&#8217;environ trois semaines.<\/p>\n<p>3.4. Si aucun \u00e9chantillon n&#8217;est command\u00e9, le client ne pourra pas r\u00e9clamer d\u2019\u00e9ventuelles variations mineures de conception ou de couleur entre le v\u00eatement et l\u2019\u00e9preuve num\u00e9rique.<\/p>\n<h2>D\u00e9termination des tailles correctes des v\u00eatements (\u00c9tape 2)<\/h2>\n<p>6.1. Pour d\u00e9terminer les bonnes tailles des v\u00eatements de cyclisme, le guide des tailles disponible sur notre site web peut \u00eatre utilis\u00e9. En cas de mesure correcte et d&#8217;utilisation de l\u2019outil d&#8217;essayage, une garantie d&#8217;ajustement \u00e0 100 % s\u2019applique. Si le v\u00eatement ne convient pas et que le client peut prouver que les mesures ont \u00e9t\u00e9 prises correctement et que la recommandation correspond au produit livr\u00e9, il a droit \u00e0 un nouvel article.<\/p>\n<h2>Paiement (\u00c9tape 3)<\/h2>\n<p>5.1. Apr\u00e8s la finalisation du design, la d\u00e9termination des tailles et \u00e9ventuellement la validation des \u00e9chantillons, vous saisissez vos tailles via notre portail de commande en ligne et proc\u00e9dez au paiement des v\u00eatements.<\/p>\n<p>5.2. Chaque client re\u00e7oit une facture apr\u00e8s le paiement. Il est \u00e9galement possible de demander une facture pour effectuer le paiement ult\u00e9rieurement.<\/p>\n<p>5.3. Une fois le paiement re\u00e7u ou une preuve de paiement fournie, la commande est d\u00e9finitive et la production commence.<\/p>\n<h2>Livraison des v\u00eatements (\u00c9tape 4)<\/h2>\n<p>6.1. Le d\u00e9lai de livraison standard est indiqu\u00e9 sur le site web. Il commence \u00e0 partir du moment o\u00f9 le paiement de la commande est re\u00e7u.<\/p>\n<p>6.2. Une livraison express est disponible. Un suppl\u00e9ment par produit est appliqu\u00e9 pour acc\u00e9l\u00e9rer la production. Si le d\u00e9lai de livraison express indiqu\u00e9 n&#8217;est pas respect\u00e9, le suppl\u00e9ment peut \u00eatre rembours\u00e9. Cependant, un retard de livraison express ne donne pas droit \u00e0 une annulation totale de la commande ni \u00e0 un remboursement int\u00e9gral.<\/p>\n<p>6.3. Les d\u00e9lais de livraison indiqu\u00e9s sont donn\u00e9s \u00e0 titre indicatif et ne peuvent donner lieu \u00e0 aucun droit, sauf accord \u00e9crit. Le client n&#8217;a donc aucun droit \u00e0 un remboursement en cas de retard. Durant le processus de production, des retards peuvent survenir, notamment en raison d\u2019erreurs de production ou de conception (logos et\/ou couleurs). Cela peut entra\u00eener un d\u00e9lai de livraison plus long que pr\u00e9vu. Si TD ne respecte pas un d\u00e9lai de livraison super express de 1 \u00e0 2 semaines mais livre dans un d\u00e9lai de 2 \u00e0 3 semaines, le client a droit \u00e0 un remboursement de la diff\u00e9rence entre la livraison super express et la livraison express. Si le retard est caus\u00e9 par un cas de force majeure d\u00e9montrable (ex. retards impr\u00e9vus, perte de colis, gr\u00e8ves des transporteurs), aucun remboursement des frais express ne sera accord\u00e9.<\/p>\n<p>6.4. Des frais de livraison de 9,95 \u20ac HT sont appliqu\u00e9s \u00e0 chaque commande.<\/p>\n<p>6.5. Si la commande doit \u00eatre livr\u00e9e \u00e0 plusieurs adresses, les frais de livraison correspondants seront factur\u00e9s en cons\u00e9quence.<\/p>\n<p>6.6. Le client re\u00e7oit une notification par e-mail avec un code de suivi d\u00e8s l\u2019exp\u00e9dition des v\u00eatements. En g\u00e9n\u00e9ral, la livraison s\u2019effectue le jour suivant \u00e0 l&#8217;adresse indiqu\u00e9e. Pour les livraisons internationales, les d\u00e9lais peuvent varier.<\/p>\n<p>6.7. Si la livraison ne peut \u00eatre effectu\u00e9e \u00e0 l\u2019adresse fournie par le client, les frais d&#8217;exp\u00e9dition suppl\u00e9mentaires seront \u00e0 la charge du client.<\/p>\n<h2>Conditions de paiement et facturation<\/h2>\n<p>7.1. Tous les montants mentionn\u00e9s dans ces conditions d&#8217;achat sont hors TVA.<\/p>\n<p>7.2. TD Sportswear applique un d\u00e9lai de paiement standard de 7 jours.<\/p>\n<h2>Commandes suppl\u00e9mentaires<\/h2>\n<p>8.1. Le client peut passer une commande suppl\u00e9mentaire par e-mail \u00e0 info@tdsportswear.com ou via le module de conception.<\/p>\n<p>8.2. Aucune quantit\u00e9 minimale n&#8217;est requise pour une commande suppl\u00e9mentaire.<\/p>\n<p>8.4. Les m\u00eames d\u00e9lais de livraison et frais de transport s&#8217;appliquent aux commandes suppl\u00e9mentaires.<\/p>\n<p>8.5. Les co\u00fbts des commandes suppl\u00e9mentaires doivent \u00eatre pay\u00e9s int\u00e9gralement \u00e0 l&#8217;avance.<\/p>\n<h2>Boutiques en ligne et cartes-cadeaux<\/h2>\n<p>9.1. Les clients peuvent acheter des cartes-cadeaux utilisables par leurs employ\u00e9s ou membres d\u2019\u00e9quipe dans la boutique en ligne de TD Sportswear.<\/p>\n<p>9.2. Les cartes-cadeaux sont valables pendant deux ans \u00e0 compter de la date d\u2019achat et ne peuvent \u00eatre utilis\u00e9es que sur la boutique en ligne de TD Sportswear pour les produits et services propos\u00e9s.<\/p>\n<p>9.3. Le client est enti\u00e8rement responsable de l&#8217;achat, de la distribution et de l&#8217;utilisation des cartes-cadeaux par les b\u00e9n\u00e9ficiaires pr\u00e9vus. TD Sportswear n&#8217;est en aucun cas responsable en cas de perte, vol, utilisation frauduleuse ou non-utilisation des cartes-cadeaux par les destinataires.<\/p>\n<p>9.4. Les cartes-cadeaux ne sont ni \u00e9changeables contre de l&#8217;argent liquide, ni contre un cr\u00e9dit, ni contre toute autre forme de compensation financi\u00e8re, quelle qu\u2019en soit la raison.<\/p>\n<p>9.5. Les cartes-cadeaux non utilis\u00e9es dans le d\u00e9lai de validit\u00e9 de deux ans expirent automatiquement et irr\u00e9vocablement. Aucun remboursement, prolongation ou compensation ne sera accord\u00e9 pour les cartes-cadeaux non utilis\u00e9es ou partiellement utilis\u00e9es.<\/p>\n<p>9.6. En achetant une carte-cadeau, le client accepte ces conditions et renonce \u00e0 tout droit de remboursement, compensation ou autre r\u00e9clamation financi\u00e8re li\u00e9e aux cartes-cadeaux, quelles que soient les circonstances.<\/p>\n<p>9.7. Tout litige concernant l\u2019utilisation, la validit\u00e9 ou la distribution des cartes-cadeaux rel\u00e8ve exclusivement de la responsabilit\u00e9 du client et du b\u00e9n\u00e9ficiaire de la carte-cadeau. TD Sportswear n\u2019est pas partie prenante \u00e0 de tels litiges et ne pourra en \u00eatre tenu responsable.[\/vc_column_text][\/vc_column][\/vc_row]\n","protected":false},"excerpt":{"rendered":"<p>[vc_row][vc_column][vc_column_text]Version valable \u00e0 partir du 1er janvier 2021 G\u00e9n\u00e9ral 1.1. Ces conditions d&#8217;achat d\u00e9crivent le processus &hellip;<\/p>\n","protected":false},"author":1,"featured_media":0,"parent":0,"menu_order":0,"comment_status":"closed","ping_status":"closed","template":"","meta":{"_acf_changed":false,"content-type":"","footnotes":""},"class_list":["post-37903","page","type-page","status-publish","hentry"],"acf":[],"yoast_head":"<!-- This site is optimized with the Yoast SEO plugin v24.6 - https:\/\/yoast.com\/wordpress\/plugins\/seo\/ -->\n<title>Conditions de vente pour la conception de v\u00eatements - TD<\/title>\n<meta name=\"description\" content=\"Conditions de vente pour les achats en ligne et hors ligne chez TD sportswear. TD sportswear se r\u00e9serve le droit de modifier les conditions.\" \/>\n<meta name=\"robots\" content=\"index, follow, max-snippet:-1, max-image-preview:large, max-video-preview:-1\" \/>\n<link rel=\"canonical\" href=\"https:\/\/tdsportswear.com\/ch-fr\/conditions-dachat-pour-la-creation-de-vetements\/\" \/>\n<meta property=\"og:locale\" content=\"fr_FR\" \/>\n<meta property=\"og:type\" content=\"article\" \/>\n<meta property=\"og:title\" content=\"Conditions de vente pour la conception de v\u00eatements - TD\" \/>\n<meta property=\"og:description\" content=\"Conditions de vente pour les achats en ligne et hors ligne chez TD sportswear. TD sportswear se r\u00e9serve le droit de modifier les conditions.\" \/>\n<meta property=\"og:url\" content=\"https:\/\/tdsportswear.com\/ch-fr\/conditions-dachat-pour-la-creation-de-vetements\/\" \/>\n<meta property=\"og:site_name\" content=\"TD sportswear - Custom sportswear.\" \/>\n<meta property=\"article:publisher\" content=\"https:\/\/www.facebook.com\/TDsports3\/\" \/>\n<meta property=\"article:modified_time\" content=\"2025-03-05T09:42:51+00:00\" \/>\n<meta name=\"twitter:card\" content=\"summary_large_image\" \/>\n<meta name=\"twitter:site\" content=\"@td_sportswear\" \/>\n<meta name=\"twitter:label1\" content=\"Est. reading time\" \/>\n\t<meta name=\"twitter:data1\" content=\"5 minutes\" \/>\n<script type=\"application\/ld+json\" class=\"yoast-schema-graph\">{\"@context\":\"https:\/\/schema.org\",\"@graph\":[{\"@type\":\"WebPage\",\"@id\":\"https:\/\/tdsportswear.com\/ch-fr\/conditions-dachat-pour-la-creation-de-vetements\/\",\"url\":\"https:\/\/tdsportswear.com\/ch-fr\/conditions-dachat-pour-la-creation-de-vetements\/\",\"name\":\"Conditions de vente pour la conception de v\u00eatements - TD\",\"isPartOf\":{\"@id\":\"https:\/\/tdsportswear.com\/#website\"},\"datePublished\":\"2024-07-22T18:16:29+00:00\",\"dateModified\":\"2025-03-05T09:42:51+00:00\",\"description\":\"Conditions de vente pour les achats en ligne et hors ligne chez TD sportswear. TD sportswear se r\u00e9serve le droit de modifier les conditions.\",\"breadcrumb\":{\"@id\":\"https:\/\/tdsportswear.com\/ch-fr\/conditions-dachat-pour-la-creation-de-vetements\/#breadcrumb\"},\"inLanguage\":\"fr-CH\",\"potentialAction\":[{\"@type\":\"ReadAction\",\"target\":[\"https:\/\/tdsportswear.com\/ch-fr\/conditions-dachat-pour-la-creation-de-vetements\/\"]}]},{\"@type\":\"BreadcrumbList\",\"@id\":\"https:\/\/tdsportswear.com\/ch-fr\/conditions-dachat-pour-la-creation-de-vetements\/#breadcrumb\",\"itemListElement\":[{\"@type\":\"ListItem\",\"position\":1,\"name\":\"Home\",\"item\":\"https:\/\/tdsportswear.com\/ch-fr\/\"},{\"@type\":\"ListItem\",\"position\":2,\"name\":\"Conditions d&#8217;achat pour la cr\u00e9ation de v\u00eatements\"}]},{\"@type\":\"WebSite\",\"@id\":\"https:\/\/tdsportswear.com\/#website\",\"url\":\"https:\/\/tdsportswear.com\/\",\"name\":\"TD sportswear - Custom sportswear.\",\"description\":\"Custom made sportswear cycling, running, triathlon, hockey, football and many more.\",\"publisher\":{\"@id\":\"https:\/\/tdsportswear.com\/#organization\"},\"potentialAction\":[{\"@type\":\"SearchAction\",\"target\":{\"@type\":\"EntryPoint\",\"urlTemplate\":\"https:\/\/tdsportswear.com\/?s={search_term_string}\"},\"query-input\":{\"@type\":\"PropertyValueSpecification\",\"valueRequired\":true,\"valueName\":\"search_term_string\"}}],\"inLanguage\":\"fr-CH\"},{\"@type\":\"Organization\",\"@id\":\"https:\/\/tdsportswear.com\/#organization\",\"name\":\"TD sportswear\",\"url\":\"https:\/\/tdsportswear.com\/\",\"logo\":{\"@type\":\"ImageObject\",\"inLanguage\":\"fr-CH\",\"@id\":\"https:\/\/tdsportswear.com\/#\/schema\/logo\/image\/\",\"url\":\"https:\/\/tdsportswear.com\/wp-content\/uploads\/2017\/09\/Logo-zwart.png\",\"contentUrl\":\"https:\/\/tdsportswear.com\/wp-content\/uploads\/2017\/09\/Logo-zwart.png\",\"width\":455,\"height\":77,\"caption\":\"TD sportswear\"},\"image\":{\"@id\":\"https:\/\/tdsportswear.com\/#\/schema\/logo\/image\/\"},\"sameAs\":[\"https:\/\/www.facebook.com\/TDsports3\/\",\"https:\/\/x.com\/td_sportswear\",\"https:\/\/www.instagram.com\/td.sportswear\/\",\"https:\/\/nl.linkedin.com\/company\/td-sports\"],\"description\":\"TD Sportswear offers high-quality sportswear and accessories for teams and individuals. From cycling jerseys to running clothes, we provide comfortable and stylish solutions for your sporting needs.\",\"address\":{\"@type\":\"PostalAddress\",\"streetAddress\":\"Concourslaan 79\",\"postalCode\":\"8252 GH\",\"addressLocality\":\"Dronten\",\"addressCountry\":\"The Netherlands\"},\"contactPoint\":[{\"@type\":\"ContactPoint\",\"telephone\":\"+33525630909\",\"contactType\":\"Customer Service\"}],\"aggregateRating\":{\"@type\":\"AggregateRating\",\"ratingValue\":4.9,\"reviewCount\":1190,\"bestRating\":\"5\",\"worstRating\":\"1\"}}]}<\/script>\n<!-- \/ Yoast SEO plugin. -->","yoast_head_json":{"title":"Conditions de vente pour la conception de v\u00eatements - TD","description":"Conditions de vente pour les achats en ligne et hors ligne chez TD sportswear. TD sportswear se r\u00e9serve le droit de modifier les conditions.","robots":{"index":"index","follow":"follow","max-snippet":"max-snippet:-1","max-image-preview":"max-image-preview:large","max-video-preview":"max-video-preview:-1"},"canonical":"https:\/\/tdsportswear.com\/ch-fr\/conditions-dachat-pour-la-creation-de-vetements\/","og_locale":"fr_FR","og_type":"article","og_title":"Conditions de vente pour la conception de v\u00eatements - TD","og_description":"Conditions de vente pour les achats en ligne et hors ligne chez TD sportswear. TD sportswear se r\u00e9serve le droit de modifier les conditions.","og_url":"https:\/\/tdsportswear.com\/ch-fr\/conditions-dachat-pour-la-creation-de-vetements\/","og_site_name":"TD sportswear - Custom sportswear.","article_publisher":"https:\/\/www.facebook.com\/TDsports3\/","article_modified_time":"2025-03-05T09:42:51+00:00","twitter_card":"summary_large_image","twitter_site":"@td_sportswear","twitter_misc":{"Est. reading time":"5 minutes"},"schema":{"@context":"https:\/\/schema.org","@graph":[{"@type":"WebPage","@id":"https:\/\/tdsportswear.com\/ch-fr\/conditions-dachat-pour-la-creation-de-vetements\/","url":"https:\/\/tdsportswear.com\/ch-fr\/conditions-dachat-pour-la-creation-de-vetements\/","name":"Conditions de vente pour la conception de v\u00eatements - TD","isPartOf":{"@id":"https:\/\/tdsportswear.com\/#website"},"datePublished":"2024-07-22T18:16:29+00:00","dateModified":"2025-03-05T09:42:51+00:00","description":"Conditions de vente pour les achats en ligne et hors ligne chez TD sportswear. TD sportswear se r\u00e9serve le droit de modifier les conditions.","breadcrumb":{"@id":"https:\/\/tdsportswear.com\/ch-fr\/conditions-dachat-pour-la-creation-de-vetements\/#breadcrumb"},"inLanguage":"fr-CH","potentialAction":[{"@type":"ReadAction","target":["https:\/\/tdsportswear.com\/ch-fr\/conditions-dachat-pour-la-creation-de-vetements\/"]}]},{"@type":"BreadcrumbList","@id":"https:\/\/tdsportswear.com\/ch-fr\/conditions-dachat-pour-la-creation-de-vetements\/#breadcrumb","itemListElement":[{"@type":"ListItem","position":1,"name":"Home","item":"https:\/\/tdsportswear.com\/ch-fr\/"},{"@type":"ListItem","position":2,"name":"Conditions d&#8217;achat pour la cr\u00e9ation de v\u00eatements"}]},{"@type":"WebSite","@id":"https:\/\/tdsportswear.com\/#website","url":"https:\/\/tdsportswear.com\/","name":"TD sportswear - Custom sportswear.","description":"Custom made sportswear cycling, running, triathlon, hockey, football and many more.","publisher":{"@id":"https:\/\/tdsportswear.com\/#organization"},"potentialAction":[{"@type":"SearchAction","target":{"@type":"EntryPoint","urlTemplate":"https:\/\/tdsportswear.com\/?s={search_term_string}"},"query-input":{"@type":"PropertyValueSpecification","valueRequired":true,"valueName":"search_term_string"}}],"inLanguage":"fr-CH"},{"@type":"Organization","@id":"https:\/\/tdsportswear.com\/#organization","name":"TD sportswear","url":"https:\/\/tdsportswear.com\/","logo":{"@type":"ImageObject","inLanguage":"fr-CH","@id":"https:\/\/tdsportswear.com\/#\/schema\/logo\/image\/","url":"https:\/\/tdsportswear.com\/wp-content\/uploads\/2017\/09\/Logo-zwart.png","contentUrl":"https:\/\/tdsportswear.com\/wp-content\/uploads\/2017\/09\/Logo-zwart.png","width":455,"height":77,"caption":"TD sportswear"},"image":{"@id":"https:\/\/tdsportswear.com\/#\/schema\/logo\/image\/"},"sameAs":["https:\/\/www.facebook.com\/TDsports3\/","https:\/\/x.com\/td_sportswear","https:\/\/www.instagram.com\/td.sportswear\/","https:\/\/nl.linkedin.com\/company\/td-sports"],"description":"TD Sportswear offers high-quality sportswear and accessories for teams and individuals. From cycling jerseys to running clothes, we provide comfortable and stylish solutions for your sporting needs.","address":{"@type":"PostalAddress","streetAddress":"Concourslaan 79","postalCode":"8252 GH","addressLocality":"Dronten","addressCountry":"The Netherlands"},"contactPoint":[{"@type":"ContactPoint","telephone":"+33525630909","contactType":"Customer Service"}],"aggregateRating":{"@type":"AggregateRating","ratingValue":4.9,"reviewCount":1190,"bestRating":"5","worstRating":"1"}}]}},"_links":{"self":[{"href":"https:\/\/tdsportswear.com\/ch-fr\/wp-json\/wp\/v2\/pages\/37903","targetHints":{"allow":["GET"]}}],"collection":[{"href":"https:\/\/tdsportswear.com\/ch-fr\/wp-json\/wp\/v2\/pages"}],"about":[{"href":"https:\/\/tdsportswear.com\/ch-fr\/wp-json\/wp\/v2\/types\/page"}],"author":[{"embeddable":true,"href":"https:\/\/tdsportswear.com\/ch-fr\/wp-json\/wp\/v2\/users\/1"}],"replies":[{"embeddable":true,"href":"https:\/\/tdsportswear.com\/ch-fr\/wp-json\/wp\/v2\/comments?post=37903"}],"version-history":[{"count":1,"href":"https:\/\/tdsportswear.com\/ch-fr\/wp-json\/wp\/v2\/pages\/37903\/revisions"}],"predecessor-version":[{"id":72212,"href":"https:\/\/tdsportswear.com\/ch-fr\/wp-json\/wp\/v2\/pages\/37903\/revisions\/72212"}],"wp:attachment":[{"href":"https:\/\/tdsportswear.com\/ch-fr\/wp-json\/wp\/v2\/media?parent=37903"}],"curies":[{"name":"wp","href":"https:\/\/api.w.org\/{rel}","templated":true}]}}