{"id":28734,"date":"2024-07-22T19:30:41","date_gmt":"2024-07-22T17:30:41","guid":{"rendered":"https:\/\/tdsportswear.com\/frequently-asked-questions-faq\/"},"modified":"2025-08-07T10:14:29","modified_gmt":"2025-08-07T08:14:29","slug":"preguntas-frecuentes","status":"publish","type":"page","link":"https:\/\/tdsportswear.com\/es\/preguntas-frecuentes\/","title":{"rendered":"Preguntas frecuentes"},"content":{"rendered":"[vc_row][vc_column][vc_raw_html el_class=&#8221;heading center&#8221; css=&#8221;.vc_custom_1721669541664{padding-bottom: 20px !important;}&#8221;]JTNDaDIlM0VPcmdhbiVDMyVBRHphbG8lMjB0JUMzJUJBJTIwbWlzbW8lMjByJUMzJUExcGlkYW1lbnRlJTNDJTJGaDIlM0U=[\/vc_raw_html][vc_row_inner][vc_column_inner width=&#8221;1\/2&#8243;][vc_column_text]\n<h3><span style=\"font-size: 18pt;\">1. Preguntas sobre precios\/cotizaciones<\/span><\/h3>\n[\/vc_column_text][vc_toggle title=&#8221;\u00bfC\u00f3mo edito una cotizaci\u00f3n?&#8221;]En la cotizaci\u00f3n interactiva, puedes a\u00f1adir o eliminar productos t\u00fa mismo. Tambi\u00e9n puedes ajustar las cantidades f\u00e1cilmente. Si est\u00e1s satisfecho con tu cotizaci\u00f3n, puedes comenzar el proceso de dise\u00f1o directamente desde la cotizaci\u00f3n. Completa tus preferencias y pronto recibir\u00e1s una propuesta no vinculante de nuestros dise\u00f1adores. \u00bfNecesitas asistencia? No dudes en contactarnos por correo electr\u00f3nico a <a href=\"mailto:info@tdsportswear.com\">info@tdsportswear.com<\/a> o ponte en contacto con la persona de ventas indicada al final de esta p\u00e1gina.[\/vc_toggle][vc_toggle title=&#8221;\u00bfCu\u00e1les son los descuentos por grupo\/por niveles?&#8221;]Puedes ver los precios por niveles en las p\u00e1ginas de productos y en la cotizaci\u00f3n para cada producto. Los precios incluyen IVA, env\u00edo y costos de dise\u00f1o. Esto asegura que nunca te sorprendan.[\/vc_toggle][vc_toggle title=&#8221;\u00bfPuedo mezclar y combinar entre las l\u00edneas de ropa?&#8221;]No hay problema. Con nosotros, puedes obtener cada art\u00edculo en una l\u00ednea separada. De esta manera, puedes mezclar y combinar sin fin entre diferentes l\u00edneas de ropa.[\/vc_toggle][vc_toggle title=&#8221;\u00bfPuedo modificar un pedido que ya he realizado?&#8221;]Nuestro objetivo es ser lo m\u00e1s flexibles posible. Una vez que haya comenzado la producci\u00f3n, lamentablemente no podemos hacer cambios en el dise\u00f1o. Sin embargo, a veces podemos ajustar las cantidades. Por favor, env\u00edanos un mensaje lo antes posible a <a href=\"mailto:info@tdsportswear.com\">info@tdsportswear.com<\/a> y veremos qu\u00e9 podemos hacer. Por supuesto, los detalles de la factura y las direcciones de entrega a\u00fan se pueden actualizar.[\/vc_toggle][\/vc_column_inner][vc_column_inner width=&#8221;1\/2&#8243;][vc_column_text]\n<h3><span style=\"font-size: 18pt;\">2. Preguntas sobre el dise\u00f1o<\/span><\/h3>\n[\/vc_column_text][vc_toggle title=&#8221;\u00bfPuedo ampliar mi dise\u00f1o para incluir m\u00e1s productos?&#8221;]\u00a1Absolutamente! Nos encantar\u00eda ampliar tu dise\u00f1o para incluir todos los productos que desees.[\/vc_toggle][vc_toggle title=&#8221;\u00bfPueden crear un logo?&#8221;]Estaremos encantados de hacerlo. Normalmente, esto es gratuito. Pregunta al dise\u00f1ador que trabaja en tu dise\u00f1o sobre las posibilidades.[\/vc_toggle][vc_toggle title=&#8221;\u00bfPuedo descargar una plantilla para dise\u00f1ar yo mismo?&#8221;]Eso es definitivamente posible. Te recomendamos que nos contactes por <a href=\"mailto:design@tdsportswear.com\">design@tdsportswear.com<\/a> para solicitar las plantillas. Luego te enviaremos las plantillas (en formato .ai). Estas plantillas son editables usando Adobe Illustrator.[\/vc_toggle][vc_toggle title=&#8221;\u00bfQu\u00e9 colores puedo elegir?&#8221;]Puedes elegir entre todos los colores CMYK, RGB y Pantone. Si has encontrado un color bonito pero no est\u00e1s seguro de qu\u00e9 modelo de color es, env\u00edanos el color y lo averiguaremos por ti.[\/vc_toggle][vc_toggle title=&#8221;\u00bfQu\u00e9 formato de archivo deben tener los logos?&#8221;]Preferimos recibir los logos en formatos de archivo fuente como: .ai, .eps, .svg. \u00bfNo tienes estos? \u00a1Normalmente no es un problema!<\/p>\n<p>A menudo podemos trabajar con logos de alta calidad en formatos como PDF, JPEG o PNG. \u00bfNo tienes logos en los formatos de archivo anteriores? Env\u00edanos tus logos para que podamos evaluarlos. Adem\u00e1s, tambi\u00e9n ofrecemos la opci\u00f3n de crear un logo simple para ti. Esto suele ser gratuito.[\/vc_toggle][vc_toggle title=&#8221;\u00bfPor qu\u00e9 usan colores Pantone?&#8221;]\nLas m\u00e1quinas modernas de impresi\u00f3n textil solo trabajan con colores Pantone. Los c\u00f3digos de color Pantone ayudan a garantizar la consistencia del color en diferentes productos. Si tienes un c\u00f3digo de color CMYK, RGB u otro, h\u00e1znoslo saber. Luego encontraremos el c\u00f3digo de color Pantone que m\u00e1s se ajuste. Ten en cuenta que para algunos colores, puede no haber una coincidencia exacta con Pantone, y en esos casos, elegiremos un color que sea muy cercano, asegurando que a\u00fan obtengas un atuendo hermoso.<br \/>\n[\/vc_toggle][\/vc_column_inner][\/vc_row_inner][vc_row_inner][vc_column_inner width=&#8221;1\/2&#8243;][vc_column_text]\n<h3><span style=\"font-size: 18pt;\">3. Preguntas sobre tallas<\/span><\/h3>\n[\/vc_column_text][vc_toggle title=&#8221;\u00bfC\u00f3mo determino mi talla?&#8221;]Entonces siempre puedes usar nuestra <a href=\"https:\/\/tdsportswear.com\/es\/tablas-de-tallas\/\">tabla de tallas<\/a>. Esto asegura la selecci\u00f3n correcta de la talla. No dudes, y si mides bien, la talla ser\u00e1 la adecuada. Si, inesperadamente, no encaja perfectamente despu\u00e9s, pero puedes demostrar que seguiste el consejo de talla, recibir\u00e1s ropa nueva de forma gratuita. \u00bfNo puedes resolverlo? Simplemente env\u00eda un correo electr\u00f3nico a <a href=\"mailto:info@tdsportswear.com\">info@tdsportswear.com<\/a>.[\/vc_toggle][vc_toggle title=&#8221;\u00bfC\u00f3mo solicito ropa de prueba?&#8221;]Casi no enviamos ropa de prueba porque hemos desarrollado una alternativa mejor. La ropa de prueba se estira con el tiempo, pero nuestro configurador de talla inteligente ha resuelto esto. Usando el configurador de talla inteligente, tienes una garant\u00eda del 100% de tu talla. Mide con precisi\u00f3n y siempre obtendr\u00e1s la talla correcta. Funciona mejor que la ropa de prueba, en serio :). Consulta el configurador de talla <a href=\"https:\/\/tdsportswear.com\/es\/tablas-de-tallas\/\">aqu\u00ed<\/a>. Si a\u00fan deseas ropa de prueba, es posible en algunos casos. Solo env\u00eda una solicitud a <a href=\"mailto:info@tdsportswear.com\">info@tdsportswear.com<\/a>.[\/vc_toggle][\/vc_column_inner][vc_column_inner width=&#8221;1\/2&#8243;][vc_column_text]\n<h3><span style=\"font-size: 18pt;\">4. Entrega<\/span><\/h3>\n[\/vc_column_text][vc_toggle title=&#8221;\u00bfCu\u00e1l es el estado de mi pedido?&#8221;]Siempre puedes enviar un correo electr\u00f3nico a <a href=\"mailto:info@tdsportswear.com\">info@tdsportswear.com<\/a> para solicitar una actualizaci\u00f3n sobre la entrega. Si tu entrega ha estado en tr\u00e1nsito por menos de 3 semanas, te pedimos amablemente que tengas paciencia.[\/vc_toggle][vc_toggle title=&#8221;\u00bfPuedo hacer un pedido urgente?&#8221;]\u00bfEs urgente? Habla con nosotros sobre opciones de pedido acelerado llamando a nuestro n\u00famero de contacto de ventas a continuaci\u00f3n. En algunos casos, podemos entregar pedidos en 1 semana. Descubriremos el tiempo de entrega m\u00e1s r\u00e1pido posible para ti. Ten en cuenta que pueden aplicarse cargos adicionales para pedidos urgentes.[\/vc_toggle][vc_toggle title=&#8221;\u00bfRecibir\u00e9 un rastreo?&#8221;]Despu\u00e9s de un promedio de 1 a 3 semanas, tu paquete de nuestra producci\u00f3n llega a los Pa\u00edses Bajos. Recibir\u00e1s un rastreo una vez que el paquete est\u00e9 registrado en los Pa\u00edses Bajos. Normalmente, recibir\u00e1s tu ropa dentro de 24 horas a trav\u00e9s de PostNL despu\u00e9s de eso.[\/vc_toggle][vc_toggle title=&#8221;\u00bfCu\u00e1l es el tiempo de entrega?&#8221;]Nos esforzamos por entregar pedidos en un promedio de 1 a 3 semanas. El tiempo de entrega comienza desde el momento en que se recibe el pago. No podemos proporcionar garant\u00edas firmes porque dependemos de terceros para el env\u00edo, y durante los per\u00edodos de mayor actividad, puede haber peque\u00f1os retrasos.[\/vc_toggle][\/vc_column_inner][\/vc_row_inner][vc_row_inner][vc_column_inner width=&#8221;1\/2&#8243;][vc_column_text]\n<h3><span style=\"font-size: 18pt;\">5. Garant\u00edas e instrucciones de cuidado<\/span><\/h3>\n[\/vc_column_text][vc_toggle title=&#8221;\u00bfCu\u00e1nto dura el per\u00edodo de garant\u00eda?&#8221;]Cuando se usa correctamente, la ropa durar\u00e1 a\u00f1os. Sin embargo, es esencial usarla y <a href=\"https:\/\/tdsportswear.com\/washing-instructions\/\">lavarla<\/a> adecuadamente. Si tu ropa se da\u00f1a debido a un defecto t\u00e9cnico dentro de un a\u00f1o, por favor env\u00eda una foto del art\u00edculo da\u00f1ado a <a href=\"mailto:info@tdsportswear.com\">info@tdsportswear.com<\/a> junto con una breve descripci\u00f3n de tu queja, y encontraremos una soluci\u00f3n.[\/vc_toggle][vc_toggle title=&#8221;\u00bfC\u00f3mo debo lavar mi ropa?&#8221;]Es incre\u00edblemente importante lavar tu ropa correctamente. Por lo tanto, por favor lee el consejo de lavado <a style=\"text-decoration: underline;\" href=\"https:\/\/tdsportswear.com\/washing-instructions\/\">aqu\u00ed<\/a> para mantener tu ropa hermosa por mucho tiempo.[\/vc_toggle][\/vc_column_inner][vc_column_inner width=&#8221;1\/2&#8243;][vc_column_text]\n<h3><span style=\"font-size: 18pt;\">6. Reordenar<\/span><\/h3>\n[\/vc_column_text][vc_toggle title=&#8221;\u00bfC\u00f3mo funcionan los reordenes?&#8221;]En nuestra empresa, puedes reordenar a partir de 1 pieza. Ordena a trav\u00e9s de tu portal de clientes o env\u00edanos un correo electr\u00f3nico expresando tu deseo de reordenar a <a href=\"mailto:info@tdsportswear.com\">info@tdsportswear.com<\/a>. Uno de nuestros colegas te enviar\u00e1 un enlace de pedido para que puedas realizar un nuevo pedido desde all\u00ed. Hemos guardado tu dise\u00f1o para ti, por lo que puedes esperar que utilicemos el mismo dise\u00f1o.[\/vc_toggle][vc_toggle title=&#8221;\u00bfQu\u00e9 almohadillas de badana se utilizan en los pantalones cortos?&#8221;]Nada es tan molesto como el dolor de silla. Por eso solo usamos almohadillas de badana de la m\u00e1s alta calidad. Incluso nuestras almohadillas de badana &#8216;b\u00e1sicas&#8217; son superiores a la media, y a medida que avanzas a niveles m\u00e1s altos, la calidad de la badana aumentar\u00e1. Colaboramos exclusivamente con marcas como Dolomiti y Elastic Interface en este aspecto. Calidad profesional garantizada.[\/vc_toggle][vc_toggle title=&#8221;Diferencias entre la ropa de mujeres y la de hombres&#8221;]En muchos casos, el cuerpo de un hombre y una mujer no es el mismo. Por eso tenemos ajustes especiales para hombres y mujeres. La ropa de mujer est\u00e1 ligeramente m\u00e1s ajustada para adaptarse mejor al cuerpo. Adem\u00e1s, las tablas de tallas tambi\u00e9n son algo diferentes. Por lo tanto, siempre consulta la tabla de tallas que sea adecuada para ti.[\/vc_toggle][\/vc_column_inner][\/vc_row_inner][vc_row_inner][vc_column_inner width=&#8221;1\/2&#8243;][vc_column_text]\n<h3><span style=\"font-size: 18pt;\">7. Facturas<\/span><\/h3>\n[\/vc_column_text][vc_toggle title=&#8221;\u00bfPuedo dividir una factura?&#8221;]\u00a1Absolutamente! Por favor informa a tu persona de contacto por correo electr\u00f3nico sobre el monto que deseas ver en cada factura. Para cada factura, nos gustar\u00eda recibir el nombre de la empresa, la direcci\u00f3n de correo electr\u00f3nico y la direcci\u00f3n de facturaci\u00f3n.[\/vc_toggle][vc_toggle title=&#8221;\u00bfPuedo ajustar una factura?&#8221;]\u00a1Por supuesto! Puedes enviar esta solicitud a <a href=\"mailto:finance@tdsportswear.com\">finance@tdsportswear.com<\/a>. Haznos saber por correo electr\u00f3nico qu\u00e9 cambios deseas, y nos aseguraremos de que recibas una nueva factura.[\/vc_toggle][vc_toggle title=&#8221;\u00bfPuedo a\u00f1adir algo a mi factura?&#8221;]\u00a1Por supuesto! Puedes enviar esta solicitud a <a href=\"mailto:finance@tdsportswear.com\">finance@tdsportswear.com<\/a>. Haznos saber por correo electr\u00f3nico qu\u00e9 te gustar\u00eda a\u00f1adir, y nos aseguraremos de que recibas una nueva factura.[\/vc_toggle][vc_toggle title=&#8221;\u00bfPuedo trasladar el IVA?&#8221;]Eso es posible. Proporci\u00f3nanos un n\u00famero de IVA v\u00e1lido. Puedes verificar esto en el sitio web de la Comisi\u00f3n Europea usando <a href=\"https:\/\/ec.europa.eu\/taxation_customs\/vies\/#\/vat-validation\"><span style=\"text-decoration: underline;\">este enlace<\/span><\/a>. Luego, nos aseguraremos de que este n\u00famero de IVA se coloque en la factura y de que no se calcule IVA en el monto total de la factura.<br \/>\n[\/vc_toggle][\/vc_column_inner][\/vc_row_inner][\/vc_column][\/vc_row][vc_column width=&#8221;1\/2&#8243; el_class=&#8221;pr-md-3&#8243;][\/vc_column]\n","protected":false},"excerpt":{"rendered":"<p>[vc_row][vc_column][vc_raw_html el_class=&#8221;heading center&#8221; css=&#8221;.vc_custom_1721669541664{padding-bottom: 20px !important;}&#8221;]JTNDaDIlM0VPcmdhbiVDMyVBRHphbG8lMjB0JUMzJUJBJTIwbWlzbW8lMjByJUMzJUExcGlkYW1lbnRlJTNDJTJGaDIlM0U=[\/vc_raw_html][vc_row_inner][vc_column_inner width=&#8221;1\/2&#8243;][vc_column_text] 1. Preguntas sobre precios\/cotizaciones [\/vc_column_text][vc_toggle title=&#8221;\u00bfC\u00f3mo edito una cotizaci\u00f3n?&#8221;]En &hellip;<\/p>\n","protected":false},"author":1,"featured_media":0,"parent":0,"menu_order":0,"comment_status":"closed","ping_status":"closed","template":"","meta":{"_acf_changed":false,"content-type":"","footnotes":""},"class_list":["post-28734","page","type-page","status-publish","hentry"],"acf":[],"yoast_head":"<!-- This site is optimized with the Yoast SEO plugin v24.6 - https:\/\/yoast.com\/wordpress\/plugins\/seo\/ -->\n<title>Preguntas Frecuentes sobre Ropa Deportiva Personalizada - TD<\/title>\n<meta name=\"description\" content=\"Lee las preguntas frecuentes aqu\u00ed para encontrar respuestas a todas tus dudas. Si no encuentras lo que buscas, h\u00e1znoslo saber.\" \/>\n<meta name=\"robots\" content=\"index, follow, max-snippet:-1, max-image-preview:large, max-video-preview:-1\" \/>\n<link rel=\"canonical\" href=\"https:\/\/tdsportswear.com\/es\/preguntas-frecuentes\/\" \/>\n<meta property=\"og:locale\" content=\"es_ES\" \/>\n<meta property=\"og:type\" content=\"article\" \/>\n<meta property=\"og:title\" content=\"Preguntas Frecuentes sobre Ropa Deportiva Personalizada - TD\" \/>\n<meta property=\"og:description\" content=\"Lee las preguntas frecuentes aqu\u00ed para encontrar respuestas a todas tus dudas. Si no encuentras lo que buscas, h\u00e1znoslo saber.\" \/>\n<meta property=\"og:url\" content=\"https:\/\/tdsportswear.com\/es\/preguntas-frecuentes\/\" \/>\n<meta property=\"og:site_name\" content=\"TD sportswear - Custom sportswear.\" \/>\n<meta property=\"article:publisher\" content=\"https:\/\/www.facebook.com\/TDsports3\/\" \/>\n<meta property=\"article:modified_time\" content=\"2025-08-07T08:14:29+00:00\" \/>\n<meta name=\"twitter:card\" content=\"summary_large_image\" \/>\n<meta name=\"twitter:site\" content=\"@td_sportswear\" \/>\n<meta name=\"twitter:label1\" content=\"Tiempo de lectura\" \/>\n\t<meta name=\"twitter:data1\" content=\"6 minutos\" \/>\n<script type=\"application\/ld+json\" class=\"yoast-schema-graph\">{\"@context\":\"https:\/\/schema.org\",\"@graph\":[{\"@type\":\"WebPage\",\"@id\":\"https:\/\/tdsportswear.com\/es\/preguntas-frecuentes\/\",\"url\":\"https:\/\/tdsportswear.com\/es\/preguntas-frecuentes\/\",\"name\":\"Preguntas Frecuentes sobre Ropa Deportiva Personalizada - TD\",\"isPartOf\":{\"@id\":\"https:\/\/tdsportswear.com\/#website\"},\"datePublished\":\"2024-07-22T17:30:41+00:00\",\"dateModified\":\"2025-08-07T08:14:29+00:00\",\"description\":\"Lee las preguntas frecuentes aqu\u00ed para encontrar respuestas a todas tus dudas. Si no encuentras lo que buscas, h\u00e1znoslo saber.\",\"breadcrumb\":{\"@id\":\"https:\/\/tdsportswear.com\/es\/preguntas-frecuentes\/#breadcrumb\"},\"inLanguage\":\"es\",\"potentialAction\":[{\"@type\":\"ReadAction\",\"target\":[\"https:\/\/tdsportswear.com\/es\/preguntas-frecuentes\/\"]}]},{\"@type\":\"BreadcrumbList\",\"@id\":\"https:\/\/tdsportswear.com\/es\/preguntas-frecuentes\/#breadcrumb\",\"itemListElement\":[{\"@type\":\"ListItem\",\"position\":1,\"name\":\"Home\",\"item\":\"https:\/\/tdsportswear.com\/es\/\"},{\"@type\":\"ListItem\",\"position\":2,\"name\":\"Preguntas frecuentes\"}]},{\"@type\":\"WebSite\",\"@id\":\"https:\/\/tdsportswear.com\/#website\",\"url\":\"https:\/\/tdsportswear.com\/\",\"name\":\"TD sportswear - Custom sportswear.\",\"description\":\"Custom made sportswear cycling, running, triathlon, hockey, football and many more.\",\"publisher\":{\"@id\":\"https:\/\/tdsportswear.com\/#organization\"},\"potentialAction\":[{\"@type\":\"SearchAction\",\"target\":{\"@type\":\"EntryPoint\",\"urlTemplate\":\"https:\/\/tdsportswear.com\/?s={search_term_string}\"},\"query-input\":{\"@type\":\"PropertyValueSpecification\",\"valueRequired\":true,\"valueName\":\"search_term_string\"}}],\"inLanguage\":\"es\"},{\"@type\":\"Organization\",\"@id\":\"https:\/\/tdsportswear.com\/#organization\",\"name\":\"TD sportswear\",\"url\":\"https:\/\/tdsportswear.com\/\",\"logo\":{\"@type\":\"ImageObject\",\"inLanguage\":\"es\",\"@id\":\"https:\/\/tdsportswear.com\/#\/schema\/logo\/image\/\",\"url\":\"https:\/\/tdsportswear.com\/wp-content\/uploads\/2017\/09\/Logo-zwart.png\",\"contentUrl\":\"https:\/\/tdsportswear.com\/wp-content\/uploads\/2017\/09\/Logo-zwart.png\",\"width\":455,\"height\":77,\"caption\":\"TD sportswear\"},\"image\":{\"@id\":\"https:\/\/tdsportswear.com\/#\/schema\/logo\/image\/\"},\"sameAs\":[\"https:\/\/www.facebook.com\/TDsports3\/\",\"https:\/\/x.com\/td_sportswear\",\"https:\/\/www.instagram.com\/td.sportswear\/\",\"https:\/\/nl.linkedin.com\/company\/td-sports\"],\"description\":\"TD Sportswear offers high-quality sportswear and accessories for teams and individuals. From cycling jerseys to running clothes, we provide comfortable and stylish solutions for your sporting needs.\",\"address\":{\"@type\":\"PostalAddress\",\"streetAddress\":\"Concourslaan 79\",\"postalCode\":\"8252 GH\",\"addressLocality\":\"Dronten\",\"addressCountry\":\"The Netherlands\"},\"contactPoint\":[{\"@type\":\"ContactPoint\",\"telephone\":\"+31623329942\",\"contactType\":\"Customer Service\"}],\"aggregateRating\":{\"@type\":\"AggregateRating\",\"ratingValue\":4.9,\"reviewCount\":1190,\"bestRating\":\"5\",\"worstRating\":\"1\"}}]}<\/script>\n<!-- \/ Yoast SEO plugin. -->","yoast_head_json":{"title":"Preguntas Frecuentes sobre Ropa Deportiva Personalizada - TD","description":"Lee las preguntas frecuentes aqu\u00ed para encontrar respuestas a todas tus dudas. Si no encuentras lo que buscas, h\u00e1znoslo saber.","robots":{"index":"index","follow":"follow","max-snippet":"max-snippet:-1","max-image-preview":"max-image-preview:large","max-video-preview":"max-video-preview:-1"},"canonical":"https:\/\/tdsportswear.com\/es\/preguntas-frecuentes\/","og_locale":"es_ES","og_type":"article","og_title":"Preguntas Frecuentes sobre Ropa Deportiva Personalizada - TD","og_description":"Lee las preguntas frecuentes aqu\u00ed para encontrar respuestas a todas tus dudas. Si no encuentras lo que buscas, h\u00e1znoslo saber.","og_url":"https:\/\/tdsportswear.com\/es\/preguntas-frecuentes\/","og_site_name":"TD sportswear - Custom sportswear.","article_publisher":"https:\/\/www.facebook.com\/TDsports3\/","article_modified_time":"2025-08-07T08:14:29+00:00","twitter_card":"summary_large_image","twitter_site":"@td_sportswear","twitter_misc":{"Tiempo de lectura":"6 minutos"},"schema":{"@context":"https:\/\/schema.org","@graph":[{"@type":"WebPage","@id":"https:\/\/tdsportswear.com\/es\/preguntas-frecuentes\/","url":"https:\/\/tdsportswear.com\/es\/preguntas-frecuentes\/","name":"Preguntas Frecuentes sobre Ropa Deportiva Personalizada - TD","isPartOf":{"@id":"https:\/\/tdsportswear.com\/#website"},"datePublished":"2024-07-22T17:30:41+00:00","dateModified":"2025-08-07T08:14:29+00:00","description":"Lee las preguntas frecuentes aqu\u00ed para encontrar respuestas a todas tus dudas. Si no encuentras lo que buscas, h\u00e1znoslo saber.","breadcrumb":{"@id":"https:\/\/tdsportswear.com\/es\/preguntas-frecuentes\/#breadcrumb"},"inLanguage":"es","potentialAction":[{"@type":"ReadAction","target":["https:\/\/tdsportswear.com\/es\/preguntas-frecuentes\/"]}]},{"@type":"BreadcrumbList","@id":"https:\/\/tdsportswear.com\/es\/preguntas-frecuentes\/#breadcrumb","itemListElement":[{"@type":"ListItem","position":1,"name":"Home","item":"https:\/\/tdsportswear.com\/es\/"},{"@type":"ListItem","position":2,"name":"Preguntas frecuentes"}]},{"@type":"WebSite","@id":"https:\/\/tdsportswear.com\/#website","url":"https:\/\/tdsportswear.com\/","name":"TD sportswear - Custom sportswear.","description":"Custom made sportswear cycling, running, triathlon, hockey, football and many more.","publisher":{"@id":"https:\/\/tdsportswear.com\/#organization"},"potentialAction":[{"@type":"SearchAction","target":{"@type":"EntryPoint","urlTemplate":"https:\/\/tdsportswear.com\/?s={search_term_string}"},"query-input":{"@type":"PropertyValueSpecification","valueRequired":true,"valueName":"search_term_string"}}],"inLanguage":"es"},{"@type":"Organization","@id":"https:\/\/tdsportswear.com\/#organization","name":"TD sportswear","url":"https:\/\/tdsportswear.com\/","logo":{"@type":"ImageObject","inLanguage":"es","@id":"https:\/\/tdsportswear.com\/#\/schema\/logo\/image\/","url":"https:\/\/tdsportswear.com\/wp-content\/uploads\/2017\/09\/Logo-zwart.png","contentUrl":"https:\/\/tdsportswear.com\/wp-content\/uploads\/2017\/09\/Logo-zwart.png","width":455,"height":77,"caption":"TD sportswear"},"image":{"@id":"https:\/\/tdsportswear.com\/#\/schema\/logo\/image\/"},"sameAs":["https:\/\/www.facebook.com\/TDsports3\/","https:\/\/x.com\/td_sportswear","https:\/\/www.instagram.com\/td.sportswear\/","https:\/\/nl.linkedin.com\/company\/td-sports"],"description":"TD Sportswear offers high-quality sportswear and accessories for teams and individuals. From cycling jerseys to running clothes, we provide comfortable and stylish solutions for your sporting needs.","address":{"@type":"PostalAddress","streetAddress":"Concourslaan 79","postalCode":"8252 GH","addressLocality":"Dronten","addressCountry":"The Netherlands"},"contactPoint":[{"@type":"ContactPoint","telephone":"+31623329942","contactType":"Customer Service"}],"aggregateRating":{"@type":"AggregateRating","ratingValue":4.9,"reviewCount":1190,"bestRating":"5","worstRating":"1"}}]}},"_links":{"self":[{"href":"https:\/\/tdsportswear.com\/es\/wp-json\/wp\/v2\/pages\/28734","targetHints":{"allow":["GET"]}}],"collection":[{"href":"https:\/\/tdsportswear.com\/es\/wp-json\/wp\/v2\/pages"}],"about":[{"href":"https:\/\/tdsportswear.com\/es\/wp-json\/wp\/v2\/types\/page"}],"author":[{"embeddable":true,"href":"https:\/\/tdsportswear.com\/es\/wp-json\/wp\/v2\/users\/1"}],"replies":[{"embeddable":true,"href":"https:\/\/tdsportswear.com\/es\/wp-json\/wp\/v2\/comments?post=28734"}],"version-history":[{"count":5,"href":"https:\/\/tdsportswear.com\/es\/wp-json\/wp\/v2\/pages\/28734\/revisions"}],"predecessor-version":[{"id":92388,"href":"https:\/\/tdsportswear.com\/es\/wp-json\/wp\/v2\/pages\/28734\/revisions\/92388"}],"wp:attachment":[{"href":"https:\/\/tdsportswear.com\/es\/wp-json\/wp\/v2\/media?parent=28734"}],"curies":[{"name":"wp","href":"https:\/\/api.w.org\/{rel}","templated":true}]}}