{"id":28748,"date":"2024-07-22T19:36:44","date_gmt":"2024-07-22T17:36:44","guid":{"rendered":"https:\/\/tdsportswear.com\/nuestra-mision\/"},"modified":"2024-07-22T19:38:08","modified_gmt":"2024-07-22T17:38:08","slug":"nuestra-mision","status":"publish","type":"page","link":"https:\/\/tdsportswear.com\/es\/nuestra-mision\/","title":{"rendered":"Nuestra misi\u00f3n"},"content":{"rendered":"[vc_row css=&#8221;.vc_custom_1658136631618{margin-right: 0px !important;margin-left: 0px !important;padding-top: 180px !important;padding-right: 0px !important;padding-bottom: 180px !important;padding-left: 0px !important;background: #444444 url(https:\/\/tdsportswear.com\/wp-content\/uploads\/2022\/03\/Banner-1-scaled.jpg?id=13334) !important;background-position: center !important;background-repeat: no-repeat !important;background-size: cover !important;}&#8221; el_class=&#8221;about-top&#8221;][vc_column][vc_custom_heading text=&#8221;Nuestra misi\u00f3n&#8221; font_container=&#8221;tag:h1|font_size:55|text_align:center|color:%23ffffff&#8221; use_theme_fonts=&#8221;yes&#8221; sub_heading_tag=&#8221;h2&#8243;][\/vc_column][\/vc_row][vc_row css=&#8221;.vc_custom_1658136543827{margin-top: 30px !important;margin-bottom: 30px !important;}&#8221;][vc_column][vc_custom_heading text=&#8221;Conoce a nuestro fundador, Tjeerd&#8221; font_container=&#8221;tag:h2|font_size:36|text_align:center|color:%23202020&#8243; use_theme_fonts=&#8221;yes&#8221; sub_heading=&#8221;Tjeerd Douma&#8221; sub_heading_tag=&#8221;h2&#8243;][vc_single_image image=&#8221;28750&#8243; img_size=&#8221;full&#8221; alignment=&#8221;center&#8221; css_animation=&#8221;top-to-bottom&#8221; css=&#8221;.vc_custom_1502968058929{margin-bottom: 0px !important;}&#8221;][vc_column_text]\n<h3>YO QUER\u00cdA ROPA DEPORTIVA PERSONALIZADA, AL IGUAL QUE USTEDES<\/h3>\n<p>Yo (Tjeerd Douma) una vez quise crear ropa deportiva personalizada para mi propio grupo de amigos y relaciones comerciales. Completa con mi logo y colores, principalmente para regalar, para que todos pudi\u00e9ramos vestir con los mismos atuendos. En ese momento, pas\u00e9 meses en un proceso extremadamente lento. Solo recib\u00ed el dise\u00f1o despu\u00e9s de mucho tiempo, determinar las tallas era muy complicado, y la entrega tom\u00f3 meses. Finalmente, cuando llegaron las prendas, la calidad fue decepcionante. Faltaban art\u00edculos, los colores parec\u00edan diferentes y el ajuste era terrible. El mensaje fue &#8216;lo siento&#8217;, no podemos ayudarte. Ah\u00ed est\u00e1s con tu gran caja llena de ropa inutilizable. \u00bfY ahora qu\u00e9?<\/p>\n<h3>UFF, FINALMENTE LA ROPA ADECUADA<\/h3>\n<p>Estaba decidido a obtener buenos atuendos para mis amigos y asociados comerciales. As\u00ed que decid\u00ed tomar el asunto en mis propias manos y buscar un proveedor que pudiera crear los atuendos perfectos conmigo. Es bastante dif\u00edcil determinar cu\u00e1ntos cent\u00edmetros de ancho debe tener una camisa o a qu\u00e9 altura debe estar el cuello. Despu\u00e9s de luchar con tallas, colores, telas y varias entregas de prueba, obtuve unos atuendos hermosos. Eran tan buenos que no solo a mis amigos les encantaron. Otros asociados comerciales y conocidos tambi\u00e9n quer\u00edan ropa personalizada como la m\u00eda. Est\u00e1 bien, ayudar\u00e9 a mis amigos y conocidos a obtener su equipo de ciclismo y carrera personalizado. Pens\u00e9 que ser\u00eda un peque\u00f1o esfuerzo de mi parte.<\/p>\n<h3>EL NACIMIENTO DE TD<\/h3>\n<p>Pronto, comenc\u00e9 a recibir solicitudes de personas que ni siquiera conoc\u00eda personalmente. \u00bfPodr\u00eda hacerles tambi\u00e9n ropa personalizada? Ese fue el momento en que me di cuenta de que hab\u00eda una gran demanda de ropa deportiva de buena calidad con logos y colores personalizados. Tom\u00e9 nota de los deseos de las personas y entregu\u00e9 en aproximadamente 4 semanas en ese momento. Y con buena calidad tambi\u00e9n. Aparentemente, era mucho m\u00e1s r\u00e1pido de lo que la gente estaba acostumbrada en ese entonces. Las solicitudes siguieron llegando, as\u00ed que comenc\u00e9 TD. En poco tiempo, ten\u00eda un equipo a mi alrededor ayudando a cientos de grupos con ropa deportiva personalizada cada mes.<\/p>\n<h3>Y AHORA PARA SEGUIR ADELANTE<\/h3>\n<p>Despu\u00e9s del en\u00e9simo equipo, uno comienza a darse cuenta de que hay una enorme demanda de ropa deportiva. Tambi\u00e9n ves que realmente puedes destacarte al ser r\u00e1pido y elegir tejidos de alta calidad. Ese fue el momento en que decidimos que TD deber\u00eda ser el proveedor m\u00e1s r\u00e1pido y solo trabajar con los mejores tejidos. No es bueno para nuestros clientes ni para nosotros si somos lentos y tambi\u00e9n entregamos una calidad mediocre. Eso alejar\u00eda a la gente, y como al principio, queremos que la gente hable de nuestra alta calidad y velocidad.<\/p>\n<h3>HACIA EL FUTURO<\/h3>\n<p>Ahora vendemos ropa deportiva personalizada a muchos equipos y empresas en todo el mundo. A veces 1 pieza, a veces 10,000, y todo lo que hay en medio. Desde personas felices hasta personas que no est\u00e1n inmediatamente felices. Sin embargo, en TD, siempre haremos todo lo posible para eventualmente hacer feliz a un cliente. Y lo estamos haciendo bien ahora que nos acercamos a las 500 rese\u00f1as con la puntuaci\u00f3n m\u00e1xima. Comenc\u00e9 TD porque quer\u00eda hacerlo mejor, y esa es exactamente la mentalidad que a\u00fan tenemos hoy. Si vienes a nosotros, ser\u00e1s tratado como un rey. Siempre la entrega m\u00e1s r\u00e1pida, siempre la mejor calidad, y haremos todo lo posible para hacerte feliz. Estamos a\u00f1adiendo nuevos miembros al equipo, siendo m\u00e1s activos en el extranjero y trabajando duro cada d\u00eda con nuestro equipo en Europa y en los sitios de producci\u00f3n en Europa y Asia. Todo con una cosa en mente: mostraremos al cliente que somos los mejores con ropa personalizada para ti y tu equipo.<\/p>\n<h3>AHORA ES TU TURNO<\/h3>\n<p>Escrib\u00ed este texto despu\u00e9s de una aventura de muchos a\u00f1os, mientras tambi\u00e9n me doy cuenta de que a\u00fan queda mucha belleza por venir. Sin nuestros clientes, no somos nada. Esperamos poder ayudarte tambi\u00e9n y mostrarte que t\u00fa tambi\u00e9n puedes brillar con tu ropa de equipo personalizada. Cont\u00e1ctanos, crea un dise\u00f1o o p\u00eddenos que hagamos algo. \u00a1Te dejaremos impresionado!<\/p>\n[\/vc_column_text][\/vc_column][\/vc_row]\n","protected":false},"excerpt":{"rendered":"<p>[vc_row css=&#8221;.vc_custom_1658136631618{margin-right: 0px !important;margin-left: 0px !important;padding-top: 180px !important;padding-right: 0px !important;padding-bottom: 180px !important;padding-left: 0px !important;background: #444444 url(https:\/\/tdsportswear.com\/wp-content\/uploads\/2022\/03\/Banner-1-scaled.jpg?id=13334) &hellip;<\/p>\n","protected":false},"author":1,"featured_media":0,"parent":0,"menu_order":0,"comment_status":"closed","ping_status":"closed","template":"page-templates\/page-template.php","meta":{"_acf_changed":false,"content-type":"","footnotes":""},"class_list":["post-28748","page","type-page","status-publish","hentry"],"acf":[],"yoast_head":"<!-- This site is optimized with the Yoast SEO plugin v24.6 - https:\/\/yoast.com\/wordpress\/plugins\/seo\/ -->\n<title>La misi\u00f3n de TD: Crear la mejor ropa deportiva personalizada<\/title>\n<meta name=\"description\" content=\"La misi\u00f3n comienza con la pasi\u00f3n de un hombre. Una verdadera pasi\u00f3n por el ciclismo y la ropa deportiva. La historia de c\u00f3mo comenz\u00f3 TD.\" \/>\n<meta name=\"robots\" content=\"index, follow, max-snippet:-1, max-image-preview:large, max-video-preview:-1\" \/>\n<link rel=\"canonical\" href=\"https:\/\/tdsportswear.com\/es\/nuestra-mision\/\" \/>\n<meta property=\"og:locale\" content=\"es_ES\" \/>\n<meta property=\"og:type\" content=\"article\" \/>\n<meta property=\"og:title\" content=\"La misi\u00f3n de TD: Crear la mejor ropa deportiva personalizada\" \/>\n<meta property=\"og:description\" content=\"La misi\u00f3n comienza con la pasi\u00f3n de un hombre. Una verdadera pasi\u00f3n por el ciclismo y la ropa deportiva. La historia de c\u00f3mo comenz\u00f3 TD.\" \/>\n<meta property=\"og:url\" content=\"https:\/\/tdsportswear.com\/es\/nuestra-mision\/\" \/>\n<meta property=\"og:site_name\" content=\"TD sportswear - Custom sportswear.\" \/>\n<meta property=\"article:publisher\" content=\"https:\/\/www.facebook.com\/TDsports3\/\" \/>\n<meta property=\"article:modified_time\" content=\"2024-07-22T17:38:08+00:00\" \/>\n<meta name=\"twitter:card\" content=\"summary_large_image\" \/>\n<meta name=\"twitter:site\" content=\"@td_sportswear\" \/>\n<meta name=\"twitter:label1\" content=\"Tiempo de lectura\" \/>\n\t<meta name=\"twitter:data1\" content=\"4 minutos\" \/>\n<script type=\"application\/ld+json\" class=\"yoast-schema-graph\">{\"@context\":\"https:\/\/schema.org\",\"@graph\":[{\"@type\":\"WebPage\",\"@id\":\"https:\/\/tdsportswear.com\/es\/nuestra-mision\/\",\"url\":\"https:\/\/tdsportswear.com\/es\/nuestra-mision\/\",\"name\":\"La misi\u00f3n de TD: Crear la mejor ropa deportiva personalizada\",\"isPartOf\":{\"@id\":\"https:\/\/tdsportswear.com\/#website\"},\"datePublished\":\"2024-07-22T17:36:44+00:00\",\"dateModified\":\"2024-07-22T17:38:08+00:00\",\"description\":\"La misi\u00f3n comienza con la pasi\u00f3n de un hombre. Una verdadera pasi\u00f3n por el ciclismo y la ropa deportiva. La historia de c\u00f3mo comenz\u00f3 TD.\",\"breadcrumb\":{\"@id\":\"https:\/\/tdsportswear.com\/es\/nuestra-mision\/#breadcrumb\"},\"inLanguage\":\"es\",\"potentialAction\":[{\"@type\":\"ReadAction\",\"target\":[\"https:\/\/tdsportswear.com\/es\/nuestra-mision\/\"]}]},{\"@type\":\"BreadcrumbList\",\"@id\":\"https:\/\/tdsportswear.com\/es\/nuestra-mision\/#breadcrumb\",\"itemListElement\":[{\"@type\":\"ListItem\",\"position\":1,\"name\":\"Home\",\"item\":\"https:\/\/tdsportswear.com\/es\/\"},{\"@type\":\"ListItem\",\"position\":2,\"name\":\"Nuestra misi\u00f3n\"}]},{\"@type\":\"WebSite\",\"@id\":\"https:\/\/tdsportswear.com\/#website\",\"url\":\"https:\/\/tdsportswear.com\/\",\"name\":\"TD sportswear - Custom sportswear.\",\"description\":\"Custom made sportswear cycling, running, triathlon, hockey, football and many more.\",\"publisher\":{\"@id\":\"https:\/\/tdsportswear.com\/#organization\"},\"potentialAction\":[{\"@type\":\"SearchAction\",\"target\":{\"@type\":\"EntryPoint\",\"urlTemplate\":\"https:\/\/tdsportswear.com\/?s={search_term_string}\"},\"query-input\":{\"@type\":\"PropertyValueSpecification\",\"valueRequired\":true,\"valueName\":\"search_term_string\"}}],\"inLanguage\":\"es\"},{\"@type\":\"Organization\",\"@id\":\"https:\/\/tdsportswear.com\/#organization\",\"name\":\"TD sportswear\",\"url\":\"https:\/\/tdsportswear.com\/\",\"logo\":{\"@type\":\"ImageObject\",\"inLanguage\":\"es\",\"@id\":\"https:\/\/tdsportswear.com\/#\/schema\/logo\/image\/\",\"url\":\"https:\/\/tdsportswear.com\/wp-content\/uploads\/2017\/09\/Logo-zwart.png\",\"contentUrl\":\"https:\/\/tdsportswear.com\/wp-content\/uploads\/2017\/09\/Logo-zwart.png\",\"width\":455,\"height\":77,\"caption\":\"TD sportswear\"},\"image\":{\"@id\":\"https:\/\/tdsportswear.com\/#\/schema\/logo\/image\/\"},\"sameAs\":[\"https:\/\/www.facebook.com\/TDsports3\/\",\"https:\/\/x.com\/td_sportswear\",\"https:\/\/www.instagram.com\/td.sportswear\/\",\"https:\/\/nl.linkedin.com\/company\/td-sports\"],\"description\":\"TD Sportswear offers high-quality sportswear and accessories for teams and individuals. From cycling jerseys to running clothes, we provide comfortable and stylish solutions for your sporting needs.\",\"address\":{\"@type\":\"PostalAddress\",\"streetAddress\":\"Concourslaan 79\",\"postalCode\":\"8252 GH\",\"addressLocality\":\"Dronten\",\"addressCountry\":\"The Netherlands\"},\"contactPoint\":[{\"@type\":\"ContactPoint\",\"telephone\":\"+31623329942\",\"contactType\":\"Customer Service\"}],\"aggregateRating\":{\"@type\":\"AggregateRating\",\"ratingValue\":4.9,\"reviewCount\":1190,\"bestRating\":\"5\",\"worstRating\":\"1\"}}]}<\/script>\n<!-- \/ Yoast SEO plugin. -->","yoast_head_json":{"title":"La misi\u00f3n de TD: Crear la mejor ropa deportiva personalizada","description":"La misi\u00f3n comienza con la pasi\u00f3n de un hombre. Una verdadera pasi\u00f3n por el ciclismo y la ropa deportiva. La historia de c\u00f3mo comenz\u00f3 TD.","robots":{"index":"index","follow":"follow","max-snippet":"max-snippet:-1","max-image-preview":"max-image-preview:large","max-video-preview":"max-video-preview:-1"},"canonical":"https:\/\/tdsportswear.com\/es\/nuestra-mision\/","og_locale":"es_ES","og_type":"article","og_title":"La misi\u00f3n de TD: Crear la mejor ropa deportiva personalizada","og_description":"La misi\u00f3n comienza con la pasi\u00f3n de un hombre. Una verdadera pasi\u00f3n por el ciclismo y la ropa deportiva. La historia de c\u00f3mo comenz\u00f3 TD.","og_url":"https:\/\/tdsportswear.com\/es\/nuestra-mision\/","og_site_name":"TD sportswear - Custom sportswear.","article_publisher":"https:\/\/www.facebook.com\/TDsports3\/","article_modified_time":"2024-07-22T17:38:08+00:00","twitter_card":"summary_large_image","twitter_site":"@td_sportswear","twitter_misc":{"Tiempo de lectura":"4 minutos"},"schema":{"@context":"https:\/\/schema.org","@graph":[{"@type":"WebPage","@id":"https:\/\/tdsportswear.com\/es\/nuestra-mision\/","url":"https:\/\/tdsportswear.com\/es\/nuestra-mision\/","name":"La misi\u00f3n de TD: Crear la mejor ropa deportiva personalizada","isPartOf":{"@id":"https:\/\/tdsportswear.com\/#website"},"datePublished":"2024-07-22T17:36:44+00:00","dateModified":"2024-07-22T17:38:08+00:00","description":"La misi\u00f3n comienza con la pasi\u00f3n de un hombre. Una verdadera pasi\u00f3n por el ciclismo y la ropa deportiva. La historia de c\u00f3mo comenz\u00f3 TD.","breadcrumb":{"@id":"https:\/\/tdsportswear.com\/es\/nuestra-mision\/#breadcrumb"},"inLanguage":"es","potentialAction":[{"@type":"ReadAction","target":["https:\/\/tdsportswear.com\/es\/nuestra-mision\/"]}]},{"@type":"BreadcrumbList","@id":"https:\/\/tdsportswear.com\/es\/nuestra-mision\/#breadcrumb","itemListElement":[{"@type":"ListItem","position":1,"name":"Home","item":"https:\/\/tdsportswear.com\/es\/"},{"@type":"ListItem","position":2,"name":"Nuestra misi\u00f3n"}]},{"@type":"WebSite","@id":"https:\/\/tdsportswear.com\/#website","url":"https:\/\/tdsportswear.com\/","name":"TD sportswear - Custom sportswear.","description":"Custom made sportswear cycling, running, triathlon, hockey, football and many more.","publisher":{"@id":"https:\/\/tdsportswear.com\/#organization"},"potentialAction":[{"@type":"SearchAction","target":{"@type":"EntryPoint","urlTemplate":"https:\/\/tdsportswear.com\/?s={search_term_string}"},"query-input":{"@type":"PropertyValueSpecification","valueRequired":true,"valueName":"search_term_string"}}],"inLanguage":"es"},{"@type":"Organization","@id":"https:\/\/tdsportswear.com\/#organization","name":"TD sportswear","url":"https:\/\/tdsportswear.com\/","logo":{"@type":"ImageObject","inLanguage":"es","@id":"https:\/\/tdsportswear.com\/#\/schema\/logo\/image\/","url":"https:\/\/tdsportswear.com\/wp-content\/uploads\/2017\/09\/Logo-zwart.png","contentUrl":"https:\/\/tdsportswear.com\/wp-content\/uploads\/2017\/09\/Logo-zwart.png","width":455,"height":77,"caption":"TD sportswear"},"image":{"@id":"https:\/\/tdsportswear.com\/#\/schema\/logo\/image\/"},"sameAs":["https:\/\/www.facebook.com\/TDsports3\/","https:\/\/x.com\/td_sportswear","https:\/\/www.instagram.com\/td.sportswear\/","https:\/\/nl.linkedin.com\/company\/td-sports"],"description":"TD Sportswear offers high-quality sportswear and accessories for teams and individuals. From cycling jerseys to running clothes, we provide comfortable and stylish solutions for your sporting needs.","address":{"@type":"PostalAddress","streetAddress":"Concourslaan 79","postalCode":"8252 GH","addressLocality":"Dronten","addressCountry":"The Netherlands"},"contactPoint":[{"@type":"ContactPoint","telephone":"+31623329942","contactType":"Customer Service"}],"aggregateRating":{"@type":"AggregateRating","ratingValue":4.9,"reviewCount":1190,"bestRating":"5","worstRating":"1"}}]}},"_links":{"self":[{"href":"https:\/\/tdsportswear.com\/es\/wp-json\/wp\/v2\/pages\/28748","targetHints":{"allow":["GET"]}}],"collection":[{"href":"https:\/\/tdsportswear.com\/es\/wp-json\/wp\/v2\/pages"}],"about":[{"href":"https:\/\/tdsportswear.com\/es\/wp-json\/wp\/v2\/types\/page"}],"author":[{"embeddable":true,"href":"https:\/\/tdsportswear.com\/es\/wp-json\/wp\/v2\/users\/1"}],"replies":[{"embeddable":true,"href":"https:\/\/tdsportswear.com\/es\/wp-json\/wp\/v2\/comments?post=28748"}],"version-history":[{"count":5,"href":"https:\/\/tdsportswear.com\/es\/wp-json\/wp\/v2\/pages\/28748\/revisions"}],"predecessor-version":[{"id":28758,"href":"https:\/\/tdsportswear.com\/es\/wp-json\/wp\/v2\/pages\/28748\/revisions\/28758"}],"wp:attachment":[{"href":"https:\/\/tdsportswear.com\/es\/wp-json\/wp\/v2\/media?parent=28748"}],"curies":[{"name":"wp","href":"https:\/\/api.w.org\/{rel}","templated":true}]}}