{"id":28771,"date":"2024-07-22T20:04:21","date_gmt":"2024-07-22T18:04:21","guid":{"rendered":"https:\/\/tdsportswear.com\/politica-de-privacidad\/"},"modified":"2024-07-22T20:06:54","modified_gmt":"2024-07-22T18:06:54","slug":"politica-de-privacidad","status":"publish","type":"page","link":"https:\/\/tdsportswear.com\/es\/politica-de-privacidad\/","title":{"rendered":"Pol\u00edtica de privacidad"},"content":{"rendered":"[vc_row][vc_column][vc_column_text]\n<h2>Pol\u00edtica de privacidad de TD Sportswear<\/h2>\n<p>Esta pol\u00edtica de privacidad se elabora para cumplir con la legislaci\u00f3n espa\u00f1ola sobre la protecci\u00f3n de datos personales. Respetamos su privacidad y nos comprometemos a protegerla en todo momento. Puede consultar nuestros T\u00e9rminos y Condiciones para ver c\u00f3mo est\u00e1 protegido como cliente. Al visitar nuestro sitio web o realizar una compra, acepta proporcionar sus datos personales bajo su propio riesgo. Recopilamos los siguientes datos personales:<\/p>\n<ul>\n<li>Informaci\u00f3n que nos proporciona al realizar una compra o contactar con nosotros.<\/li>\n<li>Informaci\u00f3n sobre el dispositivo con el que visita nuestro sitio web, as\u00ed como el navegador que utiliza.<\/li>\n<li>Informaci\u00f3n sobre su visita a nuestro sitio web, como las p\u00e1ginas que ha visitado y el sitio web a trav\u00e9s del cual accedi\u00f3 al nuestro.<\/li>\n<li>Solo recopilamos datos personales como su direcci\u00f3n de correo electr\u00f3nico, direcci\u00f3n y nombre, para poder contactarle con respecto a sus pedidos en TD Sportswear.<\/li>\n<li>En caso de pago, sus datos de pago se transfieren a nuestro proveedor de pagos Mollie. Este guarda sus datos de pago en un \u00e1rea segura durante un per\u00edodo determinado, seg\u00fan se indica en sus pol\u00edticas.<\/li>\n<li>Guardamos sus datos personales en nuestro sistema CRM para mantenerle informado sobre la siguiente informaci\u00f3n.<\/li>\n<li>Acepta autom\u00e1ticamente la pol\u00edtica de privacidad de TD al completar el formulario en el sitio web de TD.<\/li>\n<\/ul>\n<p>Utilizamos la informaci\u00f3n recibida para comunicarnos con usted y enviar las compras a la direcci\u00f3n correcta. Adem\u00e1s, usamos sus datos personales para mejorar nuestros servicios y productos. Tambi\u00e9n utilizamos sus datos para informarle sobre productos que creemos que pueden ser de su inter\u00e9s.<\/p>\n<p>Compartimos sus datos personales con todas las partes externas dentro de TD Sportswear, y si TD Sportswear es adquirido, sus datos ser\u00e1n transferidos al nuevo propietario. Las partes externas con las que compartimos datos son <a href=\"https:\/\/policies.google.com\/technologies\/partner-sites\">Google<\/a>, Facebook y Bing. Puede consultar sus pol\u00edticas de privacidad para saber c\u00f3mo utilizan sus datos personales. Tambi\u00e9n compartimos sus datos en caso de litigios o fraude. Sus datos personales est\u00e1n protegidos por el protocolo SSL en nuestro sitio web. Conservamos sus datos personales indefinidamente. Tiene derecho a contactarnos en cualquier momento para solicitar la eliminaci\u00f3n de sus datos personales.<\/p>\n<p>Puede acceder a todas nuestras condiciones en nuestra p\u00e1gina de T\u00e9rminos y Condiciones.<\/p>\n<p>Siempre tiene derecho a acceder a la informaci\u00f3n que tenemos sobre usted. Puede contactarnos a trav\u00e9s del formulario de contacto para solicitar el acceso a sus datos personales.[\/vc_column_text][\/vc_column][\/vc_row]\n","protected":false},"excerpt":{"rendered":"<p>[vc_row][vc_column][vc_column_text] Pol\u00edtica de privacidad de TD Sportswear Esta pol\u00edtica de privacidad se elabora para cumplir con &hellip;<\/p>\n","protected":false},"author":1,"featured_media":0,"parent":0,"menu_order":0,"comment_status":"closed","ping_status":"closed","template":"","meta":{"_acf_changed":false,"content-type":"","footnotes":""},"class_list":["post-28771","page","type-page","status-publish","hentry"],"acf":[],"yoast_head":"<!-- This site is optimized with the Yoast SEO plugin v24.6 - https:\/\/yoast.com\/wordpress\/plugins\/seo\/ -->\n<title>Pol\u00edtica de privacidad para el manejo de datos personales - TD<\/title>\n<meta name=\"description\" content=\"TD Sportswear cumple de manera rigurosa y completa con la legislaci\u00f3n espa\u00f1ola sobre protecci\u00f3n de datos personales.\" \/>\n<meta name=\"robots\" content=\"index, follow, max-snippet:-1, max-image-preview:large, max-video-preview:-1\" \/>\n<link rel=\"canonical\" href=\"https:\/\/tdsportswear.com\/es\/politica-de-privacidad\/\" \/>\n<meta property=\"og:locale\" content=\"es_ES\" \/>\n<meta property=\"og:type\" content=\"article\" \/>\n<meta property=\"og:title\" content=\"Pol\u00edtica de privacidad para el manejo de datos personales - TD\" \/>\n<meta property=\"og:description\" content=\"TD Sportswear cumple de manera rigurosa y completa con la legislaci\u00f3n espa\u00f1ola sobre protecci\u00f3n de datos personales.\" \/>\n<meta property=\"og:url\" content=\"https:\/\/tdsportswear.com\/es\/politica-de-privacidad\/\" \/>\n<meta property=\"og:site_name\" content=\"TD sportswear - Custom sportswear.\" \/>\n<meta property=\"article:publisher\" content=\"https:\/\/www.facebook.com\/TDsports3\/\" \/>\n<meta property=\"article:modified_time\" content=\"2024-07-22T18:06:54+00:00\" \/>\n<meta name=\"twitter:card\" content=\"summary_large_image\" \/>\n<meta name=\"twitter:site\" content=\"@td_sportswear\" \/>\n<meta name=\"twitter:label1\" content=\"Tiempo de lectura\" \/>\n\t<meta name=\"twitter:data1\" content=\"2 minutos\" \/>\n<script type=\"application\/ld+json\" class=\"yoast-schema-graph\">{\"@context\":\"https:\/\/schema.org\",\"@graph\":[{\"@type\":\"WebPage\",\"@id\":\"https:\/\/tdsportswear.com\/es\/politica-de-privacidad\/\",\"url\":\"https:\/\/tdsportswear.com\/es\/politica-de-privacidad\/\",\"name\":\"Pol\u00edtica de privacidad para el manejo de datos personales - TD\",\"isPartOf\":{\"@id\":\"https:\/\/tdsportswear.com\/#website\"},\"datePublished\":\"2024-07-22T18:04:21+00:00\",\"dateModified\":\"2024-07-22T18:06:54+00:00\",\"description\":\"TD Sportswear cumple de manera rigurosa y completa con la legislaci\u00f3n espa\u00f1ola sobre protecci\u00f3n de datos personales.\",\"breadcrumb\":{\"@id\":\"https:\/\/tdsportswear.com\/es\/politica-de-privacidad\/#breadcrumb\"},\"inLanguage\":\"es\",\"potentialAction\":[{\"@type\":\"ReadAction\",\"target\":[\"https:\/\/tdsportswear.com\/es\/politica-de-privacidad\/\"]}]},{\"@type\":\"BreadcrumbList\",\"@id\":\"https:\/\/tdsportswear.com\/es\/politica-de-privacidad\/#breadcrumb\",\"itemListElement\":[{\"@type\":\"ListItem\",\"position\":1,\"name\":\"Home\",\"item\":\"https:\/\/tdsportswear.com\/es\/\"},{\"@type\":\"ListItem\",\"position\":2,\"name\":\"Pol\u00edtica de privacidad\"}]},{\"@type\":\"WebSite\",\"@id\":\"https:\/\/tdsportswear.com\/#website\",\"url\":\"https:\/\/tdsportswear.com\/\",\"name\":\"TD sportswear - Custom sportswear.\",\"description\":\"Custom made sportswear cycling, running, triathlon, hockey, football and many more.\",\"publisher\":{\"@id\":\"https:\/\/tdsportswear.com\/#organization\"},\"potentialAction\":[{\"@type\":\"SearchAction\",\"target\":{\"@type\":\"EntryPoint\",\"urlTemplate\":\"https:\/\/tdsportswear.com\/?s={search_term_string}\"},\"query-input\":{\"@type\":\"PropertyValueSpecification\",\"valueRequired\":true,\"valueName\":\"search_term_string\"}}],\"inLanguage\":\"es\"},{\"@type\":\"Organization\",\"@id\":\"https:\/\/tdsportswear.com\/#organization\",\"name\":\"TD sportswear\",\"url\":\"https:\/\/tdsportswear.com\/\",\"logo\":{\"@type\":\"ImageObject\",\"inLanguage\":\"es\",\"@id\":\"https:\/\/tdsportswear.com\/#\/schema\/logo\/image\/\",\"url\":\"https:\/\/tdsportswear.com\/wp-content\/uploads\/2017\/09\/Logo-zwart.png\",\"contentUrl\":\"https:\/\/tdsportswear.com\/wp-content\/uploads\/2017\/09\/Logo-zwart.png\",\"width\":455,\"height\":77,\"caption\":\"TD sportswear\"},\"image\":{\"@id\":\"https:\/\/tdsportswear.com\/#\/schema\/logo\/image\/\"},\"sameAs\":[\"https:\/\/www.facebook.com\/TDsports3\/\",\"https:\/\/x.com\/td_sportswear\",\"https:\/\/www.instagram.com\/td.sportswear\/\",\"https:\/\/nl.linkedin.com\/company\/td-sports\"],\"description\":\"TD Sportswear offers high-quality sportswear and accessories for teams and individuals. From cycling jerseys to running clothes, we provide comfortable and stylish solutions for your sporting needs.\",\"address\":{\"@type\":\"PostalAddress\",\"streetAddress\":\"Concourslaan 79\",\"postalCode\":\"8252 GH\",\"addressLocality\":\"Dronten\",\"addressCountry\":\"The Netherlands\"},\"contactPoint\":[{\"@type\":\"ContactPoint\",\"telephone\":\"+31623329942\",\"contactType\":\"Customer Service\"}],\"aggregateRating\":{\"@type\":\"AggregateRating\",\"ratingValue\":4.9,\"reviewCount\":1190,\"bestRating\":\"5\",\"worstRating\":\"1\"}}]}<\/script>\n<!-- \/ Yoast SEO plugin. -->","yoast_head_json":{"title":"Pol\u00edtica de privacidad para el manejo de datos personales - TD","description":"TD Sportswear cumple de manera rigurosa y completa con la legislaci\u00f3n espa\u00f1ola sobre protecci\u00f3n de datos personales.","robots":{"index":"index","follow":"follow","max-snippet":"max-snippet:-1","max-image-preview":"max-image-preview:large","max-video-preview":"max-video-preview:-1"},"canonical":"https:\/\/tdsportswear.com\/es\/politica-de-privacidad\/","og_locale":"es_ES","og_type":"article","og_title":"Pol\u00edtica de privacidad para el manejo de datos personales - TD","og_description":"TD Sportswear cumple de manera rigurosa y completa con la legislaci\u00f3n espa\u00f1ola sobre protecci\u00f3n de datos personales.","og_url":"https:\/\/tdsportswear.com\/es\/politica-de-privacidad\/","og_site_name":"TD sportswear - Custom sportswear.","article_publisher":"https:\/\/www.facebook.com\/TDsports3\/","article_modified_time":"2024-07-22T18:06:54+00:00","twitter_card":"summary_large_image","twitter_site":"@td_sportswear","twitter_misc":{"Tiempo de lectura":"2 minutos"},"schema":{"@context":"https:\/\/schema.org","@graph":[{"@type":"WebPage","@id":"https:\/\/tdsportswear.com\/es\/politica-de-privacidad\/","url":"https:\/\/tdsportswear.com\/es\/politica-de-privacidad\/","name":"Pol\u00edtica de privacidad para el manejo de datos personales - TD","isPartOf":{"@id":"https:\/\/tdsportswear.com\/#website"},"datePublished":"2024-07-22T18:04:21+00:00","dateModified":"2024-07-22T18:06:54+00:00","description":"TD Sportswear cumple de manera rigurosa y completa con la legislaci\u00f3n espa\u00f1ola sobre protecci\u00f3n de datos personales.","breadcrumb":{"@id":"https:\/\/tdsportswear.com\/es\/politica-de-privacidad\/#breadcrumb"},"inLanguage":"es","potentialAction":[{"@type":"ReadAction","target":["https:\/\/tdsportswear.com\/es\/politica-de-privacidad\/"]}]},{"@type":"BreadcrumbList","@id":"https:\/\/tdsportswear.com\/es\/politica-de-privacidad\/#breadcrumb","itemListElement":[{"@type":"ListItem","position":1,"name":"Home","item":"https:\/\/tdsportswear.com\/es\/"},{"@type":"ListItem","position":2,"name":"Pol\u00edtica de privacidad"}]},{"@type":"WebSite","@id":"https:\/\/tdsportswear.com\/#website","url":"https:\/\/tdsportswear.com\/","name":"TD sportswear - Custom sportswear.","description":"Custom made sportswear cycling, running, triathlon, hockey, football and many more.","publisher":{"@id":"https:\/\/tdsportswear.com\/#organization"},"potentialAction":[{"@type":"SearchAction","target":{"@type":"EntryPoint","urlTemplate":"https:\/\/tdsportswear.com\/?s={search_term_string}"},"query-input":{"@type":"PropertyValueSpecification","valueRequired":true,"valueName":"search_term_string"}}],"inLanguage":"es"},{"@type":"Organization","@id":"https:\/\/tdsportswear.com\/#organization","name":"TD sportswear","url":"https:\/\/tdsportswear.com\/","logo":{"@type":"ImageObject","inLanguage":"es","@id":"https:\/\/tdsportswear.com\/#\/schema\/logo\/image\/","url":"https:\/\/tdsportswear.com\/wp-content\/uploads\/2017\/09\/Logo-zwart.png","contentUrl":"https:\/\/tdsportswear.com\/wp-content\/uploads\/2017\/09\/Logo-zwart.png","width":455,"height":77,"caption":"TD sportswear"},"image":{"@id":"https:\/\/tdsportswear.com\/#\/schema\/logo\/image\/"},"sameAs":["https:\/\/www.facebook.com\/TDsports3\/","https:\/\/x.com\/td_sportswear","https:\/\/www.instagram.com\/td.sportswear\/","https:\/\/nl.linkedin.com\/company\/td-sports"],"description":"TD Sportswear offers high-quality sportswear and accessories for teams and individuals. From cycling jerseys to running clothes, we provide comfortable and stylish solutions for your sporting needs.","address":{"@type":"PostalAddress","streetAddress":"Concourslaan 79","postalCode":"8252 GH","addressLocality":"Dronten","addressCountry":"The Netherlands"},"contactPoint":[{"@type":"ContactPoint","telephone":"+31623329942","contactType":"Customer Service"}],"aggregateRating":{"@type":"AggregateRating","ratingValue":4.9,"reviewCount":1190,"bestRating":"5","worstRating":"1"}}]}},"_links":{"self":[{"href":"https:\/\/tdsportswear.com\/es\/wp-json\/wp\/v2\/pages\/28771","targetHints":{"allow":["GET"]}}],"collection":[{"href":"https:\/\/tdsportswear.com\/es\/wp-json\/wp\/v2\/pages"}],"about":[{"href":"https:\/\/tdsportswear.com\/es\/wp-json\/wp\/v2\/types\/page"}],"author":[{"embeddable":true,"href":"https:\/\/tdsportswear.com\/es\/wp-json\/wp\/v2\/users\/1"}],"replies":[{"embeddable":true,"href":"https:\/\/tdsportswear.com\/es\/wp-json\/wp\/v2\/comments?post=28771"}],"version-history":[{"count":3,"href":"https:\/\/tdsportswear.com\/es\/wp-json\/wp\/v2\/pages\/28771\/revisions"}],"predecessor-version":[{"id":28775,"href":"https:\/\/tdsportswear.com\/es\/wp-json\/wp\/v2\/pages\/28771\/revisions\/28775"}],"wp:attachment":[{"href":"https:\/\/tdsportswear.com\/es\/wp-json\/wp\/v2\/media?parent=28771"}],"curies":[{"name":"wp","href":"https:\/\/api.w.org\/{rel}","templated":true}]}}