{"id":28779,"date":"2024-07-22T20:10:23","date_gmt":"2024-07-22T18:10:23","guid":{"rendered":"https:\/\/tdsportswear.com\/terminos-y-condiciones\/"},"modified":"2024-07-22T20:11:26","modified_gmt":"2024-07-22T18:11:26","slug":"terminos-y-condiciones","status":"publish","type":"page","link":"https:\/\/tdsportswear.com\/es\/terminos-y-condiciones\/","title":{"rendered":"T\u00e9rminos y Condiciones"},"content":{"rendered":"[vc_row][vc_column][vc_column_text]\n<h2><strong>Condiciones Generales TD Sportswear<\/strong><\/h2>\n<p><strong>Dronten, KvK 86014749.<\/strong><br \/>\n<strong>Versi\u00f3n 1. agosto 2022.<\/strong><\/p>\n<p><strong>1. Generalidades<\/strong><\/p>\n<ul>\n<li>Estas Condiciones Generales se aplican a cualquier oferta de TD Sportswear y a cualquier acuerdo entre los clientes y TD Sportswear. Las condiciones est\u00e1n accesibles en todo momento en el sitio web de TD Sportswear. A petici\u00f3n, podemos enviarle una copia escrita.<\/li>\n<li>Al realizar un pedido, usted acepta las condiciones de entrega y pago. TD Sportswear se reserva el derecho de modificar sus condiciones de entrega y\/o pago en caso de incumplimiento.<\/li>\n<li>A menos que se acuerde lo contrario por escrito, TD Sportswear no reconoce las condiciones generales o espec\u00edficas de terceros.<\/li>\n<li>TD Sportswear garantiza que el producto entregado cumple con el acuerdo y las especificaciones indicadas en la oferta.<\/li>\n<\/ul>\n<p><strong>2. Servicios para la compra de piezas de colecci\u00f3n<\/strong><\/p>\n<ul>\n<li>La entrega de piezas de colecci\u00f3n se realiza mientras haya existencias disponibles.<\/li>\n<li>De acuerdo con las reglas de compra, TD Sportswear procesar\u00e1 los pedidos dentro de los 30 d\u00edas, salvo que se acuerde un plazo diferente. Si la entrega no es posible dentro de los 30 d\u00edas o en el plazo alternativo acordado (por falta de stock, producto no disponible o por otras razones), el cliente ser\u00e1 notificado dentro de los 30 d\u00edas y tendr\u00e1 derecho a cancelar el pedido y recuperar su pago. Esto no se aplica a pedidos personalizados.<\/li>\n<li>La obligaci\u00f3n de entrega de TD Sportswear se cumple cuando los productos han sido ofrecidos al cliente. En caso de entrega a domicilio, la firma del cliente es obligatoria, salvo que se rechace la aceptaci\u00f3n del pedido.<\/li>\n<li>Todas las condiciones indicadas en el sitio web son vinculantes. Por lo tanto, no se pueden derivar derechos de las condiciones mostradas.<\/li>\n<\/ul>\n<p><strong>3. Precios<\/strong><\/p>\n<ul>\n<li>Los aumentos de precio durante la vigencia de una oferta no est\u00e1n permitidos, salvo que medidas legales lo exijan o nuestros proveedores aumenten sus precios.<\/li>\n<li>Todos los precios en el sitio web est\u00e1n sujetos a errores tipogr\u00e1ficos y de impresi\u00f3n. TD Sportswear no asume ninguna responsabilidad por errores tipogr\u00e1ficos y de impresi\u00f3n.<\/li>\n<li>Todos los precios del sitio web incluyen un 21 % de IVA. Todos los productos personalizados est\u00e1n excluidos del IVA del 21 %.<\/li>\n<\/ul>\n<p><strong>4. Derecho de desistimiento<\/strong><\/p>\n<ul>\n<li>En caso de compra por un consumidor, el cliente tiene derecho a devolver los bienes entregados dentro de los 14 d\u00edas h\u00e1biles sin necesidad de justificar el motivo, de acuerdo con la ley de ventas a distancia. Este plazo comienza desde el momento de la entrega de los art\u00edculos pedidos. El cliente debe informar a TD Sportswear dentro de los 14 d\u00edas posteriores a la entrega si desea devolver los productos. Si el cliente no ejerce su derecho de desistimiento dentro de los 14 d\u00edas, la compra se considera definitiva. Esto no se aplica a pedidos personalizados.<\/li>\n<li>Durante el plazo de desistimiento, el cliente debe tratar el producto y el embalaje con cuidado. El cliente solo debe desembalar o usar el producto en la medida necesaria para determinar la naturaleza, las caracter\u00edsticas y el funcionamiento del producto. Si el cliente ejerce su derecho de desistimiento, debe devolver el producto dentro de los 28 d\u00edas posteriores a la entrega, de acuerdo con las instrucciones claras y razonables de TD Sportswear.<\/li>\n<li>El cliente debe demostrar que los bienes han sido devueltos a tiempo, por ejemplo, mediante un comprobante de env\u00edo. Los productos deben ser devueltos en su embalaje original (incluidos accesorios y documentaci\u00f3n) y en perfecto estado. Si los productos han sido usados o da\u00f1ados de alguna manera por el cliente, TD Sportswear se reserva el derecho de reducir el valor del producto. Sujeto a lo anterior, TD Sportswear reembolsar\u00e1 dentro de los 14 d\u00edas posteriores a la recepci\u00f3n del retorno o 14 d\u00edas despu\u00e9s de la prueba de retorno (el recibo de env\u00edo debe indicar claramente la fecha de retorno). En caso de devoluci\u00f3n de toda la compra, se reembolsar\u00e1 el precio total de compra, incluidos los costos de env\u00edo y\/o de pago. En caso de devoluci\u00f3n de solo una parte de los productos comprados, solo se reembolsar\u00e1 el valor de esos productos. Los costos adicionales debido a un m\u00e9todo de env\u00edo m\u00e1s caro que nuestro env\u00edo est\u00e1ndar nunca ser\u00e1n reembolsados. Esto no se aplica a pedidos personalizados.<\/li>\n<li>El retorno de los bienes entregados corre por cuenta y riesgo del cliente.<\/li>\n<\/ul>\n<p><strong>5. Pol\u00edtica de privacidad<\/strong><\/p>\n<ul>\n<li>Cuando realice un pedido o solicite informaci\u00f3n a TD Sportswear, sus datos personales se a\u00f1adir\u00e1n a nuestra base de datos de clientes. TD Sportswear cumple con la Ley de Protecci\u00f3n de Datos y no compartir\u00e1 su informaci\u00f3n personal con terceros.<\/li>\n<li>TD Sportswear respeta la privacidad de los usuarios de nuestro sitio web y garantiza la confidencialidad de su informaci\u00f3n personal en la medida de lo posible.<\/li>\n<li>TD Sportswear enviar\u00e1 correos electr\u00f3nicos con informaci\u00f3n que consideremos \u00fatil para los clientes y visitantes del sitio web, tras compras y registros. Cada correo electr\u00f3nico incluir\u00e1 un bot\u00f3n de &#8220;Eliminar de esta lista de correos&#8221;.<\/li>\n<\/ul>\n<p><strong>6. Garant\u00eda y conformidad<\/strong><\/p>\n<ul>\n<li>TD Sportswear garantiza que los productos y\/o servicios cumplen con el acuerdo, las especificaciones indicadas, los requisitos razonables de validez y\/o usabilidad y las regulaciones y\/o disposiciones legales vigentes en la fecha de compra.<\/li>\n<li>Cualquier garant\u00eda ofrecida por TD Sportswear, el fabricante o el importador no afecta los derechos y reclamaciones que el cliente puede hacer de acuerdo con la ley y\/o la venta a distancia.<\/li>\n<li>Si se descubre que el producto entregado est\u00e1 defectuoso o incompleto, el cliente debe informar de estos defectos (antes de devolverlos a TD Sportswear) dentro de los dos meses siguientes a la compra. La devoluci\u00f3n de los productos debe realizarse en su embalaje original (incluidos accesorios y documentaci\u00f3n). El uso de los productos despu\u00e9s de la detecci\u00f3n de defectos, los da\u00f1os posteriores a la detecci\u00f3n de defectos, la reventa despu\u00e9s de la detecci\u00f3n de defectos, resultar\u00e1 en la p\u00e9rdida de la garant\u00eda de los productos comprados.<\/li>\n<li>Si las quejas del cliente son justificadas, TD Sportswear reparar\u00e1 o reemplazar\u00e1 los productos de forma gratuita. Cualquier responsabilidad de TD Sportswear por da\u00f1os est\u00e1 limitada al monto m\u00e1ximo de la factura de los productos y\/o servicios comprados o al monto m\u00e1ximo cubierto por el seguro de responsabilidad de TD Sportswear en el caso particular (a elecci\u00f3n de TD Sportswear). Cualquier otra forma de responsabilidad de TD Sportswear est\u00e1 excluida, incluyendo compensaci\u00f3n de TD Sportswear en cualquier forma, compensaci\u00f3n por da\u00f1os indirectos o consecuenciales o da\u00f1os por p\u00e9rdida de beneficios.<\/li>\n<li>TD Sportswear no es responsable de los da\u00f1os causados por dolo o negligencia del personal no directivo.<\/li>\n<li>Esta garant\u00eda no se aplica si: A) y mientras el cliente est\u00e9 en mora con TD Sportswear; B) el cliente ha reparado y\/o procesado el producto por su cuenta o ha hecho reparar el producto por terceros. C) los bienes entregados han estado expuestos a circunstancias inusuales, han sido tratados de manera negligente o utilizados en contra de las instrucciones indicadas en el embalaje y los productos de TD Sportswear.<\/li>\n<\/ul>\n<p><strong>7. Ofertas<\/strong><\/p>\n<ul>\n<li>Las ofertas son no vinculantes, salvo que se indique lo contrario en la oferta.<\/li>\n<li>Al aceptar una oferta no vinculante por parte del cliente, TD Sportswear se reserva el derecho de retirar o modificar la oferta dentro de los 3 d\u00edas h\u00e1biles posteriores a la aceptaci\u00f3n por parte del cliente.<\/li>\n<li>Las promesas orales solo son vinculantes para TD Sportswear tras una confirmaci\u00f3n expresa por escrito.<\/li>\n<li>Las ofertas de TD Sportswear no se aplican autom\u00e1ticamente a los pedidos adicionales y pedidos de seguimiento.<\/li>\n<li>TD Sportswear no est\u00e1 obligado por su oferta si la oferta o una parte de ella contiene un error evidente o tipogr\u00e1fico.<\/li>\n<li>Las adiciones, modificaciones y\/o acuerdos adicionales solo son v\u00e1lidos si se han acordado por escrito.<\/li>\n<\/ul>\n<p><strong>8. Im\u00e1genes y especificaciones<\/strong><\/p>\n<ul>\n<li>Todas las im\u00e1genes, fotos, dibujos, etc.; incluyendo datos sobre pesos, dimensiones, colores, im\u00e1genes de etiquetas, etc. en el sitio web de TD Sportswear son solo aproximadas, indicativas y no se pueden utilizar como base para compensaci\u00f3n o resoluci\u00f3n del acuerdo.<\/li>\n<\/ul>\n<p><strong>9. Fuerza mayor<\/strong><\/p>\n<ul>\n<li>TD Sportswear no ser\u00e1 responsable si sus obligaciones no pueden ser cumplidas debido a fuerza mayor.<\/li>\n<li>La fuerza mayor se refiere a cualquier causa externa as\u00ed como cualquier situaci\u00f3n que est\u00e9 fuera de control. Los retrasos o fallos de nuestros proveedores, interrupciones en internet, cortes de electricidad, fallos en el correo electr\u00f3nico y disfunciones en la tecnolog\u00eda proporcionada por terceros, el transporte, huelgas del personal, medidas gubernamentales, retrasos en la entrega, errores de proveedores, enfermedad del personal y defectos en el transporte se consideran casos de fuerza mayor.<\/li>\n<li>TD Sportswear se reserva el derecho de cancelar sus acuerdos en caso de fuerza mayor, tiene el derecho de rescindir el acuerdo con un cliente total o parcialmente, y tiene el derecho de modificar el acuerdo con un cliente para permitir la ejecuci\u00f3n del pedido. En ning\u00fan caso TD Sportswear ser\u00e1 responsable de multas o da\u00f1os y perjuicios.<\/li>\n<li>Si TD Sportswear ya ha cumplido una parte o la totalidad del acuerdo al momento del evento de fuerza mayor, TD Sportswear tiene el derecho de facturar los art\u00edculos entregados y el cliente est\u00e1 obligado a pagar el monto indicado en la factura. Esto no se aplica si el producto ya entregado no tiene un valor independiente.<\/li>\n<\/ul>\n<p><strong>10. Responsabilidad<\/strong><\/p>\n<ul>\n<li>TD Sportswear no es responsable por da\u00f1os a los productos entregados debido a un uso incorrecto de los productos. Antes de usar, por favor, lea las instrucciones en el embalaje y\/o consulte nuestro sitio web.<\/li>\n<li>TD no es responsable por el uso no autorizado de logos y fuentes proporcionados por los clientes. TD supone que el cliente siempre ha obtenido el permiso para usar los logos y las fuentes del propietario del logo o de la fuente. El cliente es responsable de la correcta y legal entrega de fuentes y logos. TD no es responsable en caso de uso indebido. Por lo tanto, el cliente es completamente responsable de las infracciones de derechos de autor, de modelos, de nombres comerciales y de derechos de marca. Por ejemplo, el cliente debe tener siempre un permiso por escrito de las personas que poseen los derechos de uso de textos, logos, im\u00e1genes o dise\u00f1os protegidos por la ley.<\/li>\n<li>El cliente indemniza a TD Sportswear de las reclamaciones de terceros por violaci\u00f3n de derechos de terceros. El cliente asume todos los costos legales y otros da\u00f1os que resulten de dichas acciones.<\/li>\n<li>TD no ejecuta pedidos que violen los derechos de terceros, que sean racistas o que tengan fines de propaganda.<\/li>\n<\/ul>\n<p><strong>11. Reserva de propiedad<\/strong><\/p>\n<ul>\n<li>La propiedad de todos los bienes vendidos por TD Sportswear al cliente sigue siendo de TD Sportswear mientras el cliente no haya cumplido con el contrato de compra o acuerdos similares.<\/li>\n<li>Los productos vendidos por TD Sportswear bajo reserva de propiedad solo pueden ser revendidos en el curso normal del negocio y nunca pueden ser utilizados como medio de pago.<\/li>\n<li>El cliente no est\u00e1 autorizado a vender productos bajo reserva de propiedad.<\/li>\n<li>El cliente concede a TD Sportswear o a un tercero designado por TD Sportswear el permiso incondicional e irrevocable de ejercer los derechos de propiedad de TD Sportswear en todos los casos, y concede a TD Sportswear el derecho a entrar en todos los lugares donde sus bienes est\u00e9n almacenados y retirar todos esos bienes.<\/li>\n<li>Si terceros embargan los bienes entregados bajo reserva de propiedad o reclaman derechos sobre ellos, el comprador debe informar a TD Sportswear lo antes posible.<\/li>\n<li>El comprador debe estar asegurado contra da\u00f1os por incendio, explosi\u00f3n y agua, as\u00ed como contra el robo de los bienes entregados bajo reserva de propiedad. El cliente debe proporcionar prueba de seguro si TD Sportswear lo solicita.<\/li>\n<li>TD posee todos los modelos y dise\u00f1os. TD tiene el derecho de usar estos modelos y dise\u00f1os en cualquier momento para nuevos fines.<\/li>\n<\/ul>\n<p><strong>12. Derecho aplicable \/ Jurisdicci\u00f3n<\/strong><\/p>\n<ul>\n<li>Todos los acuerdos est\u00e1n sujetos a la ley espa\u00f1ola.<\/li>\n<li>Los conflictos derivados de un acuerdo entre TD Sportswear y un comprador, que no puedan resolverse amistosamente, ser\u00e1n resueltos por el tribunal competente en la regi\u00f3n del domicilio de TD Sportswear, salvo que TD Sportswear prefiera someter el conflicto al tribunal competente en el domicilio del comprador, a excepci\u00f3n de los conflictos que correspondan a la jurisdicci\u00f3n del juez de paz.<\/li>\n<\/ul>\n[\/vc_column_text][\/vc_column][\/vc_row]\n","protected":false},"excerpt":{"rendered":"<p>[vc_row][vc_column][vc_column_text] Condiciones Generales TD Sportswear Dronten, KvK 86014749. Versi\u00f3n 1. agosto 2022. 1. Generalidades Estas Condiciones &hellip;<\/p>\n","protected":false},"author":1,"featured_media":0,"parent":0,"menu_order":0,"comment_status":"closed","ping_status":"closed","template":"","meta":{"_acf_changed":false,"content-type":"","footnotes":""},"class_list":["post-28779","page","type-page","status-publish","hentry"],"acf":[],"yoast_head":"<!-- This site is optimized with the Yoast SEO plugin v24.6 - https:\/\/yoast.com\/wordpress\/plugins\/seo\/ -->\n<title>T\u00e9rminos de Uso y Condiciones Generales - TD Sportswear<\/title>\n<meta name=\"description\" content=\"Condiciones Generales para Compras en L\u00ednea y en Tienda en TD. Nos reservamos el derecho de modificar estas condiciones en cualquier momento.\" \/>\n<meta name=\"robots\" content=\"index, follow, max-snippet:-1, max-image-preview:large, max-video-preview:-1\" \/>\n<link rel=\"canonical\" href=\"https:\/\/tdsportswear.com\/es\/terminos-y-condiciones\/\" \/>\n<meta property=\"og:locale\" content=\"es_ES\" \/>\n<meta property=\"og:type\" content=\"article\" \/>\n<meta property=\"og:title\" content=\"T\u00e9rminos de Uso y Condiciones Generales - TD Sportswear\" \/>\n<meta property=\"og:description\" content=\"Condiciones Generales para Compras en L\u00ednea y en Tienda en TD. Nos reservamos el derecho de modificar estas condiciones en cualquier momento.\" \/>\n<meta property=\"og:url\" content=\"https:\/\/tdsportswear.com\/es\/terminos-y-condiciones\/\" \/>\n<meta property=\"og:site_name\" content=\"TD sportswear - Custom sportswear.\" \/>\n<meta property=\"article:publisher\" content=\"https:\/\/www.facebook.com\/TDsports3\/\" \/>\n<meta property=\"article:modified_time\" content=\"2024-07-22T18:11:26+00:00\" \/>\n<meta name=\"twitter:card\" content=\"summary_large_image\" \/>\n<meta name=\"twitter:site\" content=\"@td_sportswear\" \/>\n<meta name=\"twitter:label1\" content=\"Tiempo de lectura\" \/>\n\t<meta name=\"twitter:data1\" content=\"9 minutos\" \/>\n<script type=\"application\/ld+json\" class=\"yoast-schema-graph\">{\"@context\":\"https:\/\/schema.org\",\"@graph\":[{\"@type\":\"WebPage\",\"@id\":\"https:\/\/tdsportswear.com\/es\/terminos-y-condiciones\/\",\"url\":\"https:\/\/tdsportswear.com\/es\/terminos-y-condiciones\/\",\"name\":\"T\u00e9rminos de Uso y Condiciones Generales - TD Sportswear\",\"isPartOf\":{\"@id\":\"https:\/\/tdsportswear.com\/#website\"},\"datePublished\":\"2024-07-22T18:10:23+00:00\",\"dateModified\":\"2024-07-22T18:11:26+00:00\",\"description\":\"Condiciones Generales para Compras en L\u00ednea y en Tienda en TD. Nos reservamos el derecho de modificar estas condiciones en cualquier momento.\",\"breadcrumb\":{\"@id\":\"https:\/\/tdsportswear.com\/es\/terminos-y-condiciones\/#breadcrumb\"},\"inLanguage\":\"es\",\"potentialAction\":[{\"@type\":\"ReadAction\",\"target\":[\"https:\/\/tdsportswear.com\/es\/terminos-y-condiciones\/\"]}]},{\"@type\":\"BreadcrumbList\",\"@id\":\"https:\/\/tdsportswear.com\/es\/terminos-y-condiciones\/#breadcrumb\",\"itemListElement\":[{\"@type\":\"ListItem\",\"position\":1,\"name\":\"Home\",\"item\":\"https:\/\/tdsportswear.com\/es\/\"},{\"@type\":\"ListItem\",\"position\":2,\"name\":\"T\u00e9rminos y Condiciones\"}]},{\"@type\":\"WebSite\",\"@id\":\"https:\/\/tdsportswear.com\/#website\",\"url\":\"https:\/\/tdsportswear.com\/\",\"name\":\"TD sportswear - Custom sportswear.\",\"description\":\"Custom made sportswear cycling, running, triathlon, hockey, football and many more.\",\"publisher\":{\"@id\":\"https:\/\/tdsportswear.com\/#organization\"},\"potentialAction\":[{\"@type\":\"SearchAction\",\"target\":{\"@type\":\"EntryPoint\",\"urlTemplate\":\"https:\/\/tdsportswear.com\/?s={search_term_string}\"},\"query-input\":{\"@type\":\"PropertyValueSpecification\",\"valueRequired\":true,\"valueName\":\"search_term_string\"}}],\"inLanguage\":\"es\"},{\"@type\":\"Organization\",\"@id\":\"https:\/\/tdsportswear.com\/#organization\",\"name\":\"TD sportswear\",\"url\":\"https:\/\/tdsportswear.com\/\",\"logo\":{\"@type\":\"ImageObject\",\"inLanguage\":\"es\",\"@id\":\"https:\/\/tdsportswear.com\/#\/schema\/logo\/image\/\",\"url\":\"https:\/\/tdsportswear.com\/wp-content\/uploads\/2017\/09\/Logo-zwart.png\",\"contentUrl\":\"https:\/\/tdsportswear.com\/wp-content\/uploads\/2017\/09\/Logo-zwart.png\",\"width\":455,\"height\":77,\"caption\":\"TD sportswear\"},\"image\":{\"@id\":\"https:\/\/tdsportswear.com\/#\/schema\/logo\/image\/\"},\"sameAs\":[\"https:\/\/www.facebook.com\/TDsports3\/\",\"https:\/\/x.com\/td_sportswear\",\"https:\/\/www.instagram.com\/td.sportswear\/\",\"https:\/\/nl.linkedin.com\/company\/td-sports\"],\"description\":\"TD Sportswear offers high-quality sportswear and accessories for teams and individuals. From cycling jerseys to running clothes, we provide comfortable and stylish solutions for your sporting needs.\",\"address\":{\"@type\":\"PostalAddress\",\"streetAddress\":\"Concourslaan 79\",\"postalCode\":\"8252 GH\",\"addressLocality\":\"Dronten\",\"addressCountry\":\"The Netherlands\"},\"contactPoint\":[{\"@type\":\"ContactPoint\",\"telephone\":\"+31623329942\",\"contactType\":\"Customer Service\"}],\"aggregateRating\":{\"@type\":\"AggregateRating\",\"ratingValue\":4.9,\"reviewCount\":1190,\"bestRating\":\"5\",\"worstRating\":\"1\"}}]}<\/script>\n<!-- \/ Yoast SEO plugin. -->","yoast_head_json":{"title":"T\u00e9rminos de Uso y Condiciones Generales - TD Sportswear","description":"Condiciones Generales para Compras en L\u00ednea y en Tienda en TD. Nos reservamos el derecho de modificar estas condiciones en cualquier momento.","robots":{"index":"index","follow":"follow","max-snippet":"max-snippet:-1","max-image-preview":"max-image-preview:large","max-video-preview":"max-video-preview:-1"},"canonical":"https:\/\/tdsportswear.com\/es\/terminos-y-condiciones\/","og_locale":"es_ES","og_type":"article","og_title":"T\u00e9rminos de Uso y Condiciones Generales - TD Sportswear","og_description":"Condiciones Generales para Compras en L\u00ednea y en Tienda en TD. Nos reservamos el derecho de modificar estas condiciones en cualquier momento.","og_url":"https:\/\/tdsportswear.com\/es\/terminos-y-condiciones\/","og_site_name":"TD sportswear - Custom sportswear.","article_publisher":"https:\/\/www.facebook.com\/TDsports3\/","article_modified_time":"2024-07-22T18:11:26+00:00","twitter_card":"summary_large_image","twitter_site":"@td_sportswear","twitter_misc":{"Tiempo de lectura":"9 minutos"},"schema":{"@context":"https:\/\/schema.org","@graph":[{"@type":"WebPage","@id":"https:\/\/tdsportswear.com\/es\/terminos-y-condiciones\/","url":"https:\/\/tdsportswear.com\/es\/terminos-y-condiciones\/","name":"T\u00e9rminos de Uso y Condiciones Generales - TD Sportswear","isPartOf":{"@id":"https:\/\/tdsportswear.com\/#website"},"datePublished":"2024-07-22T18:10:23+00:00","dateModified":"2024-07-22T18:11:26+00:00","description":"Condiciones Generales para Compras en L\u00ednea y en Tienda en TD. Nos reservamos el derecho de modificar estas condiciones en cualquier momento.","breadcrumb":{"@id":"https:\/\/tdsportswear.com\/es\/terminos-y-condiciones\/#breadcrumb"},"inLanguage":"es","potentialAction":[{"@type":"ReadAction","target":["https:\/\/tdsportswear.com\/es\/terminos-y-condiciones\/"]}]},{"@type":"BreadcrumbList","@id":"https:\/\/tdsportswear.com\/es\/terminos-y-condiciones\/#breadcrumb","itemListElement":[{"@type":"ListItem","position":1,"name":"Home","item":"https:\/\/tdsportswear.com\/es\/"},{"@type":"ListItem","position":2,"name":"T\u00e9rminos y Condiciones"}]},{"@type":"WebSite","@id":"https:\/\/tdsportswear.com\/#website","url":"https:\/\/tdsportswear.com\/","name":"TD sportswear - Custom sportswear.","description":"Custom made sportswear cycling, running, triathlon, hockey, football and many more.","publisher":{"@id":"https:\/\/tdsportswear.com\/#organization"},"potentialAction":[{"@type":"SearchAction","target":{"@type":"EntryPoint","urlTemplate":"https:\/\/tdsportswear.com\/?s={search_term_string}"},"query-input":{"@type":"PropertyValueSpecification","valueRequired":true,"valueName":"search_term_string"}}],"inLanguage":"es"},{"@type":"Organization","@id":"https:\/\/tdsportswear.com\/#organization","name":"TD sportswear","url":"https:\/\/tdsportswear.com\/","logo":{"@type":"ImageObject","inLanguage":"es","@id":"https:\/\/tdsportswear.com\/#\/schema\/logo\/image\/","url":"https:\/\/tdsportswear.com\/wp-content\/uploads\/2017\/09\/Logo-zwart.png","contentUrl":"https:\/\/tdsportswear.com\/wp-content\/uploads\/2017\/09\/Logo-zwart.png","width":455,"height":77,"caption":"TD sportswear"},"image":{"@id":"https:\/\/tdsportswear.com\/#\/schema\/logo\/image\/"},"sameAs":["https:\/\/www.facebook.com\/TDsports3\/","https:\/\/x.com\/td_sportswear","https:\/\/www.instagram.com\/td.sportswear\/","https:\/\/nl.linkedin.com\/company\/td-sports"],"description":"TD Sportswear offers high-quality sportswear and accessories for teams and individuals. From cycling jerseys to running clothes, we provide comfortable and stylish solutions for your sporting needs.","address":{"@type":"PostalAddress","streetAddress":"Concourslaan 79","postalCode":"8252 GH","addressLocality":"Dronten","addressCountry":"The Netherlands"},"contactPoint":[{"@type":"ContactPoint","telephone":"+31623329942","contactType":"Customer Service"}],"aggregateRating":{"@type":"AggregateRating","ratingValue":4.9,"reviewCount":1190,"bestRating":"5","worstRating":"1"}}]}},"_links":{"self":[{"href":"https:\/\/tdsportswear.com\/es\/wp-json\/wp\/v2\/pages\/28779","targetHints":{"allow":["GET"]}}],"collection":[{"href":"https:\/\/tdsportswear.com\/es\/wp-json\/wp\/v2\/pages"}],"about":[{"href":"https:\/\/tdsportswear.com\/es\/wp-json\/wp\/v2\/types\/page"}],"author":[{"embeddable":true,"href":"https:\/\/tdsportswear.com\/es\/wp-json\/wp\/v2\/users\/1"}],"replies":[{"embeddable":true,"href":"https:\/\/tdsportswear.com\/es\/wp-json\/wp\/v2\/comments?post=28779"}],"version-history":[{"count":4,"href":"https:\/\/tdsportswear.com\/es\/wp-json\/wp\/v2\/pages\/28779\/revisions"}],"predecessor-version":[{"id":28784,"href":"https:\/\/tdsportswear.com\/es\/wp-json\/wp\/v2\/pages\/28779\/revisions\/28784"}],"wp:attachment":[{"href":"https:\/\/tdsportswear.com\/es\/wp-json\/wp\/v2\/media?parent=28779"}],"curies":[{"name":"wp","href":"https:\/\/api.w.org\/{rel}","templated":true}]}}