{"id":28792,"date":"2024-07-22T20:21:33","date_gmt":"2024-07-22T18:21:33","guid":{"rendered":"https:\/\/tdsportswear.com\/entrega-de-diseno\/"},"modified":"2024-07-22T20:22:25","modified_gmt":"2024-07-22T18:22:25","slug":"entrega-de-diseno","status":"publish","type":"page","link":"https:\/\/tdsportswear.com\/es\/entrega-de-diseno\/","title":{"rendered":"Entrega de Dise\u00f1o"},"content":{"rendered":"[vc_row][vc_column][vc_column_text]\n<h2>Versi\u00f3n en vigor a partir del 1 de enero de 2021<\/h2>\n<ul>\n<li>Los plazos de entrega indicados son estimaciones y no se pueden derivar derechos, salvo acuerdo escrito en contrario. Por lo tanto, el cliente no tiene derecho a un reembolso en este caso. Pueden ocurrir retrasos durante el proceso de producci\u00f3n, como debido a un defecto de producci\u00f3n, errores en el dise\u00f1o con logotipos y\/o colores, etc. Tambi\u00e9n terceros, como las empresas de env\u00edo, pueden ser la causa de una entrega tard\u00eda. En consecuencia, la entrega puede tardar m\u00e1s que el plazo est\u00e1ndar. El 95 % de los pedidos llegan dentro del plazo de entrega previsto.<\/li>\n<li>El plazo de entrega est\u00e1ndar est\u00e1 indicado en el sitio web. El plazo de entrega comienza en el momento en que se recibe el pago del pedido. Se puede obtener una entrega express con un suplemento del 15 % o del 30 %. Aplicamos un suplemento por producto para acelerar la producci\u00f3n. Si no cumplimos con el plazo de entrega express indicado, puede solicitar un reembolso del suplemento. Si TD no cumple con una entrega super-express de 1 a 2 semanas, pero se realiza en 2 a 3 semanas, el cliente tiene derecho a un reembolso de la diferencia entre la entrega super-express y la express. El incumplimiento de una entrega express por parte de TD no da derecho a la cancelaci\u00f3n completa del pedido o al reembolso total. Si el plazo de entrega no se cumple debido a fuerza mayor comprobable causada por terceros, no hay derecho a un reembolso de los costos express. Esto incluye retrasos imprevistos, paquetes perdidos y huelgas de los transportistas.<\/li>\n<li>Se aplican gastos de env\u00edo de 9,95 \u20ac sin IVA para cada pedido.<\/li>\n<li>Si la ropa debe enviarse a varias direcciones, se facturar\u00e1 el total de los gastos de env\u00edo.<\/li>\n<li>El cliente recibe una notificaci\u00f3n + c\u00f3digo de seguimiento por correo electr\u00f3nico tan pronto como la ropa se env\u00eda. En general, la ropa se entrega al d\u00eda siguiente en la direcci\u00f3n de entrega indicada. Se aplican condiciones de entrega diferentes para los pa\u00edses fuera de los Pa\u00edses Bajos y B\u00e9lgica.<\/li>\n<li>Si la entrega no puede realizarse en la direcci\u00f3n indicada por el cliente, todos los costos adicionales de env\u00edo correr\u00e1n por cuenta del cliente.<\/li>\n<\/ul>\n[\/vc_column_text][\/vc_column][\/vc_row]\n","protected":false},"excerpt":{"rendered":"<p>[vc_row][vc_column][vc_column_text] Versi\u00f3n en vigor a partir del 1 de enero de 2021 Los plazos de entrega &hellip;<\/p>\n","protected":false},"author":1,"featured_media":0,"parent":0,"menu_order":0,"comment_status":"closed","ping_status":"closed","template":"","meta":{"_acf_changed":false,"content-type":"","footnotes":""},"class_list":["post-28792","page","type-page","status-publish","hentry"],"acf":[],"yoast_head":"<!-- This site is optimized with the Yoast SEO plugin v24.6 - https:\/\/yoast.com\/wordpress\/plugins\/seo\/ -->\n<title>Condiciones de Entrega para el Dise\u00f1o de Ropa Deportiva - TD<\/title>\n<meta name=\"description\" content=\"Condiciones de Entrega para Compras en TD sportswear. TD se reserva el derecho de modificar las condiciones.\" \/>\n<meta name=\"robots\" content=\"index, follow, max-snippet:-1, max-image-preview:large, max-video-preview:-1\" \/>\n<link rel=\"canonical\" href=\"https:\/\/tdsportswear.com\/es\/entrega-de-diseno\/\" \/>\n<meta property=\"og:locale\" content=\"es_ES\" \/>\n<meta property=\"og:type\" content=\"article\" \/>\n<meta property=\"og:title\" content=\"Condiciones de Entrega para el Dise\u00f1o de Ropa Deportiva - TD\" \/>\n<meta property=\"og:description\" content=\"Condiciones de Entrega para Compras en TD sportswear. TD se reserva el derecho de modificar las condiciones.\" \/>\n<meta property=\"og:url\" content=\"https:\/\/tdsportswear.com\/es\/entrega-de-diseno\/\" \/>\n<meta property=\"og:site_name\" content=\"TD sportswear - Custom sportswear.\" \/>\n<meta property=\"article:publisher\" content=\"https:\/\/www.facebook.com\/TDsports3\/\" \/>\n<meta property=\"article:modified_time\" content=\"2024-07-22T18:22:25+00:00\" \/>\n<meta name=\"twitter:card\" content=\"summary_large_image\" \/>\n<meta name=\"twitter:site\" content=\"@td_sportswear\" \/>\n<meta name=\"twitter:label1\" content=\"Tiempo de lectura\" \/>\n\t<meta name=\"twitter:data1\" content=\"2 minutos\" \/>\n<script type=\"application\/ld+json\" class=\"yoast-schema-graph\">{\"@context\":\"https:\/\/schema.org\",\"@graph\":[{\"@type\":\"WebPage\",\"@id\":\"https:\/\/tdsportswear.com\/es\/entrega-de-diseno\/\",\"url\":\"https:\/\/tdsportswear.com\/es\/entrega-de-diseno\/\",\"name\":\"Condiciones de Entrega para el Dise\u00f1o de Ropa Deportiva - TD\",\"isPartOf\":{\"@id\":\"https:\/\/tdsportswear.com\/#website\"},\"datePublished\":\"2024-07-22T18:21:33+00:00\",\"dateModified\":\"2024-07-22T18:22:25+00:00\",\"description\":\"Condiciones de Entrega para Compras en TD sportswear. TD se reserva el derecho de modificar las condiciones.\",\"breadcrumb\":{\"@id\":\"https:\/\/tdsportswear.com\/es\/entrega-de-diseno\/#breadcrumb\"},\"inLanguage\":\"es\",\"potentialAction\":[{\"@type\":\"ReadAction\",\"target\":[\"https:\/\/tdsportswear.com\/es\/entrega-de-diseno\/\"]}]},{\"@type\":\"BreadcrumbList\",\"@id\":\"https:\/\/tdsportswear.com\/es\/entrega-de-diseno\/#breadcrumb\",\"itemListElement\":[{\"@type\":\"ListItem\",\"position\":1,\"name\":\"Home\",\"item\":\"https:\/\/tdsportswear.com\/es\/\"},{\"@type\":\"ListItem\",\"position\":2,\"name\":\"Entrega de Dise\u00f1o\"}]},{\"@type\":\"WebSite\",\"@id\":\"https:\/\/tdsportswear.com\/#website\",\"url\":\"https:\/\/tdsportswear.com\/\",\"name\":\"TD sportswear - Custom sportswear.\",\"description\":\"Custom made sportswear cycling, running, triathlon, hockey, football and many more.\",\"publisher\":{\"@id\":\"https:\/\/tdsportswear.com\/#organization\"},\"potentialAction\":[{\"@type\":\"SearchAction\",\"target\":{\"@type\":\"EntryPoint\",\"urlTemplate\":\"https:\/\/tdsportswear.com\/?s={search_term_string}\"},\"query-input\":{\"@type\":\"PropertyValueSpecification\",\"valueRequired\":true,\"valueName\":\"search_term_string\"}}],\"inLanguage\":\"es\"},{\"@type\":\"Organization\",\"@id\":\"https:\/\/tdsportswear.com\/#organization\",\"name\":\"TD sportswear\",\"url\":\"https:\/\/tdsportswear.com\/\",\"logo\":{\"@type\":\"ImageObject\",\"inLanguage\":\"es\",\"@id\":\"https:\/\/tdsportswear.com\/#\/schema\/logo\/image\/\",\"url\":\"https:\/\/tdsportswear.com\/wp-content\/uploads\/2017\/09\/Logo-zwart.png\",\"contentUrl\":\"https:\/\/tdsportswear.com\/wp-content\/uploads\/2017\/09\/Logo-zwart.png\",\"width\":455,\"height\":77,\"caption\":\"TD sportswear\"},\"image\":{\"@id\":\"https:\/\/tdsportswear.com\/#\/schema\/logo\/image\/\"},\"sameAs\":[\"https:\/\/www.facebook.com\/TDsports3\/\",\"https:\/\/x.com\/td_sportswear\",\"https:\/\/www.instagram.com\/td.sportswear\/\",\"https:\/\/nl.linkedin.com\/company\/td-sports\"],\"description\":\"TD Sportswear offers high-quality sportswear and accessories for teams and individuals. From cycling jerseys to running clothes, we provide comfortable and stylish solutions for your sporting needs.\",\"address\":{\"@type\":\"PostalAddress\",\"streetAddress\":\"Concourslaan 79\",\"postalCode\":\"8252 GH\",\"addressLocality\":\"Dronten\",\"addressCountry\":\"The Netherlands\"},\"contactPoint\":[{\"@type\":\"ContactPoint\",\"telephone\":\"+31623329942\",\"contactType\":\"Customer Service\"}],\"aggregateRating\":{\"@type\":\"AggregateRating\",\"ratingValue\":4.9,\"reviewCount\":1190,\"bestRating\":\"5\",\"worstRating\":\"1\"}}]}<\/script>\n<!-- \/ Yoast SEO plugin. -->","yoast_head_json":{"title":"Condiciones de Entrega para el Dise\u00f1o de Ropa Deportiva - TD","description":"Condiciones de Entrega para Compras en TD sportswear. TD se reserva el derecho de modificar las condiciones.","robots":{"index":"index","follow":"follow","max-snippet":"max-snippet:-1","max-image-preview":"max-image-preview:large","max-video-preview":"max-video-preview:-1"},"canonical":"https:\/\/tdsportswear.com\/es\/entrega-de-diseno\/","og_locale":"es_ES","og_type":"article","og_title":"Condiciones de Entrega para el Dise\u00f1o de Ropa Deportiva - TD","og_description":"Condiciones de Entrega para Compras en TD sportswear. TD se reserva el derecho de modificar las condiciones.","og_url":"https:\/\/tdsportswear.com\/es\/entrega-de-diseno\/","og_site_name":"TD sportswear - Custom sportswear.","article_publisher":"https:\/\/www.facebook.com\/TDsports3\/","article_modified_time":"2024-07-22T18:22:25+00:00","twitter_card":"summary_large_image","twitter_site":"@td_sportswear","twitter_misc":{"Tiempo de lectura":"2 minutos"},"schema":{"@context":"https:\/\/schema.org","@graph":[{"@type":"WebPage","@id":"https:\/\/tdsportswear.com\/es\/entrega-de-diseno\/","url":"https:\/\/tdsportswear.com\/es\/entrega-de-diseno\/","name":"Condiciones de Entrega para el Dise\u00f1o de Ropa Deportiva - TD","isPartOf":{"@id":"https:\/\/tdsportswear.com\/#website"},"datePublished":"2024-07-22T18:21:33+00:00","dateModified":"2024-07-22T18:22:25+00:00","description":"Condiciones de Entrega para Compras en TD sportswear. TD se reserva el derecho de modificar las condiciones.","breadcrumb":{"@id":"https:\/\/tdsportswear.com\/es\/entrega-de-diseno\/#breadcrumb"},"inLanguage":"es","potentialAction":[{"@type":"ReadAction","target":["https:\/\/tdsportswear.com\/es\/entrega-de-diseno\/"]}]},{"@type":"BreadcrumbList","@id":"https:\/\/tdsportswear.com\/es\/entrega-de-diseno\/#breadcrumb","itemListElement":[{"@type":"ListItem","position":1,"name":"Home","item":"https:\/\/tdsportswear.com\/es\/"},{"@type":"ListItem","position":2,"name":"Entrega de Dise\u00f1o"}]},{"@type":"WebSite","@id":"https:\/\/tdsportswear.com\/#website","url":"https:\/\/tdsportswear.com\/","name":"TD sportswear - Custom sportswear.","description":"Custom made sportswear cycling, running, triathlon, hockey, football and many more.","publisher":{"@id":"https:\/\/tdsportswear.com\/#organization"},"potentialAction":[{"@type":"SearchAction","target":{"@type":"EntryPoint","urlTemplate":"https:\/\/tdsportswear.com\/?s={search_term_string}"},"query-input":{"@type":"PropertyValueSpecification","valueRequired":true,"valueName":"search_term_string"}}],"inLanguage":"es"},{"@type":"Organization","@id":"https:\/\/tdsportswear.com\/#organization","name":"TD sportswear","url":"https:\/\/tdsportswear.com\/","logo":{"@type":"ImageObject","inLanguage":"es","@id":"https:\/\/tdsportswear.com\/#\/schema\/logo\/image\/","url":"https:\/\/tdsportswear.com\/wp-content\/uploads\/2017\/09\/Logo-zwart.png","contentUrl":"https:\/\/tdsportswear.com\/wp-content\/uploads\/2017\/09\/Logo-zwart.png","width":455,"height":77,"caption":"TD sportswear"},"image":{"@id":"https:\/\/tdsportswear.com\/#\/schema\/logo\/image\/"},"sameAs":["https:\/\/www.facebook.com\/TDsports3\/","https:\/\/x.com\/td_sportswear","https:\/\/www.instagram.com\/td.sportswear\/","https:\/\/nl.linkedin.com\/company\/td-sports"],"description":"TD Sportswear offers high-quality sportswear and accessories for teams and individuals. From cycling jerseys to running clothes, we provide comfortable and stylish solutions for your sporting needs.","address":{"@type":"PostalAddress","streetAddress":"Concourslaan 79","postalCode":"8252 GH","addressLocality":"Dronten","addressCountry":"The Netherlands"},"contactPoint":[{"@type":"ContactPoint","telephone":"+31623329942","contactType":"Customer Service"}],"aggregateRating":{"@type":"AggregateRating","ratingValue":4.9,"reviewCount":1190,"bestRating":"5","worstRating":"1"}}]}},"_links":{"self":[{"href":"https:\/\/tdsportswear.com\/es\/wp-json\/wp\/v2\/pages\/28792","targetHints":{"allow":["GET"]}}],"collection":[{"href":"https:\/\/tdsportswear.com\/es\/wp-json\/wp\/v2\/pages"}],"about":[{"href":"https:\/\/tdsportswear.com\/es\/wp-json\/wp\/v2\/types\/page"}],"author":[{"embeddable":true,"href":"https:\/\/tdsportswear.com\/es\/wp-json\/wp\/v2\/users\/1"}],"replies":[{"embeddable":true,"href":"https:\/\/tdsportswear.com\/es\/wp-json\/wp\/v2\/comments?post=28792"}],"version-history":[{"count":3,"href":"https:\/\/tdsportswear.com\/es\/wp-json\/wp\/v2\/pages\/28792\/revisions"}],"predecessor-version":[{"id":28799,"href":"https:\/\/tdsportswear.com\/es\/wp-json\/wp\/v2\/pages\/28792\/revisions\/28799"}],"wp:attachment":[{"href":"https:\/\/tdsportswear.com\/es\/wp-json\/wp\/v2\/media?parent=28792"}],"curies":[{"name":"wp","href":"https:\/\/api.w.org\/{rel}","templated":true}]}}