{"id":28768,"date":"2024-07-22T20:04:12","date_gmt":"2024-07-22T18:04:12","guid":{"rendered":"https:\/\/tdsportswear.com\/politique-de-confidentialite\/"},"modified":"2024-07-22T20:06:01","modified_gmt":"2024-07-22T18:06:01","slug":"politique-de-confidentialite","status":"publish","type":"page","link":"https:\/\/tdsportswear.com\/fr\/politique-de-confidentialite\/","title":{"rendered":"Politique de confidentialit\u00e9"},"content":{"rendered":"[vc_row][vc_column][vc_column_text]\n<h2>Politique de confidentialit\u00e9 de TD Sportswear<\/h2>\n<p>Cette politique de confidentialit\u00e9 est \u00e9labor\u00e9e pour se conformer \u00e0 la l\u00e9gislation fran\u00e7aise sur la protection des donn\u00e9es personnelles. Nous respectons votre vie priv\u00e9e et nous nous engageons \u00e0 la prot\u00e9ger \u00e0 tout moment. Vous pouvez consulter nos Conditions G\u00e9n\u00e9rales de Vente pour voir comment vous \u00eates prot\u00e9g\u00e9 en tant que client. En visitant notre site Web ou en effectuant un achat, vous acceptez de nous fournir vos donn\u00e9es personnelles \u00e0 vos propres risques. Nous collectons les donn\u00e9es personnelles suivantes :<\/p>\n<ul>\n<li>Les informations que vous nous avez fournies lors d&#8217;un achat ou d&#8217;une prise de contact.<\/li>\n<li>Les informations sur l&#8217;appareil avec lequel vous visitez notre site Web, ainsi que le navigateur utilis\u00e9.<\/li>\n<li>Les informations sur votre visite de notre site Web, telles que les pages que vous avez consult\u00e9es et le site Web par lequel vous avez acc\u00e9d\u00e9 au n\u00f4tre.<\/li>\n<li>Nous ne collectons que les donn\u00e9es personnelles n\u00e9cessaires, telles que votre adresse e-mail, adresse et nom, afin de vous contacter au sujet de vos commandes chez TD Sportswear.<\/li>\n<li>En cas de paiement, vos donn\u00e9es de paiement sont transmises \u00e0 notre prestataire de paiement Mollie. Celui-ci conserve vos donn\u00e9es de paiement dans un espace s\u00e9curis\u00e9 pour une p\u00e9riode d\u00e9termin\u00e9e, comme indiqu\u00e9 dans ses politiques.<\/li>\n<li>Nous conservons vos donn\u00e9es personnelles dans notre syst\u00e8me CRM pour vous tenir inform\u00e9 des informations suivantes.<\/li>\n<li>Vous acceptez automatiquement la politique de confidentialit\u00e9 de TD en remplissant le formulaire sur le site Web de TD.<\/li>\n<\/ul>\n<p>Nous utilisons les informations re\u00e7ues pour communiquer avec vous et envoyer les achats \u00e0 la bonne adresse. De plus, nous utilisons vos donn\u00e9es personnelles pour am\u00e9liorer nos services et produits. Nous utilisons \u00e9galement vos donn\u00e9es pour vous informer des produits susceptibles de vous int\u00e9resser.<\/p>\n<p>Nous transmettons vos donn\u00e9es personnelles \u00e0 toutes les parties tierces au sein de TD Sportswear, et en cas de rachat de TD Sportswear, vos donn\u00e9es seront transf\u00e9r\u00e9es au nouveau propri\u00e9taire. Les tiers avec lesquels nous partageons les donn\u00e9es sont <a href=\"https:\/\/policies.google.com\/technologies\/partner-sites\">Google<\/a>, Facebook et Bing. Vous pouvez consulter leurs politiques de confidentialit\u00e9 pour savoir comment ils utilisent vos donn\u00e9es personnelles. Nous transmettons \u00e9galement vos donn\u00e9es en cas de litige ou de fraude. Vos donn\u00e9es personnelles sont prot\u00e9g\u00e9es par le protocole SSL sur notre site Web. Nous conservons vos donn\u00e9es personnelles ind\u00e9finiment. Vous avez le droit de nous contacter \u00e0 tout moment pour demander la suppression de vos donn\u00e9es personnelles.<\/p>\n<p>Vous pouvez acc\u00e9der \u00e0 toutes nos conditions sur notre page des Conditions G\u00e9n\u00e9rales de Vente.<\/p>\n<p>Vous avez toujours le droit d&#8217;acc\u00e9der aux informations que nous d\u00e9tenons sur vous. Vous pouvez nous contacter via le formulaire de contact pour demander l&#8217;acc\u00e8s \u00e0 vos donn\u00e9es personnelles.[\/vc_column_text][\/vc_column][\/vc_row]\n","protected":false},"excerpt":{"rendered":"<p>[vc_row][vc_column][vc_column_text] Politique de confidentialit\u00e9 de TD Sportswear Cette politique de confidentialit\u00e9 est \u00e9labor\u00e9e pour se conformer &hellip;<\/p>\n","protected":false},"author":1,"featured_media":0,"parent":0,"menu_order":0,"comment_status":"closed","ping_status":"closed","template":"","meta":{"_acf_changed":false,"content-type":"","footnotes":""},"class_list":["post-28768","page","type-page","status-publish","hentry"],"acf":[],"yoast_head":"<!-- This site is optimized with the Yoast SEO plugin v24.6 - https:\/\/yoast.com\/wordpress\/plugins\/seo\/ -->\n<title>TD suit la l\u00e9gislation fran\u00e7aise sur les donn\u00e9es personnelles.<\/title>\n<meta name=\"description\" content=\"TD Sportswear respecte rigoureusement la l\u00e9gislation fran\u00e7aise en mati\u00e8re de protection des donn\u00e9es personnelles.\" \/>\n<meta name=\"robots\" content=\"index, follow, max-snippet:-1, max-image-preview:large, max-video-preview:-1\" \/>\n<link rel=\"canonical\" href=\"https:\/\/tdsportswear.com\/fr\/politique-de-confidentialite\/\" \/>\n<meta property=\"og:locale\" content=\"fr_FR\" \/>\n<meta property=\"og:type\" content=\"article\" \/>\n<meta property=\"og:title\" content=\"TD suit la l\u00e9gislation fran\u00e7aise sur les donn\u00e9es personnelles.\" \/>\n<meta property=\"og:description\" content=\"TD Sportswear respecte rigoureusement la l\u00e9gislation fran\u00e7aise en mati\u00e8re de protection des donn\u00e9es personnelles.\" \/>\n<meta property=\"og:url\" content=\"https:\/\/tdsportswear.com\/fr\/politique-de-confidentialite\/\" \/>\n<meta property=\"og:site_name\" content=\"TD sportswear - Custom sportswear.\" \/>\n<meta property=\"article:publisher\" content=\"https:\/\/www.facebook.com\/TDsports3\/\" \/>\n<meta property=\"article:modified_time\" content=\"2024-07-22T18:06:01+00:00\" \/>\n<meta name=\"twitter:card\" content=\"summary_large_image\" \/>\n<meta name=\"twitter:site\" content=\"@td_sportswear\" \/>\n<meta name=\"twitter:label1\" content=\"Dur\u00e9e de lecture estim\u00e9e\" \/>\n\t<meta name=\"twitter:data1\" content=\"2 minutes\" \/>\n<script type=\"application\/ld+json\" class=\"yoast-schema-graph\">{\"@context\":\"https:\/\/schema.org\",\"@graph\":[{\"@type\":\"WebPage\",\"@id\":\"https:\/\/tdsportswear.com\/fr\/politique-de-confidentialite\/\",\"url\":\"https:\/\/tdsportswear.com\/fr\/politique-de-confidentialite\/\",\"name\":\"TD suit la l\u00e9gislation fran\u00e7aise sur les donn\u00e9es personnelles.\",\"isPartOf\":{\"@id\":\"https:\/\/tdsportswear.com\/#website\"},\"datePublished\":\"2024-07-22T18:04:12+00:00\",\"dateModified\":\"2024-07-22T18:06:01+00:00\",\"description\":\"TD Sportswear respecte rigoureusement la l\u00e9gislation fran\u00e7aise en mati\u00e8re de protection des donn\u00e9es personnelles.\",\"breadcrumb\":{\"@id\":\"https:\/\/tdsportswear.com\/fr\/politique-de-confidentialite\/#breadcrumb\"},\"inLanguage\":\"fr-FR\",\"potentialAction\":[{\"@type\":\"ReadAction\",\"target\":[\"https:\/\/tdsportswear.com\/fr\/politique-de-confidentialite\/\"]}]},{\"@type\":\"BreadcrumbList\",\"@id\":\"https:\/\/tdsportswear.com\/fr\/politique-de-confidentialite\/#breadcrumb\",\"itemListElement\":[{\"@type\":\"ListItem\",\"position\":1,\"name\":\"Home\",\"item\":\"https:\/\/tdsportswear.com\/fr\/\"},{\"@type\":\"ListItem\",\"position\":2,\"name\":\"Politique de confidentialit\u00e9\"}]},{\"@type\":\"WebSite\",\"@id\":\"https:\/\/tdsportswear.com\/#website\",\"url\":\"https:\/\/tdsportswear.com\/\",\"name\":\"TD sportswear - Custom sportswear.\",\"description\":\"Custom made sportswear cycling, running, triathlon, hockey, football and many more.\",\"publisher\":{\"@id\":\"https:\/\/tdsportswear.com\/#organization\"},\"potentialAction\":[{\"@type\":\"SearchAction\",\"target\":{\"@type\":\"EntryPoint\",\"urlTemplate\":\"https:\/\/tdsportswear.com\/?s={search_term_string}\"},\"query-input\":{\"@type\":\"PropertyValueSpecification\",\"valueRequired\":true,\"valueName\":\"search_term_string\"}}],\"inLanguage\":\"fr-FR\"},{\"@type\":\"Organization\",\"@id\":\"https:\/\/tdsportswear.com\/#organization\",\"name\":\"TD sportswear\",\"url\":\"https:\/\/tdsportswear.com\/\",\"logo\":{\"@type\":\"ImageObject\",\"inLanguage\":\"fr-FR\",\"@id\":\"https:\/\/tdsportswear.com\/#\/schema\/logo\/image\/\",\"url\":\"https:\/\/tdsportswear.com\/wp-content\/uploads\/2017\/09\/Logo-zwart.png\",\"contentUrl\":\"https:\/\/tdsportswear.com\/wp-content\/uploads\/2017\/09\/Logo-zwart.png\",\"width\":455,\"height\":77,\"caption\":\"TD sportswear\"},\"image\":{\"@id\":\"https:\/\/tdsportswear.com\/#\/schema\/logo\/image\/\"},\"sameAs\":[\"https:\/\/www.facebook.com\/TDsports3\/\",\"https:\/\/x.com\/td_sportswear\",\"https:\/\/www.instagram.com\/td.sportswear\/\",\"https:\/\/nl.linkedin.com\/company\/td-sports\"],\"description\":\"TD Sportswear offers high-quality sportswear and accessories for teams and individuals. From cycling jerseys to running clothes, we provide comfortable and stylish solutions for your sporting needs.\",\"address\":{\"@type\":\"PostalAddress\",\"streetAddress\":\"Concourslaan 79\",\"postalCode\":\"8252 GH\",\"addressLocality\":\"Dronten\",\"addressCountry\":\"The Netherlands\"},\"contactPoint\":[{\"@type\":\"ContactPoint\",\"telephone\":\"+33525630909\",\"contactType\":\"Customer Service\"}],\"aggregateRating\":{\"@type\":\"AggregateRating\",\"ratingValue\":4.9,\"reviewCount\":1190,\"bestRating\":\"5\",\"worstRating\":\"1\"}}]}<\/script>\n<!-- \/ Yoast SEO plugin. -->","yoast_head_json":{"title":"TD suit la l\u00e9gislation fran\u00e7aise sur les donn\u00e9es personnelles.","description":"TD Sportswear respecte rigoureusement la l\u00e9gislation fran\u00e7aise en mati\u00e8re de protection des donn\u00e9es personnelles.","robots":{"index":"index","follow":"follow","max-snippet":"max-snippet:-1","max-image-preview":"max-image-preview:large","max-video-preview":"max-video-preview:-1"},"canonical":"https:\/\/tdsportswear.com\/fr\/politique-de-confidentialite\/","og_locale":"fr_FR","og_type":"article","og_title":"TD suit la l\u00e9gislation fran\u00e7aise sur les donn\u00e9es personnelles.","og_description":"TD Sportswear respecte rigoureusement la l\u00e9gislation fran\u00e7aise en mati\u00e8re de protection des donn\u00e9es personnelles.","og_url":"https:\/\/tdsportswear.com\/fr\/politique-de-confidentialite\/","og_site_name":"TD sportswear - Custom sportswear.","article_publisher":"https:\/\/www.facebook.com\/TDsports3\/","article_modified_time":"2024-07-22T18:06:01+00:00","twitter_card":"summary_large_image","twitter_site":"@td_sportswear","twitter_misc":{"Dur\u00e9e de lecture estim\u00e9e":"2 minutes"},"schema":{"@context":"https:\/\/schema.org","@graph":[{"@type":"WebPage","@id":"https:\/\/tdsportswear.com\/fr\/politique-de-confidentialite\/","url":"https:\/\/tdsportswear.com\/fr\/politique-de-confidentialite\/","name":"TD suit la l\u00e9gislation fran\u00e7aise sur les donn\u00e9es personnelles.","isPartOf":{"@id":"https:\/\/tdsportswear.com\/#website"},"datePublished":"2024-07-22T18:04:12+00:00","dateModified":"2024-07-22T18:06:01+00:00","description":"TD Sportswear respecte rigoureusement la l\u00e9gislation fran\u00e7aise en mati\u00e8re de protection des donn\u00e9es personnelles.","breadcrumb":{"@id":"https:\/\/tdsportswear.com\/fr\/politique-de-confidentialite\/#breadcrumb"},"inLanguage":"fr-FR","potentialAction":[{"@type":"ReadAction","target":["https:\/\/tdsportswear.com\/fr\/politique-de-confidentialite\/"]}]},{"@type":"BreadcrumbList","@id":"https:\/\/tdsportswear.com\/fr\/politique-de-confidentialite\/#breadcrumb","itemListElement":[{"@type":"ListItem","position":1,"name":"Home","item":"https:\/\/tdsportswear.com\/fr\/"},{"@type":"ListItem","position":2,"name":"Politique de confidentialit\u00e9"}]},{"@type":"WebSite","@id":"https:\/\/tdsportswear.com\/#website","url":"https:\/\/tdsportswear.com\/","name":"TD sportswear - Custom sportswear.","description":"Custom made sportswear cycling, running, triathlon, hockey, football and many more.","publisher":{"@id":"https:\/\/tdsportswear.com\/#organization"},"potentialAction":[{"@type":"SearchAction","target":{"@type":"EntryPoint","urlTemplate":"https:\/\/tdsportswear.com\/?s={search_term_string}"},"query-input":{"@type":"PropertyValueSpecification","valueRequired":true,"valueName":"search_term_string"}}],"inLanguage":"fr-FR"},{"@type":"Organization","@id":"https:\/\/tdsportswear.com\/#organization","name":"TD sportswear","url":"https:\/\/tdsportswear.com\/","logo":{"@type":"ImageObject","inLanguage":"fr-FR","@id":"https:\/\/tdsportswear.com\/#\/schema\/logo\/image\/","url":"https:\/\/tdsportswear.com\/wp-content\/uploads\/2017\/09\/Logo-zwart.png","contentUrl":"https:\/\/tdsportswear.com\/wp-content\/uploads\/2017\/09\/Logo-zwart.png","width":455,"height":77,"caption":"TD sportswear"},"image":{"@id":"https:\/\/tdsportswear.com\/#\/schema\/logo\/image\/"},"sameAs":["https:\/\/www.facebook.com\/TDsports3\/","https:\/\/x.com\/td_sportswear","https:\/\/www.instagram.com\/td.sportswear\/","https:\/\/nl.linkedin.com\/company\/td-sports"],"description":"TD Sportswear offers high-quality sportswear and accessories for teams and individuals. From cycling jerseys to running clothes, we provide comfortable and stylish solutions for your sporting needs.","address":{"@type":"PostalAddress","streetAddress":"Concourslaan 79","postalCode":"8252 GH","addressLocality":"Dronten","addressCountry":"The Netherlands"},"contactPoint":[{"@type":"ContactPoint","telephone":"+33525630909","contactType":"Customer Service"}],"aggregateRating":{"@type":"AggregateRating","ratingValue":4.9,"reviewCount":1190,"bestRating":"5","worstRating":"1"}}]}},"_links":{"self":[{"href":"https:\/\/tdsportswear.com\/fr\/wp-json\/wp\/v2\/pages\/28768","targetHints":{"allow":["GET"]}}],"collection":[{"href":"https:\/\/tdsportswear.com\/fr\/wp-json\/wp\/v2\/pages"}],"about":[{"href":"https:\/\/tdsportswear.com\/fr\/wp-json\/wp\/v2\/types\/page"}],"author":[{"embeddable":true,"href":"https:\/\/tdsportswear.com\/fr\/wp-json\/wp\/v2\/users\/1"}],"replies":[{"embeddable":true,"href":"https:\/\/tdsportswear.com\/fr\/wp-json\/wp\/v2\/comments?post=28768"}],"version-history":[{"count":3,"href":"https:\/\/tdsportswear.com\/fr\/wp-json\/wp\/v2\/pages\/28768\/revisions"}],"predecessor-version":[{"id":28774,"href":"https:\/\/tdsportswear.com\/fr\/wp-json\/wp\/v2\/pages\/28768\/revisions\/28774"}],"wp:attachment":[{"href":"https:\/\/tdsportswear.com\/fr\/wp-json\/wp\/v2\/media?parent=28768"}],"curies":[{"name":"wp","href":"https:\/\/api.w.org\/{rel}","templated":true}]}}