{"id":31441,"date":"2024-08-15T18:03:59","date_gmt":"2024-08-15T16:03:59","guid":{"rendered":"https:\/\/tdsportswear.com\/nostra-missione\/"},"modified":"2024-08-15T18:05:00","modified_gmt":"2024-08-15T16:05:00","slug":"nostra-missione","status":"publish","type":"page","link":"https:\/\/tdsportswear.com\/it\/nostra-missione\/","title":{"rendered":"Nostra missione"},"content":{"rendered":"[vc_row css=&#8221;.vc_custom_1658136631618{margin-right: 0px !important;margin-left: 0px !important;padding-top: 180px !important;padding-right: 0px !important;padding-bottom: 180px !important;padding-left: 0px !important;background: #444444 url(https:\/\/tdsportswear.com\/wp-content\/uploads\/2022\/03\/Banner-1-scaled.jpg?id=13334) !important;background-position: center !important;background-repeat: no-repeat !important;background-size: cover !important;}&#8221; el_class=&#8221;about-top&#8221;][vc_column][vc_custom_heading text=&#8221;Nostra missione&#8221; font_container=&#8221;tag:h1|font_size:55|text_align:center|color:%23ffffff&#8221; use_theme_fonts=&#8221;yes&#8221; sub_heading_tag=&#8221;h2&#8243;][\/vc_column][\/vc_row][vc_row css=&#8221;.vc_custom_1658136543827{margin-top: 30px !important;margin-bottom: 30px !important;}&#8221;][vc_column][vc_custom_heading text=&#8221;Conoscete il nostro fondatore Tjeerd&#8221; font_container=&#8221;tag:h2|font_size:36|text_align:center|color:%23202020&#8243; use_theme_fonts=&#8221;yes&#8221; sub_heading=&#8221;Tjeerd Douma&#8221; sub_heading_tag=&#8221;h2&#8243;][vc_single_image image=&#8221;31443&#8243; img_size=&#8221;full&#8221; alignment=&#8221;center&#8221; css_animation=&#8221;top-to-bottom&#8221; css=&#8221;.vc_custom_1502968058929{margin-bottom: 0px !important;}&#8221;][vc_column_text]\n<h3>Volevo un abbigliamento sportivo con il mio logo, proprio come te<\/h3>\n<p>Una volta io (Tjeerd Douma) volevo far realizzare un abbigliamento sportivo personalizzato per il mio gruppo di amici e partner commerciali. Con il mio logo e i miei colori e, soprattutto, da regalare per poterci allenare insieme con gli stessi abiti. Ho trascorso mesi in un processo estremamente difficile. Ho ricevuto il disegno solo dopo molto tempo, le taglie erano molto complicate e la consegna richiedeva mesi. Poi i vestiti sono finalmente arrivati e la qualit\u00e0 era estremamente deludente. Mancavano dei pezzi, i colori sembravano diversi e non mi stavano affatto bene. Il messaggio era \u201csfortuna\u201d, non possiamo aiutarti. Quindi eccovi con la vostra grande scatola di vestiti inutilizzabili. E adesso?<\/p>\n<h3>Finalmente, finalmente l&#8217;abbigliamento giusto<\/h3>\n<p>Desideravo davvero trovare dei bei vestiti per i miei amici e colleghi. Allora mi organizzo da sola e trovo un fornitore che possa creare con me gli outfit perfetti. \u00c8 piuttosto difficile decidere da soli quanti centimetri di larghezza deve avere una camicia o quanto deve essere alto il colletto. Dopo aver sperimentato taglie, colori, tessuti e diverse consegne di prova, ho avuto dei bellissimi abiti. Erano cos\u00ec belli che non solo i miei amici pensavano che fossero fantastici. Anche altri partner commerciali e conoscenti volevano abiti personalizzati come quelli del mio team. Dai, aiuter\u00f2 i miei amici e conoscenti con i loro capi di abbigliamento personalizzati per il ciclismo e la corsa. Un piccolo sforzo per me, pensai.<\/p>\n<h3>La nascita di TD<\/h3>\n<p>Ben presto ricevetti richieste da persone che non conoscevo affatto. Se solo potessi realizzare qualche capo di abbigliamento personalizzato per loro. In quel momento ho capito che c&#8217;era un gran bisogno di abbigliamento sportivo di qualit\u00e0 con loghi e colori personalizzati. Ho accolto i desideri delle persone e ho consegnato i capi in circa 4 settimane. E anche di buona qualit\u00e0. A quanto pare era molto pi\u00f9 veloce di quanto la gente fosse abituata a fare all&#8217;epoca. Le richieste continuavano ad arrivare, cos\u00ec ho creato TD. Nel giro di pochissimo tempo, avevo un team intorno a me e aiutavamo centinaia di gruppi con abbigliamento sportivo personalizzato ogni mese.<\/p>\n<h3>E ORA AVANTI<\/h3>\n<p>Dopo l&#8217;ennesimo team, ci si rende conto che la domanda di abbigliamento sportivo \u00e8 enorme. Ci si rende anche conto che ci si pu\u00f2 distinguere enormemente se si \u00e8 veloci e si punta sull&#8217;alta qualit\u00e0. \u00c8 stato quello il momento in cui abbiamo deciso che TD doveva essere il fornitore pi\u00f9 veloce e lavorare solo con i tessuti migliori. Non \u00e8 un bene n\u00e9 per i nostri clienti n\u00e9 per noi stessi se siamo lenti e forniamo una qualit\u00e0 mediocre. Questo scoraggerebbe le persone e, come all&#8217;inizio, vogliamo che si parli della nostra alta qualit\u00e0 e della nostra velocit\u00e0.<\/p>\n<h3>VERSO IL FUTURO<\/h3>\n<p>Oggi vendiamo abbigliamento sportivo personalizzato a molte squadre e aziende in tutto il mondo. A volte 1 pezzo, a volte 10.000 e tutto il resto. Da persone felici a persone non immediatamente felici. Tuttavia, noi di TD facciamo sempre tutto il possibile per rendere il cliente felice alla fine. E questo sta funzionando bene ora che ci stiamo avvicinando alle 500 recensioni con il punteggio massimo. Ho iniziato TD perch\u00e9 volevo fare meglio ed \u00e8 esattamente la mentalit\u00e0 che abbiamo ancora oggi. Se venite da noi, siete i benvenuti. Sempre la consegna pi\u00f9 veloce, sempre la massima qualit\u00e0 e facciamo di tutto per soddisfarvi. Stiamo reclutando nuovi membri del team, siamo pi\u00f9 attivi all&#8217;estero e lavoriamo duramente ogni giorno con il nostro team in Europa e nei siti produttivi in Europa e in Asia. Il tutto con un unico obiettivo: dimostrare ai clienti che siamo i migliori con abbigliamento personalizzato per voi e per il vostro team.<\/p>\n<h3>Ora tocca a voi<\/h3>\n<p>Ho scritto questo pezzo dopo un&#8217;avventura durata un anno, rendendomi conto allo stesso tempo che ci sono ancora molte cose belle da fare. Senza i nostri clienti, non abbiamo nulla. Speriamo di poter aiutare anche voi e di dimostrare che anche voi potete brillare con il vostro abbigliamento di squadra personalizzato. Contattateci, create un disegno o chiedeteci di realizzare qualcosa. Vi lasceremo a bocca aperta!<br \/>\n[\/vc_column_text][\/vc_column][\/vc_row]\n","protected":false},"excerpt":{"rendered":"<p>[vc_row css=&#8221;.vc_custom_1658136631618{margin-right: 0px !important;margin-left: 0px !important;padding-top: 180px !important;padding-right: 0px !important;padding-bottom: 180px !important;padding-left: 0px !important;background: #444444 url(https:\/\/tdsportswear.com\/wp-content\/uploads\/2022\/03\/Banner-1-scaled.jpg?id=13334) &hellip;<\/p>\n","protected":false},"author":1,"featured_media":0,"parent":0,"menu_order":0,"comment_status":"closed","ping_status":"closed","template":"page-templates\/page-template.php","meta":{"_acf_changed":false,"content-type":"","footnotes":""},"class_list":["post-31441","page","type-page","status-publish","hentry"],"acf":[],"yoast_head":"<!-- This site is optimized with the Yoast SEO plugin v24.6 - https:\/\/yoast.com\/wordpress\/plugins\/seo\/ -->\n<title>La nostra missione: la storia di TD Sportswear<\/title>\n<meta name=\"description\" content=\"La nostra missione inizia con la passione di un uomo. Una passione per il ciclismo e per l&#039;abbigliamento da ciclismo. \u00c8 iniziata con l&#039;abbigliamento per squadre e continua.\" \/>\n<meta name=\"robots\" content=\"index, follow, max-snippet:-1, max-image-preview:large, max-video-preview:-1\" \/>\n<link rel=\"canonical\" href=\"https:\/\/tdsportswear.com\/it\/nostra-missione\/\" \/>\n<meta property=\"og:locale\" content=\"it_IT\" \/>\n<meta property=\"og:type\" content=\"article\" \/>\n<meta property=\"og:title\" content=\"La nostra missione: la storia di TD Sportswear\" \/>\n<meta property=\"og:description\" content=\"La nostra missione inizia con la passione di un uomo. Una passione per il ciclismo e per l&#039;abbigliamento da ciclismo. \u00c8 iniziata con l&#039;abbigliamento per squadre e continua.\" \/>\n<meta property=\"og:url\" content=\"https:\/\/tdsportswear.com\/it\/nostra-missione\/\" \/>\n<meta property=\"og:site_name\" content=\"TD sportswear - Custom sportswear.\" \/>\n<meta property=\"article:publisher\" content=\"https:\/\/www.facebook.com\/TDsports3\/\" \/>\n<meta property=\"article:modified_time\" content=\"2024-08-15T16:05:00+00:00\" \/>\n<meta name=\"twitter:card\" content=\"summary_large_image\" \/>\n<meta name=\"twitter:site\" content=\"@td_sportswear\" \/>\n<meta name=\"twitter:label1\" content=\"Tempo di lettura stimato\" \/>\n\t<meta name=\"twitter:data1\" content=\"4 minuti\" \/>\n<script type=\"application\/ld+json\" class=\"yoast-schema-graph\">{\"@context\":\"https:\/\/schema.org\",\"@graph\":[{\"@type\":\"WebPage\",\"@id\":\"https:\/\/tdsportswear.com\/it\/nostra-missione\/\",\"url\":\"https:\/\/tdsportswear.com\/it\/nostra-missione\/\",\"name\":\"La nostra missione: la storia di TD Sportswear\",\"isPartOf\":{\"@id\":\"https:\/\/tdsportswear.com\/#website\"},\"datePublished\":\"2024-08-15T16:03:59+00:00\",\"dateModified\":\"2024-08-15T16:05:00+00:00\",\"description\":\"La nostra missione inizia con la passione di un uomo. Una passione per il ciclismo e per l'abbigliamento da ciclismo. \u00c8 iniziata con l'abbigliamento per squadre e continua.\",\"breadcrumb\":{\"@id\":\"https:\/\/tdsportswear.com\/it\/nostra-missione\/#breadcrumb\"},\"inLanguage\":\"it-IT\",\"potentialAction\":[{\"@type\":\"ReadAction\",\"target\":[\"https:\/\/tdsportswear.com\/it\/nostra-missione\/\"]}]},{\"@type\":\"BreadcrumbList\",\"@id\":\"https:\/\/tdsportswear.com\/it\/nostra-missione\/#breadcrumb\",\"itemListElement\":[{\"@type\":\"ListItem\",\"position\":1,\"name\":\"Home\",\"item\":\"https:\/\/tdsportswear.com\/it\/\"},{\"@type\":\"ListItem\",\"position\":2,\"name\":\"Nostra missione\"}]},{\"@type\":\"WebSite\",\"@id\":\"https:\/\/tdsportswear.com\/#website\",\"url\":\"https:\/\/tdsportswear.com\/\",\"name\":\"TD sportswear - Custom sportswear.\",\"description\":\"Custom made sportswear cycling, running, triathlon, hockey, football and many more.\",\"publisher\":{\"@id\":\"https:\/\/tdsportswear.com\/#organization\"},\"potentialAction\":[{\"@type\":\"SearchAction\",\"target\":{\"@type\":\"EntryPoint\",\"urlTemplate\":\"https:\/\/tdsportswear.com\/?s={search_term_string}\"},\"query-input\":{\"@type\":\"PropertyValueSpecification\",\"valueRequired\":true,\"valueName\":\"search_term_string\"}}],\"inLanguage\":\"it-IT\"},{\"@type\":\"Organization\",\"@id\":\"https:\/\/tdsportswear.com\/#organization\",\"name\":\"TD sportswear\",\"url\":\"https:\/\/tdsportswear.com\/\",\"logo\":{\"@type\":\"ImageObject\",\"inLanguage\":\"it-IT\",\"@id\":\"https:\/\/tdsportswear.com\/#\/schema\/logo\/image\/\",\"url\":\"https:\/\/tdsportswear.com\/wp-content\/uploads\/2017\/09\/Logo-zwart.png\",\"contentUrl\":\"https:\/\/tdsportswear.com\/wp-content\/uploads\/2017\/09\/Logo-zwart.png\",\"width\":455,\"height\":77,\"caption\":\"TD sportswear\"},\"image\":{\"@id\":\"https:\/\/tdsportswear.com\/#\/schema\/logo\/image\/\"},\"sameAs\":[\"https:\/\/www.facebook.com\/TDsports3\/\",\"https:\/\/x.com\/td_sportswear\",\"https:\/\/www.instagram.com\/td.sportswear\/\",\"https:\/\/nl.linkedin.com\/company\/td-sports\"],\"description\":\"TD Sportswear offers high-quality sportswear and accessories for teams and individuals. From cycling jerseys to running clothes, we provide comfortable and stylish solutions for your sporting needs.\",\"address\":{\"@type\":\"PostalAddress\",\"streetAddress\":\"Concourslaan 79\",\"postalCode\":\"8252 GH\",\"addressLocality\":\"Dronten\",\"addressCountry\":\"The Netherlands\"},\"contactPoint\":[{\"@type\":\"ContactPoint\",\"telephone\":\"+31623329942\",\"contactType\":\"Customer Service\"}],\"aggregateRating\":{\"@type\":\"AggregateRating\",\"ratingValue\":4.9,\"reviewCount\":1190,\"bestRating\":\"5\",\"worstRating\":\"1\"}}]}<\/script>\n<!-- \/ Yoast SEO plugin. -->","yoast_head_json":{"title":"La nostra missione: la storia di TD Sportswear","description":"La nostra missione inizia con la passione di un uomo. Una passione per il ciclismo e per l'abbigliamento da ciclismo. \u00c8 iniziata con l'abbigliamento per squadre e continua.","robots":{"index":"index","follow":"follow","max-snippet":"max-snippet:-1","max-image-preview":"max-image-preview:large","max-video-preview":"max-video-preview:-1"},"canonical":"https:\/\/tdsportswear.com\/it\/nostra-missione\/","og_locale":"it_IT","og_type":"article","og_title":"La nostra missione: la storia di TD Sportswear","og_description":"La nostra missione inizia con la passione di un uomo. Una passione per il ciclismo e per l'abbigliamento da ciclismo. \u00c8 iniziata con l'abbigliamento per squadre e continua.","og_url":"https:\/\/tdsportswear.com\/it\/nostra-missione\/","og_site_name":"TD sportswear - Custom sportswear.","article_publisher":"https:\/\/www.facebook.com\/TDsports3\/","article_modified_time":"2024-08-15T16:05:00+00:00","twitter_card":"summary_large_image","twitter_site":"@td_sportswear","twitter_misc":{"Tempo di lettura stimato":"4 minuti"},"schema":{"@context":"https:\/\/schema.org","@graph":[{"@type":"WebPage","@id":"https:\/\/tdsportswear.com\/it\/nostra-missione\/","url":"https:\/\/tdsportswear.com\/it\/nostra-missione\/","name":"La nostra missione: la storia di TD Sportswear","isPartOf":{"@id":"https:\/\/tdsportswear.com\/#website"},"datePublished":"2024-08-15T16:03:59+00:00","dateModified":"2024-08-15T16:05:00+00:00","description":"La nostra missione inizia con la passione di un uomo. Una passione per il ciclismo e per l'abbigliamento da ciclismo. \u00c8 iniziata con l'abbigliamento per squadre e continua.","breadcrumb":{"@id":"https:\/\/tdsportswear.com\/it\/nostra-missione\/#breadcrumb"},"inLanguage":"it-IT","potentialAction":[{"@type":"ReadAction","target":["https:\/\/tdsportswear.com\/it\/nostra-missione\/"]}]},{"@type":"BreadcrumbList","@id":"https:\/\/tdsportswear.com\/it\/nostra-missione\/#breadcrumb","itemListElement":[{"@type":"ListItem","position":1,"name":"Home","item":"https:\/\/tdsportswear.com\/it\/"},{"@type":"ListItem","position":2,"name":"Nostra missione"}]},{"@type":"WebSite","@id":"https:\/\/tdsportswear.com\/#website","url":"https:\/\/tdsportswear.com\/","name":"TD sportswear - Custom sportswear.","description":"Custom made sportswear cycling, running, triathlon, hockey, football and many more.","publisher":{"@id":"https:\/\/tdsportswear.com\/#organization"},"potentialAction":[{"@type":"SearchAction","target":{"@type":"EntryPoint","urlTemplate":"https:\/\/tdsportswear.com\/?s={search_term_string}"},"query-input":{"@type":"PropertyValueSpecification","valueRequired":true,"valueName":"search_term_string"}}],"inLanguage":"it-IT"},{"@type":"Organization","@id":"https:\/\/tdsportswear.com\/#organization","name":"TD sportswear","url":"https:\/\/tdsportswear.com\/","logo":{"@type":"ImageObject","inLanguage":"it-IT","@id":"https:\/\/tdsportswear.com\/#\/schema\/logo\/image\/","url":"https:\/\/tdsportswear.com\/wp-content\/uploads\/2017\/09\/Logo-zwart.png","contentUrl":"https:\/\/tdsportswear.com\/wp-content\/uploads\/2017\/09\/Logo-zwart.png","width":455,"height":77,"caption":"TD sportswear"},"image":{"@id":"https:\/\/tdsportswear.com\/#\/schema\/logo\/image\/"},"sameAs":["https:\/\/www.facebook.com\/TDsports3\/","https:\/\/x.com\/td_sportswear","https:\/\/www.instagram.com\/td.sportswear\/","https:\/\/nl.linkedin.com\/company\/td-sports"],"description":"TD Sportswear offers high-quality sportswear and accessories for teams and individuals. From cycling jerseys to running clothes, we provide comfortable and stylish solutions for your sporting needs.","address":{"@type":"PostalAddress","streetAddress":"Concourslaan 79","postalCode":"8252 GH","addressLocality":"Dronten","addressCountry":"The Netherlands"},"contactPoint":[{"@type":"ContactPoint","telephone":"+31623329942","contactType":"Customer Service"}],"aggregateRating":{"@type":"AggregateRating","ratingValue":4.9,"reviewCount":1190,"bestRating":"5","worstRating":"1"}}]}},"_links":{"self":[{"href":"https:\/\/tdsportswear.com\/it\/wp-json\/wp\/v2\/pages\/31441","targetHints":{"allow":["GET"]}}],"collection":[{"href":"https:\/\/tdsportswear.com\/it\/wp-json\/wp\/v2\/pages"}],"about":[{"href":"https:\/\/tdsportswear.com\/it\/wp-json\/wp\/v2\/types\/page"}],"author":[{"embeddable":true,"href":"https:\/\/tdsportswear.com\/it\/wp-json\/wp\/v2\/users\/1"}],"replies":[{"embeddable":true,"href":"https:\/\/tdsportswear.com\/it\/wp-json\/wp\/v2\/comments?post=31441"}],"version-history":[{"count":5,"href":"https:\/\/tdsportswear.com\/it\/wp-json\/wp\/v2\/pages\/31441\/revisions"}],"predecessor-version":[{"id":31449,"href":"https:\/\/tdsportswear.com\/it\/wp-json\/wp\/v2\/pages\/31441\/revisions\/31449"}],"wp:attachment":[{"href":"https:\/\/tdsportswear.com\/it\/wp-json\/wp\/v2\/media?parent=31441"}],"curies":[{"name":"wp","href":"https:\/\/api.w.org\/{rel}","templated":true}]}}