{"id":31457,"date":"2024-08-16T11:47:30","date_gmt":"2024-08-16T09:47:30","guid":{"rendered":"https:\/\/tdsportswear.com\/haufig-gestellte-fragen\/"},"modified":"2025-08-07T10:14:17","modified_gmt":"2025-08-07T08:14:17","slug":"domande-frequenti","status":"publish","type":"page","link":"https:\/\/tdsportswear.com\/it\/domande-frequenti\/","title":{"rendered":"Domande frequenti"},"content":{"rendered":"[vc_row][vc_column][vc_raw_html el_class=&#8221;heading center&#8221; css=&#8221;.vc_custom_1723801849558{padding-bottom: 20px !important;}&#8221;]JTNDaDIlM0VPcmdhbml6emFsbyUyMHJhcGlkYW1lbnRlJTIwZGElMjBzb2xvJTNDJTJGaDIlM0UlMEE=[\/vc_raw_html][vc_row_inner][vc_column_inner width=&#8221;1\/2&#8243;][vc_column_text]\n<h3><span style=\"font-size: 18pt;\">1. Domande sui prezzi\/offerte<\/span><\/h3>\n[\/vc_column_text][vc_toggle title=&#8221;Come modifico un&#8217;offerta?&#8221;]Nell&#8217;offerta interattiva puoi aggiungere o rimuovere prodotti da solo. Puoi anche adattare facilmente le quantit\u00e0. Quando sei soddisfatto della tua offerta, puoi avviare direttamente il processo di design dall&#8217;offerta stessa. Inserisci le tue preferenze e riceverai presto un&#8217;offerta non vincolante dai nostri designer. Hai bisogno di aiuto? Contattaci pure via e-mail a <a href=\"mailto:info@tdsportswear.com\">info@tdsportswear.com<\/a> o rivolgiti al referente vendite elencato in fondo a questa pagina.[\/vc_toggle][vc_toggle title=&#8221;Quali sono gli sconti per gruppi\/quantit\u00e0?&#8221;]I prezzi a scalare sono indicati nelle pagine dei prodotti e nell&#8217;offerta per ciascun prodotto. I prezzi includono IVA, spedizione e costi di design. In questo modo sarai sempre ben informato.[\/vc_toggle][vc_toggle title=&#8221;Posso mescolare tra le linee di abbigliamento?&#8221;]Non \u00e8 un problema. Da noi puoi ottenere ogni prodotto in una linea separata. Cos\u00ec puoi mescolare senza limiti tra le diverse linee di abbigliamento.[\/vc_toggle][vc_toggle title=&#8221;Posso modificare un ordine effettuato?&#8221;]Ci impegniamo a essere il pi\u00f9 flessibili possibile. Una volta che la produzione \u00e8 iniziata, purtroppo non possiamo apportare modifiche al design. Tuttavia, a volte possiamo adattare le quantit\u00e0. Per favore, invia il tuo messaggio a <a href=\"mailto:info@tdsportswear.com\">info@tdsportswear.com<\/a> il prima possibile e vedremo cosa possiamo fare. Naturalmente, i dettagli di fatturazione e indirizzi di consegna possono ancora essere aggiornati.[\/vc_toggle][\/vc_column_inner][vc_column_inner width=&#8221;1\/2&#8243;][vc_column_text]\n<h3><span style=\"font-size: 18pt;\">2. Domande sul design<\/span><\/h3>\n[\/vc_column_text][vc_toggle title=&#8221;Posso espandere il mio design con ulteriori prodotti?&#8221;]Assolutamente! Ci farebbe piacere ampliare il tuo design con tutti i prodotti desiderati.[\/vc_toggle][vc_toggle title=&#8221;Potete creare un logo?&#8221;]Lo facciamo volentieri. Di solito \u00e8 gratuito. Chiedi al designer che lavora al tuo design per le opzioni disponibili.[\/vc_toggle][vc_toggle title=&#8221;Posso scaricare un modello per il design autonomo?&#8221;]\u00c8 sicuramente possibile. Ti consigliamo di contattarci tramite <a href=\"mailto:design@tdsportswear.com\">design@tdsportswear.com<\/a> per richiedere i modelli. Ti invieremo poi i modelli (in formato .ai). Questi modelli sono modificabili con Adobe Illustrator.[\/vc_toggle][vc_toggle title=&#8221;Quali colori posso scegliere?&#8221;]Puoi scegliere tra tutti i colori CMYK, RGB e Pantone. Se trovi un colore bello ma non sei sicuro del modello di colore, inviaci il colore e lo scopriremo per te.[\/vc_toggle][vc_toggle title=&#8221;Quale formato di file devono avere i loghi?&#8221;]Preferiamo ricevere loghi in formati sorgente come: .ai, .eps, .svg. Non hai questi formati? Di solito non \u00e8 un problema!<\/p>\n<p>Possiamo spesso lavorare con loghi di alta qualit\u00e0 in formati come PDF, JPEG o PNG. Non hai loghi nei formati sopra indicati? Inviaci i tuoi loghi in modo che possiamo valutarli. Inoltre, offriamo anche la possibilit\u00e0 di creare un logo semplice per te. Questo \u00e8 spesso gratuito.[\/vc_toggle][vc_toggle title=&#8221;Perch\u00e9 usate i colori Pantone?&#8221;]\nLe moderne macchine da stampa tessile lavorano solo con colori Pantone. I codici colore Pantone aiutano a garantire la coerenza del colore tra diversi prodotti. Se hai un codice colore CMYK, RGB o altro, faccelo sapere. Troveremo quindi il codice colore Pantone pi\u00f9 vicino. Si prega di notare che per alcuni colori potrebbe non esserci una corrispondenza esatta Pantone, e in tali casi sceglieremo un colore molto simile in modo che tu possa comunque ottenere un bel capo d&#8217;abbigliamento.<br \/>\n[\/vc_toggle][\/vc_column_inner][\/vc_row_inner][vc_row_inner][vc_column_inner width=&#8221;1\/2&#8243;][vc_column_text]\n<h3><span style=\"font-size: 18pt;\">3. Domande sulla taglia<\/span><\/h3>\n[\/vc_column_text][vc_toggle title=&#8221;Come determino la mia taglia?&#8221;]Puoi sempre utilizzare la nostra <a href=\"https:\/\/tdsportswear.com\/it\/tabelle-delle-taglie\/\">tabella delle taglie<\/a>. Cos\u00ec puoi assicurarti di scegliere la taglia giusta. Non esitare, e se misuri con precisione, la taglia andr\u00e0 bene. Se per caso non dovesse adattarsi perfettamente, ma puoi dimostrare di aver seguito i consigli sulle taglie, riceverai nuovi capi gratuitamente. Non riesci a capire? Inviaci semplicemente una e-mail a <a href=\"mailto:info@tdsportswear.com\">info@tdsportswear.com<\/a>.[\/vc_toggle][vc_toggle title=&#8221;Come richiedo abbigliamento campione?&#8221;]Invio di campioni di abbigliamento \u00e8 sempre meno comune, poich\u00e9 abbiamo sviluppato una migliore alternativa. Gli abbigliamenti campione si espandono nel tempo, ma il nostro intelligente configuratore di taglie ha risolto questo problema. Con il configuratore di taglie intelligente hai una garanzia del 100% sulla tua taglia. Misura con precisione e riceverai sempre la taglia giusta. Funziona davvero meglio degli abbigliamenti campione : ). Dai un&#8217;occhiata al configuratore di taglie <a href=\"https:\/\/tdsportswear.com\/it\/tabelle-delle-taglie\/\">qui<\/a>. Se comunque desideri abbigliamento campione, in alcuni casi \u00e8 possibile. Invia semplicemente una richiesta a <a href=\"mailto:info@tdsportswear.com\">info@tdsportswear.com<\/a>.[\/vc_toggle][\/vc_column_inner][vc_column_inner width=&#8221;1\/2&#8243;][vc_column_text]\n<h3><span style=\"font-size: 18pt;\">4. Consegna<\/span><\/h3>\n[\/vc_column_text][vc_toggle title=&#8221;Qual \u00e8 lo stato del mio ordine?&#8221;]Puoi semplicemente inviare una e-mail a <a href=\"mailto:info@tdsportswear.com\">info@tdsportswear.com<\/a> per richiedere un aggiornamento sulla consegna. Se la tua consegna impiega meno di 3 settimane, ti chiediamo di avere pazienza.[\/vc_toggle][vc_toggle title=&#8221;Posso effettuare un ordine urgente?&#8221;]\u00c8 urgente? Discute le possibilit\u00e0 per un ordine accelerato con noi chiamando il numero di vendita indicato qui sotto. In alcuni casi, possiamo consegnare gli ordini entro una settimana. Troveremo il tempo di consegna pi\u00f9 veloce per te. Si prega di notare che potrebbero esserci costi aggiuntivi per gli ordini accelerati.[\/vc_toggle][vc_toggle title=&#8221;Ricever\u00f2 un numero di tracciamento?&#8221;]Dopo una media di 1-3 settimane, il tuo pacco arriver\u00e0 dalla nostra produzione nei Paesi Bassi. Riceverai un numero di tracciamento non appena il pacco sar\u00e0 registrato nei Paesi Bassi. Tipicamente, ricevi i tuoi capi entro 24 ore tramite PostNL.[\/vc_toggle][vc_toggle title=&#8221;Quanto tempo ci vuole per la consegna?&#8221;]Ci impegniamo a consegnare gli ordini entro una media di 1-3 settimane. Il tempo di consegna inizia dal momento del ricevimento del pagamento. Poich\u00e9 dipendiamo da terzi per la spedizione e possono verificarsi lievi ritardi durante i periodi di alta stagione, non possiamo fornire garanzie fisse.[\/vc_toggle][\/vc_column_inner][\/vc_row_inner][vc_row_inner][vc_column_inner width=&#8221;1\/2&#8243;][vc_column_text]\n<h3><span style=\"font-size: 18pt;\">5. Garanzie &amp; istruzioni per la cura<\/span><\/h3>\n[\/vc_column_text][vc_toggle title=&#8221;Quanto dura il periodo di garanzia?&#8221;]Con un uso corretto, l&#8217;abbigliamento dura molti anni. Tuttavia, \u00e8 importante lavarlo correttamente. Se il tuo abbigliamento si danneggia entro un anno a causa di un difetto tecnico, invia una foto dell&#8217;articolo danneggiato a <a href=\"mailto:info@tdsportswear.com\">info@tdsportswear.com<\/a> insieme a una breve descrizione del tuo reclamo e troveremo una soluzione![\/vc_toggle][vc_toggle title=&#8221;Come dovrei lavare il mio abbigliamento?&#8221;]\u00c8 incredibilmente importante lavare correttamente il tuo abbigliamento. Per favore, leggi le istruzioni per la cura <a style=\"text-decoration: underline;\" href=\"https:\/\/tdsportswear.com\/washing-instructions\/\">qui<\/a> per mantenere il tuo abbigliamento in ottime condizioni a lungo.[\/vc_toggle][\/vc_column_inner][vc_column_inner width=&#8221;1\/2&#8243;][vc_column_text]\n<h3><span style=\"font-size: 18pt;\">6. Riordini<\/span><\/h3>\n[\/vc_column_text][vc_toggle title=&#8221;Come funzionano i riordini?&#8221;]Da noi puoi fare riordini a partire da 1 pezzo. Ordina tramite il tuo portale clienti o inviaci una e-mail con la tua richiesta di riordino a <a href=\"mailto:info@tdsportswear.com\">info@tdsportswear.com<\/a>. Uno dei nostri colleghi ti invier\u00e0 quindi un link per l&#8217;ordine, in modo che tu possa effettuare un nuovo ordine da l\u00ec. Abbiamo salvato il tuo design per te, quindi utilizzeremo lo stesso design.[\/vc_toggle][vc_toggle title=&#8221;Quali imbottiture vengono utilizzate nei pantaloni?&#8221;]Niente \u00e8 pi\u00f9 scomodo dei dolori da sella. Ecco perch\u00e9 utilizziamo solo imbottiture di alta qualit\u00e0. Anche le nostre imbottiture &#8216;Basic&#8217; sono superiori alla media, e man mano che sali nella gamma, la qualit\u00e0 dell&#8217;imbottitura migliora. Lavoriamo esclusivamente con marchi come Dolomiti ed Elastic Interface in questo settore. Qualit\u00e0 professionale garantita.[\/vc_toggle][vc_toggle title=&#8221;Differenze tra abbigliamento da donna e da uomo&#8221;]In molti casi, i corpi maschili e femminili non sono uguali. Per questo motivo, abbiamo forme specifiche per uomini e donne. L&#8217;abbigliamento da donna \u00e8 leggermente sagomato per adattarsi meglio al corpo. Anche le tabelle delle taglie sono leggermente diverse. Si prega quindi di fare sempre riferimento alla tabella delle taglie adatta a te.[\/vc_toggle][\/vc_column_inner][\/vc_row_inner][vc_row_inner][vc_column_inner width=&#8221;1\/2&#8243;][vc_column_text]\n<h3><span style=\"font-size: 18pt;\">7. Fatture<\/span><\/h3>\n[\/vc_column_text][vc_toggle title=&#8221;Posso dividere una fattura?&#8221;]Assolutamente! Ti preghiamo di informare il tuo referente via e-mail dell&#8217;importo che desideri vedere su ogni fattura. Per ogni fattura abbiamo bisogno del nome dell&#8217;azienda, dell&#8217;indirizzo e-mail e dell&#8217;indirizzo di fatturazione.[\/vc_toggle][vc_toggle title=&#8221;Posso modificare una fattura?&#8221;]Certamente! Puoi inviare questa richiesta a <a href=\"mailto:finance@tdsportswear.com\">finance@tdsportswear.com<\/a>. Facci sapere via e-mail quali modifiche desideri e ci assicureremo che tu riceva una nuova fattura.<br \/>\n[\/vc_toggle][vc_toggle title=&#8221;Posso aggiungere qualcosa alla mia fattura?&#8221;]Certamente! Puoi inviare questa richiesta a <a href=\"mailto:finance@tdsportswear.com\">finance@tdsportswear.com<\/a>. Facci sapere via e-mail cosa desideri aggiungere e ci assicureremo che tu riceva una nuova fattura.[\/vc_toggle][vc_toggle title=&#8221;Posso rinviare l&#8217;IVA?&#8221;]\u00c8 possibile. Ti preghiamo di fornirci un numero di partita IVA valido. Puoi verificarlo sul sito web della Commissione Europea utilizzando <a href=\"https:\/\/ec.europa.eu\/taxation_customs\/vies\/#\/vat-validation\"><span style=\"text-decoration: underline;\">questo link<\/span><\/a>. Dopo di che, ci assicureremo che questo numero di partita IVA sia indicato sulla fattura e che l&#8217;IVA non venga calcolata sull&#8217;importo totale della fattura.<br \/>\n[\/vc_toggle][\/vc_column_inner][\/vc_row_inner][\/vc_column][\/vc_row][vc_column width=&#8221;1\/2&#8243; el_class=&#8221;pr-md-3&#8243;][\/vc_column]\n","protected":false},"excerpt":{"rendered":"<p>[vc_row][vc_column][vc_raw_html el_class=&#8221;heading center&#8221; css=&#8221;.vc_custom_1723801849558{padding-bottom: 20px !important;}&#8221;]JTNDaDIlM0VPcmdhbml6emFsbyUyMHJhcGlkYW1lbnRlJTIwZGElMjBzb2xvJTNDJTJGaDIlM0UlMEE=[\/vc_raw_html][vc_row_inner][vc_column_inner width=&#8221;1\/2&#8243;][vc_column_text] 1. Domande sui prezzi\/offerte [\/vc_column_text][vc_toggle title=&#8221;Come modifico un&#8217;offerta?&#8221;]Nell&#8217;offerta interattiva &hellip;<\/p>\n","protected":false},"author":1,"featured_media":0,"parent":0,"menu_order":0,"comment_status":"closed","ping_status":"closed","template":"","meta":{"_acf_changed":false,"content-type":"","footnotes":""},"class_list":["post-31457","page","type-page","status-publish","hentry"],"acf":[],"yoast_head":"<!-- This site is optimized with the Yoast SEO plugin v24.6 - https:\/\/yoast.com\/wordpress\/plugins\/seo\/ -->\n<title>Domande frequenti sulla progettazione di abbigliamento - TD<\/title>\n<meta name=\"description\" content=\"Ecco le domande e risposte pi\u00f9 frequenti. Se non trova la sua domanda, la preghiamo di contattarci. TD Sportswear.\" \/>\n<meta name=\"robots\" content=\"index, follow, max-snippet:-1, max-image-preview:large, max-video-preview:-1\" \/>\n<link rel=\"canonical\" href=\"https:\/\/tdsportswear.com\/it\/domande-frequenti\/\" \/>\n<meta property=\"og:locale\" content=\"it_IT\" \/>\n<meta property=\"og:type\" content=\"article\" \/>\n<meta property=\"og:title\" content=\"Domande frequenti sulla progettazione di abbigliamento - TD\" \/>\n<meta property=\"og:description\" content=\"Ecco le domande e risposte pi\u00f9 frequenti. Se non trova la sua domanda, la preghiamo di contattarci. TD Sportswear.\" \/>\n<meta property=\"og:url\" content=\"https:\/\/tdsportswear.com\/it\/domande-frequenti\/\" \/>\n<meta property=\"og:site_name\" content=\"TD sportswear - Custom sportswear.\" \/>\n<meta property=\"article:publisher\" content=\"https:\/\/www.facebook.com\/TDsports3\/\" \/>\n<meta property=\"article:modified_time\" content=\"2025-08-07T08:14:17+00:00\" \/>\n<meta name=\"twitter:card\" content=\"summary_large_image\" \/>\n<meta name=\"twitter:site\" content=\"@td_sportswear\" \/>\n<meta name=\"twitter:label1\" content=\"Tempo di lettura stimato\" \/>\n\t<meta name=\"twitter:data1\" content=\"6 minuti\" \/>\n<script type=\"application\/ld+json\" class=\"yoast-schema-graph\">{\"@context\":\"https:\/\/schema.org\",\"@graph\":[{\"@type\":\"WebPage\",\"@id\":\"https:\/\/tdsportswear.com\/it\/domande-frequenti\/\",\"url\":\"https:\/\/tdsportswear.com\/it\/domande-frequenti\/\",\"name\":\"Domande frequenti sulla progettazione di abbigliamento - TD\",\"isPartOf\":{\"@id\":\"https:\/\/tdsportswear.com\/#website\"},\"datePublished\":\"2024-08-16T09:47:30+00:00\",\"dateModified\":\"2025-08-07T08:14:17+00:00\",\"description\":\"Ecco le domande e risposte pi\u00f9 frequenti. Se non trova la sua domanda, la preghiamo di contattarci. TD Sportswear.\",\"breadcrumb\":{\"@id\":\"https:\/\/tdsportswear.com\/it\/domande-frequenti\/#breadcrumb\"},\"inLanguage\":\"it-IT\",\"potentialAction\":[{\"@type\":\"ReadAction\",\"target\":[\"https:\/\/tdsportswear.com\/it\/domande-frequenti\/\"]}]},{\"@type\":\"BreadcrumbList\",\"@id\":\"https:\/\/tdsportswear.com\/it\/domande-frequenti\/#breadcrumb\",\"itemListElement\":[{\"@type\":\"ListItem\",\"position\":1,\"name\":\"Home\",\"item\":\"https:\/\/tdsportswear.com\/it\/\"},{\"@type\":\"ListItem\",\"position\":2,\"name\":\"Domande frequenti\"}]},{\"@type\":\"WebSite\",\"@id\":\"https:\/\/tdsportswear.com\/#website\",\"url\":\"https:\/\/tdsportswear.com\/\",\"name\":\"TD sportswear - Custom sportswear.\",\"description\":\"Custom made sportswear cycling, running, triathlon, hockey, football and many more.\",\"publisher\":{\"@id\":\"https:\/\/tdsportswear.com\/#organization\"},\"potentialAction\":[{\"@type\":\"SearchAction\",\"target\":{\"@type\":\"EntryPoint\",\"urlTemplate\":\"https:\/\/tdsportswear.com\/?s={search_term_string}\"},\"query-input\":{\"@type\":\"PropertyValueSpecification\",\"valueRequired\":true,\"valueName\":\"search_term_string\"}}],\"inLanguage\":\"it-IT\"},{\"@type\":\"Organization\",\"@id\":\"https:\/\/tdsportswear.com\/#organization\",\"name\":\"TD sportswear\",\"url\":\"https:\/\/tdsportswear.com\/\",\"logo\":{\"@type\":\"ImageObject\",\"inLanguage\":\"it-IT\",\"@id\":\"https:\/\/tdsportswear.com\/#\/schema\/logo\/image\/\",\"url\":\"https:\/\/tdsportswear.com\/wp-content\/uploads\/2017\/09\/Logo-zwart.png\",\"contentUrl\":\"https:\/\/tdsportswear.com\/wp-content\/uploads\/2017\/09\/Logo-zwart.png\",\"width\":455,\"height\":77,\"caption\":\"TD sportswear\"},\"image\":{\"@id\":\"https:\/\/tdsportswear.com\/#\/schema\/logo\/image\/\"},\"sameAs\":[\"https:\/\/www.facebook.com\/TDsports3\/\",\"https:\/\/x.com\/td_sportswear\",\"https:\/\/www.instagram.com\/td.sportswear\/\",\"https:\/\/nl.linkedin.com\/company\/td-sports\"],\"description\":\"TD Sportswear offers high-quality sportswear and accessories for teams and individuals. From cycling jerseys to running clothes, we provide comfortable and stylish solutions for your sporting needs.\",\"address\":{\"@type\":\"PostalAddress\",\"streetAddress\":\"Concourslaan 79\",\"postalCode\":\"8252 GH\",\"addressLocality\":\"Dronten\",\"addressCountry\":\"The Netherlands\"},\"contactPoint\":[{\"@type\":\"ContactPoint\",\"telephone\":\"+31623329942\",\"contactType\":\"Customer Service\"}],\"aggregateRating\":{\"@type\":\"AggregateRating\",\"ratingValue\":4.9,\"reviewCount\":1190,\"bestRating\":\"5\",\"worstRating\":\"1\"}}]}<\/script>\n<!-- \/ Yoast SEO plugin. -->","yoast_head_json":{"title":"Domande frequenti sulla progettazione di abbigliamento - TD","description":"Ecco le domande e risposte pi\u00f9 frequenti. Se non trova la sua domanda, la preghiamo di contattarci. TD Sportswear.","robots":{"index":"index","follow":"follow","max-snippet":"max-snippet:-1","max-image-preview":"max-image-preview:large","max-video-preview":"max-video-preview:-1"},"canonical":"https:\/\/tdsportswear.com\/it\/domande-frequenti\/","og_locale":"it_IT","og_type":"article","og_title":"Domande frequenti sulla progettazione di abbigliamento - TD","og_description":"Ecco le domande e risposte pi\u00f9 frequenti. Se non trova la sua domanda, la preghiamo di contattarci. TD Sportswear.","og_url":"https:\/\/tdsportswear.com\/it\/domande-frequenti\/","og_site_name":"TD sportswear - Custom sportswear.","article_publisher":"https:\/\/www.facebook.com\/TDsports3\/","article_modified_time":"2025-08-07T08:14:17+00:00","twitter_card":"summary_large_image","twitter_site":"@td_sportswear","twitter_misc":{"Tempo di lettura stimato":"6 minuti"},"schema":{"@context":"https:\/\/schema.org","@graph":[{"@type":"WebPage","@id":"https:\/\/tdsportswear.com\/it\/domande-frequenti\/","url":"https:\/\/tdsportswear.com\/it\/domande-frequenti\/","name":"Domande frequenti sulla progettazione di abbigliamento - TD","isPartOf":{"@id":"https:\/\/tdsportswear.com\/#website"},"datePublished":"2024-08-16T09:47:30+00:00","dateModified":"2025-08-07T08:14:17+00:00","description":"Ecco le domande e risposte pi\u00f9 frequenti. Se non trova la sua domanda, la preghiamo di contattarci. TD Sportswear.","breadcrumb":{"@id":"https:\/\/tdsportswear.com\/it\/domande-frequenti\/#breadcrumb"},"inLanguage":"it-IT","potentialAction":[{"@type":"ReadAction","target":["https:\/\/tdsportswear.com\/it\/domande-frequenti\/"]}]},{"@type":"BreadcrumbList","@id":"https:\/\/tdsportswear.com\/it\/domande-frequenti\/#breadcrumb","itemListElement":[{"@type":"ListItem","position":1,"name":"Home","item":"https:\/\/tdsportswear.com\/it\/"},{"@type":"ListItem","position":2,"name":"Domande frequenti"}]},{"@type":"WebSite","@id":"https:\/\/tdsportswear.com\/#website","url":"https:\/\/tdsportswear.com\/","name":"TD sportswear - Custom sportswear.","description":"Custom made sportswear cycling, running, triathlon, hockey, football and many more.","publisher":{"@id":"https:\/\/tdsportswear.com\/#organization"},"potentialAction":[{"@type":"SearchAction","target":{"@type":"EntryPoint","urlTemplate":"https:\/\/tdsportswear.com\/?s={search_term_string}"},"query-input":{"@type":"PropertyValueSpecification","valueRequired":true,"valueName":"search_term_string"}}],"inLanguage":"it-IT"},{"@type":"Organization","@id":"https:\/\/tdsportswear.com\/#organization","name":"TD sportswear","url":"https:\/\/tdsportswear.com\/","logo":{"@type":"ImageObject","inLanguage":"it-IT","@id":"https:\/\/tdsportswear.com\/#\/schema\/logo\/image\/","url":"https:\/\/tdsportswear.com\/wp-content\/uploads\/2017\/09\/Logo-zwart.png","contentUrl":"https:\/\/tdsportswear.com\/wp-content\/uploads\/2017\/09\/Logo-zwart.png","width":455,"height":77,"caption":"TD sportswear"},"image":{"@id":"https:\/\/tdsportswear.com\/#\/schema\/logo\/image\/"},"sameAs":["https:\/\/www.facebook.com\/TDsports3\/","https:\/\/x.com\/td_sportswear","https:\/\/www.instagram.com\/td.sportswear\/","https:\/\/nl.linkedin.com\/company\/td-sports"],"description":"TD Sportswear offers high-quality sportswear and accessories for teams and individuals. From cycling jerseys to running clothes, we provide comfortable and stylish solutions for your sporting needs.","address":{"@type":"PostalAddress","streetAddress":"Concourslaan 79","postalCode":"8252 GH","addressLocality":"Dronten","addressCountry":"The Netherlands"},"contactPoint":[{"@type":"ContactPoint","telephone":"+31623329942","contactType":"Customer Service"}],"aggregateRating":{"@type":"AggregateRating","ratingValue":4.9,"reviewCount":1190,"bestRating":"5","worstRating":"1"}}]}},"_links":{"self":[{"href":"https:\/\/tdsportswear.com\/it\/wp-json\/wp\/v2\/pages\/31457","targetHints":{"allow":["GET"]}}],"collection":[{"href":"https:\/\/tdsportswear.com\/it\/wp-json\/wp\/v2\/pages"}],"about":[{"href":"https:\/\/tdsportswear.com\/it\/wp-json\/wp\/v2\/types\/page"}],"author":[{"embeddable":true,"href":"https:\/\/tdsportswear.com\/it\/wp-json\/wp\/v2\/users\/1"}],"replies":[{"embeddable":true,"href":"https:\/\/tdsportswear.com\/it\/wp-json\/wp\/v2\/comments?post=31457"}],"version-history":[{"count":5,"href":"https:\/\/tdsportswear.com\/it\/wp-json\/wp\/v2\/pages\/31457\/revisions"}],"predecessor-version":[{"id":92387,"href":"https:\/\/tdsportswear.com\/it\/wp-json\/wp\/v2\/pages\/31457\/revisions\/92387"}],"wp:attachment":[{"href":"https:\/\/tdsportswear.com\/it\/wp-json\/wp\/v2\/media?parent=31457"}],"curies":[{"name":"wp","href":"https:\/\/api.w.org\/{rel}","templated":true}]}}