{"id":31467,"date":"2024-08-16T12:33:18","date_gmt":"2024-08-16T10:33:18","guid":{"rendered":"https:\/\/tdsportswear.com\/termini-e-condizioni\/"},"modified":"2024-08-16T12:35:00","modified_gmt":"2024-08-16T10:35:00","slug":"termini-e-condizioni","status":"publish","type":"page","link":"https:\/\/tdsportswear.com\/it\/termini-e-condizioni\/","title":{"rendered":"Termini e Condizioni"},"content":{"rendered":"[vc_row][vc_column][vc_column_text]\n<h2><strong>Condizioni Generali di Vendita TD Sportswear<\/strong><\/h2>\n<p><strong>Dronten, KvK 86014749.<\/strong><br \/>\n<strong>Versione 1. Agosto 2022.<\/strong><\/p>\n<p><strong>1. Generale<\/strong><\/p>\n<ul>\n<li>Le presenti Condizioni Generali di Vendita si applicano a ogni offerta di TD Sportswear e a ogni accordo tra i clienti e TD Sportswear. Le condizioni sono accessibili a chiunque sul sito web di TD Sportswear. Su richiesta, possiamo inviarvi una copia cartacea.<\/li>\n<li>Effettuando un ordine, riconoscete di accettare le condizioni di consegna e pagamento. TD Sportswear si riserva il diritto di modificare le sue condizioni di consegna e\/o pagamento se queste non vengono rispettate.<\/li>\n<li>Salvo diverso accordo scritto, le condizioni generali o specifiche di terzi non sono riconosciute da TD Sportswear.<\/li>\n<li>TD Sportswear garantisce che il prodotto fornito sia conforme all&#8217;accordo e alle specifiche indicate nell&#8217;offerta.<\/li>\n<\/ul>\n<p><strong>2. Servizi per l&#8217;acquisto di articoli della collezione<\/strong><\/p>\n<ul>\n<li>La consegna degli articoli della collezione avviene fino a esaurimento scorte.<\/li>\n<li>Nel rispetto delle regole di acquisto, TD Sportswear evader\u00e0 gli ordini entro 30 giorni, salvo diverso termine di consegna concordato. Se la consegna entro 30 giorni o un termine alternativo non \u00e8 possibile (perch\u00e9 un prodotto non \u00e8 in magazzino, non \u00e8 pi\u00f9 disponibile o per altri motivi), il cliente sar\u00e0 informato entro 30 giorni e avr\u00e0 il diritto di annullare l&#8217;ordine e ricevere il rimborso. Questo non si applica agli ordini personalizzati.<\/li>\n<li>Il dovere di consegna di TD Sportswear \u00e8 considerato adempiuto una volta che i prodotti sono stati offerti al cliente. In caso di consegna a domicilio, la firma del cliente \u00e8 vincolante, a meno che non venga rifiutata l&#8217;accettazione dell&#8217;ordine.<\/li>\n<li>Tutte le condizioni indicate sul sito web sono vincolanti. Di conseguenza, dai termini visualizzati non possono derivare diritti.<\/li>\n<\/ul>\n<p><strong>3. Prezzi<\/strong><\/p>\n<ul>\n<li>Gli aumenti di prezzo durante il periodo di validit\u00e0 di un&#8217;offerta non sono consentiti, salvo che misure legislative lo rendano necessario o i nostri fornitori aumentino i loro prezzi.<\/li>\n<li>Tutti i prezzi sul sito web sono soggetti a errori di battitura e di stampa. Non si assume alcuna responsabilit\u00e0 per le conseguenze di errori di stampa e di battitura.<\/li>\n<li>Tutti i prezzi del web shop sul sito web includono IVA al 21%. Tutti i prodotti personalizzati sono esenti da IVA al 21%.<\/li>\n<\/ul>\n<p><strong>4. Diritto di recesso<\/strong><\/p>\n<ul>\n<li>Se si tratta di un acquisto da consumatore, il compratore ha il diritto, ai sensi della legge sui contratti a distanza (312g BGB), di restituire le merci ricevute entro 14 giorni lavorativi senza fornire motivazioni. Questo termine inizia al momento della consegna degli articoli ordinati. Il cliente \u00e8 tenuto a informare TD Sportswear entro 14 giorni dalla consegna delle merci se desidera restituirle. Se il cliente non esercita il diritto di recesso entro 14 giorni, l&#8217;acquisto diventa vincolante. Questo non si applica agli ordini personalizzati.<\/li>\n<li>Durante il periodo di recesso, il cliente dovr\u00e0 trattare il prodotto e l&#8217;imballaggio con cura. Il cliente dovr\u00e0 disimballare o utilizzare il prodotto solo nella misura necessaria per determinare la natura, le caratteristiche e il funzionamento del prodotto. Se il cliente esercita il diritto di recesso, deve restituire il prodotto entro 28 giorni dalla consegna secondo le istruzioni chiare e ragionevoli di TD Sportswear.<\/li>\n<li>Il cliente deve dimostrare che le merci sono state restituite in tempo, ad esempio tramite una prova di spedizione. La restituzione delle merci deve avvenire nella confezione originale (inclusi accessori e documentazione) e deve essere in stato originale. Se le merci sono state utilizzate o danneggiate in qualche modo dal cliente, TD Sportswear si riserva il diritto di ridurre il valore del prodotto. Tenendo conto di quanto sopra, TD Sportswear rimborser\u00e0 entro 14 giorni dalla ricezione della restituzione o 14 giorni dopo la prova di restituzione (la prova di spedizione deve contenere esplicitamente la data di restituzione). In caso di restituzione dell&#8217;intero acquisto, il prezzo di acquisto totale, comprese eventuali spese di spedizione e\/o pagamento calcolate, sar\u00e0 rimborsato al cliente. In caso di restituzione solo di una parte dei prodotti acquistati, verr\u00e0 rimborsato solo il valore di tali prodotti. Costi aggiuntivi derivanti da un metodo di spedizione pi\u00f9 costoso rispetto alla nostra spedizione standard non verranno mai rimborsati. Questo non si applica agli ordini personalizzati.<\/li>\n<li>La restituzione delle merci fornite avviene interamente a spese e rischio del cliente.<\/li>\n<\/ul>\n<p><strong>5. Normativa sulla privacy<\/strong><\/p>\n<ul>\n<li>Quando effettuate un ordine o inviate una richiesta a TD Sportswear, i vostri dati personali vengono aggiunti al nostro database clienti. TD Sportswear rispetta la legge sulla registrazione dei dati personali e non divulgher\u00e0 le vostre informazioni personali a terzi.<\/li>\n<li>TD Sportswear rispetta la privacy degli utenti del nostro sito web e garantisce la massima riservatezza delle vostre informazioni personali.<\/li>\n<li>TD Sportswear invia e-mail con informazioni che riteniamo utili per clienti e visitatori del sito dopo acquisti e registrazioni. Ogni e-mail contiene un pulsante &#8220;Rimuovi da questa lista di distribuzione&#8221;.<\/li>\n<\/ul>\n<p><strong>6. Garanzia e conformit\u00e0<\/strong><\/p>\n<ul>\n<li>TD Sportswear garantisce che i prodotti e\/o servizi siano conformi all&#8217;accordo, alle specifiche indicate, ai requisiti ragionevoli di validit\u00e0 e\/o utilizzabilit\u00e0 e alle normative e\/o leggi in vigore alla data di acquisto.<\/li>\n<li>Una garanzia fornita da TD Sportswear, dal produttore o dall&#8217;importatore non pregiudica i diritti e le rivendicazioni che il cliente pu\u00f2 esercitare ai sensi della legge e\/o del contratto a distanza.<\/li>\n<li>Se il prodotto fornito risulta difettoso o incompleto, il cliente deve segnalare tali difetti (prima della restituzione a TD Sportswear) entro due mesi dall&#8217;acquisto. La restituzione dei prodotti deve avvenire nella confezione originale (inclusi accessori e documentazione). L&#8217;uso dei prodotti dopo l&#8217;accertamento dei difetti, i danni successivi all&#8217;accertamento dei difetti, la rivendita dopo l&#8217;accertamento dei difetti comportano la perdita della garanzia sui prodotti acquistati.<\/li>\n<li>Se le lamentele del cliente sono giustificate, TD Sportswear riparer\u00e0 o sostituir\u00e0 i prodotti gratuitamente. Qualsiasi responsabilit\u00e0 di TD Sportswear per danni \u00e8 limitata all&#8217;importo massimo della fattura dei prodotti e\/o servizi acquistati o all&#8217;importo massimo coperto dall&#8217;assicurazione di responsabilit\u00e0 civile di TD Sportswear nel caso specifico (a scelta di TD Sportswear). Qualsiasi altra responsabilit\u00e0 di TD Sportswear per qualsiasi altra forma di danno \u00e8 esclusa, inclusi risarcimenti in qualsiasi forma, danni indiretti o consequenziali o danni da perdita di profitti.<\/li>\n<li>TD Sportswear non \u00e8 responsabile per danni causati da dolo o negligenza del personale non dirigente.<\/li>\n<li>Questa garanzia non si applica se: A) e finch\u00e9 il cliente \u00e8 in mora con TD Sportswear; B) il cliente ha riparato e\/o modificato un prodotto da solo o ha fatto riparare il prodotto da terzi. C) le merci fornite sono state esposte a condizioni insolite, trattate con negligenza o utilizzate in modo non conforme alle istruzioni indicate sull&#8217;imballaggio e sui prodotti di TD Sportswear.<\/li>\n<\/ul>\n<p><strong>7. Offerte<\/strong><\/p>\n<ul>\n<li>Le offerte sono senza impegno, salvo diverso accordo indicato nell&#8217;offerta.<\/li>\n<li>Accettando un&#8217;offerta non vincolante da parte del cliente, TD Sportswear si riserva il diritto di revocare o modificare l&#8217;offerta entro 3 giorni lavorativi dall&#8217;accettazione da parte del cliente.<\/li>\n<li>Le dichiarazioni verbali sono vincolanti per TD Sportswear solo dopo conferma scritta esplicita.<\/li>\n<li>Le offerte di TD Sportswear non si applicano automaticamente a riordini e ordini successivi.<\/li>\n<li>TD Sportswear non pu\u00f2 essere vincolata dalla sua offerta se l&#8217;offerta o una parte dell&#8217;offerta contiene un chiaro errore o errore di battitura.<\/li>\n<li>Aggiustamenti, modifiche e\/o ulteriori accordi sono validi solo se concordati per iscritto.<\/li>\n<\/ul>\n<p><strong>8. Immagini e specifiche<\/strong><\/p>\n<ul>\n<li>Tutte le immagini, foto, disegni ecc.; comprese le informazioni su pesi, dimensioni, colori, immagini di etichette ecc. sul sito web di TD Sportswear sono solo indicative e non possono essere utilizzate come base per una richiesta di risarcimento o per la risoluzione dell&#8217;accordo.<\/li>\n<\/ul>\n<p><strong>9. Forza maggiore<\/strong><\/p>\n<ul>\n<li>TD Sportswear non \u00e8 responsabile se non pu\u00f2 adempiere ai propri obblighi a causa di forza maggiore.<\/li>\n<li>La forza maggiore comprende ogni causa esterna e qualsiasi situazione al di fuori del controllo. Ritardi o inadempimenti da parte dei nostri fornitori, interruzioni di Internet, blackout, guasti all&#8217;e-mail elettronica e problemi nella tecnologia fornita da terzi, trasporti, scioperi del personale, misure governative, ritardi nelle consegne, errori dei fornitori, malattie del personale e difetti nel trasporto sono considerati forza maggiore.<\/li>\n<li>TD Sportswear si riserva il diritto di risolvere gli accordi in caso di forza maggiore, di risolvere totalmente o parzialmente l&#8217;accordo con un cliente e di modificare l&#8217;accordo con un cliente in modo che l&#8217;esecuzione dell&#8217;ordine sia possibile. In nessun caso TD Sportswear sar\u00e0 responsabile per multe o risarcimenti.<\/li>\n<li>Se TD Sportswear ha gi\u00e0 adempiuto in parte o in toto all&#8217;accordo quando si verifica la forza maggiore, TD Sportswear ha il diritto di addebitare gli articoli consegnati e il cliente \u00e8 obbligato a pagare l&#8217;importo indicato nella fattura. Questo non si applica se il prodotto gi\u00e0 consegnato non ha valore indipendente.<\/li>\n<\/ul>\n<p><strong>10. Responsabilit\u00e0<\/strong><\/p>\n<ul>\n<li>TD Sportswear non \u00e8 responsabile per danni ai prodotti forniti a causa di uso improprio degli stessi. Prima dell&#8217;uso, leggere le istruzioni sull&#8217;imballaggio e\/o consultare il nostro sito web.<\/li>\n<li>TD non \u00e8 responsabile per l&#8217;uso non autorizzato di loghi e font forniti dai clienti. TD presume che il cliente abbia sempre ottenuto il permesso di utilizzare i loghi e i font dal proprietario del logo o del font. Il cliente \u00e8 responsabile della fornitura corretta e legale di font e loghi. TD non \u00e8 responsabile in caso di abuso. Il cliente \u00e8 quindi pienamente responsabile per le violazioni dei diritti d&#8217;autore, dei diritti sui modelli, dei nomi commerciali e dei marchi. Ad esempio, il cliente \u00e8 tenuto ad avere sempre una autorizzazione scritta da parte delle persone che detengono i diritti di utilizzo di testi, loghi, immagini o design protetti legalmente.<\/li>\n<li>Il cliente manleva TD Sportswear da richieste di terzi per violazione dei diritti di terzi. Il cliente si fa carico di tutte le spese legali e di eventuali danni derivanti da tali azioni.<\/li>\n<li>TD non esegue ordini che violano i diritti di terzi, che contengono razzismo o ordini con scopi propagandistici.<\/li>\n<\/ul>\n<p><strong>11. Riserva di propriet\u00e0<\/strong><\/p>\n<ul>\n<li>La propriet\u00e0 di tutte le merci vendute da TD Sportswear al cliente rimane di TD Sportswear finch\u00e9 il cliente non ha adempiuto al contratto di acquisto o a simili accordi.<\/li>\n<li>I prodotti venduti da TD Sportswear, soggetti alla riserva di propriet\u00e0, possono essere rivenduti solo nel normale esercizio dell&#8217;attivit\u00e0 commerciale e non possono mai essere utilizzati come mezzo di pagamento.<\/li>\n<li>Il cliente non \u00e8 autorizzato a vendere prodotti soggetti a riserva di propriet\u00e0.<\/li>\n<li>Il cliente concede a TD Sportswear o a un terzo designato da TD Sportswear il permesso incondizionato e irrevocabile di esercitare i diritti di propriet\u00e0 di TD Sportswear in tutti i casi, e concede a TD Sportswear il diritto di accedere a tutti i luoghi in cui \u00e8 immagazzionato il suo bene e di rimuovere tutte queste merci.<\/li>\n<li>Se terzi sequestrano le merci soggette a riserva di propriet\u00e0 o rivendicano diritti su di esse, il compratore \u00e8 obbligato a informare TD Sportswear il pi\u00f9 rapidamente possibile.<\/li>\n<li>Il compratore \u00e8 obbligato a garantire un&#8217;assicurazione contro danni da incendio, esplosioni e acqua, nonch\u00e9 furto delle merci soggette a riserva di propriet\u00e0. Il cliente \u00e8 tenuto a fornire una prova di assicurazione se TD Sportswear richiede tali informazioni.<\/li>\n<li>TD detiene tutti i campioni e i design. TD ha il diritto di utilizzare questi campioni e design per nuovi scopi in qualsiasi momento.<\/li>\n<\/ul>\n<p><strong>12. Legge applicabile \/ Foro competente<\/strong><\/p>\n<ul>\n<li>Tutti gli accordi sono soggetti alla legge olandese.<\/li>\n<li>Le controversie derivanti da un accordo tra TD Sportswear e un acquirente, che non possono essere risolte amichevolmente, saranno decise dal tribunale competente nella regione di Midden Nederland, salvo che TD Sportswear preferisca sottoporre la controversia al tribunale competente presso la residenza dell&#8217;acquirente, ad eccezione delle controversie di competenza del giudice di pace.<\/li>\n<\/ul>\n[\/vc_column_text][\/vc_column][\/vc_row]\n","protected":false},"excerpt":{"rendered":"<p>[vc_row][vc_column][vc_column_text] Condizioni Generali di Vendita TD Sportswear Dronten, KvK 86014749. Versione 1. Agosto 2022. 1. Generale &hellip;<\/p>\n","protected":false},"author":1,"featured_media":0,"parent":0,"menu_order":0,"comment_status":"closed","ping_status":"closed","template":"","meta":{"_acf_changed":false,"content-type":"","footnotes":""},"class_list":["post-31467","page","type-page","status-publish","hentry"],"acf":[],"yoast_head":"<!-- This site is optimized with the Yoast SEO plugin v24.6 - https:\/\/yoast.com\/wordpress\/plugins\/seo\/ -->\n<title>Termini di Utilizzo e Condizioni Generali di Vendita - TD Sportswear<\/title>\n<meta name=\"description\" content=\"Condizioni di Vendita per Acquisti presso TD Sportswear. TD si riserva il diritto di modificare queste condizioni in qualsiasi momento.\" \/>\n<meta name=\"robots\" content=\"index, follow, max-snippet:-1, max-image-preview:large, max-video-preview:-1\" \/>\n<link rel=\"canonical\" href=\"https:\/\/tdsportswear.com\/it\/termini-e-condizioni\/\" \/>\n<meta property=\"og:locale\" content=\"it_IT\" \/>\n<meta property=\"og:type\" content=\"article\" \/>\n<meta property=\"og:title\" content=\"Termini di Utilizzo e Condizioni Generali di Vendita - TD Sportswear\" \/>\n<meta property=\"og:description\" content=\"Condizioni di Vendita per Acquisti presso TD Sportswear. TD si riserva il diritto di modificare queste condizioni in qualsiasi momento.\" \/>\n<meta property=\"og:url\" content=\"https:\/\/tdsportswear.com\/it\/termini-e-condizioni\/\" \/>\n<meta property=\"og:site_name\" content=\"TD sportswear - Custom sportswear.\" \/>\n<meta property=\"article:publisher\" content=\"https:\/\/www.facebook.com\/TDsports3\/\" \/>\n<meta property=\"article:modified_time\" content=\"2024-08-16T10:35:00+00:00\" \/>\n<meta name=\"twitter:card\" content=\"summary_large_image\" \/>\n<meta name=\"twitter:site\" content=\"@td_sportswear\" \/>\n<meta name=\"twitter:label1\" content=\"Tempo di lettura stimato\" \/>\n\t<meta name=\"twitter:data1\" content=\"9 minuti\" \/>\n<script type=\"application\/ld+json\" class=\"yoast-schema-graph\">{\"@context\":\"https:\/\/schema.org\",\"@graph\":[{\"@type\":\"WebPage\",\"@id\":\"https:\/\/tdsportswear.com\/it\/termini-e-condizioni\/\",\"url\":\"https:\/\/tdsportswear.com\/it\/termini-e-condizioni\/\",\"name\":\"Termini di Utilizzo e Condizioni Generali di Vendita - TD Sportswear\",\"isPartOf\":{\"@id\":\"https:\/\/tdsportswear.com\/#website\"},\"datePublished\":\"2024-08-16T10:33:18+00:00\",\"dateModified\":\"2024-08-16T10:35:00+00:00\",\"description\":\"Condizioni di Vendita per Acquisti presso TD Sportswear. TD si riserva il diritto di modificare queste condizioni in qualsiasi momento.\",\"breadcrumb\":{\"@id\":\"https:\/\/tdsportswear.com\/it\/termini-e-condizioni\/#breadcrumb\"},\"inLanguage\":\"it-IT\",\"potentialAction\":[{\"@type\":\"ReadAction\",\"target\":[\"https:\/\/tdsportswear.com\/it\/termini-e-condizioni\/\"]}]},{\"@type\":\"BreadcrumbList\",\"@id\":\"https:\/\/tdsportswear.com\/it\/termini-e-condizioni\/#breadcrumb\",\"itemListElement\":[{\"@type\":\"ListItem\",\"position\":1,\"name\":\"Home\",\"item\":\"https:\/\/tdsportswear.com\/it\/\"},{\"@type\":\"ListItem\",\"position\":2,\"name\":\"Termini e Condizioni\"}]},{\"@type\":\"WebSite\",\"@id\":\"https:\/\/tdsportswear.com\/#website\",\"url\":\"https:\/\/tdsportswear.com\/\",\"name\":\"TD sportswear - Custom sportswear.\",\"description\":\"Custom made sportswear cycling, running, triathlon, hockey, football and many more.\",\"publisher\":{\"@id\":\"https:\/\/tdsportswear.com\/#organization\"},\"potentialAction\":[{\"@type\":\"SearchAction\",\"target\":{\"@type\":\"EntryPoint\",\"urlTemplate\":\"https:\/\/tdsportswear.com\/?s={search_term_string}\"},\"query-input\":{\"@type\":\"PropertyValueSpecification\",\"valueRequired\":true,\"valueName\":\"search_term_string\"}}],\"inLanguage\":\"it-IT\"},{\"@type\":\"Organization\",\"@id\":\"https:\/\/tdsportswear.com\/#organization\",\"name\":\"TD sportswear\",\"url\":\"https:\/\/tdsportswear.com\/\",\"logo\":{\"@type\":\"ImageObject\",\"inLanguage\":\"it-IT\",\"@id\":\"https:\/\/tdsportswear.com\/#\/schema\/logo\/image\/\",\"url\":\"https:\/\/tdsportswear.com\/wp-content\/uploads\/2017\/09\/Logo-zwart.png\",\"contentUrl\":\"https:\/\/tdsportswear.com\/wp-content\/uploads\/2017\/09\/Logo-zwart.png\",\"width\":455,\"height\":77,\"caption\":\"TD sportswear\"},\"image\":{\"@id\":\"https:\/\/tdsportswear.com\/#\/schema\/logo\/image\/\"},\"sameAs\":[\"https:\/\/www.facebook.com\/TDsports3\/\",\"https:\/\/x.com\/td_sportswear\",\"https:\/\/www.instagram.com\/td.sportswear\/\",\"https:\/\/nl.linkedin.com\/company\/td-sports\"],\"description\":\"TD Sportswear offers high-quality sportswear and accessories for teams and individuals. From cycling jerseys to running clothes, we provide comfortable and stylish solutions for your sporting needs.\",\"address\":{\"@type\":\"PostalAddress\",\"streetAddress\":\"Concourslaan 79\",\"postalCode\":\"8252 GH\",\"addressLocality\":\"Dronten\",\"addressCountry\":\"The Netherlands\"},\"contactPoint\":[{\"@type\":\"ContactPoint\",\"telephone\":\"+31623329942\",\"contactType\":\"Customer Service\"}],\"aggregateRating\":{\"@type\":\"AggregateRating\",\"ratingValue\":4.9,\"reviewCount\":1190,\"bestRating\":\"5\",\"worstRating\":\"1\"}}]}<\/script>\n<!-- \/ Yoast SEO plugin. -->","yoast_head_json":{"title":"Termini di Utilizzo e Condizioni Generali di Vendita - TD Sportswear","description":"Condizioni di Vendita per Acquisti presso TD Sportswear. TD si riserva il diritto di modificare queste condizioni in qualsiasi momento.","robots":{"index":"index","follow":"follow","max-snippet":"max-snippet:-1","max-image-preview":"max-image-preview:large","max-video-preview":"max-video-preview:-1"},"canonical":"https:\/\/tdsportswear.com\/it\/termini-e-condizioni\/","og_locale":"it_IT","og_type":"article","og_title":"Termini di Utilizzo e Condizioni Generali di Vendita - TD Sportswear","og_description":"Condizioni di Vendita per Acquisti presso TD Sportswear. TD si riserva il diritto di modificare queste condizioni in qualsiasi momento.","og_url":"https:\/\/tdsportswear.com\/it\/termini-e-condizioni\/","og_site_name":"TD sportswear - Custom sportswear.","article_publisher":"https:\/\/www.facebook.com\/TDsports3\/","article_modified_time":"2024-08-16T10:35:00+00:00","twitter_card":"summary_large_image","twitter_site":"@td_sportswear","twitter_misc":{"Tempo di lettura stimato":"9 minuti"},"schema":{"@context":"https:\/\/schema.org","@graph":[{"@type":"WebPage","@id":"https:\/\/tdsportswear.com\/it\/termini-e-condizioni\/","url":"https:\/\/tdsportswear.com\/it\/termini-e-condizioni\/","name":"Termini di Utilizzo e Condizioni Generali di Vendita - TD Sportswear","isPartOf":{"@id":"https:\/\/tdsportswear.com\/#website"},"datePublished":"2024-08-16T10:33:18+00:00","dateModified":"2024-08-16T10:35:00+00:00","description":"Condizioni di Vendita per Acquisti presso TD Sportswear. TD si riserva il diritto di modificare queste condizioni in qualsiasi momento.","breadcrumb":{"@id":"https:\/\/tdsportswear.com\/it\/termini-e-condizioni\/#breadcrumb"},"inLanguage":"it-IT","potentialAction":[{"@type":"ReadAction","target":["https:\/\/tdsportswear.com\/it\/termini-e-condizioni\/"]}]},{"@type":"BreadcrumbList","@id":"https:\/\/tdsportswear.com\/it\/termini-e-condizioni\/#breadcrumb","itemListElement":[{"@type":"ListItem","position":1,"name":"Home","item":"https:\/\/tdsportswear.com\/it\/"},{"@type":"ListItem","position":2,"name":"Termini e Condizioni"}]},{"@type":"WebSite","@id":"https:\/\/tdsportswear.com\/#website","url":"https:\/\/tdsportswear.com\/","name":"TD sportswear - Custom sportswear.","description":"Custom made sportswear cycling, running, triathlon, hockey, football and many more.","publisher":{"@id":"https:\/\/tdsportswear.com\/#organization"},"potentialAction":[{"@type":"SearchAction","target":{"@type":"EntryPoint","urlTemplate":"https:\/\/tdsportswear.com\/?s={search_term_string}"},"query-input":{"@type":"PropertyValueSpecification","valueRequired":true,"valueName":"search_term_string"}}],"inLanguage":"it-IT"},{"@type":"Organization","@id":"https:\/\/tdsportswear.com\/#organization","name":"TD sportswear","url":"https:\/\/tdsportswear.com\/","logo":{"@type":"ImageObject","inLanguage":"it-IT","@id":"https:\/\/tdsportswear.com\/#\/schema\/logo\/image\/","url":"https:\/\/tdsportswear.com\/wp-content\/uploads\/2017\/09\/Logo-zwart.png","contentUrl":"https:\/\/tdsportswear.com\/wp-content\/uploads\/2017\/09\/Logo-zwart.png","width":455,"height":77,"caption":"TD sportswear"},"image":{"@id":"https:\/\/tdsportswear.com\/#\/schema\/logo\/image\/"},"sameAs":["https:\/\/www.facebook.com\/TDsports3\/","https:\/\/x.com\/td_sportswear","https:\/\/www.instagram.com\/td.sportswear\/","https:\/\/nl.linkedin.com\/company\/td-sports"],"description":"TD Sportswear offers high-quality sportswear and accessories for teams and individuals. From cycling jerseys to running clothes, we provide comfortable and stylish solutions for your sporting needs.","address":{"@type":"PostalAddress","streetAddress":"Concourslaan 79","postalCode":"8252 GH","addressLocality":"Dronten","addressCountry":"The Netherlands"},"contactPoint":[{"@type":"ContactPoint","telephone":"+31623329942","contactType":"Customer Service"}],"aggregateRating":{"@type":"AggregateRating","ratingValue":4.9,"reviewCount":1190,"bestRating":"5","worstRating":"1"}}]}},"_links":{"self":[{"href":"https:\/\/tdsportswear.com\/it\/wp-json\/wp\/v2\/pages\/31467","targetHints":{"allow":["GET"]}}],"collection":[{"href":"https:\/\/tdsportswear.com\/it\/wp-json\/wp\/v2\/pages"}],"about":[{"href":"https:\/\/tdsportswear.com\/it\/wp-json\/wp\/v2\/types\/page"}],"author":[{"embeddable":true,"href":"https:\/\/tdsportswear.com\/it\/wp-json\/wp\/v2\/users\/1"}],"replies":[{"embeddable":true,"href":"https:\/\/tdsportswear.com\/it\/wp-json\/wp\/v2\/comments?post=31467"}],"version-history":[{"count":4,"href":"https:\/\/tdsportswear.com\/it\/wp-json\/wp\/v2\/pages\/31467\/revisions"}],"predecessor-version":[{"id":31471,"href":"https:\/\/tdsportswear.com\/it\/wp-json\/wp\/v2\/pages\/31467\/revisions\/31471"}],"wp:attachment":[{"href":"https:\/\/tdsportswear.com\/it\/wp-json\/wp\/v2\/media?parent=31467"}],"curies":[{"name":"wp","href":"https:\/\/api.w.org\/{rel}","templated":true}]}}