{"id":31472,"date":"2024-08-16T12:38:19","date_gmt":"2024-08-16T10:38:19","guid":{"rendered":"https:\/\/tdsportswear.com\/condizioni-di-acquisto-abbigliamento\/"},"modified":"2025-03-05T10:46:00","modified_gmt":"2025-03-05T09:46:00","slug":"condizioni-di-acquisto-abbigliamento","status":"publish","type":"page","link":"https:\/\/tdsportswear.com\/it\/condizioni-di-acquisto-abbigliamento\/","title":{"rendered":"Condizioni di Acquisto Abbigliamento"},"content":{"rendered":"[vc_row][vc_column][vc_column_text]Versione valida dal 1\u00b0 gennaio 2021<\/p>\n<h2>Generale<\/h2>\n<p>1.1. Queste condizioni di acquisto descrivono il processo di ordinazione per la fornitura dei prodotti di TD Sportswear.<\/p>\n<p>1.2. Le condizioni di acquisto non sostituiscono i Termini e Condizioni Generali di TD Sportswear.<\/p>\n<h2>Processo di ordinazione per i clienti<\/h2>\n<p>Il processo di ordinazione dell&#8217;abbigliamento sportivo si articola generalmente nei seguenti passaggi:<\/p>\n<p>Passaggio 1: Completamento del proprio design o con l\u2019aiuto di un designer.<br \/>\nPassaggio 2: Determinazione delle taglie.<br \/>\nPassaggio 3: Pagamento.<br \/>\nPassaggio 4: Consegna.<\/p>\n<h2>Design (Passaggio 1)<\/h2>\n<p>3.1. Puoi creare il tuo design tramite il nostro modulo di progettazione o richiedere l&#8217;assistenza di un designer. Ti aiutiamo gratuitamente a realizzare il design.<\/p>\n<p>3.2. Su richiesta, un cliente pu\u00f2 ricevere una prova digitale via e-mail. Questo permette di correggere eventuali errori prima della conferma definitiva dell&#8217;ordine. Una volta approvato il design, non si potranno avanzare reclami per lievi variazioni di colore o design.<\/p>\n<p>3.3. \u00c8 possibile ordinare un campione fisico del prodotto. Il campione \u00e8 un capo reale conforme al design confermato e con la finitura desiderata. Il tempo di consegna \u00e8 di circa tre settimane.<\/p>\n<p>3.4. Se non viene ordinato un campione, il cliente non potr\u00e0 avanzare reclami per piccole variazioni di design o colore tra il capo e la prova digitale.<\/p>\n<h2>Determinazione delle taglie corrette (Passaggio 2)<\/h2>\n<p>4.1. Per determinare la taglia corretta dell&#8217;abbigliamento da ciclismo, \u00e8 possibile consultare la guida alle taglie disponibile sul nostro sito web. Se le misurazioni sono effettuate correttamente e viene utilizzato lo strumento di prova, si applica una garanzia di vestibilit\u00e0 al 100%. Se il capo non si adatta correttamente e il cliente pu\u00f2 dimostrare che le misure sono state prese correttamente e che la raccomandazione corrisponde al prodotto ricevuto, ha diritto a un nuovo articolo.<\/p>\n<h2>Pagamento (Passaggio 3)<\/h2>\n<p>5.1. Dopo aver finalizzato il design, determinato la taglia corretta ed eventualmente valutato i campioni, inserisci le tue taglie nel nostro portale di ordinazione online ed effettua il pagamento.<\/p>\n<p>5.2. Ogni cliente riceve una fattura dopo il pagamento. \u00c8 possibile anche richiedere una fattura prima di effettuare il pagamento.<\/p>\n<p>5.3. Dopo aver ricevuto il pagamento o la prova di pagamento, l&#8217;ordine diventa definitivo e la produzione viene avviata.<\/p>\n<h2>Consegna dell\u2019abbigliamento (Passaggio 4)<\/h2>\n<p>6.1. Il tempo di consegna standard \u00e8 indicato sul sito web. Il tempo di consegna decorre dal momento in cui il pagamento dell&#8217;ordine \u00e8 stato ricevuto.<\/p>\n<p>6.2. \u00c8 possibile richiedere una consegna express. Verr\u00e0 applicato un supplemento per ogni prodotto per accelerare la produzione. Se non rispettiamo il termine di consegna express indicato, \u00e8 possibile richiedere il rimborso del supplemento. Tuttavia, il mancato rispetto della consegna express non d\u00e0 diritto alla cancellazione completa dell&#8217;ordine n\u00e9 al rimborso totale dell&#8217;importo pagato.<\/p>\n<p>6.3. I tempi di consegna indicati sono approssimativi e non possono dar luogo a diritti, salvo diverso accordo scritto. Il cliente non ha diritto a un rimborso in caso di ritardo nella consegna. Durante il processo di produzione possono verificarsi ritardi dovuti a errori di produzione o problemi di design (loghi e\/o colori), che possono prolungare i tempi di consegna oltre il termine standard. Se TD non rispetta una consegna super express di 1-2 settimane, ma consegna entro 2-3 settimane, il cliente ha diritto al rimborso della differenza tra la consegna super express e la consegna express. Se il ritardo \u00e8 causato da forza maggiore dimostrabile (ad esempio, ritardi imprevisti, smarrimento di pacchi o scioperi dei corrieri), non \u00e8 previsto alcun rimborso per le spese di consegna express.<\/p>\n<p>6.4. Per ogni ordine viene applicata una spesa di spedizione di 9,95 \u20ac IVA esclusa.<\/p>\n<p>6.5. Se l&#8217;abbigliamento deve essere spedito a pi\u00f9 indirizzi, verranno addebitate le relative spese di spedizione complessive.<\/p>\n<p>6.6. Il cliente ricever\u00e0 una notifica via e-mail con un codice di tracciamento non appena l&#8217;abbigliamento sar\u00e0 stato spedito. Generalmente, la consegna avviene il giorno successivo all\u2019indirizzo indicato. Per le spedizioni internazionali i tempi di consegna possono variare.<\/p>\n<p>6.7. Se la consegna non pu\u00f2 essere effettuata all&#8217;indirizzo fornito dal cliente, eventuali costi di spedizione aggiuntivi saranno a carico del cliente.<\/p>\n<h2>Condizioni di pagamento e fatturazione<\/h2>\n<p>7.1. Tutti gli importi indicati in queste condizioni di acquisto sono IVA esclusa.<\/p>\n<p>7.2. TD Sportswear applica un termine di pagamento standard di 7 giorni.<\/p>\n<h2>Ordini aggiuntivi<\/h2>\n<p>8.1. Il cliente pu\u00f2 effettuare un ordine aggiuntivo inviando un&#8217;e-mail a info@tdsportswear.com o tramite il modulo di progettazione.<\/p>\n<p>8.2. Non \u00e8 richiesto un quantitativo minimo per gli ordini aggiuntivi.<\/p>\n<p>8.4. Per gli ordini aggiuntivi si applicano gli stessi tempi di consegna e costi di spedizione.<\/p>\n<p>8.5. Il pagamento integrale dell&#8217;ordine aggiuntivo deve essere effettuato in anticipo.<\/p>\n<h2>E-commerce e buoni regalo<\/h2>\n<p>9.1. I clienti possono acquistare buoni regalo che i loro dipendenti o membri del team possono utilizzare nel negozio online di TD Sportswear.<\/p>\n<p>9.2. I buoni regalo sono validi per due anni dalla data di acquisto e possono essere riscattati solo nel negozio online di TD Sportswear per i prodotti e i servizi offerti.<\/p>\n<p>9.3. Il cliente \u00e8 interamente responsabile dell&#8217;acquisto, della distribuzione e dell&#8217;uso dei buoni regalo da parte dei destinatari previsti. TD Sportswear non \u00e8 responsabile per eventuali perdite, furti, usi non autorizzati o mancato utilizzo dei buoni regalo da parte dei destinatari.<\/p>\n<p>9.4. I buoni regalo non possono essere convertiti in denaro contante, crediti o altre forme di compensazione finanziaria, indipendentemente dal motivo.<\/p>\n<p>9.5. I buoni regalo non utilizzati entro il periodo di validit\u00e0 di due anni scadranno automaticamente e irrevocabilmente. Non \u00e8 previsto alcun rimborso, proroga o compensazione per buoni regalo inutilizzati o parzialmente utilizzati.<\/p>\n<p>9.6. Acquistando un buono regalo, il cliente accetta queste condizioni e rinuncia a qualsiasi diritto di rimborso, compensazione o reclamo finanziario relativo ai buoni regalo, indipendentemente dalle circostanze.<\/p>\n<p>9.7. Eventuali controversie riguardanti l&#8217;utilizzo, la validit\u00e0 o la distribuzione dei buoni regalo sono interamente a carico del cliente e del destinatario del buono regalo. TD Sportswear non \u00e8 coinvolta in tali controversie e non pu\u00f2 essere ritenuta responsabile.[\/vc_column_text][\/vc_column][\/vc_row]\n","protected":false},"excerpt":{"rendered":"<p>[vc_row][vc_column][vc_column_text]Versione valida dal 1\u00b0 gennaio 2021 Generale 1.1. Queste condizioni di acquisto descrivono il processo di &hellip;<\/p>\n","protected":false},"author":1,"featured_media":0,"parent":0,"menu_order":0,"comment_status":"closed","ping_status":"closed","template":"","meta":{"_acf_changed":false,"content-type":"","footnotes":""},"class_list":["post-31472","page","type-page","status-publish","hentry"],"acf":[],"yoast_head":"<!-- This site is optimized with the Yoast SEO plugin v24.6 - https:\/\/yoast.com\/wordpress\/plugins\/seo\/ -->\n<title>Condizioni di Acquisto per la Creazione di Abbigliamento - TD<\/title>\n<meta name=\"description\" content=\"Condizioni di Acquisto per Acquisti Online e Offline presso TD Sportswear. TD si riserva il diritto di modificare queste condizioni.\" \/>\n<meta name=\"robots\" content=\"index, follow, max-snippet:-1, max-image-preview:large, max-video-preview:-1\" \/>\n<link rel=\"canonical\" href=\"https:\/\/tdsportswear.com\/it\/condizioni-di-acquisto-abbigliamento\/\" \/>\n<meta property=\"og:locale\" content=\"it_IT\" \/>\n<meta property=\"og:type\" content=\"article\" \/>\n<meta property=\"og:title\" content=\"Condizioni di Acquisto per la Creazione di Abbigliamento - TD\" \/>\n<meta property=\"og:description\" content=\"Condizioni di Acquisto per Acquisti Online e Offline presso TD Sportswear. TD si riserva il diritto di modificare queste condizioni.\" \/>\n<meta property=\"og:url\" content=\"https:\/\/tdsportswear.com\/it\/condizioni-di-acquisto-abbigliamento\/\" \/>\n<meta property=\"og:site_name\" content=\"TD sportswear - Custom sportswear.\" \/>\n<meta property=\"article:publisher\" content=\"https:\/\/www.facebook.com\/TDsports3\/\" \/>\n<meta property=\"article:modified_time\" content=\"2025-03-05T09:46:00+00:00\" \/>\n<meta name=\"twitter:card\" content=\"summary_large_image\" \/>\n<meta name=\"twitter:site\" content=\"@td_sportswear\" \/>\n<meta name=\"twitter:label1\" content=\"Tempo di lettura stimato\" \/>\n\t<meta name=\"twitter:data1\" content=\"3 minuti\" \/>\n<script type=\"application\/ld+json\" class=\"yoast-schema-graph\">{\"@context\":\"https:\/\/schema.org\",\"@graph\":[{\"@type\":\"WebPage\",\"@id\":\"https:\/\/tdsportswear.com\/it\/condizioni-di-acquisto-abbigliamento\/\",\"url\":\"https:\/\/tdsportswear.com\/it\/condizioni-di-acquisto-abbigliamento\/\",\"name\":\"Condizioni di Acquisto per la Creazione di Abbigliamento - TD\",\"isPartOf\":{\"@id\":\"https:\/\/tdsportswear.com\/#website\"},\"datePublished\":\"2024-08-16T10:38:19+00:00\",\"dateModified\":\"2025-03-05T09:46:00+00:00\",\"description\":\"Condizioni di Acquisto per Acquisti Online e Offline presso TD Sportswear. TD si riserva il diritto di modificare queste condizioni.\",\"breadcrumb\":{\"@id\":\"https:\/\/tdsportswear.com\/it\/condizioni-di-acquisto-abbigliamento\/#breadcrumb\"},\"inLanguage\":\"it-IT\",\"potentialAction\":[{\"@type\":\"ReadAction\",\"target\":[\"https:\/\/tdsportswear.com\/it\/condizioni-di-acquisto-abbigliamento\/\"]}]},{\"@type\":\"BreadcrumbList\",\"@id\":\"https:\/\/tdsportswear.com\/it\/condizioni-di-acquisto-abbigliamento\/#breadcrumb\",\"itemListElement\":[{\"@type\":\"ListItem\",\"position\":1,\"name\":\"Home\",\"item\":\"https:\/\/tdsportswear.com\/it\/\"},{\"@type\":\"ListItem\",\"position\":2,\"name\":\"Condizioni di Acquisto Abbigliamento\"}]},{\"@type\":\"WebSite\",\"@id\":\"https:\/\/tdsportswear.com\/#website\",\"url\":\"https:\/\/tdsportswear.com\/\",\"name\":\"TD sportswear - Custom sportswear.\",\"description\":\"Custom made sportswear cycling, running, triathlon, hockey, football and many more.\",\"publisher\":{\"@id\":\"https:\/\/tdsportswear.com\/#organization\"},\"potentialAction\":[{\"@type\":\"SearchAction\",\"target\":{\"@type\":\"EntryPoint\",\"urlTemplate\":\"https:\/\/tdsportswear.com\/?s={search_term_string}\"},\"query-input\":{\"@type\":\"PropertyValueSpecification\",\"valueRequired\":true,\"valueName\":\"search_term_string\"}}],\"inLanguage\":\"it-IT\"},{\"@type\":\"Organization\",\"@id\":\"https:\/\/tdsportswear.com\/#organization\",\"name\":\"TD sportswear\",\"url\":\"https:\/\/tdsportswear.com\/\",\"logo\":{\"@type\":\"ImageObject\",\"inLanguage\":\"it-IT\",\"@id\":\"https:\/\/tdsportswear.com\/#\/schema\/logo\/image\/\",\"url\":\"https:\/\/tdsportswear.com\/wp-content\/uploads\/2017\/09\/Logo-zwart.png\",\"contentUrl\":\"https:\/\/tdsportswear.com\/wp-content\/uploads\/2017\/09\/Logo-zwart.png\",\"width\":455,\"height\":77,\"caption\":\"TD sportswear\"},\"image\":{\"@id\":\"https:\/\/tdsportswear.com\/#\/schema\/logo\/image\/\"},\"sameAs\":[\"https:\/\/www.facebook.com\/TDsports3\/\",\"https:\/\/x.com\/td_sportswear\",\"https:\/\/www.instagram.com\/td.sportswear\/\",\"https:\/\/nl.linkedin.com\/company\/td-sports\"],\"description\":\"TD Sportswear offers high-quality sportswear and accessories for teams and individuals. From cycling jerseys to running clothes, we provide comfortable and stylish solutions for your sporting needs.\",\"address\":{\"@type\":\"PostalAddress\",\"streetAddress\":\"Concourslaan 79\",\"postalCode\":\"8252 GH\",\"addressLocality\":\"Dronten\",\"addressCountry\":\"The Netherlands\"},\"contactPoint\":[{\"@type\":\"ContactPoint\",\"telephone\":\"+31623329942\",\"contactType\":\"Customer Service\"}],\"aggregateRating\":{\"@type\":\"AggregateRating\",\"ratingValue\":4.9,\"reviewCount\":1190,\"bestRating\":\"5\",\"worstRating\":\"1\"}}]}<\/script>\n<!-- \/ Yoast SEO plugin. -->","yoast_head_json":{"title":"Condizioni di Acquisto per la Creazione di Abbigliamento - TD","description":"Condizioni di Acquisto per Acquisti Online e Offline presso TD Sportswear. TD si riserva il diritto di modificare queste condizioni.","robots":{"index":"index","follow":"follow","max-snippet":"max-snippet:-1","max-image-preview":"max-image-preview:large","max-video-preview":"max-video-preview:-1"},"canonical":"https:\/\/tdsportswear.com\/it\/condizioni-di-acquisto-abbigliamento\/","og_locale":"it_IT","og_type":"article","og_title":"Condizioni di Acquisto per la Creazione di Abbigliamento - TD","og_description":"Condizioni di Acquisto per Acquisti Online e Offline presso TD Sportswear. TD si riserva il diritto di modificare queste condizioni.","og_url":"https:\/\/tdsportswear.com\/it\/condizioni-di-acquisto-abbigliamento\/","og_site_name":"TD sportswear - Custom sportswear.","article_publisher":"https:\/\/www.facebook.com\/TDsports3\/","article_modified_time":"2025-03-05T09:46:00+00:00","twitter_card":"summary_large_image","twitter_site":"@td_sportswear","twitter_misc":{"Tempo di lettura stimato":"3 minuti"},"schema":{"@context":"https:\/\/schema.org","@graph":[{"@type":"WebPage","@id":"https:\/\/tdsportswear.com\/it\/condizioni-di-acquisto-abbigliamento\/","url":"https:\/\/tdsportswear.com\/it\/condizioni-di-acquisto-abbigliamento\/","name":"Condizioni di Acquisto per la Creazione di Abbigliamento - TD","isPartOf":{"@id":"https:\/\/tdsportswear.com\/#website"},"datePublished":"2024-08-16T10:38:19+00:00","dateModified":"2025-03-05T09:46:00+00:00","description":"Condizioni di Acquisto per Acquisti Online e Offline presso TD Sportswear. TD si riserva il diritto di modificare queste condizioni.","breadcrumb":{"@id":"https:\/\/tdsportswear.com\/it\/condizioni-di-acquisto-abbigliamento\/#breadcrumb"},"inLanguage":"it-IT","potentialAction":[{"@type":"ReadAction","target":["https:\/\/tdsportswear.com\/it\/condizioni-di-acquisto-abbigliamento\/"]}]},{"@type":"BreadcrumbList","@id":"https:\/\/tdsportswear.com\/it\/condizioni-di-acquisto-abbigliamento\/#breadcrumb","itemListElement":[{"@type":"ListItem","position":1,"name":"Home","item":"https:\/\/tdsportswear.com\/it\/"},{"@type":"ListItem","position":2,"name":"Condizioni di Acquisto Abbigliamento"}]},{"@type":"WebSite","@id":"https:\/\/tdsportswear.com\/#website","url":"https:\/\/tdsportswear.com\/","name":"TD sportswear - Custom sportswear.","description":"Custom made sportswear cycling, running, triathlon, hockey, football and many more.","publisher":{"@id":"https:\/\/tdsportswear.com\/#organization"},"potentialAction":[{"@type":"SearchAction","target":{"@type":"EntryPoint","urlTemplate":"https:\/\/tdsportswear.com\/?s={search_term_string}"},"query-input":{"@type":"PropertyValueSpecification","valueRequired":true,"valueName":"search_term_string"}}],"inLanguage":"it-IT"},{"@type":"Organization","@id":"https:\/\/tdsportswear.com\/#organization","name":"TD sportswear","url":"https:\/\/tdsportswear.com\/","logo":{"@type":"ImageObject","inLanguage":"it-IT","@id":"https:\/\/tdsportswear.com\/#\/schema\/logo\/image\/","url":"https:\/\/tdsportswear.com\/wp-content\/uploads\/2017\/09\/Logo-zwart.png","contentUrl":"https:\/\/tdsportswear.com\/wp-content\/uploads\/2017\/09\/Logo-zwart.png","width":455,"height":77,"caption":"TD sportswear"},"image":{"@id":"https:\/\/tdsportswear.com\/#\/schema\/logo\/image\/"},"sameAs":["https:\/\/www.facebook.com\/TDsports3\/","https:\/\/x.com\/td_sportswear","https:\/\/www.instagram.com\/td.sportswear\/","https:\/\/nl.linkedin.com\/company\/td-sports"],"description":"TD Sportswear offers high-quality sportswear and accessories for teams and individuals. From cycling jerseys to running clothes, we provide comfortable and stylish solutions for your sporting needs.","address":{"@type":"PostalAddress","streetAddress":"Concourslaan 79","postalCode":"8252 GH","addressLocality":"Dronten","addressCountry":"The Netherlands"},"contactPoint":[{"@type":"ContactPoint","telephone":"+31623329942","contactType":"Customer Service"}],"aggregateRating":{"@type":"AggregateRating","ratingValue":4.9,"reviewCount":1190,"bestRating":"5","worstRating":"1"}}]}},"_links":{"self":[{"href":"https:\/\/tdsportswear.com\/it\/wp-json\/wp\/v2\/pages\/31472","targetHints":{"allow":["GET"]}}],"collection":[{"href":"https:\/\/tdsportswear.com\/it\/wp-json\/wp\/v2\/pages"}],"about":[{"href":"https:\/\/tdsportswear.com\/it\/wp-json\/wp\/v2\/types\/page"}],"author":[{"embeddable":true,"href":"https:\/\/tdsportswear.com\/it\/wp-json\/wp\/v2\/users\/1"}],"replies":[{"embeddable":true,"href":"https:\/\/tdsportswear.com\/it\/wp-json\/wp\/v2\/comments?post=31472"}],"version-history":[{"count":3,"href":"https:\/\/tdsportswear.com\/it\/wp-json\/wp\/v2\/pages\/31472\/revisions"}],"predecessor-version":[{"id":72262,"href":"https:\/\/tdsportswear.com\/it\/wp-json\/wp\/v2\/pages\/31472\/revisions\/72262"}],"wp:attachment":[{"href":"https:\/\/tdsportswear.com\/it\/wp-json\/wp\/v2\/media?parent=31472"}],"curies":[{"name":"wp","href":"https:\/\/api.w.org\/{rel}","templated":true}]}}