{"id":31475,"date":"2024-08-16T12:40:54","date_gmt":"2024-08-16T10:40:54","guid":{"rendered":"https:\/\/tdsportswear.com\/condizioni-di-consegna-abbigliamento\/"},"modified":"2025-07-22T05:16:15","modified_gmt":"2025-07-22T03:16:15","slug":"condizioni-di-consegna-abbigliamento","status":"publish","type":"page","link":"https:\/\/tdsportswear.com\/it\/condizioni-di-consegna-abbigliamento\/","title":{"rendered":"Condizioni di Consegna Abbigliamento"},"content":{"rendered":"[vc_row][vc_column][vc_column_text]\n<h2>Versione valida dal 1\u00b0 gennaio 2021<\/h2>\n<ul>\n<li>I tempi di consegna indicati sono indicativi e non possono essere considerati diritti acquisiti, salvo diversa pattuizione scritta. In tal caso, il cliente non ha diritto a un rimborso. Possono verificarsi ritardi nel processo di produzione dovuti a errori di produzione, difetti nel design con loghi e\/o colori, ecc. Anche terzi, come le societ\u00e0 di spedizione, possono causare ritardi. Di conseguenza, la consegna potrebbe richiedere pi\u00f9 tempo rispetto al tempo di consegna standard. Il 95% degli ordini arriva entro il tempo di consegna previsto.<\/li>\n<li>Il tempo di consegna standard \u00e8 indicato sul sito web e decorre dal momento in cui \u00e8 stato effettuato il pagamento dell&#8217;ordine. \u00c8 possibile richiedere una consegna espressa con un supplemento del 15% o 30%. In tal caso, verr\u00e0 addebitato un costo aggiuntivo per accelerare la produzione. Se non rispettiamo il tempo di consegna espresso, \u00e8 possibile richiedere un rimborso del supplemento. Se TD non rispetta una consegna super-espresso di 1-2 settimane ma la effettua in 2-3 settimane, il cliente ha diritto al rimborso della differenza tra la consegna super-espresso e quella espressa. Il mancato rispetto della consegna espressa non consente di annullare completamente l&#8217;ordine o di richiedere il rimborso totale. In caso di forza maggiore dimostrabile causata da terzi, non vi \u00e8 diritto al rimborso dei costi espressi. Questo include ritardi imprevisti, pacchi mancanti e scioperi dei corrieri.<\/li>\n<li>Per ogni ordine si applica un costo di spedizione di 9,95 \u20ac + IVA.<\/li>\n<li>Se la merce deve essere spedita a pi\u00f9 indirizzi, verranno addebitati i costi di spedizione complessivi.<\/li>\n<li>Il cliente ricever\u00e0 una notifica + codice di tracciamento via email non appena la merce sar\u00e0 spedita. In genere, la merce viene consegnata il giorno successivo all&#8217;indirizzo di consegna indicato. Per i paesi al di fuori dei Paesi Bassi e del Belgio si applicano condizioni di consegna diverse.<\/li>\n<li>Se la consegna non pu\u00f2 essere effettuata all&#8217;indirizzo fornito dal cliente, il cliente sar\u00e0 responsabile per eventuali costi di spedizione aggiuntivi.<\/li>\n<\/ul>\n[\/vc_column_text][\/vc_column][\/vc_row]\n","protected":false},"excerpt":{"rendered":"<p>[vc_row][vc_column][vc_column_text] Versione valida dal 1\u00b0 gennaio 2021 I tempi di consegna indicati sono indicativi e non &hellip;<\/p>\n","protected":false},"author":1,"featured_media":0,"parent":0,"menu_order":0,"comment_status":"closed","ping_status":"closed","template":"","meta":{"_acf_changed":false,"content-type":"","footnotes":""},"class_list":["post-31475","page","type-page","status-publish","hentry"],"acf":[],"yoast_head":"<!-- This site is optimized with the Yoast SEO plugin v24.6 - https:\/\/yoast.com\/wordpress\/plugins\/seo\/ -->\n<title>Condizioni di Consegna per Abbigliamento Sportivo - TD<\/title>\n<meta name=\"description\" content=\"Condizioni di Consegna per Acquisti Online e Offline presso TD Sportswear. TD Sportswear si riserva il diritto di modificare le condizioni.\" \/>\n<meta name=\"robots\" content=\"index, follow, max-snippet:-1, max-image-preview:large, max-video-preview:-1\" \/>\n<link rel=\"canonical\" href=\"https:\/\/tdsportswear.com\/it\/condizioni-di-consegna-abbigliamento\/\" \/>\n<meta property=\"og:locale\" content=\"it_IT\" \/>\n<meta property=\"og:type\" content=\"article\" \/>\n<meta property=\"og:title\" content=\"Condizioni di Consegna per Abbigliamento Sportivo - TD\" \/>\n<meta property=\"og:description\" content=\"Condizioni di Consegna per Acquisti Online e Offline presso TD Sportswear. TD Sportswear si riserva il diritto di modificare le condizioni.\" \/>\n<meta property=\"og:url\" content=\"https:\/\/tdsportswear.com\/it\/condizioni-di-consegna-abbigliamento\/\" \/>\n<meta property=\"og:site_name\" content=\"TD sportswear - Custom sportswear.\" \/>\n<meta property=\"article:publisher\" content=\"https:\/\/www.facebook.com\/TDsports3\/\" \/>\n<meta property=\"article:modified_time\" content=\"2025-07-22T03:16:15+00:00\" \/>\n<meta name=\"twitter:card\" content=\"summary_large_image\" \/>\n<meta name=\"twitter:site\" content=\"@td_sportswear\" \/>\n<meta name=\"twitter:label1\" content=\"Tempo di lettura stimato\" \/>\n\t<meta name=\"twitter:data1\" content=\"2 minuti\" \/>\n<script type=\"application\/ld+json\" class=\"yoast-schema-graph\">{\"@context\":\"https:\/\/schema.org\",\"@graph\":[{\"@type\":\"WebPage\",\"@id\":\"https:\/\/tdsportswear.com\/it\/condizioni-di-consegna-abbigliamento\/\",\"url\":\"https:\/\/tdsportswear.com\/it\/condizioni-di-consegna-abbigliamento\/\",\"name\":\"Condizioni di Consegna per Abbigliamento Sportivo - TD\",\"isPartOf\":{\"@id\":\"https:\/\/tdsportswear.com\/#website\"},\"datePublished\":\"2024-08-16T10:40:54+00:00\",\"dateModified\":\"2025-07-22T03:16:15+00:00\",\"description\":\"Condizioni di Consegna per Acquisti Online e Offline presso TD Sportswear. TD Sportswear si riserva il diritto di modificare le condizioni.\",\"breadcrumb\":{\"@id\":\"https:\/\/tdsportswear.com\/it\/condizioni-di-consegna-abbigliamento\/#breadcrumb\"},\"inLanguage\":\"it-IT\",\"potentialAction\":[{\"@type\":\"ReadAction\",\"target\":[\"https:\/\/tdsportswear.com\/it\/condizioni-di-consegna-abbigliamento\/\"]}]},{\"@type\":\"BreadcrumbList\",\"@id\":\"https:\/\/tdsportswear.com\/it\/condizioni-di-consegna-abbigliamento\/#breadcrumb\",\"itemListElement\":[{\"@type\":\"ListItem\",\"position\":1,\"name\":\"Home\",\"item\":\"https:\/\/tdsportswear.com\/it\/\"},{\"@type\":\"ListItem\",\"position\":2,\"name\":\"Condizioni di Consegna Abbigliamento\"}]},{\"@type\":\"WebSite\",\"@id\":\"https:\/\/tdsportswear.com\/#website\",\"url\":\"https:\/\/tdsportswear.com\/\",\"name\":\"TD sportswear - Custom sportswear.\",\"description\":\"Custom made sportswear cycling, running, triathlon, hockey, football and many more.\",\"publisher\":{\"@id\":\"https:\/\/tdsportswear.com\/#organization\"},\"potentialAction\":[{\"@type\":\"SearchAction\",\"target\":{\"@type\":\"EntryPoint\",\"urlTemplate\":\"https:\/\/tdsportswear.com\/?s={search_term_string}\"},\"query-input\":{\"@type\":\"PropertyValueSpecification\",\"valueRequired\":true,\"valueName\":\"search_term_string\"}}],\"inLanguage\":\"it-IT\"},{\"@type\":\"Organization\",\"@id\":\"https:\/\/tdsportswear.com\/#organization\",\"name\":\"TD sportswear\",\"url\":\"https:\/\/tdsportswear.com\/\",\"logo\":{\"@type\":\"ImageObject\",\"inLanguage\":\"it-IT\",\"@id\":\"https:\/\/tdsportswear.com\/#\/schema\/logo\/image\/\",\"url\":\"https:\/\/tdsportswear.com\/wp-content\/uploads\/2017\/09\/Logo-zwart.png\",\"contentUrl\":\"https:\/\/tdsportswear.com\/wp-content\/uploads\/2017\/09\/Logo-zwart.png\",\"width\":455,\"height\":77,\"caption\":\"TD sportswear\"},\"image\":{\"@id\":\"https:\/\/tdsportswear.com\/#\/schema\/logo\/image\/\"},\"sameAs\":[\"https:\/\/www.facebook.com\/TDsports3\/\",\"https:\/\/x.com\/td_sportswear\",\"https:\/\/www.instagram.com\/td.sportswear\/\",\"https:\/\/nl.linkedin.com\/company\/td-sports\"],\"description\":\"TD Sportswear offers high-quality sportswear and accessories for teams and individuals. From cycling jerseys to running clothes, we provide comfortable and stylish solutions for your sporting needs.\",\"address\":{\"@type\":\"PostalAddress\",\"streetAddress\":\"Concourslaan 79\",\"postalCode\":\"8252 GH\",\"addressLocality\":\"Dronten\",\"addressCountry\":\"The Netherlands\"},\"contactPoint\":[{\"@type\":\"ContactPoint\",\"telephone\":\"+31623329942\",\"contactType\":\"Customer Service\"}],\"aggregateRating\":{\"@type\":\"AggregateRating\",\"ratingValue\":4.9,\"reviewCount\":1190,\"bestRating\":\"5\",\"worstRating\":\"1\"}}]}<\/script>\n<!-- \/ Yoast SEO plugin. -->","yoast_head_json":{"title":"Condizioni di Consegna per Abbigliamento Sportivo - TD","description":"Condizioni di Consegna per Acquisti Online e Offline presso TD Sportswear. TD Sportswear si riserva il diritto di modificare le condizioni.","robots":{"index":"index","follow":"follow","max-snippet":"max-snippet:-1","max-image-preview":"max-image-preview:large","max-video-preview":"max-video-preview:-1"},"canonical":"https:\/\/tdsportswear.com\/it\/condizioni-di-consegna-abbigliamento\/","og_locale":"it_IT","og_type":"article","og_title":"Condizioni di Consegna per Abbigliamento Sportivo - TD","og_description":"Condizioni di Consegna per Acquisti Online e Offline presso TD Sportswear. TD Sportswear si riserva il diritto di modificare le condizioni.","og_url":"https:\/\/tdsportswear.com\/it\/condizioni-di-consegna-abbigliamento\/","og_site_name":"TD sportswear - Custom sportswear.","article_publisher":"https:\/\/www.facebook.com\/TDsports3\/","article_modified_time":"2025-07-22T03:16:15+00:00","twitter_card":"summary_large_image","twitter_site":"@td_sportswear","twitter_misc":{"Tempo di lettura stimato":"2 minuti"},"schema":{"@context":"https:\/\/schema.org","@graph":[{"@type":"WebPage","@id":"https:\/\/tdsportswear.com\/it\/condizioni-di-consegna-abbigliamento\/","url":"https:\/\/tdsportswear.com\/it\/condizioni-di-consegna-abbigliamento\/","name":"Condizioni di Consegna per Abbigliamento Sportivo - TD","isPartOf":{"@id":"https:\/\/tdsportswear.com\/#website"},"datePublished":"2024-08-16T10:40:54+00:00","dateModified":"2025-07-22T03:16:15+00:00","description":"Condizioni di Consegna per Acquisti Online e Offline presso TD Sportswear. TD Sportswear si riserva il diritto di modificare le condizioni.","breadcrumb":{"@id":"https:\/\/tdsportswear.com\/it\/condizioni-di-consegna-abbigliamento\/#breadcrumb"},"inLanguage":"it-IT","potentialAction":[{"@type":"ReadAction","target":["https:\/\/tdsportswear.com\/it\/condizioni-di-consegna-abbigliamento\/"]}]},{"@type":"BreadcrumbList","@id":"https:\/\/tdsportswear.com\/it\/condizioni-di-consegna-abbigliamento\/#breadcrumb","itemListElement":[{"@type":"ListItem","position":1,"name":"Home","item":"https:\/\/tdsportswear.com\/it\/"},{"@type":"ListItem","position":2,"name":"Condizioni di Consegna Abbigliamento"}]},{"@type":"WebSite","@id":"https:\/\/tdsportswear.com\/#website","url":"https:\/\/tdsportswear.com\/","name":"TD sportswear - Custom sportswear.","description":"Custom made sportswear cycling, running, triathlon, hockey, football and many more.","publisher":{"@id":"https:\/\/tdsportswear.com\/#organization"},"potentialAction":[{"@type":"SearchAction","target":{"@type":"EntryPoint","urlTemplate":"https:\/\/tdsportswear.com\/?s={search_term_string}"},"query-input":{"@type":"PropertyValueSpecification","valueRequired":true,"valueName":"search_term_string"}}],"inLanguage":"it-IT"},{"@type":"Organization","@id":"https:\/\/tdsportswear.com\/#organization","name":"TD sportswear","url":"https:\/\/tdsportswear.com\/","logo":{"@type":"ImageObject","inLanguage":"it-IT","@id":"https:\/\/tdsportswear.com\/#\/schema\/logo\/image\/","url":"https:\/\/tdsportswear.com\/wp-content\/uploads\/2017\/09\/Logo-zwart.png","contentUrl":"https:\/\/tdsportswear.com\/wp-content\/uploads\/2017\/09\/Logo-zwart.png","width":455,"height":77,"caption":"TD sportswear"},"image":{"@id":"https:\/\/tdsportswear.com\/#\/schema\/logo\/image\/"},"sameAs":["https:\/\/www.facebook.com\/TDsports3\/","https:\/\/x.com\/td_sportswear","https:\/\/www.instagram.com\/td.sportswear\/","https:\/\/nl.linkedin.com\/company\/td-sports"],"description":"TD Sportswear offers high-quality sportswear and accessories for teams and individuals. From cycling jerseys to running clothes, we provide comfortable and stylish solutions for your sporting needs.","address":{"@type":"PostalAddress","streetAddress":"Concourslaan 79","postalCode":"8252 GH","addressLocality":"Dronten","addressCountry":"The Netherlands"},"contactPoint":[{"@type":"ContactPoint","telephone":"+31623329942","contactType":"Customer Service"}],"aggregateRating":{"@type":"AggregateRating","ratingValue":4.9,"reviewCount":1190,"bestRating":"5","worstRating":"1"}}]}},"_links":{"self":[{"href":"https:\/\/tdsportswear.com\/it\/wp-json\/wp\/v2\/pages\/31475","targetHints":{"allow":["GET"]}}],"collection":[{"href":"https:\/\/tdsportswear.com\/it\/wp-json\/wp\/v2\/pages"}],"about":[{"href":"https:\/\/tdsportswear.com\/it\/wp-json\/wp\/v2\/types\/page"}],"author":[{"embeddable":true,"href":"https:\/\/tdsportswear.com\/it\/wp-json\/wp\/v2\/users\/1"}],"replies":[{"embeddable":true,"href":"https:\/\/tdsportswear.com\/it\/wp-json\/wp\/v2\/comments?post=31475"}],"version-history":[{"count":5,"href":"https:\/\/tdsportswear.com\/it\/wp-json\/wp\/v2\/pages\/31475\/revisions"}],"predecessor-version":[{"id":56338,"href":"https:\/\/tdsportswear.com\/it\/wp-json\/wp\/v2\/pages\/31475\/revisions\/56338"}],"wp:attachment":[{"href":"https:\/\/tdsportswear.com\/it\/wp-json\/wp\/v2\/media?parent=31475"}],"curies":[{"name":"wp","href":"https:\/\/api.w.org\/{rel}","templated":true}]}}